{"id":547055,"date":"2026-02-02T14:53:23","date_gmt":"2026-02-02T18:53:23","guid":{"rendered":"https:\/\/www.mdbriefcase.com\/product\/une-injection-aux-multiples-bienfaits-gains-cardiometaboliques-avec-les-ar-glp-1-et-ar-gip-glp-1\/?courseid="},"modified":"2026-02-04T04:27:10","modified_gmt":"2026-02-04T08:27:10","slug":"une-injection-aux-multiples-bienfaits-gains-cardiometaboliques-avec-les-ar-glp-1-et-ar-gip-glp-1","status":"publish","type":"product","link":"https:\/\/www.mdbriefcase.com\/fr\/product\/une-injection-aux-multiples-bienfaits-gains-cardiometaboliques-avec-les-ar-glp-1-et-ar-gip-glp-1\/?courseid=","title":{"rendered":"Une injection aux multiples bienfaits : Gains cardiom\u00e9taboliques avec les AR GLP-1 et AR GIP\/GLP-1"},"content":{"rendered":"<p>Le paysage du diab\u00e8te de type 2 \u00e9volue rapidement, en particulier avec l\u2019\u00e9largissement du r\u00f4le des agonistes des r\u00e9cepteurs du GLP-1 et du GIP\/GLP-1. Ce programme propose une approche simplifiee et fond\u00e9e sur les preuves pour la s\u00e9lection des agents antihyperglyc\u00e9miants, vous permettant d\u2019aborder avec assurance les choix th\u00e9rapeutiques. Explorez les plus r\u00e9centes donn\u00e9es issues des principaux essais cliniques sur les r\u00e9sultats cardiom\u00e9taboliques et traduisez ces donn\u00e9es en strat\u00e9gies pratiques applicables \u00e0 votre pratique quotidienne. Apprenez \u00e0 mettre en \u0153uvre un processus de prise de d\u00e9cision partag\u00e9e qui tient compte des priorit\u00e9s des patients, allant des cibles glyc\u00e9miques, \u00e0 la perte de poids et jusqu\u2019\u00e0 \u00e0 la r\u00e9duction du risque cardiovasculaire, afin d\u2019optimiser les r\u00e9sultats cardiom\u00e9taboliques et d\u2019am\u00e9liorer la qualit\u00e9 des soins aux patients.\u00a0\u00a0<\/p>\n<hr style=\"margin-top: 20px; margin-bottom: 20px; border: 0; border-top: 1px solid #ccc;\">\n<p>Ce programme a re\u00e7u un soutien financier de Eli Lilly Canada Inc sous forme d\u2019une subvention \u00e9ducative sans restriction.\u00a0<\/p>","protected":false},"excerpt":{"rendered":"<p>Le paysage du diab\u00e8te de type 2 \u00e9volue rapidement, en particulier avec l\u2019\u00e9largissement du r\u00f4le des agonistes des r\u00e9cepteurs du GLP-1 et du GIP\/GLP-1. Ce programme propose une approche simplifiee et fond\u00e9e sur les preuves pour la s\u00e9lection des agents antihyperglyc\u00e9miants, vous permettant d\u2019aborder avec assurance les choix th\u00e9rapeutiques. Explorez les plus r\u00e9centes donn\u00e9es issues [&hellip;]<\/p>\n","protected":false},"featured_media":0,"comment_status":"closed","ping_status":"closed","template":"","meta":{"_acf_changed":false,"inline_featured_image":false},"product_brand":[],"product_cat":[],"product_tag":[],"class_list":{"0":"post-547055","1":"product","2":"type-product","3":"status-publish","6":"first","7":"instock","8":"downloadable","9":"virtual","10":"taxable","11":"purchasable","12":"product-type-simple"},"acf":[],"yoast_head":"<!-- This site is optimized with the Yoast SEO plugin v27.0 - https:\/\/yoast.com\/product\/yoast-seo-wordpress\/ -->\n<title>Une injection aux multiples bienfaits : Gains cardiom\u00e9taboliques avec les AR GLP-1 et AR GIP\/GLP-1 - MDBriefCase<\/title>\n<meta name=\"robots\" content=\"index, follow, max-snippet:-1, max-image-preview:large, max-video-preview:-1\" \/>\n<link rel=\"canonical\" href=\"https:\/\/www.mdbriefcase.com\/fr\/product\/une-injection-aux-multiples-bienfaits-gains-cardiometaboliques-avec-les-ar-glp-1-et-ar-gip-glp-1\/?courseid=\" \/>\n<meta property=\"og:locale\" content=\"fr_CA\" \/>\n<meta property=\"og:type\" content=\"article\" \/>\n<meta property=\"og:title\" content=\"Une injection aux multiples bienfaits : Gains cardiom\u00e9taboliques avec les AR GLP-1 et AR GIP\/GLP-1 - MDBriefCase\" \/>\n<meta property=\"og:description\" content=\"Le paysage du diab\u00e8te de type 2 \u00e9volue rapidement, en particulier avec l\u2019\u00e9largissement du r\u00f4le des agonistes des r\u00e9cepteurs du GLP-1 et du GIP\/GLP-1. Ce programme propose une approche simplifiee et fond\u00e9e sur les preuves pour la s\u00e9lection des agents antihyperglyc\u00e9miants, vous permettant d\u2019aborder avec assurance les choix th\u00e9rapeutiques. Explorez les plus r\u00e9centes donn\u00e9es issues [&hellip;]\" \/>\n<meta property=\"og:url\" content=\"https:\/\/www.mdbriefcase.com\/fr\/product\/une-injection-aux-multiples-bienfaits-gains-cardiometaboliques-avec-les-ar-glp-1-et-ar-gip-glp-1\/?courseid=\" \/>\n<meta property=\"og:site_name\" content=\"MDBriefCase\" \/>\n<meta property=\"article:modified_time\" content=\"2026-02-04T08:27:10+00:00\" \/>\n<meta name=\"twitter:card\" content=\"summary_large_image\" \/>\n<meta name=\"twitter:label1\" content=\"Est. reading time\" \/>\n\t<meta name=\"twitter:data1\" content=\"1 minute\" \/>\n<script type=\"application\/ld+json\" class=\"yoast-schema-graph\">{\"@context\":\"https:\/\/schema.org\",\"@graph\":[{\"@type\":\"WebPage\",\"@id\":\"https:\/\/www.mdbriefcase.com\/product\/une-injection-aux-multiples-bienfaits-gains-cardiometaboliques-avec-les-ar-glp-1-et-ar-gip-glp-1\/?courseid=\",\"url\":\"https:\/\/www.mdbriefcase.com\/product\/une-injection-aux-multiples-bienfaits-gains-cardiometaboliques-avec-les-ar-glp-1-et-ar-gip-glp-1\/?courseid=\",\"name\":\"Une injection aux multiples bienfaits : Gains cardiom\u00e9taboliques avec les AR GLP-1 et AR GIP\/GLP-1 - MDBriefCase\",\"isPartOf\":{\"@id\":\"https:\/\/www.mdbriefcase.com\/#website\"},\"datePublished\":\"2026-02-02T18:53:23+00:00\",\"dateModified\":\"2026-02-04T08:27:10+00:00\",\"breadcrumb\":{\"@id\":\"https:\/\/www.mdbriefcase.com\/product\/une-injection-aux-multiples-bienfaits-gains-cardiometaboliques-avec-les-ar-glp-1-et-ar-gip-glp-1\/?courseid=#breadcrumb\"},\"inLanguage\":\"fr-CA\",\"potentialAction\":[{\"@type\":\"ReadAction\",\"target\":[\"https:\/\/www.mdbriefcase.com\/product\/une-injection-aux-multiples-bienfaits-gains-cardiometaboliques-avec-les-ar-glp-1-et-ar-gip-glp-1\/?courseid=\"]}]},{\"@type\":\"BreadcrumbList\",\"@id\":\"https:\/\/www.mdbriefcase.com\/product\/une-injection-aux-multiples-bienfaits-gains-cardiometaboliques-avec-les-ar-glp-1-et-ar-gip-glp-1\/?courseid=#breadcrumb\",\"itemListElement\":[{\"@type\":\"ListItem\",\"position\":1,\"name\":\"Home\",\"item\":\"https:\/\/www.mdbriefcase.com\/\"},{\"@type\":\"ListItem\",\"position\":2,\"name\":\"Shop &#8211; Old\",\"item\":\"https:\/\/www.mdbriefcase.com\/shop\/\"},{\"@type\":\"ListItem\",\"position\":3,\"name\":\"Une injection aux multiples bienfaits : Gains cardiom\u00e9taboliques avec les AR GLP-1 et AR GIP\/GLP-1\"}]},{\"@type\":\"WebSite\",\"@id\":\"https:\/\/www.mdbriefcase.com\/#website\",\"url\":\"https:\/\/www.mdbriefcase.com\/\",\"name\":\"MDBriefCase\",\"description\":\"\",\"publisher\":{\"@id\":\"https:\/\/www.mdbriefcase.com\/#organization\"},\"potentialAction\":[{\"@type\":\"SearchAction\",\"target\":{\"@type\":\"EntryPoint\",\"urlTemplate\":\"https:\/\/www.mdbriefcase.com\/?s={search_term_string}\"},\"query-input\":{\"@type\":\"PropertyValueSpecification\",\"valueRequired\":true,\"valueName\":\"search_term_string\"}}],\"inLanguage\":\"fr-CA\"},{\"@type\":\"Organization\",\"@id\":\"https:\/\/www.mdbriefcase.com\/#organization\",\"name\":\"MDBriefCase\",\"url\":\"https:\/\/www.mdbriefcase.com\/\",\"logo\":{\"@type\":\"ImageObject\",\"inLanguage\":\"fr-CA\",\"@id\":\"https:\/\/www.mdbriefcase.com\/#\/schema\/logo\/image\/\",\"url\":\"https:\/\/www.mdbriefcase.com\/wp-content\/uploads\/2024\/07\/logo.webp\",\"contentUrl\":\"https:\/\/www.mdbriefcase.com\/wp-content\/uploads\/2024\/07\/logo.webp\",\"width\":190,\"height\":36,\"caption\":\"MDBriefCase\"},\"image\":{\"@id\":\"https:\/\/www.mdbriefcase.com\/#\/schema\/logo\/image\/\"}}]}<\/script>\n<!-- \/ Yoast SEO plugin. -->","yoast_head_json":{"title":"Une injection aux multiples bienfaits : Gains cardiom\u00e9taboliques avec les AR GLP-1 et AR GIP\/GLP-1 - MDBriefCase","robots":{"index":"index","follow":"follow","max-snippet":"max-snippet:-1","max-image-preview":"max-image-preview:large","max-video-preview":"max-video-preview:-1"},"canonical":"https:\/\/www.mdbriefcase.com\/fr\/product\/une-injection-aux-multiples-bienfaits-gains-cardiometaboliques-avec-les-ar-glp-1-et-ar-gip-glp-1\/?courseid=","og_locale":"fr_CA","og_type":"article","og_title":"Une injection aux multiples bienfaits : Gains cardiom\u00e9taboliques avec les AR GLP-1 et AR GIP\/GLP-1 - MDBriefCase","og_description":"Le paysage du diab\u00e8te de type 2 \u00e9volue rapidement, en particulier avec l\u2019\u00e9largissement du r\u00f4le des agonistes des r\u00e9cepteurs du GLP-1 et du GIP\/GLP-1. Ce programme propose une approche simplifiee et fond\u00e9e sur les preuves pour la s\u00e9lection des agents antihyperglyc\u00e9miants, vous permettant d\u2019aborder avec assurance les choix th\u00e9rapeutiques. Explorez les plus r\u00e9centes donn\u00e9es issues [&hellip;]","og_url":"https:\/\/www.mdbriefcase.com\/fr\/product\/une-injection-aux-multiples-bienfaits-gains-cardiometaboliques-avec-les-ar-glp-1-et-ar-gip-glp-1\/?courseid=","og_site_name":"MDBriefCase","article_modified_time":"2026-02-04T08:27:10+00:00","twitter_card":"summary_large_image","twitter_misc":{"Est. reading time":"1 minute"},"schema":{"@context":"https:\/\/schema.org","@graph":[{"@type":"WebPage","@id":"https:\/\/www.mdbriefcase.com\/product\/une-injection-aux-multiples-bienfaits-gains-cardiometaboliques-avec-les-ar-glp-1-et-ar-gip-glp-1\/?courseid=","url":"https:\/\/www.mdbriefcase.com\/product\/une-injection-aux-multiples-bienfaits-gains-cardiometaboliques-avec-les-ar-glp-1-et-ar-gip-glp-1\/?courseid=","name":"Une injection aux multiples bienfaits : Gains cardiom\u00e9taboliques avec les AR GLP-1 et AR GIP\/GLP-1 - MDBriefCase","isPartOf":{"@id":"https:\/\/www.mdbriefcase.com\/#website"},"datePublished":"2026-02-02T18:53:23+00:00","dateModified":"2026-02-04T08:27:10+00:00","breadcrumb":{"@id":"https:\/\/www.mdbriefcase.com\/product\/une-injection-aux-multiples-bienfaits-gains-cardiometaboliques-avec-les-ar-glp-1-et-ar-gip-glp-1\/?courseid=#breadcrumb"},"inLanguage":"fr-CA","potentialAction":[{"@type":"ReadAction","target":["https:\/\/www.mdbriefcase.com\/product\/une-injection-aux-multiples-bienfaits-gains-cardiometaboliques-avec-les-ar-glp-1-et-ar-gip-glp-1\/?courseid="]}]},{"@type":"BreadcrumbList","@id":"https:\/\/www.mdbriefcase.com\/product\/une-injection-aux-multiples-bienfaits-gains-cardiometaboliques-avec-les-ar-glp-1-et-ar-gip-glp-1\/?courseid=#breadcrumb","itemListElement":[{"@type":"ListItem","position":1,"name":"Home","item":"https:\/\/www.mdbriefcase.com\/"},{"@type":"ListItem","position":2,"name":"Shop &#8211; Old","item":"https:\/\/www.mdbriefcase.com\/shop\/"},{"@type":"ListItem","position":3,"name":"Une injection aux multiples bienfaits : Gains cardiom\u00e9taboliques avec les AR GLP-1 et AR GIP\/GLP-1"}]},{"@type":"WebSite","@id":"https:\/\/www.mdbriefcase.com\/#website","url":"https:\/\/www.mdbriefcase.com\/","name":"MDBriefCase","description":"","publisher":{"@id":"https:\/\/www.mdbriefcase.com\/#organization"},"potentialAction":[{"@type":"SearchAction","target":{"@type":"EntryPoint","urlTemplate":"https:\/\/www.mdbriefcase.com\/?s={search_term_string}"},"query-input":{"@type":"PropertyValueSpecification","valueRequired":true,"valueName":"search_term_string"}}],"inLanguage":"fr-CA"},{"@type":"Organization","@id":"https:\/\/www.mdbriefcase.com\/#organization","name":"MDBriefCase","url":"https:\/\/www.mdbriefcase.com\/","logo":{"@type":"ImageObject","inLanguage":"fr-CA","@id":"https:\/\/www.mdbriefcase.com\/#\/schema\/logo\/image\/","url":"https:\/\/www.mdbriefcase.com\/wp-content\/uploads\/2024\/07\/logo.webp","contentUrl":"https:\/\/www.mdbriefcase.com\/wp-content\/uploads\/2024\/07\/logo.webp","width":190,"height":36,"caption":"MDBriefCase"},"image":{"@id":"https:\/\/www.mdbriefcase.com\/#\/schema\/logo\/image\/"}}]}},"_links":{"self":[{"href":"https:\/\/www.mdbriefcase.com\/fr\/wp-json\/wp\/v2\/product\/547055","targetHints":{"allow":["GET"]}}],"collection":[{"href":"https:\/\/www.mdbriefcase.com\/fr\/wp-json\/wp\/v2\/product"}],"about":[{"href":"https:\/\/www.mdbriefcase.com\/fr\/wp-json\/wp\/v2\/types\/product"}],"replies":[{"embeddable":true,"href":"https:\/\/www.mdbriefcase.com\/fr\/wp-json\/wp\/v2\/comments?post=547055"}],"wp:attachment":[{"href":"https:\/\/www.mdbriefcase.com\/fr\/wp-json\/wp\/v2\/media?parent=547055"}],"wp:term":[{"taxonomy":"product_brand","embeddable":true,"href":"https:\/\/www.mdbriefcase.com\/fr\/wp-json\/wp\/v2\/product_brand?post=547055"},{"taxonomy":"product_cat","embeddable":true,"href":"https:\/\/www.mdbriefcase.com\/fr\/wp-json\/wp\/v2\/product_cat?post=547055"},{"taxonomy":"product_tag","embeddable":true,"href":"https:\/\/www.mdbriefcase.com\/fr\/wp-json\/wp\/v2\/product_tag?post=547055"}],"curies":[{"name":"wp","href":"https:\/\/api.w.org\/{rel}","templated":true}]}}