{"id":546782,"date":"2026-01-13T14:29:34","date_gmt":"2026-01-13T18:29:34","guid":{"rendered":"https:\/\/www.mdbriefcase.com\/product\/passer-du-signal-dalarme-a-laiguillage-du-patient-un-regard-plus-attentif-sur-la-mpi-et-le-cancer-du-poumon-2\/?courseid="},"modified":"2026-01-13T14:29:34","modified_gmt":"2026-01-13T18:29:34","slug":"passer-du-signal-dalarme-a-laiguillage-du-patient-un-regard-plus-attentif-sur-la-mpi-et-le-cancer-du-poumon-2","status":"publish","type":"product","link":"https:\/\/www.mdbriefcase.com\/fr\/product\/passer-du-signal-dalarme-a-laiguillage-du-patient-un-regard-plus-attentif-sur-la-mpi-et-le-cancer-du-poumon-2\/?courseid=","title":{"rendered":"Passer du signal d\u2019alarme \u00e0 l\u2019aiguillage du patient : Un regard plus attentif sur la MPI et le cancer du poumon"},"content":{"rendered":"<p>Chaque ann\u00e9e, \u00e0 l\u2019\u00e9chelle mondiale, un nombre croissant de personnes re\u00e7oivent un diagnostic de maladie pulmonaire interstitielle (MPI) et de cancer du poumon. Il est particuli\u00e8rement important de penser au grand nombre de personnes souffrant de ces maladies sans avoir re\u00e7u un diagnostic, entra\u00eenant une pi\u00e8tre qualit\u00e9 de vie et un mauvais pronostic. Ce programme a pour but d\u2019aider les cliniciens \u00e0 reconna\u00eetre efficacement les signaux d\u2019alarme subtils mais importants qui indiquent la pr\u00e9sence de MPI et de cancer du poumon, \u00e0 mener les investigations initiales appropri\u00e9es et \u00e0 orienter les patients sans tarder vers un pneumologue et\/ou un chirurgien thoracique. L\u2019objectif principal est d\u2019appuyer les cliniciens dans la r\u00e9duction des d\u00e9lais diagnostiques et dans l\u2019am\u00e9lioration des r\u00e9sultats.<\/p>\n<hr>\n<p>Ce programme a b\u00e9n\u00e9fici\u00e9 d\u2019une bourse \u00e0 vis\u00e9e \u00e9ducative de Boehringer Ingelheim.<\/p>","protected":false},"excerpt":{"rendered":"<p>Chaque ann\u00e9e, \u00e0 l\u2019\u00e9chelle mondiale, un nombre croissant de personnes re\u00e7oivent un diagnostic de maladie pulmonaire interstitielle (MPI) et de cancer du poumon. Il est particuli\u00e8rement important de penser au grand nombre de personnes souffrant de ces maladies sans avoir re\u00e7u un diagnostic, entra\u00eenant une pi\u00e8tre qualit\u00e9 de vie et un mauvais pronostic. Ce programme [&hellip;]<\/p>\n","protected":false},"featured_media":0,"comment_status":"","ping_status":"closed","template":"","meta":{"_acf_changed":false,"inline_featured_image":false},"product_brand":[],"product_cat":[],"product_tag":[],"class_list":{"0":"post-546782","1":"product","2":"type-product","3":"status-publish","6":"first","7":"instock","8":"downloadable","9":"virtual","10":"taxable","11":"product-type-simple"},"acf":[],"yoast_head":"<!-- This site is optimized with the Yoast SEO plugin v27.0 - https:\/\/yoast.com\/product\/yoast-seo-wordpress\/ -->\n<title>Passer du signal d\u2019alarme \u00e0 l\u2019aiguillage du patient : Un regard plus attentif sur la MPI et le cancer du poumon - MDBriefCase<\/title>\n<meta name=\"robots\" content=\"index, follow, max-snippet:-1, max-image-preview:large, max-video-preview:-1\" \/>\n<link rel=\"canonical\" href=\"https:\/\/www.mdbriefcase.com\/fr\/product\/passer-du-signal-dalarme-a-laiguillage-du-patient-un-regard-plus-attentif-sur-la-mpi-et-le-cancer-du-poumon-2\/?courseid=\" \/>\n<meta property=\"og:locale\" content=\"fr_CA\" \/>\n<meta property=\"og:type\" content=\"article\" \/>\n<meta property=\"og:title\" content=\"Passer du signal d\u2019alarme \u00e0 l\u2019aiguillage du patient : Un regard plus attentif sur la MPI et le cancer du poumon - MDBriefCase\" \/>\n<meta property=\"og:description\" content=\"Chaque ann\u00e9e, \u00e0 l\u2019\u00e9chelle mondiale, un nombre croissant de personnes re\u00e7oivent un diagnostic de maladie pulmonaire interstitielle (MPI) et de cancer du poumon. Il est particuli\u00e8rement important de penser au grand nombre de personnes souffrant de ces maladies sans avoir re\u00e7u un diagnostic, entra\u00eenant une pi\u00e8tre qualit\u00e9 de vie et un mauvais pronostic. Ce programme [&hellip;]\" \/>\n<meta property=\"og:url\" content=\"https:\/\/www.mdbriefcase.com\/fr\/product\/passer-du-signal-dalarme-a-laiguillage-du-patient-un-regard-plus-attentif-sur-la-mpi-et-le-cancer-du-poumon-2\/?courseid=\" \/>\n<meta property=\"og:site_name\" content=\"MDBriefCase\" \/>\n<meta name=\"twitter:card\" content=\"summary_large_image\" \/>\n<meta name=\"twitter:label1\" content=\"Est. reading time\" \/>\n\t<meta name=\"twitter:data1\" content=\"1 minute\" \/>\n<script type=\"application\/ld+json\" class=\"yoast-schema-graph\">{\"@context\":\"https:\/\/schema.org\",\"@graph\":[{\"@type\":\"WebPage\",\"@id\":\"https:\/\/www.mdbriefcase.com\/product\/passer-du-signal-dalarme-a-laiguillage-du-patient-un-regard-plus-attentif-sur-la-mpi-et-le-cancer-du-poumon-2\/?courseid=\",\"url\":\"https:\/\/www.mdbriefcase.com\/product\/passer-du-signal-dalarme-a-laiguillage-du-patient-un-regard-plus-attentif-sur-la-mpi-et-le-cancer-du-poumon-2\/?courseid=\",\"name\":\"Passer du signal d\u2019alarme \u00e0 l\u2019aiguillage du patient : Un regard plus attentif sur la MPI et le cancer du poumon - MDBriefCase\",\"isPartOf\":{\"@id\":\"https:\/\/www.mdbriefcase.com\/#website\"},\"datePublished\":\"2026-01-13T18:29:34+00:00\",\"breadcrumb\":{\"@id\":\"https:\/\/www.mdbriefcase.com\/product\/passer-du-signal-dalarme-a-laiguillage-du-patient-un-regard-plus-attentif-sur-la-mpi-et-le-cancer-du-poumon-2\/?courseid=#breadcrumb\"},\"inLanguage\":\"fr-CA\",\"potentialAction\":[{\"@type\":\"ReadAction\",\"target\":[\"https:\/\/www.mdbriefcase.com\/product\/passer-du-signal-dalarme-a-laiguillage-du-patient-un-regard-plus-attentif-sur-la-mpi-et-le-cancer-du-poumon-2\/?courseid=\"]}]},{\"@type\":\"BreadcrumbList\",\"@id\":\"https:\/\/www.mdbriefcase.com\/product\/passer-du-signal-dalarme-a-laiguillage-du-patient-un-regard-plus-attentif-sur-la-mpi-et-le-cancer-du-poumon-2\/?courseid=#breadcrumb\",\"itemListElement\":[{\"@type\":\"ListItem\",\"position\":1,\"name\":\"Home\",\"item\":\"https:\/\/www.mdbriefcase.com\/\"},{\"@type\":\"ListItem\",\"position\":2,\"name\":\"Shop &#8211; Old\",\"item\":\"https:\/\/www.mdbriefcase.com\/shop\/\"},{\"@type\":\"ListItem\",\"position\":3,\"name\":\"Passer du signal d\u2019alarme \u00e0 l\u2019aiguillage du patient : Un regard plus attentif sur la MPI et le cancer du poumon\"}]},{\"@type\":\"WebSite\",\"@id\":\"https:\/\/www.mdbriefcase.com\/#website\",\"url\":\"https:\/\/www.mdbriefcase.com\/\",\"name\":\"MDBriefCase\",\"description\":\"\",\"publisher\":{\"@id\":\"https:\/\/www.mdbriefcase.com\/#organization\"},\"potentialAction\":[{\"@type\":\"SearchAction\",\"target\":{\"@type\":\"EntryPoint\",\"urlTemplate\":\"https:\/\/www.mdbriefcase.com\/?s={search_term_string}\"},\"query-input\":{\"@type\":\"PropertyValueSpecification\",\"valueRequired\":true,\"valueName\":\"search_term_string\"}}],\"inLanguage\":\"fr-CA\"},{\"@type\":\"Organization\",\"@id\":\"https:\/\/www.mdbriefcase.com\/#organization\",\"name\":\"MDBriefCase\",\"url\":\"https:\/\/www.mdbriefcase.com\/\",\"logo\":{\"@type\":\"ImageObject\",\"inLanguage\":\"fr-CA\",\"@id\":\"https:\/\/www.mdbriefcase.com\/#\/schema\/logo\/image\/\",\"url\":\"https:\/\/www.mdbriefcase.com\/wp-content\/uploads\/2024\/07\/logo.webp\",\"contentUrl\":\"https:\/\/www.mdbriefcase.com\/wp-content\/uploads\/2024\/07\/logo.webp\",\"width\":190,\"height\":36,\"caption\":\"MDBriefCase\"},\"image\":{\"@id\":\"https:\/\/www.mdbriefcase.com\/#\/schema\/logo\/image\/\"}}]}<\/script>\n<!-- \/ Yoast SEO plugin. -->","yoast_head_json":{"title":"Passer du signal d\u2019alarme \u00e0 l\u2019aiguillage du patient : Un regard plus attentif sur la MPI et le cancer du poumon - MDBriefCase","robots":{"index":"index","follow":"follow","max-snippet":"max-snippet:-1","max-image-preview":"max-image-preview:large","max-video-preview":"max-video-preview:-1"},"canonical":"https:\/\/www.mdbriefcase.com\/fr\/product\/passer-du-signal-dalarme-a-laiguillage-du-patient-un-regard-plus-attentif-sur-la-mpi-et-le-cancer-du-poumon-2\/?courseid=","og_locale":"fr_CA","og_type":"article","og_title":"Passer du signal d\u2019alarme \u00e0 l\u2019aiguillage du patient : Un regard plus attentif sur la MPI et le cancer du poumon - MDBriefCase","og_description":"Chaque ann\u00e9e, \u00e0 l\u2019\u00e9chelle mondiale, un nombre croissant de personnes re\u00e7oivent un diagnostic de maladie pulmonaire interstitielle (MPI) et de cancer du poumon. Il est particuli\u00e8rement important de penser au grand nombre de personnes souffrant de ces maladies sans avoir re\u00e7u un diagnostic, entra\u00eenant une pi\u00e8tre qualit\u00e9 de vie et un mauvais pronostic. Ce programme [&hellip;]","og_url":"https:\/\/www.mdbriefcase.com\/fr\/product\/passer-du-signal-dalarme-a-laiguillage-du-patient-un-regard-plus-attentif-sur-la-mpi-et-le-cancer-du-poumon-2\/?courseid=","og_site_name":"MDBriefCase","twitter_card":"summary_large_image","twitter_misc":{"Est. reading time":"1 minute"},"schema":{"@context":"https:\/\/schema.org","@graph":[{"@type":"WebPage","@id":"https:\/\/www.mdbriefcase.com\/product\/passer-du-signal-dalarme-a-laiguillage-du-patient-un-regard-plus-attentif-sur-la-mpi-et-le-cancer-du-poumon-2\/?courseid=","url":"https:\/\/www.mdbriefcase.com\/product\/passer-du-signal-dalarme-a-laiguillage-du-patient-un-regard-plus-attentif-sur-la-mpi-et-le-cancer-du-poumon-2\/?courseid=","name":"Passer du signal d\u2019alarme \u00e0 l\u2019aiguillage du patient : Un regard plus attentif sur la MPI et le cancer du poumon - MDBriefCase","isPartOf":{"@id":"https:\/\/www.mdbriefcase.com\/#website"},"datePublished":"2026-01-13T18:29:34+00:00","breadcrumb":{"@id":"https:\/\/www.mdbriefcase.com\/product\/passer-du-signal-dalarme-a-laiguillage-du-patient-un-regard-plus-attentif-sur-la-mpi-et-le-cancer-du-poumon-2\/?courseid=#breadcrumb"},"inLanguage":"fr-CA","potentialAction":[{"@type":"ReadAction","target":["https:\/\/www.mdbriefcase.com\/product\/passer-du-signal-dalarme-a-laiguillage-du-patient-un-regard-plus-attentif-sur-la-mpi-et-le-cancer-du-poumon-2\/?courseid="]}]},{"@type":"BreadcrumbList","@id":"https:\/\/www.mdbriefcase.com\/product\/passer-du-signal-dalarme-a-laiguillage-du-patient-un-regard-plus-attentif-sur-la-mpi-et-le-cancer-du-poumon-2\/?courseid=#breadcrumb","itemListElement":[{"@type":"ListItem","position":1,"name":"Home","item":"https:\/\/www.mdbriefcase.com\/"},{"@type":"ListItem","position":2,"name":"Shop &#8211; Old","item":"https:\/\/www.mdbriefcase.com\/shop\/"},{"@type":"ListItem","position":3,"name":"Passer du signal d\u2019alarme \u00e0 l\u2019aiguillage du patient : Un regard plus attentif sur la MPI et le cancer du poumon"}]},{"@type":"WebSite","@id":"https:\/\/www.mdbriefcase.com\/#website","url":"https:\/\/www.mdbriefcase.com\/","name":"MDBriefCase","description":"","publisher":{"@id":"https:\/\/www.mdbriefcase.com\/#organization"},"potentialAction":[{"@type":"SearchAction","target":{"@type":"EntryPoint","urlTemplate":"https:\/\/www.mdbriefcase.com\/?s={search_term_string}"},"query-input":{"@type":"PropertyValueSpecification","valueRequired":true,"valueName":"search_term_string"}}],"inLanguage":"fr-CA"},{"@type":"Organization","@id":"https:\/\/www.mdbriefcase.com\/#organization","name":"MDBriefCase","url":"https:\/\/www.mdbriefcase.com\/","logo":{"@type":"ImageObject","inLanguage":"fr-CA","@id":"https:\/\/www.mdbriefcase.com\/#\/schema\/logo\/image\/","url":"https:\/\/www.mdbriefcase.com\/wp-content\/uploads\/2024\/07\/logo.webp","contentUrl":"https:\/\/www.mdbriefcase.com\/wp-content\/uploads\/2024\/07\/logo.webp","width":190,"height":36,"caption":"MDBriefCase"},"image":{"@id":"https:\/\/www.mdbriefcase.com\/#\/schema\/logo\/image\/"}}]}},"_links":{"self":[{"href":"https:\/\/www.mdbriefcase.com\/fr\/wp-json\/wp\/v2\/product\/546782","targetHints":{"allow":["GET"]}}],"collection":[{"href":"https:\/\/www.mdbriefcase.com\/fr\/wp-json\/wp\/v2\/product"}],"about":[{"href":"https:\/\/www.mdbriefcase.com\/fr\/wp-json\/wp\/v2\/types\/product"}],"replies":[{"embeddable":true,"href":"https:\/\/www.mdbriefcase.com\/fr\/wp-json\/wp\/v2\/comments?post=546782"}],"wp:attachment":[{"href":"https:\/\/www.mdbriefcase.com\/fr\/wp-json\/wp\/v2\/media?parent=546782"}],"wp:term":[{"taxonomy":"product_brand","embeddable":true,"href":"https:\/\/www.mdbriefcase.com\/fr\/wp-json\/wp\/v2\/product_brand?post=546782"},{"taxonomy":"product_cat","embeddable":true,"href":"https:\/\/www.mdbriefcase.com\/fr\/wp-json\/wp\/v2\/product_cat?post=546782"},{"taxonomy":"product_tag","embeddable":true,"href":"https:\/\/www.mdbriefcase.com\/fr\/wp-json\/wp\/v2\/product_tag?post=546782"}],"curies":[{"name":"wp","href":"https:\/\/api.w.org\/{rel}","templated":true}]}}