{"id":546770,"date":"2026-01-13T13:22:02","date_gmt":"2026-01-13T17:22:02","guid":{"rendered":"https:\/\/www.mdbriefcase.com\/product\/le-vrs-circule-toujours-protegez-les-plus-jeunes-enfants-des-aujourdhui\/?courseid="},"modified":"2026-02-24T12:31:02","modified_gmt":"2026-02-24T16:31:02","slug":"le-vrs-circule-toujours-protegez-les-plus-jeunes-enfants-des-aujourdhui","status":"publish","type":"product","link":"https:\/\/www.mdbriefcase.com\/fr\/product\/le-vrs-circule-toujours-protegez-les-plus-jeunes-enfants-des-aujourdhui\/?courseid=","title":{"rendered":"Le VRS circule toujours : prot\u00e9gez les plus jeunes enfants d\u00e8s aujourd&#8217;hui"},"content":{"rendered":"<p>Cette micro-formation de 5 minutes renforce l\u2019importance de la protection contre le virus respiratoire syncytial (VRS) pour les nourrissons n\u00e9s entre janvier et mars. Comme le VRS continue de circuler jusqu\u2019au printemps, les nouveau-n\u00e9s de fin de saison demeurent vuln\u00e9rables. Cette s\u00e9ance offre des strat\u00e9gies pratiques et des conseils de communication pour aider les proches aidants \u00e0 assurer l\u2019administration en temps opportun du nirs\u00e9vimab, et rappelle que la saison n\u2019est pas termin\u00e9e tant que chaque nourrisson n\u2019est pas prot\u00e9g\u00e9.<\/p>\n<hr style=\"margin-top: 20px; margin-bottom: 20px; border: 0; border-top: 1px solid #ccc;\">\n<p dir=\"ltr\" style=\"text-align: left;\">Ce programme a b\u00e9n\u00e9fici\u00e9 d\u2019un soutien financier de la part de Sanofi Canada sous forme de bourse \u00e0 vis\u00e9e \u00e9ducative sans restriction.<\/p>","protected":false},"excerpt":{"rendered":"<p>Cette micro-formation de 5 minutes renforce l\u2019importance de la protection contre le virus respiratoire syncytial (VRS) pour les nourrissons n\u00e9s entre janvier et mars. Comme le VRS continue de circuler jusqu\u2019au printemps, les nouveau-n\u00e9s de fin de saison demeurent vuln\u00e9rables. Cette s\u00e9ance offre des strat\u00e9gies pratiques et des conseils de communication pour aider les proches [&hellip;]<\/p>\n","protected":false},"featured_media":0,"comment_status":"closed","ping_status":"closed","template":"","meta":{"_acf_changed":false,"inline_featured_image":false},"product_brand":[],"product_cat":[],"product_tag":[],"class_list":{"0":"post-546770","1":"product","2":"type-product","3":"status-publish","6":"first","7":"instock","8":"downloadable","9":"virtual","10":"taxable","11":"purchasable","12":"product-type-simple"},"acf":[],"yoast_head":"<!-- This site is optimized with the Yoast SEO plugin v27.0 - https:\/\/yoast.com\/product\/yoast-seo-wordpress\/ -->\n<title>Le VRS circule toujours : prot\u00e9gez les plus jeunes enfants d\u00e8s aujourd&#039;hui - MDBriefCase<\/title>\n<meta name=\"robots\" content=\"index, follow, max-snippet:-1, max-image-preview:large, max-video-preview:-1\" \/>\n<link rel=\"canonical\" href=\"https:\/\/www.mdbriefcase.com\/fr\/product\/le-vrs-circule-toujours-protegez-les-plus-jeunes-enfants-des-aujourdhui\/?courseid=\" \/>\n<meta property=\"og:locale\" content=\"fr_CA\" \/>\n<meta property=\"og:type\" content=\"article\" \/>\n<meta property=\"og:title\" content=\"Le VRS circule toujours : prot\u00e9gez les plus jeunes enfants d\u00e8s aujourd&#039;hui - MDBriefCase\" \/>\n<meta property=\"og:description\" content=\"Cette micro-formation de 5 minutes renforce l\u2019importance de la protection contre le virus respiratoire syncytial (VRS) pour les nourrissons n\u00e9s entre janvier et mars. Comme le VRS continue de circuler jusqu\u2019au printemps, les nouveau-n\u00e9s de fin de saison demeurent vuln\u00e9rables. Cette s\u00e9ance offre des strat\u00e9gies pratiques et des conseils de communication pour aider les proches [&hellip;]\" \/>\n<meta property=\"og:url\" content=\"https:\/\/www.mdbriefcase.com\/fr\/product\/le-vrs-circule-toujours-protegez-les-plus-jeunes-enfants-des-aujourdhui\/?courseid=\" \/>\n<meta property=\"og:site_name\" content=\"MDBriefCase\" \/>\n<meta property=\"article:modified_time\" content=\"2026-02-24T16:31:02+00:00\" \/>\n<meta name=\"twitter:card\" content=\"summary_large_image\" \/>\n<meta name=\"twitter:label1\" content=\"Est. reading time\" \/>\n\t<meta name=\"twitter:data1\" content=\"1 minute\" \/>\n<script type=\"application\/ld+json\" class=\"yoast-schema-graph\">{\"@context\":\"https:\/\/schema.org\",\"@graph\":[{\"@type\":\"WebPage\",\"@id\":\"https:\/\/www.mdbriefcase.com\/product\/le-vrs-circule-toujours-protegez-les-plus-jeunes-enfants-des-aujourdhui\/?courseid=\",\"url\":\"https:\/\/www.mdbriefcase.com\/product\/le-vrs-circule-toujours-protegez-les-plus-jeunes-enfants-des-aujourdhui\/?courseid=\",\"name\":\"Le VRS circule toujours : prot\u00e9gez les plus jeunes enfants d\u00e8s aujourd'hui - MDBriefCase\",\"isPartOf\":{\"@id\":\"https:\/\/www.mdbriefcase.com\/#website\"},\"datePublished\":\"2026-01-13T17:22:02+00:00\",\"dateModified\":\"2026-02-24T16:31:02+00:00\",\"breadcrumb\":{\"@id\":\"https:\/\/www.mdbriefcase.com\/product\/le-vrs-circule-toujours-protegez-les-plus-jeunes-enfants-des-aujourdhui\/?courseid=#breadcrumb\"},\"inLanguage\":\"fr-CA\",\"potentialAction\":[{\"@type\":\"ReadAction\",\"target\":[\"https:\/\/www.mdbriefcase.com\/product\/le-vrs-circule-toujours-protegez-les-plus-jeunes-enfants-des-aujourdhui\/?courseid=\"]}]},{\"@type\":\"BreadcrumbList\",\"@id\":\"https:\/\/www.mdbriefcase.com\/product\/le-vrs-circule-toujours-protegez-les-plus-jeunes-enfants-des-aujourdhui\/?courseid=#breadcrumb\",\"itemListElement\":[{\"@type\":\"ListItem\",\"position\":1,\"name\":\"Home\",\"item\":\"https:\/\/www.mdbriefcase.com\/\"},{\"@type\":\"ListItem\",\"position\":2,\"name\":\"Shop &#8211; Old\",\"item\":\"https:\/\/www.mdbriefcase.com\/shop\/\"},{\"@type\":\"ListItem\",\"position\":3,\"name\":\"Le VRS circule toujours : prot\u00e9gez les plus jeunes enfants d\u00e8s aujourd&#8217;hui\"}]},{\"@type\":\"WebSite\",\"@id\":\"https:\/\/www.mdbriefcase.com\/#website\",\"url\":\"https:\/\/www.mdbriefcase.com\/\",\"name\":\"MDBriefCase\",\"description\":\"\",\"publisher\":{\"@id\":\"https:\/\/www.mdbriefcase.com\/#organization\"},\"potentialAction\":[{\"@type\":\"SearchAction\",\"target\":{\"@type\":\"EntryPoint\",\"urlTemplate\":\"https:\/\/www.mdbriefcase.com\/?s={search_term_string}\"},\"query-input\":{\"@type\":\"PropertyValueSpecification\",\"valueRequired\":true,\"valueName\":\"search_term_string\"}}],\"inLanguage\":\"fr-CA\"},{\"@type\":\"Organization\",\"@id\":\"https:\/\/www.mdbriefcase.com\/#organization\",\"name\":\"MDBriefCase\",\"url\":\"https:\/\/www.mdbriefcase.com\/\",\"logo\":{\"@type\":\"ImageObject\",\"inLanguage\":\"fr-CA\",\"@id\":\"https:\/\/www.mdbriefcase.com\/#\/schema\/logo\/image\/\",\"url\":\"https:\/\/www.mdbriefcase.com\/wp-content\/uploads\/2024\/07\/logo.webp\",\"contentUrl\":\"https:\/\/www.mdbriefcase.com\/wp-content\/uploads\/2024\/07\/logo.webp\",\"width\":190,\"height\":36,\"caption\":\"MDBriefCase\"},\"image\":{\"@id\":\"https:\/\/www.mdbriefcase.com\/#\/schema\/logo\/image\/\"}}]}<\/script>\n<!-- \/ Yoast SEO plugin. -->","yoast_head_json":{"title":"Le VRS circule toujours : prot\u00e9gez les plus jeunes enfants d\u00e8s aujourd'hui - MDBriefCase","robots":{"index":"index","follow":"follow","max-snippet":"max-snippet:-1","max-image-preview":"max-image-preview:large","max-video-preview":"max-video-preview:-1"},"canonical":"https:\/\/www.mdbriefcase.com\/fr\/product\/le-vrs-circule-toujours-protegez-les-plus-jeunes-enfants-des-aujourdhui\/?courseid=","og_locale":"fr_CA","og_type":"article","og_title":"Le VRS circule toujours : prot\u00e9gez les plus jeunes enfants d\u00e8s aujourd'hui - MDBriefCase","og_description":"Cette micro-formation de 5 minutes renforce l\u2019importance de la protection contre le virus respiratoire syncytial (VRS) pour les nourrissons n\u00e9s entre janvier et mars. Comme le VRS continue de circuler jusqu\u2019au printemps, les nouveau-n\u00e9s de fin de saison demeurent vuln\u00e9rables. Cette s\u00e9ance offre des strat\u00e9gies pratiques et des conseils de communication pour aider les proches [&hellip;]","og_url":"https:\/\/www.mdbriefcase.com\/fr\/product\/le-vrs-circule-toujours-protegez-les-plus-jeunes-enfants-des-aujourdhui\/?courseid=","og_site_name":"MDBriefCase","article_modified_time":"2026-02-24T16:31:02+00:00","twitter_card":"summary_large_image","twitter_misc":{"Est. reading time":"1 minute"},"schema":{"@context":"https:\/\/schema.org","@graph":[{"@type":"WebPage","@id":"https:\/\/www.mdbriefcase.com\/product\/le-vrs-circule-toujours-protegez-les-plus-jeunes-enfants-des-aujourdhui\/?courseid=","url":"https:\/\/www.mdbriefcase.com\/product\/le-vrs-circule-toujours-protegez-les-plus-jeunes-enfants-des-aujourdhui\/?courseid=","name":"Le VRS circule toujours : prot\u00e9gez les plus jeunes enfants d\u00e8s aujourd'hui - MDBriefCase","isPartOf":{"@id":"https:\/\/www.mdbriefcase.com\/#website"},"datePublished":"2026-01-13T17:22:02+00:00","dateModified":"2026-02-24T16:31:02+00:00","breadcrumb":{"@id":"https:\/\/www.mdbriefcase.com\/product\/le-vrs-circule-toujours-protegez-les-plus-jeunes-enfants-des-aujourdhui\/?courseid=#breadcrumb"},"inLanguage":"fr-CA","potentialAction":[{"@type":"ReadAction","target":["https:\/\/www.mdbriefcase.com\/product\/le-vrs-circule-toujours-protegez-les-plus-jeunes-enfants-des-aujourdhui\/?courseid="]}]},{"@type":"BreadcrumbList","@id":"https:\/\/www.mdbriefcase.com\/product\/le-vrs-circule-toujours-protegez-les-plus-jeunes-enfants-des-aujourdhui\/?courseid=#breadcrumb","itemListElement":[{"@type":"ListItem","position":1,"name":"Home","item":"https:\/\/www.mdbriefcase.com\/"},{"@type":"ListItem","position":2,"name":"Shop &#8211; Old","item":"https:\/\/www.mdbriefcase.com\/shop\/"},{"@type":"ListItem","position":3,"name":"Le VRS circule toujours : prot\u00e9gez les plus jeunes enfants d\u00e8s aujourd&#8217;hui"}]},{"@type":"WebSite","@id":"https:\/\/www.mdbriefcase.com\/#website","url":"https:\/\/www.mdbriefcase.com\/","name":"MDBriefCase","description":"","publisher":{"@id":"https:\/\/www.mdbriefcase.com\/#organization"},"potentialAction":[{"@type":"SearchAction","target":{"@type":"EntryPoint","urlTemplate":"https:\/\/www.mdbriefcase.com\/?s={search_term_string}"},"query-input":{"@type":"PropertyValueSpecification","valueRequired":true,"valueName":"search_term_string"}}],"inLanguage":"fr-CA"},{"@type":"Organization","@id":"https:\/\/www.mdbriefcase.com\/#organization","name":"MDBriefCase","url":"https:\/\/www.mdbriefcase.com\/","logo":{"@type":"ImageObject","inLanguage":"fr-CA","@id":"https:\/\/www.mdbriefcase.com\/#\/schema\/logo\/image\/","url":"https:\/\/www.mdbriefcase.com\/wp-content\/uploads\/2024\/07\/logo.webp","contentUrl":"https:\/\/www.mdbriefcase.com\/wp-content\/uploads\/2024\/07\/logo.webp","width":190,"height":36,"caption":"MDBriefCase"},"image":{"@id":"https:\/\/www.mdbriefcase.com\/#\/schema\/logo\/image\/"}}]}},"_links":{"self":[{"href":"https:\/\/www.mdbriefcase.com\/fr\/wp-json\/wp\/v2\/product\/546770","targetHints":{"allow":["GET"]}}],"collection":[{"href":"https:\/\/www.mdbriefcase.com\/fr\/wp-json\/wp\/v2\/product"}],"about":[{"href":"https:\/\/www.mdbriefcase.com\/fr\/wp-json\/wp\/v2\/types\/product"}],"replies":[{"embeddable":true,"href":"https:\/\/www.mdbriefcase.com\/fr\/wp-json\/wp\/v2\/comments?post=546770"}],"wp:attachment":[{"href":"https:\/\/www.mdbriefcase.com\/fr\/wp-json\/wp\/v2\/media?parent=546770"}],"wp:term":[{"taxonomy":"product_brand","embeddable":true,"href":"https:\/\/www.mdbriefcase.com\/fr\/wp-json\/wp\/v2\/product_brand?post=546770"},{"taxonomy":"product_cat","embeddable":true,"href":"https:\/\/www.mdbriefcase.com\/fr\/wp-json\/wp\/v2\/product_cat?post=546770"},{"taxonomy":"product_tag","embeddable":true,"href":"https:\/\/www.mdbriefcase.com\/fr\/wp-json\/wp\/v2\/product_tag?post=546770"}],"curies":[{"name":"wp","href":"https:\/\/api.w.org\/{rel}","templated":true}]}}