{"id":546470,"date":"2025-12-24T13:27:52","date_gmt":"2025-12-24T17:27:52","guid":{"rendered":"https:\/\/www.mdbriefcase.com\/product\/optimiser-la-saison-de-la-grippe-rappels-dans-le-dme-flux-de-travail-daccueil-et-triage-pour-les-adultes-de-65-ans-plus\/?courseid="},"modified":"2026-01-05T11:48:27","modified_gmt":"2026-01-05T15:48:27","slug":"optimiser-la-saison-de-la-grippe-rappels-dans-le-dme-flux-de-travail-daccueil-et-triage-pour-les-adultes-de-65-ans-plus","status":"publish","type":"product","link":"https:\/\/www.mdbriefcase.com\/fr\/product\/optimiser-la-saison-de-la-grippe-rappels-dans-le-dme-flux-de-travail-daccueil-et-triage-pour-les-adultes-de-65-ans-plus\/?courseid=","title":{"rendered":"Optimiser la saison de la grippe, rappels dans le DME, flux de travail d\u2019accueil et triage pour les adultes de 65 ans plus"},"content":{"rendered":"<p>Cette courte vid\u00e9o pr\u00e9sente des strat\u00e9gies pratiques ax\u00e9es sur le syst\u00e8me, notamment les alertes dans les DME, les flux de travail de d\u00e9pistage et la planification des stocks, afin d\u2019augmenter la couverture vaccinale contre la grippe chez les adultes de 65 ans et plus et de s\u2019assurer que les patients \u00e0 haut risque re\u00e7oivent les vaccins renforc\u00e9s lorsque disponibles.<\/p>\n<hr>\n<p>Ce programme a b\u00e9n\u00e9fici\u00e9 d\u2019un soutien financier de la part de Sanofi Canada sous forme de bourse \u00e0 vis\u00e9e \u00e9ducative sans restriction.<\/p>","protected":false},"excerpt":{"rendered":"<p>Cette courte vid\u00e9o pr\u00e9sente des strat\u00e9gies pratiques ax\u00e9es sur le syst\u00e8me, notamment les alertes dans les DME, les flux de travail de d\u00e9pistage et la planification des stocks, afin d\u2019augmenter la couverture vaccinale contre la grippe chez les adultes de 65 ans et plus et de s\u2019assurer que les patients \u00e0 haut risque re\u00e7oivent les [&hellip;]<\/p>\n","protected":false},"featured_media":0,"comment_status":"closed","ping_status":"closed","template":"","meta":{"_acf_changed":false,"inline_featured_image":false},"product_brand":[],"product_cat":[],"product_tag":[],"class_list":{"0":"post-546470","1":"product","2":"type-product","3":"status-publish","6":"first","7":"instock","8":"downloadable","9":"virtual","10":"taxable","11":"purchasable","12":"product-type-simple"},"acf":[],"yoast_head":"<!-- This site is optimized with the Yoast SEO plugin v27.0 - https:\/\/yoast.com\/product\/yoast-seo-wordpress\/ -->\n<title>Optimiser la saison de la grippe, rappels dans le DME, flux de travail d\u2019accueil et triage pour les adultes de 65 ans plus - MDBriefCase<\/title>\n<meta name=\"robots\" content=\"index, follow, max-snippet:-1, max-image-preview:large, max-video-preview:-1\" \/>\n<link rel=\"canonical\" href=\"https:\/\/www.mdbriefcase.com\/fr\/product\/optimiser-la-saison-de-la-grippe-rappels-dans-le-dme-flux-de-travail-daccueil-et-triage-pour-les-adultes-de-65-ans-plus\/?courseid=\" \/>\n<meta property=\"og:locale\" content=\"fr_CA\" \/>\n<meta property=\"og:type\" content=\"article\" \/>\n<meta property=\"og:title\" content=\"Optimiser la saison de la grippe, rappels dans le DME, flux de travail d\u2019accueil et triage pour les adultes de 65 ans plus - MDBriefCase\" \/>\n<meta property=\"og:description\" content=\"Cette courte vid\u00e9o pr\u00e9sente des strat\u00e9gies pratiques ax\u00e9es sur le syst\u00e8me, notamment les alertes dans les DME, les flux de travail de d\u00e9pistage et la planification des stocks, afin d\u2019augmenter la couverture vaccinale contre la grippe chez les adultes de 65 ans et plus et de s\u2019assurer que les patients \u00e0 haut risque re\u00e7oivent les [&hellip;]\" \/>\n<meta property=\"og:url\" content=\"https:\/\/www.mdbriefcase.com\/fr\/product\/optimiser-la-saison-de-la-grippe-rappels-dans-le-dme-flux-de-travail-daccueil-et-triage-pour-les-adultes-de-65-ans-plus\/?courseid=\" \/>\n<meta property=\"og:site_name\" content=\"MDBriefCase\" \/>\n<meta property=\"article:modified_time\" content=\"2026-01-05T15:48:27+00:00\" \/>\n<meta name=\"twitter:card\" content=\"summary_large_image\" \/>\n<script type=\"application\/ld+json\" class=\"yoast-schema-graph\">{\"@context\":\"https:\/\/schema.org\",\"@graph\":[{\"@type\":\"WebPage\",\"@id\":\"https:\/\/www.mdbriefcase.com\/product\/optimiser-la-saison-de-la-grippe-rappels-dans-le-dme-flux-de-travail-daccueil-et-triage-pour-les-adultes-de-65-ans-plus\/?courseid=\",\"url\":\"https:\/\/www.mdbriefcase.com\/product\/optimiser-la-saison-de-la-grippe-rappels-dans-le-dme-flux-de-travail-daccueil-et-triage-pour-les-adultes-de-65-ans-plus\/?courseid=\",\"name\":\"Optimiser la saison de la grippe, rappels dans le DME, flux de travail d\u2019accueil et triage pour les adultes de 65 ans plus - MDBriefCase\",\"isPartOf\":{\"@id\":\"https:\/\/www.mdbriefcase.com\/#website\"},\"datePublished\":\"2025-12-24T17:27:52+00:00\",\"dateModified\":\"2026-01-05T15:48:27+00:00\",\"breadcrumb\":{\"@id\":\"https:\/\/www.mdbriefcase.com\/product\/optimiser-la-saison-de-la-grippe-rappels-dans-le-dme-flux-de-travail-daccueil-et-triage-pour-les-adultes-de-65-ans-plus\/?courseid=#breadcrumb\"},\"inLanguage\":\"fr-CA\",\"potentialAction\":[{\"@type\":\"ReadAction\",\"target\":[\"https:\/\/www.mdbriefcase.com\/product\/optimiser-la-saison-de-la-grippe-rappels-dans-le-dme-flux-de-travail-daccueil-et-triage-pour-les-adultes-de-65-ans-plus\/?courseid=\"]}]},{\"@type\":\"BreadcrumbList\",\"@id\":\"https:\/\/www.mdbriefcase.com\/product\/optimiser-la-saison-de-la-grippe-rappels-dans-le-dme-flux-de-travail-daccueil-et-triage-pour-les-adultes-de-65-ans-plus\/?courseid=#breadcrumb\",\"itemListElement\":[{\"@type\":\"ListItem\",\"position\":1,\"name\":\"Home\",\"item\":\"https:\/\/www.mdbriefcase.com\/\"},{\"@type\":\"ListItem\",\"position\":2,\"name\":\"Shop &#8211; Old\",\"item\":\"https:\/\/www.mdbriefcase.com\/shop\/\"},{\"@type\":\"ListItem\",\"position\":3,\"name\":\"Optimiser la saison de la grippe, rappels dans le DME, flux de travail d\u2019accueil et triage pour les adultes de 65 ans plus\"}]},{\"@type\":\"WebSite\",\"@id\":\"https:\/\/www.mdbriefcase.com\/#website\",\"url\":\"https:\/\/www.mdbriefcase.com\/\",\"name\":\"MDBriefCase\",\"description\":\"\",\"publisher\":{\"@id\":\"https:\/\/www.mdbriefcase.com\/#organization\"},\"potentialAction\":[{\"@type\":\"SearchAction\",\"target\":{\"@type\":\"EntryPoint\",\"urlTemplate\":\"https:\/\/www.mdbriefcase.com\/?s={search_term_string}\"},\"query-input\":{\"@type\":\"PropertyValueSpecification\",\"valueRequired\":true,\"valueName\":\"search_term_string\"}}],\"inLanguage\":\"fr-CA\"},{\"@type\":\"Organization\",\"@id\":\"https:\/\/www.mdbriefcase.com\/#organization\",\"name\":\"MDBriefCase\",\"url\":\"https:\/\/www.mdbriefcase.com\/\",\"logo\":{\"@type\":\"ImageObject\",\"inLanguage\":\"fr-CA\",\"@id\":\"https:\/\/www.mdbriefcase.com\/#\/schema\/logo\/image\/\",\"url\":\"https:\/\/www.mdbriefcase.com\/wp-content\/uploads\/2024\/07\/logo.webp\",\"contentUrl\":\"https:\/\/www.mdbriefcase.com\/wp-content\/uploads\/2024\/07\/logo.webp\",\"width\":190,\"height\":36,\"caption\":\"MDBriefCase\"},\"image\":{\"@id\":\"https:\/\/www.mdbriefcase.com\/#\/schema\/logo\/image\/\"}}]}<\/script>\n<!-- \/ Yoast SEO plugin. -->","yoast_head_json":{"title":"Optimiser la saison de la grippe, rappels dans le DME, flux de travail d\u2019accueil et triage pour les adultes de 65 ans plus - MDBriefCase","robots":{"index":"index","follow":"follow","max-snippet":"max-snippet:-1","max-image-preview":"max-image-preview:large","max-video-preview":"max-video-preview:-1"},"canonical":"https:\/\/www.mdbriefcase.com\/fr\/product\/optimiser-la-saison-de-la-grippe-rappels-dans-le-dme-flux-de-travail-daccueil-et-triage-pour-les-adultes-de-65-ans-plus\/?courseid=","og_locale":"fr_CA","og_type":"article","og_title":"Optimiser la saison de la grippe, rappels dans le DME, flux de travail d\u2019accueil et triage pour les adultes de 65 ans plus - MDBriefCase","og_description":"Cette courte vid\u00e9o pr\u00e9sente des strat\u00e9gies pratiques ax\u00e9es sur le syst\u00e8me, notamment les alertes dans les DME, les flux de travail de d\u00e9pistage et la planification des stocks, afin d\u2019augmenter la couverture vaccinale contre la grippe chez les adultes de 65 ans et plus et de s\u2019assurer que les patients \u00e0 haut risque re\u00e7oivent les [&hellip;]","og_url":"https:\/\/www.mdbriefcase.com\/fr\/product\/optimiser-la-saison-de-la-grippe-rappels-dans-le-dme-flux-de-travail-daccueil-et-triage-pour-les-adultes-de-65-ans-plus\/?courseid=","og_site_name":"MDBriefCase","article_modified_time":"2026-01-05T15:48:27+00:00","twitter_card":"summary_large_image","schema":{"@context":"https:\/\/schema.org","@graph":[{"@type":"WebPage","@id":"https:\/\/www.mdbriefcase.com\/product\/optimiser-la-saison-de-la-grippe-rappels-dans-le-dme-flux-de-travail-daccueil-et-triage-pour-les-adultes-de-65-ans-plus\/?courseid=","url":"https:\/\/www.mdbriefcase.com\/product\/optimiser-la-saison-de-la-grippe-rappels-dans-le-dme-flux-de-travail-daccueil-et-triage-pour-les-adultes-de-65-ans-plus\/?courseid=","name":"Optimiser la saison de la grippe, rappels dans le DME, flux de travail d\u2019accueil et triage pour les adultes de 65 ans plus - MDBriefCase","isPartOf":{"@id":"https:\/\/www.mdbriefcase.com\/#website"},"datePublished":"2025-12-24T17:27:52+00:00","dateModified":"2026-01-05T15:48:27+00:00","breadcrumb":{"@id":"https:\/\/www.mdbriefcase.com\/product\/optimiser-la-saison-de-la-grippe-rappels-dans-le-dme-flux-de-travail-daccueil-et-triage-pour-les-adultes-de-65-ans-plus\/?courseid=#breadcrumb"},"inLanguage":"fr-CA","potentialAction":[{"@type":"ReadAction","target":["https:\/\/www.mdbriefcase.com\/product\/optimiser-la-saison-de-la-grippe-rappels-dans-le-dme-flux-de-travail-daccueil-et-triage-pour-les-adultes-de-65-ans-plus\/?courseid="]}]},{"@type":"BreadcrumbList","@id":"https:\/\/www.mdbriefcase.com\/product\/optimiser-la-saison-de-la-grippe-rappels-dans-le-dme-flux-de-travail-daccueil-et-triage-pour-les-adultes-de-65-ans-plus\/?courseid=#breadcrumb","itemListElement":[{"@type":"ListItem","position":1,"name":"Home","item":"https:\/\/www.mdbriefcase.com\/"},{"@type":"ListItem","position":2,"name":"Shop &#8211; Old","item":"https:\/\/www.mdbriefcase.com\/shop\/"},{"@type":"ListItem","position":3,"name":"Optimiser la saison de la grippe, rappels dans le DME, flux de travail d\u2019accueil et triage pour les adultes de 65 ans plus"}]},{"@type":"WebSite","@id":"https:\/\/www.mdbriefcase.com\/#website","url":"https:\/\/www.mdbriefcase.com\/","name":"MDBriefCase","description":"","publisher":{"@id":"https:\/\/www.mdbriefcase.com\/#organization"},"potentialAction":[{"@type":"SearchAction","target":{"@type":"EntryPoint","urlTemplate":"https:\/\/www.mdbriefcase.com\/?s={search_term_string}"},"query-input":{"@type":"PropertyValueSpecification","valueRequired":true,"valueName":"search_term_string"}}],"inLanguage":"fr-CA"},{"@type":"Organization","@id":"https:\/\/www.mdbriefcase.com\/#organization","name":"MDBriefCase","url":"https:\/\/www.mdbriefcase.com\/","logo":{"@type":"ImageObject","inLanguage":"fr-CA","@id":"https:\/\/www.mdbriefcase.com\/#\/schema\/logo\/image\/","url":"https:\/\/www.mdbriefcase.com\/wp-content\/uploads\/2024\/07\/logo.webp","contentUrl":"https:\/\/www.mdbriefcase.com\/wp-content\/uploads\/2024\/07\/logo.webp","width":190,"height":36,"caption":"MDBriefCase"},"image":{"@id":"https:\/\/www.mdbriefcase.com\/#\/schema\/logo\/image\/"}}]}},"_links":{"self":[{"href":"https:\/\/www.mdbriefcase.com\/fr\/wp-json\/wp\/v2\/product\/546470","targetHints":{"allow":["GET"]}}],"collection":[{"href":"https:\/\/www.mdbriefcase.com\/fr\/wp-json\/wp\/v2\/product"}],"about":[{"href":"https:\/\/www.mdbriefcase.com\/fr\/wp-json\/wp\/v2\/types\/product"}],"replies":[{"embeddable":true,"href":"https:\/\/www.mdbriefcase.com\/fr\/wp-json\/wp\/v2\/comments?post=546470"}],"wp:attachment":[{"href":"https:\/\/www.mdbriefcase.com\/fr\/wp-json\/wp\/v2\/media?parent=546470"}],"wp:term":[{"taxonomy":"product_brand","embeddable":true,"href":"https:\/\/www.mdbriefcase.com\/fr\/wp-json\/wp\/v2\/product_brand?post=546470"},{"taxonomy":"product_cat","embeddable":true,"href":"https:\/\/www.mdbriefcase.com\/fr\/wp-json\/wp\/v2\/product_cat?post=546470"},{"taxonomy":"product_tag","embeddable":true,"href":"https:\/\/www.mdbriefcase.com\/fr\/wp-json\/wp\/v2\/product_tag?post=546470"}],"curies":[{"name":"wp","href":"https:\/\/api.w.org\/{rel}","templated":true}]}}