{"id":546445,"date":"2025-12-23T15:04:26","date_gmt":"2025-12-23T19:04:26","guid":{"rendered":"https:\/\/www.mdbriefcase.com\/product\/le-bon-vaccin-pour-le-bon-patient-utiliser-loutil-daide-a-la-decision-pour-la-vaccination-contre-la-grippe-en-pratique-2\/?courseid="},"modified":"2025-12-23T15:04:26","modified_gmt":"2025-12-23T19:04:26","slug":"le-bon-vaccin-pour-le-bon-patient-utiliser-loutil-daide-a-la-decision-pour-la-vaccination-contre-la-grippe-en-pratique-2","status":"publish","type":"product","link":"https:\/\/www.mdbriefcase.com\/fr\/product\/le-bon-vaccin-pour-le-bon-patient-utiliser-loutil-daide-a-la-decision-pour-la-vaccination-contre-la-grippe-en-pratique-2\/?courseid=","title":{"rendered":"Le bon vaccin pour le bon patient, utiliser l\u2019Outil d\u2019aide \u00e0 la d\u00e9cision pour la vaccination contre la grippe en pratique"},"content":{"rendered":"<p>Cette microformation de 5 minutes offre aux cliniciens un aper\u00e7u rapide et intuitif de l\u2019Outil d\u2019aide \u00e0 la d\u00e9cision pour la vaccination contre l\u2019influenza. Elle montre comment identifier le bon vaccin pour le bon patient au point de service, particuli\u00e8rement chez les adultes \u00e2g\u00e9s et les groupes \u00e0 haut risque.<\/p>\n<hr>\n<p>Ce programme a b\u00e9n\u00e9fici\u00e9 d\u2019un soutien financier de la part de Sanofi Canada sous forme de bourse \u00e0 vis\u00e9e \u00e9ducative sans restriction.<\/p>","protected":false},"excerpt":{"rendered":"<p>Cette microformation de 5 minutes offre aux cliniciens un aper\u00e7u rapide et intuitif de l\u2019Outil d\u2019aide \u00e0 la d\u00e9cision pour la vaccination contre l\u2019influenza. Elle montre comment identifier le bon vaccin pour le bon patient au point de service, particuli\u00e8rement chez les adultes \u00e2g\u00e9s et les groupes \u00e0 haut risque. Ce programme a b\u00e9n\u00e9fici\u00e9 d\u2019un [&hellip;]<\/p>\n","protected":false},"featured_media":0,"comment_status":"","ping_status":"closed","template":"","meta":{"_acf_changed":false,"inline_featured_image":false},"product_brand":[],"product_cat":[],"product_tag":[],"class_list":{"0":"post-546445","1":"product","2":"type-product","3":"status-publish","6":"first","7":"instock","8":"downloadable","9":"virtual","10":"taxable","11":"product-type-simple"},"acf":[],"yoast_head":"<!-- This site is optimized with the Yoast SEO plugin v27.0 - https:\/\/yoast.com\/product\/yoast-seo-wordpress\/ -->\n<title>Le bon vaccin pour le bon patient, utiliser l\u2019Outil d\u2019aide \u00e0 la d\u00e9cision pour la vaccination contre la grippe en pratique - MDBriefCase<\/title>\n<meta name=\"robots\" content=\"index, follow, max-snippet:-1, max-image-preview:large, max-video-preview:-1\" \/>\n<link rel=\"canonical\" href=\"https:\/\/www.mdbriefcase.com\/fr\/product\/le-bon-vaccin-pour-le-bon-patient-utiliser-loutil-daide-a-la-decision-pour-la-vaccination-contre-la-grippe-en-pratique-2\/?courseid=\" \/>\n<meta property=\"og:locale\" content=\"fr_CA\" \/>\n<meta property=\"og:type\" content=\"article\" \/>\n<meta property=\"og:title\" content=\"Le bon vaccin pour le bon patient, utiliser l\u2019Outil d\u2019aide \u00e0 la d\u00e9cision pour la vaccination contre la grippe en pratique - MDBriefCase\" \/>\n<meta property=\"og:description\" content=\"Cette microformation de 5 minutes offre aux cliniciens un aper\u00e7u rapide et intuitif de l\u2019Outil d\u2019aide \u00e0 la d\u00e9cision pour la vaccination contre l\u2019influenza. Elle montre comment identifier le bon vaccin pour le bon patient au point de service, particuli\u00e8rement chez les adultes \u00e2g\u00e9s et les groupes \u00e0 haut risque. Ce programme a b\u00e9n\u00e9fici\u00e9 d\u2019un [&hellip;]\" \/>\n<meta property=\"og:url\" content=\"https:\/\/www.mdbriefcase.com\/fr\/product\/le-bon-vaccin-pour-le-bon-patient-utiliser-loutil-daide-a-la-decision-pour-la-vaccination-contre-la-grippe-en-pratique-2\/?courseid=\" \/>\n<meta property=\"og:site_name\" content=\"MDBriefCase\" \/>\n<meta name=\"twitter:card\" content=\"summary_large_image\" \/>\n<script type=\"application\/ld+json\" class=\"yoast-schema-graph\">{\"@context\":\"https:\/\/schema.org\",\"@graph\":[{\"@type\":\"WebPage\",\"@id\":\"https:\/\/www.mdbriefcase.com\/product\/le-bon-vaccin-pour-le-bon-patient-utiliser-loutil-daide-a-la-decision-pour-la-vaccination-contre-la-grippe-en-pratique-2\/?courseid=\",\"url\":\"https:\/\/www.mdbriefcase.com\/product\/le-bon-vaccin-pour-le-bon-patient-utiliser-loutil-daide-a-la-decision-pour-la-vaccination-contre-la-grippe-en-pratique-2\/?courseid=\",\"name\":\"Le bon vaccin pour le bon patient, utiliser l\u2019Outil d\u2019aide \u00e0 la d\u00e9cision pour la vaccination contre la grippe en pratique - MDBriefCase\",\"isPartOf\":{\"@id\":\"https:\/\/www.mdbriefcase.com\/#website\"},\"datePublished\":\"2025-12-23T19:04:26+00:00\",\"breadcrumb\":{\"@id\":\"https:\/\/www.mdbriefcase.com\/product\/le-bon-vaccin-pour-le-bon-patient-utiliser-loutil-daide-a-la-decision-pour-la-vaccination-contre-la-grippe-en-pratique-2\/?courseid=#breadcrumb\"},\"inLanguage\":\"fr-CA\",\"potentialAction\":[{\"@type\":\"ReadAction\",\"target\":[\"https:\/\/www.mdbriefcase.com\/product\/le-bon-vaccin-pour-le-bon-patient-utiliser-loutil-daide-a-la-decision-pour-la-vaccination-contre-la-grippe-en-pratique-2\/?courseid=\"]}]},{\"@type\":\"BreadcrumbList\",\"@id\":\"https:\/\/www.mdbriefcase.com\/product\/le-bon-vaccin-pour-le-bon-patient-utiliser-loutil-daide-a-la-decision-pour-la-vaccination-contre-la-grippe-en-pratique-2\/?courseid=#breadcrumb\",\"itemListElement\":[{\"@type\":\"ListItem\",\"position\":1,\"name\":\"Home\",\"item\":\"https:\/\/www.mdbriefcase.com\/\"},{\"@type\":\"ListItem\",\"position\":2,\"name\":\"Shop &#8211; Old\",\"item\":\"https:\/\/www.mdbriefcase.com\/shop\/\"},{\"@type\":\"ListItem\",\"position\":3,\"name\":\"Le bon vaccin pour le bon patient, utiliser l\u2019Outil d\u2019aide \u00e0 la d\u00e9cision pour la vaccination contre la grippe en pratique\"}]},{\"@type\":\"WebSite\",\"@id\":\"https:\/\/www.mdbriefcase.com\/#website\",\"url\":\"https:\/\/www.mdbriefcase.com\/\",\"name\":\"MDBriefCase\",\"description\":\"\",\"publisher\":{\"@id\":\"https:\/\/www.mdbriefcase.com\/#organization\"},\"potentialAction\":[{\"@type\":\"SearchAction\",\"target\":{\"@type\":\"EntryPoint\",\"urlTemplate\":\"https:\/\/www.mdbriefcase.com\/?s={search_term_string}\"},\"query-input\":{\"@type\":\"PropertyValueSpecification\",\"valueRequired\":true,\"valueName\":\"search_term_string\"}}],\"inLanguage\":\"fr-CA\"},{\"@type\":\"Organization\",\"@id\":\"https:\/\/www.mdbriefcase.com\/#organization\",\"name\":\"MDBriefCase\",\"url\":\"https:\/\/www.mdbriefcase.com\/\",\"logo\":{\"@type\":\"ImageObject\",\"inLanguage\":\"fr-CA\",\"@id\":\"https:\/\/www.mdbriefcase.com\/#\/schema\/logo\/image\/\",\"url\":\"https:\/\/www.mdbriefcase.com\/wp-content\/uploads\/2024\/07\/logo.webp\",\"contentUrl\":\"https:\/\/www.mdbriefcase.com\/wp-content\/uploads\/2024\/07\/logo.webp\",\"width\":190,\"height\":36,\"caption\":\"MDBriefCase\"},\"image\":{\"@id\":\"https:\/\/www.mdbriefcase.com\/#\/schema\/logo\/image\/\"}}]}<\/script>\n<!-- \/ Yoast SEO plugin. -->","yoast_head_json":{"title":"Le bon vaccin pour le bon patient, utiliser l\u2019Outil d\u2019aide \u00e0 la d\u00e9cision pour la vaccination contre la grippe en pratique - MDBriefCase","robots":{"index":"index","follow":"follow","max-snippet":"max-snippet:-1","max-image-preview":"max-image-preview:large","max-video-preview":"max-video-preview:-1"},"canonical":"https:\/\/www.mdbriefcase.com\/fr\/product\/le-bon-vaccin-pour-le-bon-patient-utiliser-loutil-daide-a-la-decision-pour-la-vaccination-contre-la-grippe-en-pratique-2\/?courseid=","og_locale":"fr_CA","og_type":"article","og_title":"Le bon vaccin pour le bon patient, utiliser l\u2019Outil d\u2019aide \u00e0 la d\u00e9cision pour la vaccination contre la grippe en pratique - MDBriefCase","og_description":"Cette microformation de 5 minutes offre aux cliniciens un aper\u00e7u rapide et intuitif de l\u2019Outil d\u2019aide \u00e0 la d\u00e9cision pour la vaccination contre l\u2019influenza. Elle montre comment identifier le bon vaccin pour le bon patient au point de service, particuli\u00e8rement chez les adultes \u00e2g\u00e9s et les groupes \u00e0 haut risque. Ce programme a b\u00e9n\u00e9fici\u00e9 d\u2019un [&hellip;]","og_url":"https:\/\/www.mdbriefcase.com\/fr\/product\/le-bon-vaccin-pour-le-bon-patient-utiliser-loutil-daide-a-la-decision-pour-la-vaccination-contre-la-grippe-en-pratique-2\/?courseid=","og_site_name":"MDBriefCase","twitter_card":"summary_large_image","schema":{"@context":"https:\/\/schema.org","@graph":[{"@type":"WebPage","@id":"https:\/\/www.mdbriefcase.com\/product\/le-bon-vaccin-pour-le-bon-patient-utiliser-loutil-daide-a-la-decision-pour-la-vaccination-contre-la-grippe-en-pratique-2\/?courseid=","url":"https:\/\/www.mdbriefcase.com\/product\/le-bon-vaccin-pour-le-bon-patient-utiliser-loutil-daide-a-la-decision-pour-la-vaccination-contre-la-grippe-en-pratique-2\/?courseid=","name":"Le bon vaccin pour le bon patient, utiliser l\u2019Outil d\u2019aide \u00e0 la d\u00e9cision pour la vaccination contre la grippe en pratique - MDBriefCase","isPartOf":{"@id":"https:\/\/www.mdbriefcase.com\/#website"},"datePublished":"2025-12-23T19:04:26+00:00","breadcrumb":{"@id":"https:\/\/www.mdbriefcase.com\/product\/le-bon-vaccin-pour-le-bon-patient-utiliser-loutil-daide-a-la-decision-pour-la-vaccination-contre-la-grippe-en-pratique-2\/?courseid=#breadcrumb"},"inLanguage":"fr-CA","potentialAction":[{"@type":"ReadAction","target":["https:\/\/www.mdbriefcase.com\/product\/le-bon-vaccin-pour-le-bon-patient-utiliser-loutil-daide-a-la-decision-pour-la-vaccination-contre-la-grippe-en-pratique-2\/?courseid="]}]},{"@type":"BreadcrumbList","@id":"https:\/\/www.mdbriefcase.com\/product\/le-bon-vaccin-pour-le-bon-patient-utiliser-loutil-daide-a-la-decision-pour-la-vaccination-contre-la-grippe-en-pratique-2\/?courseid=#breadcrumb","itemListElement":[{"@type":"ListItem","position":1,"name":"Home","item":"https:\/\/www.mdbriefcase.com\/"},{"@type":"ListItem","position":2,"name":"Shop &#8211; Old","item":"https:\/\/www.mdbriefcase.com\/shop\/"},{"@type":"ListItem","position":3,"name":"Le bon vaccin pour le bon patient, utiliser l\u2019Outil d\u2019aide \u00e0 la d\u00e9cision pour la vaccination contre la grippe en pratique"}]},{"@type":"WebSite","@id":"https:\/\/www.mdbriefcase.com\/#website","url":"https:\/\/www.mdbriefcase.com\/","name":"MDBriefCase","description":"","publisher":{"@id":"https:\/\/www.mdbriefcase.com\/#organization"},"potentialAction":[{"@type":"SearchAction","target":{"@type":"EntryPoint","urlTemplate":"https:\/\/www.mdbriefcase.com\/?s={search_term_string}"},"query-input":{"@type":"PropertyValueSpecification","valueRequired":true,"valueName":"search_term_string"}}],"inLanguage":"fr-CA"},{"@type":"Organization","@id":"https:\/\/www.mdbriefcase.com\/#organization","name":"MDBriefCase","url":"https:\/\/www.mdbriefcase.com\/","logo":{"@type":"ImageObject","inLanguage":"fr-CA","@id":"https:\/\/www.mdbriefcase.com\/#\/schema\/logo\/image\/","url":"https:\/\/www.mdbriefcase.com\/wp-content\/uploads\/2024\/07\/logo.webp","contentUrl":"https:\/\/www.mdbriefcase.com\/wp-content\/uploads\/2024\/07\/logo.webp","width":190,"height":36,"caption":"MDBriefCase"},"image":{"@id":"https:\/\/www.mdbriefcase.com\/#\/schema\/logo\/image\/"}}]}},"_links":{"self":[{"href":"https:\/\/www.mdbriefcase.com\/fr\/wp-json\/wp\/v2\/product\/546445","targetHints":{"allow":["GET"]}}],"collection":[{"href":"https:\/\/www.mdbriefcase.com\/fr\/wp-json\/wp\/v2\/product"}],"about":[{"href":"https:\/\/www.mdbriefcase.com\/fr\/wp-json\/wp\/v2\/types\/product"}],"replies":[{"embeddable":true,"href":"https:\/\/www.mdbriefcase.com\/fr\/wp-json\/wp\/v2\/comments?post=546445"}],"wp:attachment":[{"href":"https:\/\/www.mdbriefcase.com\/fr\/wp-json\/wp\/v2\/media?parent=546445"}],"wp:term":[{"taxonomy":"product_brand","embeddable":true,"href":"https:\/\/www.mdbriefcase.com\/fr\/wp-json\/wp\/v2\/product_brand?post=546445"},{"taxonomy":"product_cat","embeddable":true,"href":"https:\/\/www.mdbriefcase.com\/fr\/wp-json\/wp\/v2\/product_cat?post=546445"},{"taxonomy":"product_tag","embeddable":true,"href":"https:\/\/www.mdbriefcase.com\/fr\/wp-json\/wp\/v2\/product_tag?post=546445"}],"curies":[{"name":"wp","href":"https:\/\/api.w.org\/{rel}","templated":true}]}}