{"id":546276,"date":"2025-12-08T15:03:07","date_gmt":"2025-12-08T19:03:07","guid":{"rendered":"https:\/\/www.mdbriefcase.com\/product\/optimiser-la-therapie-orale-au-fer-conseils-pratiques-pour-les-cliniciens\/?courseid="},"modified":"2025-12-09T16:04:03","modified_gmt":"2025-12-09T20:04:03","slug":"optimiser-la-therapie-orale-au-fer-conseils-pratiques-pour-les-cliniciens","status":"publish","type":"product","link":"https:\/\/www.mdbriefcase.com\/fr\/product\/optimiser-la-therapie-orale-au-fer-conseils-pratiques-pour-les-cliniciens\/?courseid=","title":{"rendered":"Optimiser la th\u00e9rapie orale au fer : Conseils pratiques pour les cliniciens"},"content":{"rendered":"<p>La carence en fer est l\u2019une des causes les plus fr\u00e9quentes mais souvent sous-reconnues de la fatigue, surtout chez les femmes. Dans cet Expert Brief de 15 minutes, la Dre Christine Palmay et la Dre Michelle Jacobson pr\u00e9sentent des conseils pratiques et fond\u00e9s sur les donn\u00e9es probantes pour aider les cliniciens \u00e0 mieux identifier et prendre en charge la carence en fer, optimiser la th\u00e9rapie orale au fer et am\u00e9liorer l\u2019adh\u00e9rence ainsi que les r\u00e9sultats pour les patients.<\/p>\n<hr>\n<p>Ce programme a re\u00e7u un soutien financier de Ethical Remedies sous forme d\u2019une subvention \u00e9ducative sans restriction.<\/p>","protected":false},"excerpt":{"rendered":"<p>La carence en fer est l\u2019une des causes les plus fr\u00e9quentes mais souvent sous-reconnues de la fatigue, surtout chez les femmes. Dans cet Expert Brief de 15 minutes, la Dre Christine Palmay et la Dre Michelle Jacobson pr\u00e9sentent des conseils pratiques et fond\u00e9s sur les donn\u00e9es probantes pour aider les cliniciens \u00e0 mieux identifier et [&hellip;]<\/p>\n","protected":false},"featured_media":0,"comment_status":"closed","ping_status":"closed","template":"","meta":{"_acf_changed":false,"inline_featured_image":false},"product_brand":[],"product_cat":[],"product_tag":[],"class_list":{"0":"post-546276","1":"product","2":"type-product","3":"status-publish","6":"first","7":"instock","8":"downloadable","9":"virtual","10":"taxable","11":"purchasable","12":"product-type-simple"},"acf":[],"yoast_head":"<!-- This site is optimized with the Yoast SEO plugin v27.0 - https:\/\/yoast.com\/product\/yoast-seo-wordpress\/ -->\n<title>Optimiser la th\u00e9rapie orale au fer : Conseils pratiques pour les cliniciens - MDBriefCase<\/title>\n<meta name=\"robots\" content=\"index, follow, max-snippet:-1, max-image-preview:large, max-video-preview:-1\" \/>\n<link rel=\"canonical\" href=\"https:\/\/www.mdbriefcase.com\/fr\/product\/optimiser-la-therapie-orale-au-fer-conseils-pratiques-pour-les-cliniciens\/?courseid=\" \/>\n<meta property=\"og:locale\" content=\"fr_CA\" \/>\n<meta property=\"og:type\" content=\"article\" \/>\n<meta property=\"og:title\" content=\"Optimiser la th\u00e9rapie orale au fer : Conseils pratiques pour les cliniciens - MDBriefCase\" \/>\n<meta property=\"og:description\" content=\"La carence en fer est l\u2019une des causes les plus fr\u00e9quentes mais souvent sous-reconnues de la fatigue, surtout chez les femmes. Dans cet Expert Brief de 15 minutes, la Dre Christine Palmay et la Dre Michelle Jacobson pr\u00e9sentent des conseils pratiques et fond\u00e9s sur les donn\u00e9es probantes pour aider les cliniciens \u00e0 mieux identifier et [&hellip;]\" \/>\n<meta property=\"og:url\" content=\"https:\/\/www.mdbriefcase.com\/fr\/product\/optimiser-la-therapie-orale-au-fer-conseils-pratiques-pour-les-cliniciens\/?courseid=\" \/>\n<meta property=\"og:site_name\" content=\"MDBriefCase\" \/>\n<meta property=\"article:modified_time\" content=\"2025-12-09T20:04:03+00:00\" \/>\n<meta name=\"twitter:card\" content=\"summary_large_image\" \/>\n<meta name=\"twitter:label1\" content=\"Est. reading time\" \/>\n\t<meta name=\"twitter:data1\" content=\"1 minute\" \/>\n<script type=\"application\/ld+json\" class=\"yoast-schema-graph\">{\"@context\":\"https:\/\/schema.org\",\"@graph\":[{\"@type\":\"WebPage\",\"@id\":\"https:\/\/www.mdbriefcase.com\/product\/optimiser-la-therapie-orale-au-fer-conseils-pratiques-pour-les-cliniciens\/?courseid=\",\"url\":\"https:\/\/www.mdbriefcase.com\/product\/optimiser-la-therapie-orale-au-fer-conseils-pratiques-pour-les-cliniciens\/?courseid=\",\"name\":\"Optimiser la th\u00e9rapie orale au fer : Conseils pratiques pour les cliniciens - MDBriefCase\",\"isPartOf\":{\"@id\":\"https:\/\/www.mdbriefcase.com\/#website\"},\"datePublished\":\"2025-12-08T19:03:07+00:00\",\"dateModified\":\"2025-12-09T20:04:03+00:00\",\"breadcrumb\":{\"@id\":\"https:\/\/www.mdbriefcase.com\/product\/optimiser-la-therapie-orale-au-fer-conseils-pratiques-pour-les-cliniciens\/?courseid=#breadcrumb\"},\"inLanguage\":\"fr-CA\",\"potentialAction\":[{\"@type\":\"ReadAction\",\"target\":[\"https:\/\/www.mdbriefcase.com\/product\/optimiser-la-therapie-orale-au-fer-conseils-pratiques-pour-les-cliniciens\/?courseid=\"]}]},{\"@type\":\"BreadcrumbList\",\"@id\":\"https:\/\/www.mdbriefcase.com\/product\/optimiser-la-therapie-orale-au-fer-conseils-pratiques-pour-les-cliniciens\/?courseid=#breadcrumb\",\"itemListElement\":[{\"@type\":\"ListItem\",\"position\":1,\"name\":\"Home\",\"item\":\"https:\/\/www.mdbriefcase.com\/\"},{\"@type\":\"ListItem\",\"position\":2,\"name\":\"Shop &#8211; Old\",\"item\":\"https:\/\/www.mdbriefcase.com\/shop\/\"},{\"@type\":\"ListItem\",\"position\":3,\"name\":\"Optimiser la th\u00e9rapie orale au fer : Conseils pratiques pour les cliniciens\"}]},{\"@type\":\"WebSite\",\"@id\":\"https:\/\/www.mdbriefcase.com\/#website\",\"url\":\"https:\/\/www.mdbriefcase.com\/\",\"name\":\"MDBriefCase\",\"description\":\"\",\"publisher\":{\"@id\":\"https:\/\/www.mdbriefcase.com\/#organization\"},\"potentialAction\":[{\"@type\":\"SearchAction\",\"target\":{\"@type\":\"EntryPoint\",\"urlTemplate\":\"https:\/\/www.mdbriefcase.com\/?s={search_term_string}\"},\"query-input\":{\"@type\":\"PropertyValueSpecification\",\"valueRequired\":true,\"valueName\":\"search_term_string\"}}],\"inLanguage\":\"fr-CA\"},{\"@type\":\"Organization\",\"@id\":\"https:\/\/www.mdbriefcase.com\/#organization\",\"name\":\"MDBriefCase\",\"url\":\"https:\/\/www.mdbriefcase.com\/\",\"logo\":{\"@type\":\"ImageObject\",\"inLanguage\":\"fr-CA\",\"@id\":\"https:\/\/www.mdbriefcase.com\/#\/schema\/logo\/image\/\",\"url\":\"https:\/\/www.mdbriefcase.com\/wp-content\/uploads\/2024\/07\/logo.webp\",\"contentUrl\":\"https:\/\/www.mdbriefcase.com\/wp-content\/uploads\/2024\/07\/logo.webp\",\"width\":190,\"height\":36,\"caption\":\"MDBriefCase\"},\"image\":{\"@id\":\"https:\/\/www.mdbriefcase.com\/#\/schema\/logo\/image\/\"}}]}<\/script>\n<!-- \/ Yoast SEO plugin. -->","yoast_head_json":{"title":"Optimiser la th\u00e9rapie orale au fer : Conseils pratiques pour les cliniciens - MDBriefCase","robots":{"index":"index","follow":"follow","max-snippet":"max-snippet:-1","max-image-preview":"max-image-preview:large","max-video-preview":"max-video-preview:-1"},"canonical":"https:\/\/www.mdbriefcase.com\/fr\/product\/optimiser-la-therapie-orale-au-fer-conseils-pratiques-pour-les-cliniciens\/?courseid=","og_locale":"fr_CA","og_type":"article","og_title":"Optimiser la th\u00e9rapie orale au fer : Conseils pratiques pour les cliniciens - MDBriefCase","og_description":"La carence en fer est l\u2019une des causes les plus fr\u00e9quentes mais souvent sous-reconnues de la fatigue, surtout chez les femmes. Dans cet Expert Brief de 15 minutes, la Dre Christine Palmay et la Dre Michelle Jacobson pr\u00e9sentent des conseils pratiques et fond\u00e9s sur les donn\u00e9es probantes pour aider les cliniciens \u00e0 mieux identifier et [&hellip;]","og_url":"https:\/\/www.mdbriefcase.com\/fr\/product\/optimiser-la-therapie-orale-au-fer-conseils-pratiques-pour-les-cliniciens\/?courseid=","og_site_name":"MDBriefCase","article_modified_time":"2025-12-09T20:04:03+00:00","twitter_card":"summary_large_image","twitter_misc":{"Est. reading time":"1 minute"},"schema":{"@context":"https:\/\/schema.org","@graph":[{"@type":"WebPage","@id":"https:\/\/www.mdbriefcase.com\/product\/optimiser-la-therapie-orale-au-fer-conseils-pratiques-pour-les-cliniciens\/?courseid=","url":"https:\/\/www.mdbriefcase.com\/product\/optimiser-la-therapie-orale-au-fer-conseils-pratiques-pour-les-cliniciens\/?courseid=","name":"Optimiser la th\u00e9rapie orale au fer : Conseils pratiques pour les cliniciens - MDBriefCase","isPartOf":{"@id":"https:\/\/www.mdbriefcase.com\/#website"},"datePublished":"2025-12-08T19:03:07+00:00","dateModified":"2025-12-09T20:04:03+00:00","breadcrumb":{"@id":"https:\/\/www.mdbriefcase.com\/product\/optimiser-la-therapie-orale-au-fer-conseils-pratiques-pour-les-cliniciens\/?courseid=#breadcrumb"},"inLanguage":"fr-CA","potentialAction":[{"@type":"ReadAction","target":["https:\/\/www.mdbriefcase.com\/product\/optimiser-la-therapie-orale-au-fer-conseils-pratiques-pour-les-cliniciens\/?courseid="]}]},{"@type":"BreadcrumbList","@id":"https:\/\/www.mdbriefcase.com\/product\/optimiser-la-therapie-orale-au-fer-conseils-pratiques-pour-les-cliniciens\/?courseid=#breadcrumb","itemListElement":[{"@type":"ListItem","position":1,"name":"Home","item":"https:\/\/www.mdbriefcase.com\/"},{"@type":"ListItem","position":2,"name":"Shop &#8211; Old","item":"https:\/\/www.mdbriefcase.com\/shop\/"},{"@type":"ListItem","position":3,"name":"Optimiser la th\u00e9rapie orale au fer : Conseils pratiques pour les cliniciens"}]},{"@type":"WebSite","@id":"https:\/\/www.mdbriefcase.com\/#website","url":"https:\/\/www.mdbriefcase.com\/","name":"MDBriefCase","description":"","publisher":{"@id":"https:\/\/www.mdbriefcase.com\/#organization"},"potentialAction":[{"@type":"SearchAction","target":{"@type":"EntryPoint","urlTemplate":"https:\/\/www.mdbriefcase.com\/?s={search_term_string}"},"query-input":{"@type":"PropertyValueSpecification","valueRequired":true,"valueName":"search_term_string"}}],"inLanguage":"fr-CA"},{"@type":"Organization","@id":"https:\/\/www.mdbriefcase.com\/#organization","name":"MDBriefCase","url":"https:\/\/www.mdbriefcase.com\/","logo":{"@type":"ImageObject","inLanguage":"fr-CA","@id":"https:\/\/www.mdbriefcase.com\/#\/schema\/logo\/image\/","url":"https:\/\/www.mdbriefcase.com\/wp-content\/uploads\/2024\/07\/logo.webp","contentUrl":"https:\/\/www.mdbriefcase.com\/wp-content\/uploads\/2024\/07\/logo.webp","width":190,"height":36,"caption":"MDBriefCase"},"image":{"@id":"https:\/\/www.mdbriefcase.com\/#\/schema\/logo\/image\/"}}]}},"_links":{"self":[{"href":"https:\/\/www.mdbriefcase.com\/fr\/wp-json\/wp\/v2\/product\/546276","targetHints":{"allow":["GET"]}}],"collection":[{"href":"https:\/\/www.mdbriefcase.com\/fr\/wp-json\/wp\/v2\/product"}],"about":[{"href":"https:\/\/www.mdbriefcase.com\/fr\/wp-json\/wp\/v2\/types\/product"}],"replies":[{"embeddable":true,"href":"https:\/\/www.mdbriefcase.com\/fr\/wp-json\/wp\/v2\/comments?post=546276"}],"wp:attachment":[{"href":"https:\/\/www.mdbriefcase.com\/fr\/wp-json\/wp\/v2\/media?parent=546276"}],"wp:term":[{"taxonomy":"product_brand","embeddable":true,"href":"https:\/\/www.mdbriefcase.com\/fr\/wp-json\/wp\/v2\/product_brand?post=546276"},{"taxonomy":"product_cat","embeddable":true,"href":"https:\/\/www.mdbriefcase.com\/fr\/wp-json\/wp\/v2\/product_cat?post=546276"},{"taxonomy":"product_tag","embeddable":true,"href":"https:\/\/www.mdbriefcase.com\/fr\/wp-json\/wp\/v2\/product_tag?post=546276"}],"curies":[{"name":"wp","href":"https:\/\/api.w.org\/{rel}","templated":true}]}}