{"id":545803,"date":"2025-11-05T12:17:30","date_gmt":"2025-11-05T16:17:30","guid":{"rendered":"https:\/\/www.mdbriefcase.com\/product\/outils-pour-la-gestion-du-diabete-principales-composantes-du-modele-actionss-2\/?courseid="},"modified":"2025-11-05T12:17:30","modified_gmt":"2025-11-05T16:17:30","slug":"outils-pour-la-gestion-du-diabete-principales-composantes-du-modele-actionss-2","status":"publish","type":"product","link":"https:\/\/www.mdbriefcase.com\/fr\/product\/outils-pour-la-gestion-du-diabete-principales-composantes-du-modele-actionss-2\/?courseid=","title":{"rendered":"Outils pour la gestion du diab\u00e8te : Principales composantes du mod\u00e8le ACTIONSS"},"content":{"rendered":"<p dir=\"ltr\" style=\"text-align: left;\">Dans ce vid\u00e9oclip, Susie Jin explore le mod\u00e8le ACTIONSS de la gestion du diab\u00e8te (en anglais : <em>ABCDESSS of Diabetes Care<\/em>), une approche compl\u00e8te pour la prise en charge du diab\u00e8te d\u00e9velopp\u00e9e par Diab\u00e8te Canada. Elle d\u00e9montre comment divers outils, comme le Guide de r\u00e9f\u00e9rence de Diab\u00e8te Canada, peuvent faciliter les \u00e9changes fructueux avec les patients concernant le traitement de leur diab\u00e8te, incluant les cibles glyc\u00e9miques, les options m\u00e9dicamenteuses et les interventions portant sur les habitudes de vie.<\/p>","protected":false},"excerpt":{"rendered":"<p>Dans ce vid\u00e9oclip, Susie Jin explore le mod\u00e8le ACTIONSS de la gestion du diab\u00e8te (en anglais : ABCDESSS of Diabetes Care), une approche compl\u00e8te pour la prise en charge du diab\u00e8te d\u00e9velopp\u00e9e par Diab\u00e8te Canada. Elle d\u00e9montre comment divers outils, comme le Guide de r\u00e9f\u00e9rence de Diab\u00e8te Canada, peuvent faciliter les \u00e9changes fructueux avec les [&hellip;]<\/p>\n","protected":false},"featured_media":0,"comment_status":"","ping_status":"closed","template":"","meta":{"_acf_changed":false,"inline_featured_image":false},"product_brand":[],"product_cat":[],"product_tag":[],"class_list":{"0":"post-545803","1":"product","2":"type-product","3":"status-publish","6":"first","7":"instock","8":"downloadable","9":"virtual","10":"taxable","11":"product-type-simple"},"acf":[],"yoast_head":"<!-- This site is optimized with the Yoast SEO plugin v27.0 - https:\/\/yoast.com\/product\/yoast-seo-wordpress\/ -->\n<title>Outils pour la gestion du diab\u00e8te : Principales composantes du mod\u00e8le ACTIONSS - MDBriefCase<\/title>\n<meta name=\"robots\" content=\"index, follow, max-snippet:-1, max-image-preview:large, max-video-preview:-1\" \/>\n<link rel=\"canonical\" href=\"https:\/\/www.mdbriefcase.com\/fr\/product\/outils-pour-la-gestion-du-diabete-principales-composantes-du-modele-actionss-2\/?courseid=\" \/>\n<meta property=\"og:locale\" content=\"fr_CA\" \/>\n<meta property=\"og:type\" content=\"article\" \/>\n<meta property=\"og:title\" content=\"Outils pour la gestion du diab\u00e8te : Principales composantes du mod\u00e8le ACTIONSS - MDBriefCase\" \/>\n<meta property=\"og:description\" content=\"Dans ce vid\u00e9oclip, Susie Jin explore le mod\u00e8le ACTIONSS de la gestion du diab\u00e8te (en anglais : ABCDESSS of Diabetes Care), une approche compl\u00e8te pour la prise en charge du diab\u00e8te d\u00e9velopp\u00e9e par Diab\u00e8te Canada. Elle d\u00e9montre comment divers outils, comme le Guide de r\u00e9f\u00e9rence de Diab\u00e8te Canada, peuvent faciliter les \u00e9changes fructueux avec les [&hellip;]\" \/>\n<meta property=\"og:url\" content=\"https:\/\/www.mdbriefcase.com\/fr\/product\/outils-pour-la-gestion-du-diabete-principales-composantes-du-modele-actionss-2\/?courseid=\" \/>\n<meta property=\"og:site_name\" content=\"MDBriefCase\" \/>\n<meta name=\"twitter:card\" content=\"summary_large_image\" \/>\n<script type=\"application\/ld+json\" class=\"yoast-schema-graph\">{\"@context\":\"https:\/\/schema.org\",\"@graph\":[{\"@type\":\"WebPage\",\"@id\":\"https:\/\/www.mdbriefcase.com\/product\/outils-pour-la-gestion-du-diabete-principales-composantes-du-modele-actionss-2\/?courseid=\",\"url\":\"https:\/\/www.mdbriefcase.com\/product\/outils-pour-la-gestion-du-diabete-principales-composantes-du-modele-actionss-2\/?courseid=\",\"name\":\"Outils pour la gestion du diab\u00e8te : Principales composantes du mod\u00e8le ACTIONSS - MDBriefCase\",\"isPartOf\":{\"@id\":\"https:\/\/www.mdbriefcase.com\/#website\"},\"datePublished\":\"2025-11-05T16:17:30+00:00\",\"breadcrumb\":{\"@id\":\"https:\/\/www.mdbriefcase.com\/product\/outils-pour-la-gestion-du-diabete-principales-composantes-du-modele-actionss-2\/?courseid=#breadcrumb\"},\"inLanguage\":\"fr-CA\",\"potentialAction\":[{\"@type\":\"ReadAction\",\"target\":[\"https:\/\/www.mdbriefcase.com\/product\/outils-pour-la-gestion-du-diabete-principales-composantes-du-modele-actionss-2\/?courseid=\"]}]},{\"@type\":\"BreadcrumbList\",\"@id\":\"https:\/\/www.mdbriefcase.com\/product\/outils-pour-la-gestion-du-diabete-principales-composantes-du-modele-actionss-2\/?courseid=#breadcrumb\",\"itemListElement\":[{\"@type\":\"ListItem\",\"position\":1,\"name\":\"Home\",\"item\":\"https:\/\/www.mdbriefcase.com\/\"},{\"@type\":\"ListItem\",\"position\":2,\"name\":\"Shop &#8211; Old\",\"item\":\"https:\/\/www.mdbriefcase.com\/shop\/\"},{\"@type\":\"ListItem\",\"position\":3,\"name\":\"Outils pour la gestion du diab\u00e8te : Principales composantes du mod\u00e8le ACTIONSS\"}]},{\"@type\":\"WebSite\",\"@id\":\"https:\/\/www.mdbriefcase.com\/#website\",\"url\":\"https:\/\/www.mdbriefcase.com\/\",\"name\":\"MDBriefCase\",\"description\":\"\",\"publisher\":{\"@id\":\"https:\/\/www.mdbriefcase.com\/#organization\"},\"potentialAction\":[{\"@type\":\"SearchAction\",\"target\":{\"@type\":\"EntryPoint\",\"urlTemplate\":\"https:\/\/www.mdbriefcase.com\/?s={search_term_string}\"},\"query-input\":{\"@type\":\"PropertyValueSpecification\",\"valueRequired\":true,\"valueName\":\"search_term_string\"}}],\"inLanguage\":\"fr-CA\"},{\"@type\":\"Organization\",\"@id\":\"https:\/\/www.mdbriefcase.com\/#organization\",\"name\":\"MDBriefCase\",\"url\":\"https:\/\/www.mdbriefcase.com\/\",\"logo\":{\"@type\":\"ImageObject\",\"inLanguage\":\"fr-CA\",\"@id\":\"https:\/\/www.mdbriefcase.com\/#\/schema\/logo\/image\/\",\"url\":\"https:\/\/www.mdbriefcase.com\/wp-content\/uploads\/2024\/07\/logo.webp\",\"contentUrl\":\"https:\/\/www.mdbriefcase.com\/wp-content\/uploads\/2024\/07\/logo.webp\",\"width\":190,\"height\":36,\"caption\":\"MDBriefCase\"},\"image\":{\"@id\":\"https:\/\/www.mdbriefcase.com\/#\/schema\/logo\/image\/\"}}]}<\/script>\n<!-- \/ Yoast SEO plugin. -->","yoast_head_json":{"title":"Outils pour la gestion du diab\u00e8te : Principales composantes du mod\u00e8le ACTIONSS - MDBriefCase","robots":{"index":"index","follow":"follow","max-snippet":"max-snippet:-1","max-image-preview":"max-image-preview:large","max-video-preview":"max-video-preview:-1"},"canonical":"https:\/\/www.mdbriefcase.com\/fr\/product\/outils-pour-la-gestion-du-diabete-principales-composantes-du-modele-actionss-2\/?courseid=","og_locale":"fr_CA","og_type":"article","og_title":"Outils pour la gestion du diab\u00e8te : Principales composantes du mod\u00e8le ACTIONSS - MDBriefCase","og_description":"Dans ce vid\u00e9oclip, Susie Jin explore le mod\u00e8le ACTIONSS de la gestion du diab\u00e8te (en anglais : ABCDESSS of Diabetes Care), une approche compl\u00e8te pour la prise en charge du diab\u00e8te d\u00e9velopp\u00e9e par Diab\u00e8te Canada. Elle d\u00e9montre comment divers outils, comme le Guide de r\u00e9f\u00e9rence de Diab\u00e8te Canada, peuvent faciliter les \u00e9changes fructueux avec les [&hellip;]","og_url":"https:\/\/www.mdbriefcase.com\/fr\/product\/outils-pour-la-gestion-du-diabete-principales-composantes-du-modele-actionss-2\/?courseid=","og_site_name":"MDBriefCase","twitter_card":"summary_large_image","schema":{"@context":"https:\/\/schema.org","@graph":[{"@type":"WebPage","@id":"https:\/\/www.mdbriefcase.com\/product\/outils-pour-la-gestion-du-diabete-principales-composantes-du-modele-actionss-2\/?courseid=","url":"https:\/\/www.mdbriefcase.com\/product\/outils-pour-la-gestion-du-diabete-principales-composantes-du-modele-actionss-2\/?courseid=","name":"Outils pour la gestion du diab\u00e8te : Principales composantes du mod\u00e8le ACTIONSS - MDBriefCase","isPartOf":{"@id":"https:\/\/www.mdbriefcase.com\/#website"},"datePublished":"2025-11-05T16:17:30+00:00","breadcrumb":{"@id":"https:\/\/www.mdbriefcase.com\/product\/outils-pour-la-gestion-du-diabete-principales-composantes-du-modele-actionss-2\/?courseid=#breadcrumb"},"inLanguage":"fr-CA","potentialAction":[{"@type":"ReadAction","target":["https:\/\/www.mdbriefcase.com\/product\/outils-pour-la-gestion-du-diabete-principales-composantes-du-modele-actionss-2\/?courseid="]}]},{"@type":"BreadcrumbList","@id":"https:\/\/www.mdbriefcase.com\/product\/outils-pour-la-gestion-du-diabete-principales-composantes-du-modele-actionss-2\/?courseid=#breadcrumb","itemListElement":[{"@type":"ListItem","position":1,"name":"Home","item":"https:\/\/www.mdbriefcase.com\/"},{"@type":"ListItem","position":2,"name":"Shop &#8211; Old","item":"https:\/\/www.mdbriefcase.com\/shop\/"},{"@type":"ListItem","position":3,"name":"Outils pour la gestion du diab\u00e8te : Principales composantes du mod\u00e8le ACTIONSS"}]},{"@type":"WebSite","@id":"https:\/\/www.mdbriefcase.com\/#website","url":"https:\/\/www.mdbriefcase.com\/","name":"MDBriefCase","description":"","publisher":{"@id":"https:\/\/www.mdbriefcase.com\/#organization"},"potentialAction":[{"@type":"SearchAction","target":{"@type":"EntryPoint","urlTemplate":"https:\/\/www.mdbriefcase.com\/?s={search_term_string}"},"query-input":{"@type":"PropertyValueSpecification","valueRequired":true,"valueName":"search_term_string"}}],"inLanguage":"fr-CA"},{"@type":"Organization","@id":"https:\/\/www.mdbriefcase.com\/#organization","name":"MDBriefCase","url":"https:\/\/www.mdbriefcase.com\/","logo":{"@type":"ImageObject","inLanguage":"fr-CA","@id":"https:\/\/www.mdbriefcase.com\/#\/schema\/logo\/image\/","url":"https:\/\/www.mdbriefcase.com\/wp-content\/uploads\/2024\/07\/logo.webp","contentUrl":"https:\/\/www.mdbriefcase.com\/wp-content\/uploads\/2024\/07\/logo.webp","width":190,"height":36,"caption":"MDBriefCase"},"image":{"@id":"https:\/\/www.mdbriefcase.com\/#\/schema\/logo\/image\/"}}]}},"_links":{"self":[{"href":"https:\/\/www.mdbriefcase.com\/fr\/wp-json\/wp\/v2\/product\/545803","targetHints":{"allow":["GET"]}}],"collection":[{"href":"https:\/\/www.mdbriefcase.com\/fr\/wp-json\/wp\/v2\/product"}],"about":[{"href":"https:\/\/www.mdbriefcase.com\/fr\/wp-json\/wp\/v2\/types\/product"}],"replies":[{"embeddable":true,"href":"https:\/\/www.mdbriefcase.com\/fr\/wp-json\/wp\/v2\/comments?post=545803"}],"wp:attachment":[{"href":"https:\/\/www.mdbriefcase.com\/fr\/wp-json\/wp\/v2\/media?parent=545803"}],"wp:term":[{"taxonomy":"product_brand","embeddable":true,"href":"https:\/\/www.mdbriefcase.com\/fr\/wp-json\/wp\/v2\/product_brand?post=545803"},{"taxonomy":"product_cat","embeddable":true,"href":"https:\/\/www.mdbriefcase.com\/fr\/wp-json\/wp\/v2\/product_cat?post=545803"},{"taxonomy":"product_tag","embeddable":true,"href":"https:\/\/www.mdbriefcase.com\/fr\/wp-json\/wp\/v2\/product_tag?post=545803"}],"curies":[{"name":"wp","href":"https:\/\/api.w.org\/{rel}","templated":true}]}}