{"id":545770,"date":"2025-11-05T10:41:04","date_gmt":"2025-11-05T14:41:04","guid":{"rendered":"https:\/\/www.mdbriefcase.com\/product\/optimisation-des-soins-cardiovasculaires-prise-en-charge-du-risque-et-du-mode-de-vie-chez-les-adultes-plus-ages-2\/?courseid="},"modified":"2025-11-05T10:50:31","modified_gmt":"2025-11-05T14:50:31","slug":"optimisation-des-soins-cardiovasculaires-prise-en-charge-du-risque-et-du-mode-de-vie-chez-les-adultes-plus-ages-2","status":"publish","type":"product","link":"https:\/\/www.mdbriefcase.com\/fr\/product\/optimisation-des-soins-cardiovasculaires-prise-en-charge-du-risque-et-du-mode-de-vie-chez-les-adultes-plus-ages-2\/?courseid=","title":{"rendered":"Optimisation des soins cardiovasculaires : Prise en charge du risque et du mode de vie chez les adultes plus \u00e2g\u00e9s"},"content":{"rendered":"<p dir=\"ltr\" style=\"text-align: left;\">Les changements apport\u00e9s au mode de vie sont vitaux pour pr\u00e9venir la maladie cardiovasculaire (MCV) chez les adultes plus \u00e2g\u00e9s, car les bonnes habitudes peuvent grandement am\u00e9liorer la sant\u00e9 du c\u0153ur et la qualit\u00e9 de vie en g\u00e9n\u00e9ral. L\u2019adoption d\u2019une alimentation saine pour le c\u0153ur et la pratique d\u2019activit\u00e9s physiques r\u00e9guli\u00e8res permettent aux adultes plus \u00e2g\u00e9s de prendre en charge certains facteurs de risque comme l\u2019hypertension et la cholest\u00e9rol\u00e9mie, pour r\u00e9duire leur risque de MCV. Ce programme se veut un guide pour les fournisseurs de soins de sant\u00e9 visant \u00e0 \u00e9valuer le risque cardiovasculaire chez les adultes plus \u00e2g\u00e9s et \u00e0 \u00e9tablir une stratification du risque personnalis\u00e9e. Il souligne l\u2019importance d\u2019un suivi r\u00e9gulier et de l\u2019int\u00e9gration des modifications aux habitudes de vie, incluant l\u2019alimentation et l\u2019activit\u00e9 physique, dans les plans de pr\u00e9vention. En adoptant ces strat\u00e9gies, les fournisseurs de soins de sant\u00e9 peuvent assurer une prise en charge compl\u00e8te et efficace aupr\u00e8s des adultes plus \u00e2g\u00e9s.<\/p>","protected":false},"excerpt":{"rendered":"<p>Les changements apport\u00e9s au mode de vie sont vitaux pour pr\u00e9venir la maladie cardiovasculaire (MCV) chez les adultes plus \u00e2g\u00e9s, car les bonnes habitudes peuvent grandement am\u00e9liorer la sant\u00e9 du c\u0153ur et la qualit\u00e9 de vie en g\u00e9n\u00e9ral. L\u2019adoption d\u2019une alimentation saine pour le c\u0153ur et la pratique d\u2019activit\u00e9s physiques r\u00e9guli\u00e8res permettent aux adultes plus [&hellip;]<\/p>\n","protected":false},"featured_media":0,"comment_status":"closed","ping_status":"closed","template":"","meta":{"_acf_changed":false,"inline_featured_image":false},"product_brand":[],"product_cat":[],"product_tag":[],"class_list":{"0":"post-545770","1":"product","2":"type-product","3":"status-publish","6":"first","7":"instock","8":"downloadable","9":"virtual","10":"taxable","11":"purchasable","12":"product-type-simple"},"acf":[],"yoast_head":"<!-- This site is optimized with the Yoast SEO plugin v27.0 - https:\/\/yoast.com\/product\/yoast-seo-wordpress\/ -->\n<title>Optimisation des soins cardiovasculaires : Prise en charge du risque et du mode de vie chez les adultes plus \u00e2g\u00e9s - MDBriefCase<\/title>\n<meta name=\"robots\" content=\"index, follow, max-snippet:-1, max-image-preview:large, max-video-preview:-1\" \/>\n<link rel=\"canonical\" href=\"https:\/\/www.mdbriefcase.com\/fr\/product\/optimisation-des-soins-cardiovasculaires-prise-en-charge-du-risque-et-du-mode-de-vie-chez-les-adultes-plus-ages-2\/?courseid=\" \/>\n<meta property=\"og:locale\" content=\"fr_CA\" \/>\n<meta property=\"og:type\" content=\"article\" \/>\n<meta property=\"og:title\" content=\"Optimisation des soins cardiovasculaires : Prise en charge du risque et du mode de vie chez les adultes plus \u00e2g\u00e9s - MDBriefCase\" \/>\n<meta property=\"og:description\" content=\"Les changements apport\u00e9s au mode de vie sont vitaux pour pr\u00e9venir la maladie cardiovasculaire (MCV) chez les adultes plus \u00e2g\u00e9s, car les bonnes habitudes peuvent grandement am\u00e9liorer la sant\u00e9 du c\u0153ur et la qualit\u00e9 de vie en g\u00e9n\u00e9ral. L\u2019adoption d\u2019une alimentation saine pour le c\u0153ur et la pratique d\u2019activit\u00e9s physiques r\u00e9guli\u00e8res permettent aux adultes plus [&hellip;]\" \/>\n<meta property=\"og:url\" content=\"https:\/\/www.mdbriefcase.com\/fr\/product\/optimisation-des-soins-cardiovasculaires-prise-en-charge-du-risque-et-du-mode-de-vie-chez-les-adultes-plus-ages-2\/?courseid=\" \/>\n<meta property=\"og:site_name\" content=\"MDBriefCase\" \/>\n<meta property=\"article:modified_time\" content=\"2025-11-05T14:50:31+00:00\" \/>\n<meta name=\"twitter:card\" content=\"summary_large_image\" \/>\n<meta name=\"twitter:label1\" content=\"Est. reading time\" \/>\n\t<meta name=\"twitter:data1\" content=\"1 minute\" \/>\n<script type=\"application\/ld+json\" class=\"yoast-schema-graph\">{\"@context\":\"https:\/\/schema.org\",\"@graph\":[{\"@type\":\"WebPage\",\"@id\":\"https:\/\/www.mdbriefcase.com\/product\/optimisation-des-soins-cardiovasculaires-prise-en-charge-du-risque-et-du-mode-de-vie-chez-les-adultes-plus-ages-2\/?courseid=\",\"url\":\"https:\/\/www.mdbriefcase.com\/product\/optimisation-des-soins-cardiovasculaires-prise-en-charge-du-risque-et-du-mode-de-vie-chez-les-adultes-plus-ages-2\/?courseid=\",\"name\":\"Optimisation des soins cardiovasculaires : Prise en charge du risque et du mode de vie chez les adultes plus \u00e2g\u00e9s - MDBriefCase\",\"isPartOf\":{\"@id\":\"https:\/\/www.mdbriefcase.com\/#website\"},\"datePublished\":\"2025-11-05T14:41:04+00:00\",\"dateModified\":\"2025-11-05T14:50:31+00:00\",\"breadcrumb\":{\"@id\":\"https:\/\/www.mdbriefcase.com\/product\/optimisation-des-soins-cardiovasculaires-prise-en-charge-du-risque-et-du-mode-de-vie-chez-les-adultes-plus-ages-2\/?courseid=#breadcrumb\"},\"inLanguage\":\"fr-CA\",\"potentialAction\":[{\"@type\":\"ReadAction\",\"target\":[\"https:\/\/www.mdbriefcase.com\/product\/optimisation-des-soins-cardiovasculaires-prise-en-charge-du-risque-et-du-mode-de-vie-chez-les-adultes-plus-ages-2\/?courseid=\"]}]},{\"@type\":\"BreadcrumbList\",\"@id\":\"https:\/\/www.mdbriefcase.com\/product\/optimisation-des-soins-cardiovasculaires-prise-en-charge-du-risque-et-du-mode-de-vie-chez-les-adultes-plus-ages-2\/?courseid=#breadcrumb\",\"itemListElement\":[{\"@type\":\"ListItem\",\"position\":1,\"name\":\"Home\",\"item\":\"https:\/\/www.mdbriefcase.com\/\"},{\"@type\":\"ListItem\",\"position\":2,\"name\":\"Shop &#8211; Old\",\"item\":\"https:\/\/www.mdbriefcase.com\/shop\/\"},{\"@type\":\"ListItem\",\"position\":3,\"name\":\"Optimisation des soins cardiovasculaires : Prise en charge du risque et du mode de vie chez les adultes plus \u00e2g\u00e9s\"}]},{\"@type\":\"WebSite\",\"@id\":\"https:\/\/www.mdbriefcase.com\/#website\",\"url\":\"https:\/\/www.mdbriefcase.com\/\",\"name\":\"MDBriefCase\",\"description\":\"\",\"publisher\":{\"@id\":\"https:\/\/www.mdbriefcase.com\/#organization\"},\"potentialAction\":[{\"@type\":\"SearchAction\",\"target\":{\"@type\":\"EntryPoint\",\"urlTemplate\":\"https:\/\/www.mdbriefcase.com\/?s={search_term_string}\"},\"query-input\":{\"@type\":\"PropertyValueSpecification\",\"valueRequired\":true,\"valueName\":\"search_term_string\"}}],\"inLanguage\":\"fr-CA\"},{\"@type\":\"Organization\",\"@id\":\"https:\/\/www.mdbriefcase.com\/#organization\",\"name\":\"MDBriefCase\",\"url\":\"https:\/\/www.mdbriefcase.com\/\",\"logo\":{\"@type\":\"ImageObject\",\"inLanguage\":\"fr-CA\",\"@id\":\"https:\/\/www.mdbriefcase.com\/#\/schema\/logo\/image\/\",\"url\":\"https:\/\/www.mdbriefcase.com\/wp-content\/uploads\/2024\/07\/logo.webp\",\"contentUrl\":\"https:\/\/www.mdbriefcase.com\/wp-content\/uploads\/2024\/07\/logo.webp\",\"width\":190,\"height\":36,\"caption\":\"MDBriefCase\"},\"image\":{\"@id\":\"https:\/\/www.mdbriefcase.com\/#\/schema\/logo\/image\/\"}}]}<\/script>\n<!-- \/ Yoast SEO plugin. -->","yoast_head_json":{"title":"Optimisation des soins cardiovasculaires : Prise en charge du risque et du mode de vie chez les adultes plus \u00e2g\u00e9s - MDBriefCase","robots":{"index":"index","follow":"follow","max-snippet":"max-snippet:-1","max-image-preview":"max-image-preview:large","max-video-preview":"max-video-preview:-1"},"canonical":"https:\/\/www.mdbriefcase.com\/fr\/product\/optimisation-des-soins-cardiovasculaires-prise-en-charge-du-risque-et-du-mode-de-vie-chez-les-adultes-plus-ages-2\/?courseid=","og_locale":"fr_CA","og_type":"article","og_title":"Optimisation des soins cardiovasculaires : Prise en charge du risque et du mode de vie chez les adultes plus \u00e2g\u00e9s - MDBriefCase","og_description":"Les changements apport\u00e9s au mode de vie sont vitaux pour pr\u00e9venir la maladie cardiovasculaire (MCV) chez les adultes plus \u00e2g\u00e9s, car les bonnes habitudes peuvent grandement am\u00e9liorer la sant\u00e9 du c\u0153ur et la qualit\u00e9 de vie en g\u00e9n\u00e9ral. L\u2019adoption d\u2019une alimentation saine pour le c\u0153ur et la pratique d\u2019activit\u00e9s physiques r\u00e9guli\u00e8res permettent aux adultes plus [&hellip;]","og_url":"https:\/\/www.mdbriefcase.com\/fr\/product\/optimisation-des-soins-cardiovasculaires-prise-en-charge-du-risque-et-du-mode-de-vie-chez-les-adultes-plus-ages-2\/?courseid=","og_site_name":"MDBriefCase","article_modified_time":"2025-11-05T14:50:31+00:00","twitter_card":"summary_large_image","twitter_misc":{"Est. reading time":"1 minute"},"schema":{"@context":"https:\/\/schema.org","@graph":[{"@type":"WebPage","@id":"https:\/\/www.mdbriefcase.com\/product\/optimisation-des-soins-cardiovasculaires-prise-en-charge-du-risque-et-du-mode-de-vie-chez-les-adultes-plus-ages-2\/?courseid=","url":"https:\/\/www.mdbriefcase.com\/product\/optimisation-des-soins-cardiovasculaires-prise-en-charge-du-risque-et-du-mode-de-vie-chez-les-adultes-plus-ages-2\/?courseid=","name":"Optimisation des soins cardiovasculaires : Prise en charge du risque et du mode de vie chez les adultes plus \u00e2g\u00e9s - MDBriefCase","isPartOf":{"@id":"https:\/\/www.mdbriefcase.com\/#website"},"datePublished":"2025-11-05T14:41:04+00:00","dateModified":"2025-11-05T14:50:31+00:00","breadcrumb":{"@id":"https:\/\/www.mdbriefcase.com\/product\/optimisation-des-soins-cardiovasculaires-prise-en-charge-du-risque-et-du-mode-de-vie-chez-les-adultes-plus-ages-2\/?courseid=#breadcrumb"},"inLanguage":"fr-CA","potentialAction":[{"@type":"ReadAction","target":["https:\/\/www.mdbriefcase.com\/product\/optimisation-des-soins-cardiovasculaires-prise-en-charge-du-risque-et-du-mode-de-vie-chez-les-adultes-plus-ages-2\/?courseid="]}]},{"@type":"BreadcrumbList","@id":"https:\/\/www.mdbriefcase.com\/product\/optimisation-des-soins-cardiovasculaires-prise-en-charge-du-risque-et-du-mode-de-vie-chez-les-adultes-plus-ages-2\/?courseid=#breadcrumb","itemListElement":[{"@type":"ListItem","position":1,"name":"Home","item":"https:\/\/www.mdbriefcase.com\/"},{"@type":"ListItem","position":2,"name":"Shop &#8211; Old","item":"https:\/\/www.mdbriefcase.com\/shop\/"},{"@type":"ListItem","position":3,"name":"Optimisation des soins cardiovasculaires : Prise en charge du risque et du mode de vie chez les adultes plus \u00e2g\u00e9s"}]},{"@type":"WebSite","@id":"https:\/\/www.mdbriefcase.com\/#website","url":"https:\/\/www.mdbriefcase.com\/","name":"MDBriefCase","description":"","publisher":{"@id":"https:\/\/www.mdbriefcase.com\/#organization"},"potentialAction":[{"@type":"SearchAction","target":{"@type":"EntryPoint","urlTemplate":"https:\/\/www.mdbriefcase.com\/?s={search_term_string}"},"query-input":{"@type":"PropertyValueSpecification","valueRequired":true,"valueName":"search_term_string"}}],"inLanguage":"fr-CA"},{"@type":"Organization","@id":"https:\/\/www.mdbriefcase.com\/#organization","name":"MDBriefCase","url":"https:\/\/www.mdbriefcase.com\/","logo":{"@type":"ImageObject","inLanguage":"fr-CA","@id":"https:\/\/www.mdbriefcase.com\/#\/schema\/logo\/image\/","url":"https:\/\/www.mdbriefcase.com\/wp-content\/uploads\/2024\/07\/logo.webp","contentUrl":"https:\/\/www.mdbriefcase.com\/wp-content\/uploads\/2024\/07\/logo.webp","width":190,"height":36,"caption":"MDBriefCase"},"image":{"@id":"https:\/\/www.mdbriefcase.com\/#\/schema\/logo\/image\/"}}]}},"_links":{"self":[{"href":"https:\/\/www.mdbriefcase.com\/fr\/wp-json\/wp\/v2\/product\/545770","targetHints":{"allow":["GET"]}}],"collection":[{"href":"https:\/\/www.mdbriefcase.com\/fr\/wp-json\/wp\/v2\/product"}],"about":[{"href":"https:\/\/www.mdbriefcase.com\/fr\/wp-json\/wp\/v2\/types\/product"}],"replies":[{"embeddable":true,"href":"https:\/\/www.mdbriefcase.com\/fr\/wp-json\/wp\/v2\/comments?post=545770"}],"wp:attachment":[{"href":"https:\/\/www.mdbriefcase.com\/fr\/wp-json\/wp\/v2\/media?parent=545770"}],"wp:term":[{"taxonomy":"product_brand","embeddable":true,"href":"https:\/\/www.mdbriefcase.com\/fr\/wp-json\/wp\/v2\/product_brand?post=545770"},{"taxonomy":"product_cat","embeddable":true,"href":"https:\/\/www.mdbriefcase.com\/fr\/wp-json\/wp\/v2\/product_cat?post=545770"},{"taxonomy":"product_tag","embeddable":true,"href":"https:\/\/www.mdbriefcase.com\/fr\/wp-json\/wp\/v2\/product_tag?post=545770"}],"curies":[{"name":"wp","href":"https:\/\/api.w.org\/{rel}","templated":true}]}}