{"id":545388,"date":"2025-10-16T10:39:19","date_gmt":"2025-10-16T14:39:19","guid":{"rendered":"https:\/\/www.mdbriefcase.com\/product\/au-dela-de-lestrogene-explorer-les-therapies-innovantes-contre-le-sgum-chez-la-femme-menopausee-3\/?courseid="},"modified":"2025-10-16T10:39:19","modified_gmt":"2025-10-16T14:39:19","slug":"au-dela-de-lestrogene-explorer-les-therapies-innovantes-contre-le-sgum-chez-la-femme-menopausee-3","status":"publish","type":"product","link":"https:\/\/www.mdbriefcase.com\/fr\/product\/au-dela-de-lestrogene-explorer-les-therapies-innovantes-contre-le-sgum-chez-la-femme-menopausee-3\/?courseid=","title":{"rendered":"Au-del\u00e0 de l\u2019estrog\u00e8ne : Explorer  les th\u00e9rapies innovantes contre le SGUM chez la femme m\u00e9nopaus\u00e9e"},"content":{"rendered":"<p>Le syndrome g\u00e9nito-urinaire de la m\u00e9nopause (SGUM) englobe une gamme de sympt\u00f4mes caus\u00e9s par l\u2019insuffisance en hormones st\u00e9ro\u00efdes sexuelles, affectant le vagin, la vulve et les voies urinaires basses (c.-\u00e0-d., la vessie et l\u2019ur\u00e8tre). Les sympt\u00f4mes vulvo-vaginaux du SGUM r\u00e9sultent de l\u2019amincissement des tissus vulvaires et vaginaux, causant s\u00e9cheresse, irritation, saignements, d\u00e9mangeaisons et douleur. En d\u00e9pit de sa grande pr\u00e9valence, le SGUM demeure sous-diagnostiqu\u00e9 et sous-trait\u00e9, particuli\u00e8rement en contexte de soins primaires. Des avanc\u00e9es th\u00e9rapeutiques r\u00e9centes ont permis de proposer de nouvelles approches pour traiter l\u2019insuffisance hormonale, gr\u00e2ce \u00e0 des th\u00e9rapies int\u00e9grant l\u2019estrog\u00e8ne et l\u2019androg\u00e8ne et \u00e0 des th\u00e9rapies par voie orale. Le pr\u00e9sent programme \u00ab\u00a0Expert en Bref\u00a0\u00bb explore l\u2019\u00e9volution des options de traitement d\u2019ordonnance cibl\u00e9 pour la m\u00e9nopause, en mettant l\u2019accent sur les deux nouveaux traitements efficaces r\u00e9cemment approuv\u00e9s par Sant\u00e9 Canada pour le SGUM : la prast\u00e9rone, un pr\u00e9curseur inactif des st\u00e9ro\u00efdes sexuels qui p\u00e9n\u00e8tre dans les cellules du vagin et est converti dans les cellules en estrog\u00e8nes et en androg\u00e8nes, et l\u2019osp\u00e9mif\u00e8ne, un modulateur s\u00e9lectif des r\u00e9cepteurs de l\u2019estrog\u00e8ne (SERM). Au moyen de discussions sur des cas de patients, ce programme \u00ab\u00a0Expert en Bref\u00a0\u00bb a pour but d\u2019orienter les fournisseurs de soins sur la s\u00e9lection des candidats appropri\u00e9s pour ces nouveaux traitements d\u2019ordonnance cibl\u00e9s contre le SGUM, l\u2019\u00e9ducation des patients au sujet des bienfaits et risques ce ces traitements, et l\u2019int\u00e9gration de ces th\u00e9rapies en contexte de soins primaires.<\/p>\n<hr>\n<p>Ce programme a b\u00e9n\u00e9fici\u00e9 d\u2019un soutien financier de la part de Lupin Pharma Canada sous forme de bourse \u00e0 vis\u00e9e \u00e9ducative sans restriction.<\/p>","protected":false},"excerpt":{"rendered":"<p>Le syndrome g\u00e9nito-urinaire de la m\u00e9nopause (SGUM) englobe une gamme de sympt\u00f4mes caus\u00e9s par l\u2019insuffisance en hormones st\u00e9ro\u00efdes sexuelles, affectant le vagin, la vulve et les voies urinaires basses (c.-\u00e0-d., la vessie et l\u2019ur\u00e8tre). Les sympt\u00f4mes vulvo-vaginaux du SGUM r\u00e9sultent de l\u2019amincissement des tissus vulvaires et vaginaux, causant s\u00e9cheresse, irritation, saignements, d\u00e9mangeaisons et douleur. En [&hellip;]<\/p>\n","protected":false},"featured_media":0,"comment_status":"","ping_status":"closed","template":"","meta":{"_acf_changed":false,"inline_featured_image":false},"product_brand":[],"product_cat":[],"product_tag":[],"class_list":{"0":"post-545388","1":"product","2":"type-product","3":"status-publish","6":"first","7":"instock","8":"downloadable","9":"virtual","10":"taxable","11":"product-type-simple"},"acf":[],"yoast_head":"<!-- This site is optimized with the Yoast SEO plugin v27.0 - https:\/\/yoast.com\/product\/yoast-seo-wordpress\/ -->\n<title>Au-del\u00e0 de l\u2019estrog\u00e8ne : Explorer les th\u00e9rapies innovantes contre le SGUM chez la femme m\u00e9nopaus\u00e9e - MDBriefCase<\/title>\n<meta name=\"robots\" content=\"index, follow, max-snippet:-1, max-image-preview:large, max-video-preview:-1\" \/>\n<link rel=\"canonical\" href=\"https:\/\/www.mdbriefcase.com\/fr\/product\/au-dela-de-lestrogene-explorer-les-therapies-innovantes-contre-le-sgum-chez-la-femme-menopausee-3\/?courseid=\" \/>\n<meta property=\"og:locale\" content=\"fr_CA\" \/>\n<meta property=\"og:type\" content=\"article\" \/>\n<meta property=\"og:title\" content=\"Au-del\u00e0 de l\u2019estrog\u00e8ne : Explorer les th\u00e9rapies innovantes contre le SGUM chez la femme m\u00e9nopaus\u00e9e - MDBriefCase\" \/>\n<meta property=\"og:description\" content=\"Le syndrome g\u00e9nito-urinaire de la m\u00e9nopause (SGUM) englobe une gamme de sympt\u00f4mes caus\u00e9s par l\u2019insuffisance en hormones st\u00e9ro\u00efdes sexuelles, affectant le vagin, la vulve et les voies urinaires basses (c.-\u00e0-d., la vessie et l\u2019ur\u00e8tre). Les sympt\u00f4mes vulvo-vaginaux du SGUM r\u00e9sultent de l\u2019amincissement des tissus vulvaires et vaginaux, causant s\u00e9cheresse, irritation, saignements, d\u00e9mangeaisons et douleur. En [&hellip;]\" \/>\n<meta property=\"og:url\" content=\"https:\/\/www.mdbriefcase.com\/fr\/product\/au-dela-de-lestrogene-explorer-les-therapies-innovantes-contre-le-sgum-chez-la-femme-menopausee-3\/?courseid=\" \/>\n<meta property=\"og:site_name\" content=\"MDBriefCase\" \/>\n<meta name=\"twitter:card\" content=\"summary_large_image\" \/>\n<meta name=\"twitter:label1\" content=\"Est. reading time\" \/>\n\t<meta name=\"twitter:data1\" content=\"2 minutes\" \/>\n<script type=\"application\/ld+json\" class=\"yoast-schema-graph\">{\"@context\":\"https:\/\/schema.org\",\"@graph\":[{\"@type\":\"WebPage\",\"@id\":\"https:\/\/www.mdbriefcase.com\/product\/au-dela-de-lestrogene-explorer-les-therapies-innovantes-contre-le-sgum-chez-la-femme-menopausee-3\/?courseid=\",\"url\":\"https:\/\/www.mdbriefcase.com\/product\/au-dela-de-lestrogene-explorer-les-therapies-innovantes-contre-le-sgum-chez-la-femme-menopausee-3\/?courseid=\",\"name\":\"Au-del\u00e0 de l\u2019estrog\u00e8ne : Explorer les th\u00e9rapies innovantes contre le SGUM chez la femme m\u00e9nopaus\u00e9e - MDBriefCase\",\"isPartOf\":{\"@id\":\"https:\/\/www.mdbriefcase.com\/#website\"},\"datePublished\":\"2025-10-16T14:39:19+00:00\",\"breadcrumb\":{\"@id\":\"https:\/\/www.mdbriefcase.com\/product\/au-dela-de-lestrogene-explorer-les-therapies-innovantes-contre-le-sgum-chez-la-femme-menopausee-3\/?courseid=#breadcrumb\"},\"inLanguage\":\"fr-CA\",\"potentialAction\":[{\"@type\":\"ReadAction\",\"target\":[\"https:\/\/www.mdbriefcase.com\/product\/au-dela-de-lestrogene-explorer-les-therapies-innovantes-contre-le-sgum-chez-la-femme-menopausee-3\/?courseid=\"]}]},{\"@type\":\"BreadcrumbList\",\"@id\":\"https:\/\/www.mdbriefcase.com\/product\/au-dela-de-lestrogene-explorer-les-therapies-innovantes-contre-le-sgum-chez-la-femme-menopausee-3\/?courseid=#breadcrumb\",\"itemListElement\":[{\"@type\":\"ListItem\",\"position\":1,\"name\":\"Home\",\"item\":\"https:\/\/www.mdbriefcase.com\/\"},{\"@type\":\"ListItem\",\"position\":2,\"name\":\"Shop &#8211; Old\",\"item\":\"https:\/\/www.mdbriefcase.com\/shop\/\"},{\"@type\":\"ListItem\",\"position\":3,\"name\":\"Au-del\u00e0 de l\u2019estrog\u00e8ne : Explorer les th\u00e9rapies innovantes contre le SGUM chez la femme m\u00e9nopaus\u00e9e\"}]},{\"@type\":\"WebSite\",\"@id\":\"https:\/\/www.mdbriefcase.com\/#website\",\"url\":\"https:\/\/www.mdbriefcase.com\/\",\"name\":\"MDBriefCase\",\"description\":\"\",\"publisher\":{\"@id\":\"https:\/\/www.mdbriefcase.com\/#organization\"},\"potentialAction\":[{\"@type\":\"SearchAction\",\"target\":{\"@type\":\"EntryPoint\",\"urlTemplate\":\"https:\/\/www.mdbriefcase.com\/?s={search_term_string}\"},\"query-input\":{\"@type\":\"PropertyValueSpecification\",\"valueRequired\":true,\"valueName\":\"search_term_string\"}}],\"inLanguage\":\"fr-CA\"},{\"@type\":\"Organization\",\"@id\":\"https:\/\/www.mdbriefcase.com\/#organization\",\"name\":\"MDBriefCase\",\"url\":\"https:\/\/www.mdbriefcase.com\/\",\"logo\":{\"@type\":\"ImageObject\",\"inLanguage\":\"fr-CA\",\"@id\":\"https:\/\/www.mdbriefcase.com\/#\/schema\/logo\/image\/\",\"url\":\"https:\/\/www.mdbriefcase.com\/wp-content\/uploads\/2024\/07\/logo.webp\",\"contentUrl\":\"https:\/\/www.mdbriefcase.com\/wp-content\/uploads\/2024\/07\/logo.webp\",\"width\":190,\"height\":36,\"caption\":\"MDBriefCase\"},\"image\":{\"@id\":\"https:\/\/www.mdbriefcase.com\/#\/schema\/logo\/image\/\"}}]}<\/script>\n<!-- \/ Yoast SEO plugin. -->","yoast_head_json":{"title":"Au-del\u00e0 de l\u2019estrog\u00e8ne : Explorer les th\u00e9rapies innovantes contre le SGUM chez la femme m\u00e9nopaus\u00e9e - MDBriefCase","robots":{"index":"index","follow":"follow","max-snippet":"max-snippet:-1","max-image-preview":"max-image-preview:large","max-video-preview":"max-video-preview:-1"},"canonical":"https:\/\/www.mdbriefcase.com\/fr\/product\/au-dela-de-lestrogene-explorer-les-therapies-innovantes-contre-le-sgum-chez-la-femme-menopausee-3\/?courseid=","og_locale":"fr_CA","og_type":"article","og_title":"Au-del\u00e0 de l\u2019estrog\u00e8ne : Explorer les th\u00e9rapies innovantes contre le SGUM chez la femme m\u00e9nopaus\u00e9e - MDBriefCase","og_description":"Le syndrome g\u00e9nito-urinaire de la m\u00e9nopause (SGUM) englobe une gamme de sympt\u00f4mes caus\u00e9s par l\u2019insuffisance en hormones st\u00e9ro\u00efdes sexuelles, affectant le vagin, la vulve et les voies urinaires basses (c.-\u00e0-d., la vessie et l\u2019ur\u00e8tre). Les sympt\u00f4mes vulvo-vaginaux du SGUM r\u00e9sultent de l\u2019amincissement des tissus vulvaires et vaginaux, causant s\u00e9cheresse, irritation, saignements, d\u00e9mangeaisons et douleur. En [&hellip;]","og_url":"https:\/\/www.mdbriefcase.com\/fr\/product\/au-dela-de-lestrogene-explorer-les-therapies-innovantes-contre-le-sgum-chez-la-femme-menopausee-3\/?courseid=","og_site_name":"MDBriefCase","twitter_card":"summary_large_image","twitter_misc":{"Est. reading time":"2 minutes"},"schema":{"@context":"https:\/\/schema.org","@graph":[{"@type":"WebPage","@id":"https:\/\/www.mdbriefcase.com\/product\/au-dela-de-lestrogene-explorer-les-therapies-innovantes-contre-le-sgum-chez-la-femme-menopausee-3\/?courseid=","url":"https:\/\/www.mdbriefcase.com\/product\/au-dela-de-lestrogene-explorer-les-therapies-innovantes-contre-le-sgum-chez-la-femme-menopausee-3\/?courseid=","name":"Au-del\u00e0 de l\u2019estrog\u00e8ne : Explorer les th\u00e9rapies innovantes contre le SGUM chez la femme m\u00e9nopaus\u00e9e - MDBriefCase","isPartOf":{"@id":"https:\/\/www.mdbriefcase.com\/#website"},"datePublished":"2025-10-16T14:39:19+00:00","breadcrumb":{"@id":"https:\/\/www.mdbriefcase.com\/product\/au-dela-de-lestrogene-explorer-les-therapies-innovantes-contre-le-sgum-chez-la-femme-menopausee-3\/?courseid=#breadcrumb"},"inLanguage":"fr-CA","potentialAction":[{"@type":"ReadAction","target":["https:\/\/www.mdbriefcase.com\/product\/au-dela-de-lestrogene-explorer-les-therapies-innovantes-contre-le-sgum-chez-la-femme-menopausee-3\/?courseid="]}]},{"@type":"BreadcrumbList","@id":"https:\/\/www.mdbriefcase.com\/product\/au-dela-de-lestrogene-explorer-les-therapies-innovantes-contre-le-sgum-chez-la-femme-menopausee-3\/?courseid=#breadcrumb","itemListElement":[{"@type":"ListItem","position":1,"name":"Home","item":"https:\/\/www.mdbriefcase.com\/"},{"@type":"ListItem","position":2,"name":"Shop &#8211; Old","item":"https:\/\/www.mdbriefcase.com\/shop\/"},{"@type":"ListItem","position":3,"name":"Au-del\u00e0 de l\u2019estrog\u00e8ne : Explorer les th\u00e9rapies innovantes contre le SGUM chez la femme m\u00e9nopaus\u00e9e"}]},{"@type":"WebSite","@id":"https:\/\/www.mdbriefcase.com\/#website","url":"https:\/\/www.mdbriefcase.com\/","name":"MDBriefCase","description":"","publisher":{"@id":"https:\/\/www.mdbriefcase.com\/#organization"},"potentialAction":[{"@type":"SearchAction","target":{"@type":"EntryPoint","urlTemplate":"https:\/\/www.mdbriefcase.com\/?s={search_term_string}"},"query-input":{"@type":"PropertyValueSpecification","valueRequired":true,"valueName":"search_term_string"}}],"inLanguage":"fr-CA"},{"@type":"Organization","@id":"https:\/\/www.mdbriefcase.com\/#organization","name":"MDBriefCase","url":"https:\/\/www.mdbriefcase.com\/","logo":{"@type":"ImageObject","inLanguage":"fr-CA","@id":"https:\/\/www.mdbriefcase.com\/#\/schema\/logo\/image\/","url":"https:\/\/www.mdbriefcase.com\/wp-content\/uploads\/2024\/07\/logo.webp","contentUrl":"https:\/\/www.mdbriefcase.com\/wp-content\/uploads\/2024\/07\/logo.webp","width":190,"height":36,"caption":"MDBriefCase"},"image":{"@id":"https:\/\/www.mdbriefcase.com\/#\/schema\/logo\/image\/"}}]}},"_links":{"self":[{"href":"https:\/\/www.mdbriefcase.com\/fr\/wp-json\/wp\/v2\/product\/545388","targetHints":{"allow":["GET"]}}],"collection":[{"href":"https:\/\/www.mdbriefcase.com\/fr\/wp-json\/wp\/v2\/product"}],"about":[{"href":"https:\/\/www.mdbriefcase.com\/fr\/wp-json\/wp\/v2\/types\/product"}],"replies":[{"embeddable":true,"href":"https:\/\/www.mdbriefcase.com\/fr\/wp-json\/wp\/v2\/comments?post=545388"}],"wp:attachment":[{"href":"https:\/\/www.mdbriefcase.com\/fr\/wp-json\/wp\/v2\/media?parent=545388"}],"wp:term":[{"taxonomy":"product_brand","embeddable":true,"href":"https:\/\/www.mdbriefcase.com\/fr\/wp-json\/wp\/v2\/product_brand?post=545388"},{"taxonomy":"product_cat","embeddable":true,"href":"https:\/\/www.mdbriefcase.com\/fr\/wp-json\/wp\/v2\/product_cat?post=545388"},{"taxonomy":"product_tag","embeddable":true,"href":"https:\/\/www.mdbriefcase.com\/fr\/wp-json\/wp\/v2\/product_tag?post=545388"}],"curies":[{"name":"wp","href":"https:\/\/api.w.org\/{rel}","templated":true}]}}