{"id":544637,"date":"2025-09-07T11:30:02","date_gmt":"2025-09-07T15:30:02","guid":{"rendered":"https:\/\/www.mdbriefcase.com\/product\/aucun-nourrisson-laisse-sans-protection-combler-les-lacunes-en-matiere-de-soins-contre-le-vrs-avant-la-saison-2025\/?courseid="},"modified":"2025-10-29T11:07:20","modified_gmt":"2025-10-29T15:07:20","slug":"aucun-nourrisson-laisse-sans-protection-combler-les-lacunes-en-matiere-de-soins-contre-le-vrs-avant-la-saison-2025","status":"publish","type":"product","link":"https:\/\/www.mdbriefcase.com\/fr\/product\/aucun-nourrisson-laisse-sans-protection-combler-les-lacunes-en-matiere-de-soins-contre-le-vrs-avant-la-saison-2025\/?courseid=","title":{"rendered":"Aucun nourrisson laiss\u00e9 sans protection : Combler les lacunes en mati\u00e8re de soins contre le VRS avant la saison 2025"},"content":{"rendered":"<p dir=\"ltr\" style=\"text-align: left;\">Le virus respiratoire syncytial (VRS) demeure la principale cause d\u2019hospitalisation chez les nourrissons au Canada. Bien que l\u2019administration hospitali\u00e8re du nirs\u00e9vimab puisse couvrir les naissances en saison dans plusieurs r\u00e9gions du pays, de nombreux nourrissons n\u00e9s entre avril et novembre, ainsi que ceux qui n\u2019ont pas encore \u00e9t\u00e9 immunis\u00e9s, demeurent \u00e0 risque s\u2019ils ne sont pas rep\u00e9r\u00e9s et prot\u00e9g\u00e9s de mani\u00e8re proactive en soins primaires. Dans cette courte s\u00e9ance de microapprentissage de 5 minutes, la D<sup>re<\/sup> Jane Healey pr\u00e9sente des strat\u00e9gies pratiques, fond\u00e9es sur des donn\u00e9es probantes, pour combler les lacunes en mati\u00e8re de protection contre le VRS et veiller \u00e0 ce qu\u2019aucun nourrisson n\u2019aborde la saison sans \u00eatre prot\u00e9g\u00e9.<\/p>\n<hr>\n<p dir=\"ltr\" style=\"text-align: left;\">Ce programme a b\u00e9n\u00e9fici\u00e9 d\u2019un soutien financier de la part de Sanofi Canada sous forme de bourse \u00e0 vis\u00e9e \u00e9ducative sans restriction.<\/p>","protected":false},"excerpt":{"rendered":"<p>Le virus respiratoire syncytial (VRS) demeure la principale cause d\u2019hospitalisation chez les nourrissons au Canada. Bien que l\u2019administration hospitali\u00e8re du nirs\u00e9vimab puisse couvrir les naissances en saison dans plusieurs r\u00e9gions du pays, de nombreux nourrissons n\u00e9s entre avril et novembre, ainsi que ceux qui n\u2019ont pas encore \u00e9t\u00e9 immunis\u00e9s, demeurent \u00e0 risque s\u2019ils ne sont [&hellip;]<\/p>\n","protected":false},"featured_media":0,"comment_status":"closed","ping_status":"closed","template":"","meta":{"_acf_changed":false,"inline_featured_image":false},"product_brand":[],"product_cat":[],"product_tag":[],"class_list":{"0":"post-544637","1":"product","2":"type-product","3":"status-publish","6":"first","7":"instock","8":"downloadable","9":"virtual","10":"taxable","11":"purchasable","12":"product-type-simple"},"acf":[],"yoast_head":"<!-- This site is optimized with the Yoast SEO plugin v27.0 - https:\/\/yoast.com\/product\/yoast-seo-wordpress\/ -->\n<title>Aucun nourrisson laiss\u00e9 sans protection : Combler les lacunes en mati\u00e8re de soins contre le VRS avant la saison 2025 - MDBriefCase<\/title>\n<meta name=\"robots\" content=\"index, follow, max-snippet:-1, max-image-preview:large, max-video-preview:-1\" \/>\n<link rel=\"canonical\" href=\"https:\/\/www.mdbriefcase.com\/fr\/product\/aucun-nourrisson-laisse-sans-protection-combler-les-lacunes-en-matiere-de-soins-contre-le-vrs-avant-la-saison-2025\/?courseid=\" \/>\n<meta property=\"og:locale\" content=\"fr_CA\" \/>\n<meta property=\"og:type\" content=\"article\" \/>\n<meta property=\"og:title\" content=\"Aucun nourrisson laiss\u00e9 sans protection : Combler les lacunes en mati\u00e8re de soins contre le VRS avant la saison 2025 - MDBriefCase\" \/>\n<meta property=\"og:description\" content=\"Le virus respiratoire syncytial (VRS) demeure la principale cause d\u2019hospitalisation chez les nourrissons au Canada. Bien que l\u2019administration hospitali\u00e8re du nirs\u00e9vimab puisse couvrir les naissances en saison dans plusieurs r\u00e9gions du pays, de nombreux nourrissons n\u00e9s entre avril et novembre, ainsi que ceux qui n\u2019ont pas encore \u00e9t\u00e9 immunis\u00e9s, demeurent \u00e0 risque s\u2019ils ne sont [&hellip;]\" \/>\n<meta property=\"og:url\" content=\"https:\/\/www.mdbriefcase.com\/fr\/product\/aucun-nourrisson-laisse-sans-protection-combler-les-lacunes-en-matiere-de-soins-contre-le-vrs-avant-la-saison-2025\/?courseid=\" \/>\n<meta property=\"og:site_name\" content=\"MDBriefCase\" \/>\n<meta property=\"article:modified_time\" content=\"2025-10-29T15:07:20+00:00\" \/>\n<meta name=\"twitter:card\" content=\"summary_large_image\" \/>\n<meta name=\"twitter:label1\" content=\"Est. reading time\" \/>\n\t<meta name=\"twitter:data1\" content=\"1 minute\" \/>\n<script type=\"application\/ld+json\" class=\"yoast-schema-graph\">{\"@context\":\"https:\/\/schema.org\",\"@graph\":[{\"@type\":\"WebPage\",\"@id\":\"https:\/\/www.mdbriefcase.com\/product\/aucun-nourrisson-laisse-sans-protection-combler-les-lacunes-en-matiere-de-soins-contre-le-vrs-avant-la-saison-2025\/?courseid=\",\"url\":\"https:\/\/www.mdbriefcase.com\/product\/aucun-nourrisson-laisse-sans-protection-combler-les-lacunes-en-matiere-de-soins-contre-le-vrs-avant-la-saison-2025\/?courseid=\",\"name\":\"Aucun nourrisson laiss\u00e9 sans protection : Combler les lacunes en mati\u00e8re de soins contre le VRS avant la saison 2025 - MDBriefCase\",\"isPartOf\":{\"@id\":\"https:\/\/www.mdbriefcase.com\/#website\"},\"datePublished\":\"2025-09-07T15:30:02+00:00\",\"dateModified\":\"2025-10-29T15:07:20+00:00\",\"breadcrumb\":{\"@id\":\"https:\/\/www.mdbriefcase.com\/product\/aucun-nourrisson-laisse-sans-protection-combler-les-lacunes-en-matiere-de-soins-contre-le-vrs-avant-la-saison-2025\/?courseid=#breadcrumb\"},\"inLanguage\":\"fr-CA\",\"potentialAction\":[{\"@type\":\"ReadAction\",\"target\":[\"https:\/\/www.mdbriefcase.com\/product\/aucun-nourrisson-laisse-sans-protection-combler-les-lacunes-en-matiere-de-soins-contre-le-vrs-avant-la-saison-2025\/?courseid=\"]}]},{\"@type\":\"BreadcrumbList\",\"@id\":\"https:\/\/www.mdbriefcase.com\/product\/aucun-nourrisson-laisse-sans-protection-combler-les-lacunes-en-matiere-de-soins-contre-le-vrs-avant-la-saison-2025\/?courseid=#breadcrumb\",\"itemListElement\":[{\"@type\":\"ListItem\",\"position\":1,\"name\":\"Home\",\"item\":\"https:\/\/www.mdbriefcase.com\/\"},{\"@type\":\"ListItem\",\"position\":2,\"name\":\"Shop &#8211; Old\",\"item\":\"https:\/\/www.mdbriefcase.com\/shop\/\"},{\"@type\":\"ListItem\",\"position\":3,\"name\":\"Aucun nourrisson laiss\u00e9 sans protection : Combler les lacunes en mati\u00e8re de soins contre le VRS avant la saison 2025\"}]},{\"@type\":\"WebSite\",\"@id\":\"https:\/\/www.mdbriefcase.com\/#website\",\"url\":\"https:\/\/www.mdbriefcase.com\/\",\"name\":\"MDBriefCase\",\"description\":\"\",\"publisher\":{\"@id\":\"https:\/\/www.mdbriefcase.com\/#organization\"},\"potentialAction\":[{\"@type\":\"SearchAction\",\"target\":{\"@type\":\"EntryPoint\",\"urlTemplate\":\"https:\/\/www.mdbriefcase.com\/?s={search_term_string}\"},\"query-input\":{\"@type\":\"PropertyValueSpecification\",\"valueRequired\":true,\"valueName\":\"search_term_string\"}}],\"inLanguage\":\"fr-CA\"},{\"@type\":\"Organization\",\"@id\":\"https:\/\/www.mdbriefcase.com\/#organization\",\"name\":\"MDBriefCase\",\"url\":\"https:\/\/www.mdbriefcase.com\/\",\"logo\":{\"@type\":\"ImageObject\",\"inLanguage\":\"fr-CA\",\"@id\":\"https:\/\/www.mdbriefcase.com\/#\/schema\/logo\/image\/\",\"url\":\"https:\/\/www.mdbriefcase.com\/wp-content\/uploads\/2024\/07\/logo.webp\",\"contentUrl\":\"https:\/\/www.mdbriefcase.com\/wp-content\/uploads\/2024\/07\/logo.webp\",\"width\":190,\"height\":36,\"caption\":\"MDBriefCase\"},\"image\":{\"@id\":\"https:\/\/www.mdbriefcase.com\/#\/schema\/logo\/image\/\"}}]}<\/script>\n<!-- \/ Yoast SEO plugin. -->","yoast_head_json":{"title":"Aucun nourrisson laiss\u00e9 sans protection : Combler les lacunes en mati\u00e8re de soins contre le VRS avant la saison 2025 - MDBriefCase","robots":{"index":"index","follow":"follow","max-snippet":"max-snippet:-1","max-image-preview":"max-image-preview:large","max-video-preview":"max-video-preview:-1"},"canonical":"https:\/\/www.mdbriefcase.com\/fr\/product\/aucun-nourrisson-laisse-sans-protection-combler-les-lacunes-en-matiere-de-soins-contre-le-vrs-avant-la-saison-2025\/?courseid=","og_locale":"fr_CA","og_type":"article","og_title":"Aucun nourrisson laiss\u00e9 sans protection : Combler les lacunes en mati\u00e8re de soins contre le VRS avant la saison 2025 - MDBriefCase","og_description":"Le virus respiratoire syncytial (VRS) demeure la principale cause d\u2019hospitalisation chez les nourrissons au Canada. Bien que l\u2019administration hospitali\u00e8re du nirs\u00e9vimab puisse couvrir les naissances en saison dans plusieurs r\u00e9gions du pays, de nombreux nourrissons n\u00e9s entre avril et novembre, ainsi que ceux qui n\u2019ont pas encore \u00e9t\u00e9 immunis\u00e9s, demeurent \u00e0 risque s\u2019ils ne sont [&hellip;]","og_url":"https:\/\/www.mdbriefcase.com\/fr\/product\/aucun-nourrisson-laisse-sans-protection-combler-les-lacunes-en-matiere-de-soins-contre-le-vrs-avant-la-saison-2025\/?courseid=","og_site_name":"MDBriefCase","article_modified_time":"2025-10-29T15:07:20+00:00","twitter_card":"summary_large_image","twitter_misc":{"Est. reading time":"1 minute"},"schema":{"@context":"https:\/\/schema.org","@graph":[{"@type":"WebPage","@id":"https:\/\/www.mdbriefcase.com\/product\/aucun-nourrisson-laisse-sans-protection-combler-les-lacunes-en-matiere-de-soins-contre-le-vrs-avant-la-saison-2025\/?courseid=","url":"https:\/\/www.mdbriefcase.com\/product\/aucun-nourrisson-laisse-sans-protection-combler-les-lacunes-en-matiere-de-soins-contre-le-vrs-avant-la-saison-2025\/?courseid=","name":"Aucun nourrisson laiss\u00e9 sans protection : Combler les lacunes en mati\u00e8re de soins contre le VRS avant la saison 2025 - MDBriefCase","isPartOf":{"@id":"https:\/\/www.mdbriefcase.com\/#website"},"datePublished":"2025-09-07T15:30:02+00:00","dateModified":"2025-10-29T15:07:20+00:00","breadcrumb":{"@id":"https:\/\/www.mdbriefcase.com\/product\/aucun-nourrisson-laisse-sans-protection-combler-les-lacunes-en-matiere-de-soins-contre-le-vrs-avant-la-saison-2025\/?courseid=#breadcrumb"},"inLanguage":"fr-CA","potentialAction":[{"@type":"ReadAction","target":["https:\/\/www.mdbriefcase.com\/product\/aucun-nourrisson-laisse-sans-protection-combler-les-lacunes-en-matiere-de-soins-contre-le-vrs-avant-la-saison-2025\/?courseid="]}]},{"@type":"BreadcrumbList","@id":"https:\/\/www.mdbriefcase.com\/product\/aucun-nourrisson-laisse-sans-protection-combler-les-lacunes-en-matiere-de-soins-contre-le-vrs-avant-la-saison-2025\/?courseid=#breadcrumb","itemListElement":[{"@type":"ListItem","position":1,"name":"Home","item":"https:\/\/www.mdbriefcase.com\/"},{"@type":"ListItem","position":2,"name":"Shop &#8211; Old","item":"https:\/\/www.mdbriefcase.com\/shop\/"},{"@type":"ListItem","position":3,"name":"Aucun nourrisson laiss\u00e9 sans protection : Combler les lacunes en mati\u00e8re de soins contre le VRS avant la saison 2025"}]},{"@type":"WebSite","@id":"https:\/\/www.mdbriefcase.com\/#website","url":"https:\/\/www.mdbriefcase.com\/","name":"MDBriefCase","description":"","publisher":{"@id":"https:\/\/www.mdbriefcase.com\/#organization"},"potentialAction":[{"@type":"SearchAction","target":{"@type":"EntryPoint","urlTemplate":"https:\/\/www.mdbriefcase.com\/?s={search_term_string}"},"query-input":{"@type":"PropertyValueSpecification","valueRequired":true,"valueName":"search_term_string"}}],"inLanguage":"fr-CA"},{"@type":"Organization","@id":"https:\/\/www.mdbriefcase.com\/#organization","name":"MDBriefCase","url":"https:\/\/www.mdbriefcase.com\/","logo":{"@type":"ImageObject","inLanguage":"fr-CA","@id":"https:\/\/www.mdbriefcase.com\/#\/schema\/logo\/image\/","url":"https:\/\/www.mdbriefcase.com\/wp-content\/uploads\/2024\/07\/logo.webp","contentUrl":"https:\/\/www.mdbriefcase.com\/wp-content\/uploads\/2024\/07\/logo.webp","width":190,"height":36,"caption":"MDBriefCase"},"image":{"@id":"https:\/\/www.mdbriefcase.com\/#\/schema\/logo\/image\/"}}]}},"_links":{"self":[{"href":"https:\/\/www.mdbriefcase.com\/fr\/wp-json\/wp\/v2\/product\/544637","targetHints":{"allow":["GET"]}}],"collection":[{"href":"https:\/\/www.mdbriefcase.com\/fr\/wp-json\/wp\/v2\/product"}],"about":[{"href":"https:\/\/www.mdbriefcase.com\/fr\/wp-json\/wp\/v2\/types\/product"}],"replies":[{"embeddable":true,"href":"https:\/\/www.mdbriefcase.com\/fr\/wp-json\/wp\/v2\/comments?post=544637"}],"wp:attachment":[{"href":"https:\/\/www.mdbriefcase.com\/fr\/wp-json\/wp\/v2\/media?parent=544637"}],"wp:term":[{"taxonomy":"product_brand","embeddable":true,"href":"https:\/\/www.mdbriefcase.com\/fr\/wp-json\/wp\/v2\/product_brand?post=544637"},{"taxonomy":"product_cat","embeddable":true,"href":"https:\/\/www.mdbriefcase.com\/fr\/wp-json\/wp\/v2\/product_cat?post=544637"},{"taxonomy":"product_tag","embeddable":true,"href":"https:\/\/www.mdbriefcase.com\/fr\/wp-json\/wp\/v2\/product_tag?post=544637"}],"curies":[{"name":"wp","href":"https:\/\/api.w.org\/{rel}","templated":true}]}}