{"id":544594,"date":"2025-09-07T11:24:28","date_gmt":"2025-09-07T15:24:28","guid":{"rendered":"https:\/\/www.mdbriefcase.com\/product\/une-nouvelle-ere-pour-le-traitement-topique-non-steroidien-de-la-dermatite-atopique-de-la-dermatite-seborrheique-et-du-psoriasis-en-plaques\/?courseid="},"modified":"2025-10-30T16:22:11","modified_gmt":"2025-10-30T20:22:11","slug":"une-nouvelle-ere-pour-le-traitement-topique-non-steroidien-de-la-dermatite-atopique-de-la-dermatite-seborrheique-et-du-psoriasis-en-plaques","status":"publish","type":"product","link":"https:\/\/www.mdbriefcase.com\/fr\/product\/une-nouvelle-ere-pour-le-traitement-topique-non-steroidien-de-la-dermatite-atopique-de-la-dermatite-seborrheique-et-du-psoriasis-en-plaques\/?courseid=","title":{"rendered":"Une nouvelle \u00e8re pour le traitement topique non st\u00e9ro\u00efdien de la dermatite atopique, de la dermatite s\u00e9borrh\u00e9ique et du psoriasis en plaques"},"content":{"rendered":"<p>Un nombre croissant de Canadiens sont atteints d\u2019affections cutan\u00e9es inflammatoires chroniques, telles que la dermatite atopique, la dermatite s\u00e9borrh\u00e9ique et le psoriasis en plaques. Ce programme vise \u00e0 accompagner les professionnels de la sant\u00e9 dans leur compr\u00e9hension du fardeau que repr\u00e9sentent ces pathologies et dans l\u2019\u00e9valuation des options de traitement st\u00e9ro\u00efdien et non st\u00e9ro\u00efdien disponibles. \u00c0 travers des \u00e9tudes de cas, les participants acquerront des strat\u00e9gies concr\u00e8tes pour int\u00e9grer les traitements non st\u00e9ro\u00efdiens dans leur pratique clinique, lorsque cela est appropri\u00e9.<\/p>\n<hr>\n<p>Ce programme a b\u00e9n\u00e9fici\u00e9 d\u2019une bourse \u00e0 vis\u00e9e \u00e9ducative de Arcutis Canada, Inc.\u00a0<\/p>","protected":false},"excerpt":{"rendered":"<p>Un nombre croissant de Canadiens sont atteints d\u2019affections cutan\u00e9es inflammatoires chroniques, telles que la dermatite atopique, la dermatite s\u00e9borrh\u00e9ique et le psoriasis en plaques. Ce programme vise \u00e0 accompagner les professionnels de la sant\u00e9 dans leur compr\u00e9hension du fardeau que repr\u00e9sentent ces pathologies et dans l\u2019\u00e9valuation des options de traitement st\u00e9ro\u00efdien et non st\u00e9ro\u00efdien disponibles. [&hellip;]<\/p>\n","protected":false},"featured_media":0,"comment_status":"closed","ping_status":"closed","template":"","meta":{"_acf_changed":false,"inline_featured_image":false},"product_brand":[],"product_cat":[],"product_tag":[],"class_list":{"0":"post-544594","1":"product","2":"type-product","3":"status-publish","6":"first","7":"instock","8":"downloadable","9":"virtual","10":"taxable","11":"purchasable","12":"product-type-simple"},"acf":[],"yoast_head":"<!-- This site is optimized with the Yoast SEO plugin v27.0 - https:\/\/yoast.com\/product\/yoast-seo-wordpress\/ -->\n<title>Une nouvelle \u00e8re pour le traitement topique non st\u00e9ro\u00efdien de la dermatite atopique, de la dermatite s\u00e9borrh\u00e9ique et du psoriasis en plaques - MDBriefCase<\/title>\n<meta name=\"robots\" content=\"index, follow, max-snippet:-1, max-image-preview:large, max-video-preview:-1\" \/>\n<link rel=\"canonical\" href=\"https:\/\/www.mdbriefcase.com\/fr\/product\/une-nouvelle-ere-pour-le-traitement-topique-non-steroidien-de-la-dermatite-atopique-de-la-dermatite-seborrheique-et-du-psoriasis-en-plaques\/?courseid=\" \/>\n<meta property=\"og:locale\" content=\"fr_CA\" \/>\n<meta property=\"og:type\" content=\"article\" \/>\n<meta property=\"og:title\" content=\"Une nouvelle \u00e8re pour le traitement topique non st\u00e9ro\u00efdien de la dermatite atopique, de la dermatite s\u00e9borrh\u00e9ique et du psoriasis en plaques - MDBriefCase\" \/>\n<meta property=\"og:description\" content=\"Un nombre croissant de Canadiens sont atteints d\u2019affections cutan\u00e9es inflammatoires chroniques, telles que la dermatite atopique, la dermatite s\u00e9borrh\u00e9ique et le psoriasis en plaques. Ce programme vise \u00e0 accompagner les professionnels de la sant\u00e9 dans leur compr\u00e9hension du fardeau que repr\u00e9sentent ces pathologies et dans l\u2019\u00e9valuation des options de traitement st\u00e9ro\u00efdien et non st\u00e9ro\u00efdien disponibles. [&hellip;]\" \/>\n<meta property=\"og:url\" content=\"https:\/\/www.mdbriefcase.com\/fr\/product\/une-nouvelle-ere-pour-le-traitement-topique-non-steroidien-de-la-dermatite-atopique-de-la-dermatite-seborrheique-et-du-psoriasis-en-plaques\/?courseid=\" \/>\n<meta property=\"og:site_name\" content=\"MDBriefCase\" \/>\n<meta property=\"article:modified_time\" content=\"2025-10-30T20:22:11+00:00\" \/>\n<meta name=\"twitter:card\" content=\"summary_large_image\" \/>\n<meta name=\"twitter:label1\" content=\"Est. reading time\" \/>\n\t<meta name=\"twitter:data1\" content=\"1 minute\" \/>\n<script type=\"application\/ld+json\" class=\"yoast-schema-graph\">{\"@context\":\"https:\/\/schema.org\",\"@graph\":[{\"@type\":\"WebPage\",\"@id\":\"https:\/\/www.mdbriefcase.com\/product\/une-nouvelle-ere-pour-le-traitement-topique-non-steroidien-de-la-dermatite-atopique-de-la-dermatite-seborrheique-et-du-psoriasis-en-plaques\/?courseid=\",\"url\":\"https:\/\/www.mdbriefcase.com\/product\/une-nouvelle-ere-pour-le-traitement-topique-non-steroidien-de-la-dermatite-atopique-de-la-dermatite-seborrheique-et-du-psoriasis-en-plaques\/?courseid=\",\"name\":\"Une nouvelle \u00e8re pour le traitement topique non st\u00e9ro\u00efdien de la dermatite atopique, de la dermatite s\u00e9borrh\u00e9ique et du psoriasis en plaques - MDBriefCase\",\"isPartOf\":{\"@id\":\"https:\/\/www.mdbriefcase.com\/#website\"},\"datePublished\":\"2025-09-07T15:24:28+00:00\",\"dateModified\":\"2025-10-30T20:22:11+00:00\",\"breadcrumb\":{\"@id\":\"https:\/\/www.mdbriefcase.com\/product\/une-nouvelle-ere-pour-le-traitement-topique-non-steroidien-de-la-dermatite-atopique-de-la-dermatite-seborrheique-et-du-psoriasis-en-plaques\/?courseid=#breadcrumb\"},\"inLanguage\":\"fr-CA\",\"potentialAction\":[{\"@type\":\"ReadAction\",\"target\":[\"https:\/\/www.mdbriefcase.com\/product\/une-nouvelle-ere-pour-le-traitement-topique-non-steroidien-de-la-dermatite-atopique-de-la-dermatite-seborrheique-et-du-psoriasis-en-plaques\/?courseid=\"]}]},{\"@type\":\"BreadcrumbList\",\"@id\":\"https:\/\/www.mdbriefcase.com\/product\/une-nouvelle-ere-pour-le-traitement-topique-non-steroidien-de-la-dermatite-atopique-de-la-dermatite-seborrheique-et-du-psoriasis-en-plaques\/?courseid=#breadcrumb\",\"itemListElement\":[{\"@type\":\"ListItem\",\"position\":1,\"name\":\"Home\",\"item\":\"https:\/\/www.mdbriefcase.com\/\"},{\"@type\":\"ListItem\",\"position\":2,\"name\":\"Shop &#8211; Old\",\"item\":\"https:\/\/www.mdbriefcase.com\/shop\/\"},{\"@type\":\"ListItem\",\"position\":3,\"name\":\"Une nouvelle \u00e8re pour le traitement topique non st\u00e9ro\u00efdien de la dermatite atopique, de la dermatite s\u00e9borrh\u00e9ique et du psoriasis en plaques\"}]},{\"@type\":\"WebSite\",\"@id\":\"https:\/\/www.mdbriefcase.com\/#website\",\"url\":\"https:\/\/www.mdbriefcase.com\/\",\"name\":\"MDBriefCase\",\"description\":\"\",\"publisher\":{\"@id\":\"https:\/\/www.mdbriefcase.com\/#organization\"},\"potentialAction\":[{\"@type\":\"SearchAction\",\"target\":{\"@type\":\"EntryPoint\",\"urlTemplate\":\"https:\/\/www.mdbriefcase.com\/?s={search_term_string}\"},\"query-input\":{\"@type\":\"PropertyValueSpecification\",\"valueRequired\":true,\"valueName\":\"search_term_string\"}}],\"inLanguage\":\"fr-CA\"},{\"@type\":\"Organization\",\"@id\":\"https:\/\/www.mdbriefcase.com\/#organization\",\"name\":\"MDBriefCase\",\"url\":\"https:\/\/www.mdbriefcase.com\/\",\"logo\":{\"@type\":\"ImageObject\",\"inLanguage\":\"fr-CA\",\"@id\":\"https:\/\/www.mdbriefcase.com\/#\/schema\/logo\/image\/\",\"url\":\"https:\/\/www.mdbriefcase.com\/wp-content\/uploads\/2024\/07\/logo.webp\",\"contentUrl\":\"https:\/\/www.mdbriefcase.com\/wp-content\/uploads\/2024\/07\/logo.webp\",\"width\":190,\"height\":36,\"caption\":\"MDBriefCase\"},\"image\":{\"@id\":\"https:\/\/www.mdbriefcase.com\/#\/schema\/logo\/image\/\"}}]}<\/script>\n<!-- \/ Yoast SEO plugin. -->","yoast_head_json":{"title":"Une nouvelle \u00e8re pour le traitement topique non st\u00e9ro\u00efdien de la dermatite atopique, de la dermatite s\u00e9borrh\u00e9ique et du psoriasis en plaques - MDBriefCase","robots":{"index":"index","follow":"follow","max-snippet":"max-snippet:-1","max-image-preview":"max-image-preview:large","max-video-preview":"max-video-preview:-1"},"canonical":"https:\/\/www.mdbriefcase.com\/fr\/product\/une-nouvelle-ere-pour-le-traitement-topique-non-steroidien-de-la-dermatite-atopique-de-la-dermatite-seborrheique-et-du-psoriasis-en-plaques\/?courseid=","og_locale":"fr_CA","og_type":"article","og_title":"Une nouvelle \u00e8re pour le traitement topique non st\u00e9ro\u00efdien de la dermatite atopique, de la dermatite s\u00e9borrh\u00e9ique et du psoriasis en plaques - MDBriefCase","og_description":"Un nombre croissant de Canadiens sont atteints d\u2019affections cutan\u00e9es inflammatoires chroniques, telles que la dermatite atopique, la dermatite s\u00e9borrh\u00e9ique et le psoriasis en plaques. Ce programme vise \u00e0 accompagner les professionnels de la sant\u00e9 dans leur compr\u00e9hension du fardeau que repr\u00e9sentent ces pathologies et dans l\u2019\u00e9valuation des options de traitement st\u00e9ro\u00efdien et non st\u00e9ro\u00efdien disponibles. [&hellip;]","og_url":"https:\/\/www.mdbriefcase.com\/fr\/product\/une-nouvelle-ere-pour-le-traitement-topique-non-steroidien-de-la-dermatite-atopique-de-la-dermatite-seborrheique-et-du-psoriasis-en-plaques\/?courseid=","og_site_name":"MDBriefCase","article_modified_time":"2025-10-30T20:22:11+00:00","twitter_card":"summary_large_image","twitter_misc":{"Est. reading time":"1 minute"},"schema":{"@context":"https:\/\/schema.org","@graph":[{"@type":"WebPage","@id":"https:\/\/www.mdbriefcase.com\/product\/une-nouvelle-ere-pour-le-traitement-topique-non-steroidien-de-la-dermatite-atopique-de-la-dermatite-seborrheique-et-du-psoriasis-en-plaques\/?courseid=","url":"https:\/\/www.mdbriefcase.com\/product\/une-nouvelle-ere-pour-le-traitement-topique-non-steroidien-de-la-dermatite-atopique-de-la-dermatite-seborrheique-et-du-psoriasis-en-plaques\/?courseid=","name":"Une nouvelle \u00e8re pour le traitement topique non st\u00e9ro\u00efdien de la dermatite atopique, de la dermatite s\u00e9borrh\u00e9ique et du psoriasis en plaques - MDBriefCase","isPartOf":{"@id":"https:\/\/www.mdbriefcase.com\/#website"},"datePublished":"2025-09-07T15:24:28+00:00","dateModified":"2025-10-30T20:22:11+00:00","breadcrumb":{"@id":"https:\/\/www.mdbriefcase.com\/product\/une-nouvelle-ere-pour-le-traitement-topique-non-steroidien-de-la-dermatite-atopique-de-la-dermatite-seborrheique-et-du-psoriasis-en-plaques\/?courseid=#breadcrumb"},"inLanguage":"fr-CA","potentialAction":[{"@type":"ReadAction","target":["https:\/\/www.mdbriefcase.com\/product\/une-nouvelle-ere-pour-le-traitement-topique-non-steroidien-de-la-dermatite-atopique-de-la-dermatite-seborrheique-et-du-psoriasis-en-plaques\/?courseid="]}]},{"@type":"BreadcrumbList","@id":"https:\/\/www.mdbriefcase.com\/product\/une-nouvelle-ere-pour-le-traitement-topique-non-steroidien-de-la-dermatite-atopique-de-la-dermatite-seborrheique-et-du-psoriasis-en-plaques\/?courseid=#breadcrumb","itemListElement":[{"@type":"ListItem","position":1,"name":"Home","item":"https:\/\/www.mdbriefcase.com\/"},{"@type":"ListItem","position":2,"name":"Shop &#8211; Old","item":"https:\/\/www.mdbriefcase.com\/shop\/"},{"@type":"ListItem","position":3,"name":"Une nouvelle \u00e8re pour le traitement topique non st\u00e9ro\u00efdien de la dermatite atopique, de la dermatite s\u00e9borrh\u00e9ique et du psoriasis en plaques"}]},{"@type":"WebSite","@id":"https:\/\/www.mdbriefcase.com\/#website","url":"https:\/\/www.mdbriefcase.com\/","name":"MDBriefCase","description":"","publisher":{"@id":"https:\/\/www.mdbriefcase.com\/#organization"},"potentialAction":[{"@type":"SearchAction","target":{"@type":"EntryPoint","urlTemplate":"https:\/\/www.mdbriefcase.com\/?s={search_term_string}"},"query-input":{"@type":"PropertyValueSpecification","valueRequired":true,"valueName":"search_term_string"}}],"inLanguage":"fr-CA"},{"@type":"Organization","@id":"https:\/\/www.mdbriefcase.com\/#organization","name":"MDBriefCase","url":"https:\/\/www.mdbriefcase.com\/","logo":{"@type":"ImageObject","inLanguage":"fr-CA","@id":"https:\/\/www.mdbriefcase.com\/#\/schema\/logo\/image\/","url":"https:\/\/www.mdbriefcase.com\/wp-content\/uploads\/2024\/07\/logo.webp","contentUrl":"https:\/\/www.mdbriefcase.com\/wp-content\/uploads\/2024\/07\/logo.webp","width":190,"height":36,"caption":"MDBriefCase"},"image":{"@id":"https:\/\/www.mdbriefcase.com\/#\/schema\/logo\/image\/"}}]}},"_links":{"self":[{"href":"https:\/\/www.mdbriefcase.com\/fr\/wp-json\/wp\/v2\/product\/544594","targetHints":{"allow":["GET"]}}],"collection":[{"href":"https:\/\/www.mdbriefcase.com\/fr\/wp-json\/wp\/v2\/product"}],"about":[{"href":"https:\/\/www.mdbriefcase.com\/fr\/wp-json\/wp\/v2\/types\/product"}],"replies":[{"embeddable":true,"href":"https:\/\/www.mdbriefcase.com\/fr\/wp-json\/wp\/v2\/comments?post=544594"}],"wp:attachment":[{"href":"https:\/\/www.mdbriefcase.com\/fr\/wp-json\/wp\/v2\/media?parent=544594"}],"wp:term":[{"taxonomy":"product_brand","embeddable":true,"href":"https:\/\/www.mdbriefcase.com\/fr\/wp-json\/wp\/v2\/product_brand?post=544594"},{"taxonomy":"product_cat","embeddable":true,"href":"https:\/\/www.mdbriefcase.com\/fr\/wp-json\/wp\/v2\/product_cat?post=544594"},{"taxonomy":"product_tag","embeddable":true,"href":"https:\/\/www.mdbriefcase.com\/fr\/wp-json\/wp\/v2\/product_tag?post=544594"}],"curies":[{"name":"wp","href":"https:\/\/api.w.org\/{rel}","templated":true}]}}