{"id":544582,"date":"2025-09-07T11:23:00","date_gmt":"2025-09-07T15:23:00","guid":{"rendered":"https:\/\/www.mdbriefcase.com\/product\/digestion-des-nourrissons-sos-solutions-pratiques-pour-le-reflux-la-flatulence-et-la-constipation\/?courseid="},"modified":"2025-11-03T11:24:36","modified_gmt":"2025-11-03T15:24:36","slug":"digestion-des-nourrissons-sos-solutions-pratiques-pour-le-reflux-la-flatulence-et-la-constipation","status":"publish","type":"product","link":"https:\/\/www.mdbriefcase.com\/fr\/product\/digestion-des-nourrissons-sos-solutions-pratiques-pour-le-reflux-la-flatulence-et-la-constipation\/?courseid=","title":{"rendered":"Digestion des nourrissons SOS : Solutions pratiques pour le reflux, la flatulence et la constipation"},"content":{"rendered":"<p>Ce programme de formation m\u00e9dicale continue en ligne de 15 minutes a re\u00e7u l\u2019agr\u00e9ment Mainpro+ du CMFC et s\u2019adresse aux m\u00e9decins de famille, omnipraticiens, sage-femmes, infirmi\u00e8res praticiennes et infirmi\u00e8res autoris\u00e9es travaillant dans les cliniques de soins primaires. La formation a pour but d\u2019outiller les cliniciens en leur offrant les connaissances et les outils pour aider les parents\/tuteurs \u00e0 comprendre les probl\u00e8mes digestifs courants des nourrissons, \u00e0 soutenir les parents et tuteurs dans la prise de d\u00e9cisions factuelles en mati\u00e8re d\u2019alimentation, et pour rassurer les parents et tuteurs en ce qui concerne le reflux, la flatulence et la constipation chez le nourrisson.\u00a0<\/p>\n<hr>\n<p>Ce programme a re\u00e7u un soutien financier de Mead Johnson Nutrition sous forme d\u2019une subvention \u00e9ducative sans restriction.\u00a0<\/p>","protected":false},"excerpt":{"rendered":"<p>Ce programme de formation m\u00e9dicale continue en ligne de 15 minutes a re\u00e7u l\u2019agr\u00e9ment Mainpro+ du CMFC et s\u2019adresse aux m\u00e9decins de famille, omnipraticiens, sage-femmes, infirmi\u00e8res praticiennes et infirmi\u00e8res autoris\u00e9es travaillant dans les cliniques de soins primaires. La formation a pour but d\u2019outiller les cliniciens en leur offrant les connaissances et les outils pour aider [&hellip;]<\/p>\n","protected":false},"featured_media":0,"comment_status":"closed","ping_status":"closed","template":"","meta":{"_acf_changed":false,"inline_featured_image":false},"product_brand":[],"product_cat":[],"product_tag":[],"class_list":{"0":"post-544582","1":"product","2":"type-product","3":"status-publish","6":"first","7":"instock","8":"downloadable","9":"virtual","10":"taxable","11":"purchasable","12":"product-type-simple"},"acf":[],"yoast_head":"<!-- This site is optimized with the Yoast SEO plugin v27.0 - https:\/\/yoast.com\/product\/yoast-seo-wordpress\/ -->\n<title>Digestion des nourrissons SOS : Solutions pratiques pour le reflux, la flatulence et la constipation - MDBriefCase<\/title>\n<meta name=\"robots\" content=\"index, follow, max-snippet:-1, max-image-preview:large, max-video-preview:-1\" \/>\n<link rel=\"canonical\" href=\"https:\/\/www.mdbriefcase.com\/fr\/product\/digestion-des-nourrissons-sos-solutions-pratiques-pour-le-reflux-la-flatulence-et-la-constipation\/?courseid=\" \/>\n<meta property=\"og:locale\" content=\"fr_CA\" \/>\n<meta property=\"og:type\" content=\"article\" \/>\n<meta property=\"og:title\" content=\"Digestion des nourrissons SOS : Solutions pratiques pour le reflux, la flatulence et la constipation - MDBriefCase\" \/>\n<meta property=\"og:description\" content=\"Ce programme de formation m\u00e9dicale continue en ligne de 15 minutes a re\u00e7u l\u2019agr\u00e9ment Mainpro+ du CMFC et s\u2019adresse aux m\u00e9decins de famille, omnipraticiens, sage-femmes, infirmi\u00e8res praticiennes et infirmi\u00e8res autoris\u00e9es travaillant dans les cliniques de soins primaires. La formation a pour but d\u2019outiller les cliniciens en leur offrant les connaissances et les outils pour aider [&hellip;]\" \/>\n<meta property=\"og:url\" content=\"https:\/\/www.mdbriefcase.com\/fr\/product\/digestion-des-nourrissons-sos-solutions-pratiques-pour-le-reflux-la-flatulence-et-la-constipation\/?courseid=\" \/>\n<meta property=\"og:site_name\" content=\"MDBriefCase\" \/>\n<meta property=\"article:modified_time\" content=\"2025-11-03T15:24:36+00:00\" \/>\n<meta name=\"twitter:card\" content=\"summary_large_image\" \/>\n<meta name=\"twitter:label1\" content=\"Est. reading time\" \/>\n\t<meta name=\"twitter:data1\" content=\"1 minute\" \/>\n<script type=\"application\/ld+json\" class=\"yoast-schema-graph\">{\"@context\":\"https:\/\/schema.org\",\"@graph\":[{\"@type\":\"WebPage\",\"@id\":\"https:\/\/www.mdbriefcase.com\/product\/digestion-des-nourrissons-sos-solutions-pratiques-pour-le-reflux-la-flatulence-et-la-constipation\/?courseid=\",\"url\":\"https:\/\/www.mdbriefcase.com\/product\/digestion-des-nourrissons-sos-solutions-pratiques-pour-le-reflux-la-flatulence-et-la-constipation\/?courseid=\",\"name\":\"Digestion des nourrissons SOS : Solutions pratiques pour le reflux, la flatulence et la constipation - MDBriefCase\",\"isPartOf\":{\"@id\":\"https:\/\/www.mdbriefcase.com\/#website\"},\"datePublished\":\"2025-09-07T15:23:00+00:00\",\"dateModified\":\"2025-11-03T15:24:36+00:00\",\"breadcrumb\":{\"@id\":\"https:\/\/www.mdbriefcase.com\/product\/digestion-des-nourrissons-sos-solutions-pratiques-pour-le-reflux-la-flatulence-et-la-constipation\/?courseid=#breadcrumb\"},\"inLanguage\":\"fr-CA\",\"potentialAction\":[{\"@type\":\"ReadAction\",\"target\":[\"https:\/\/www.mdbriefcase.com\/product\/digestion-des-nourrissons-sos-solutions-pratiques-pour-le-reflux-la-flatulence-et-la-constipation\/?courseid=\"]}]},{\"@type\":\"BreadcrumbList\",\"@id\":\"https:\/\/www.mdbriefcase.com\/product\/digestion-des-nourrissons-sos-solutions-pratiques-pour-le-reflux-la-flatulence-et-la-constipation\/?courseid=#breadcrumb\",\"itemListElement\":[{\"@type\":\"ListItem\",\"position\":1,\"name\":\"Home\",\"item\":\"https:\/\/www.mdbriefcase.com\/\"},{\"@type\":\"ListItem\",\"position\":2,\"name\":\"Shop &#8211; Old\",\"item\":\"https:\/\/www.mdbriefcase.com\/shop\/\"},{\"@type\":\"ListItem\",\"position\":3,\"name\":\"Digestion des nourrissons SOS : Solutions pratiques pour le reflux, la flatulence et la constipation\"}]},{\"@type\":\"WebSite\",\"@id\":\"https:\/\/www.mdbriefcase.com\/#website\",\"url\":\"https:\/\/www.mdbriefcase.com\/\",\"name\":\"MDBriefCase\",\"description\":\"\",\"publisher\":{\"@id\":\"https:\/\/www.mdbriefcase.com\/#organization\"},\"potentialAction\":[{\"@type\":\"SearchAction\",\"target\":{\"@type\":\"EntryPoint\",\"urlTemplate\":\"https:\/\/www.mdbriefcase.com\/?s={search_term_string}\"},\"query-input\":{\"@type\":\"PropertyValueSpecification\",\"valueRequired\":true,\"valueName\":\"search_term_string\"}}],\"inLanguage\":\"fr-CA\"},{\"@type\":\"Organization\",\"@id\":\"https:\/\/www.mdbriefcase.com\/#organization\",\"name\":\"MDBriefCase\",\"url\":\"https:\/\/www.mdbriefcase.com\/\",\"logo\":{\"@type\":\"ImageObject\",\"inLanguage\":\"fr-CA\",\"@id\":\"https:\/\/www.mdbriefcase.com\/#\/schema\/logo\/image\/\",\"url\":\"https:\/\/www.mdbriefcase.com\/wp-content\/uploads\/2024\/07\/logo.webp\",\"contentUrl\":\"https:\/\/www.mdbriefcase.com\/wp-content\/uploads\/2024\/07\/logo.webp\",\"width\":190,\"height\":36,\"caption\":\"MDBriefCase\"},\"image\":{\"@id\":\"https:\/\/www.mdbriefcase.com\/#\/schema\/logo\/image\/\"}}]}<\/script>\n<!-- \/ Yoast SEO plugin. -->","yoast_head_json":{"title":"Digestion des nourrissons SOS : Solutions pratiques pour le reflux, la flatulence et la constipation - MDBriefCase","robots":{"index":"index","follow":"follow","max-snippet":"max-snippet:-1","max-image-preview":"max-image-preview:large","max-video-preview":"max-video-preview:-1"},"canonical":"https:\/\/www.mdbriefcase.com\/fr\/product\/digestion-des-nourrissons-sos-solutions-pratiques-pour-le-reflux-la-flatulence-et-la-constipation\/?courseid=","og_locale":"fr_CA","og_type":"article","og_title":"Digestion des nourrissons SOS : Solutions pratiques pour le reflux, la flatulence et la constipation - MDBriefCase","og_description":"Ce programme de formation m\u00e9dicale continue en ligne de 15 minutes a re\u00e7u l\u2019agr\u00e9ment Mainpro+ du CMFC et s\u2019adresse aux m\u00e9decins de famille, omnipraticiens, sage-femmes, infirmi\u00e8res praticiennes et infirmi\u00e8res autoris\u00e9es travaillant dans les cliniques de soins primaires. La formation a pour but d\u2019outiller les cliniciens en leur offrant les connaissances et les outils pour aider [&hellip;]","og_url":"https:\/\/www.mdbriefcase.com\/fr\/product\/digestion-des-nourrissons-sos-solutions-pratiques-pour-le-reflux-la-flatulence-et-la-constipation\/?courseid=","og_site_name":"MDBriefCase","article_modified_time":"2025-11-03T15:24:36+00:00","twitter_card":"summary_large_image","twitter_misc":{"Est. reading time":"1 minute"},"schema":{"@context":"https:\/\/schema.org","@graph":[{"@type":"WebPage","@id":"https:\/\/www.mdbriefcase.com\/product\/digestion-des-nourrissons-sos-solutions-pratiques-pour-le-reflux-la-flatulence-et-la-constipation\/?courseid=","url":"https:\/\/www.mdbriefcase.com\/product\/digestion-des-nourrissons-sos-solutions-pratiques-pour-le-reflux-la-flatulence-et-la-constipation\/?courseid=","name":"Digestion des nourrissons SOS : Solutions pratiques pour le reflux, la flatulence et la constipation - MDBriefCase","isPartOf":{"@id":"https:\/\/www.mdbriefcase.com\/#website"},"datePublished":"2025-09-07T15:23:00+00:00","dateModified":"2025-11-03T15:24:36+00:00","breadcrumb":{"@id":"https:\/\/www.mdbriefcase.com\/product\/digestion-des-nourrissons-sos-solutions-pratiques-pour-le-reflux-la-flatulence-et-la-constipation\/?courseid=#breadcrumb"},"inLanguage":"fr-CA","potentialAction":[{"@type":"ReadAction","target":["https:\/\/www.mdbriefcase.com\/product\/digestion-des-nourrissons-sos-solutions-pratiques-pour-le-reflux-la-flatulence-et-la-constipation\/?courseid="]}]},{"@type":"BreadcrumbList","@id":"https:\/\/www.mdbriefcase.com\/product\/digestion-des-nourrissons-sos-solutions-pratiques-pour-le-reflux-la-flatulence-et-la-constipation\/?courseid=#breadcrumb","itemListElement":[{"@type":"ListItem","position":1,"name":"Home","item":"https:\/\/www.mdbriefcase.com\/"},{"@type":"ListItem","position":2,"name":"Shop &#8211; Old","item":"https:\/\/www.mdbriefcase.com\/shop\/"},{"@type":"ListItem","position":3,"name":"Digestion des nourrissons SOS : Solutions pratiques pour le reflux, la flatulence et la constipation"}]},{"@type":"WebSite","@id":"https:\/\/www.mdbriefcase.com\/#website","url":"https:\/\/www.mdbriefcase.com\/","name":"MDBriefCase","description":"","publisher":{"@id":"https:\/\/www.mdbriefcase.com\/#organization"},"potentialAction":[{"@type":"SearchAction","target":{"@type":"EntryPoint","urlTemplate":"https:\/\/www.mdbriefcase.com\/?s={search_term_string}"},"query-input":{"@type":"PropertyValueSpecification","valueRequired":true,"valueName":"search_term_string"}}],"inLanguage":"fr-CA"},{"@type":"Organization","@id":"https:\/\/www.mdbriefcase.com\/#organization","name":"MDBriefCase","url":"https:\/\/www.mdbriefcase.com\/","logo":{"@type":"ImageObject","inLanguage":"fr-CA","@id":"https:\/\/www.mdbriefcase.com\/#\/schema\/logo\/image\/","url":"https:\/\/www.mdbriefcase.com\/wp-content\/uploads\/2024\/07\/logo.webp","contentUrl":"https:\/\/www.mdbriefcase.com\/wp-content\/uploads\/2024\/07\/logo.webp","width":190,"height":36,"caption":"MDBriefCase"},"image":{"@id":"https:\/\/www.mdbriefcase.com\/#\/schema\/logo\/image\/"}}]}},"_links":{"self":[{"href":"https:\/\/www.mdbriefcase.com\/fr\/wp-json\/wp\/v2\/product\/544582","targetHints":{"allow":["GET"]}}],"collection":[{"href":"https:\/\/www.mdbriefcase.com\/fr\/wp-json\/wp\/v2\/product"}],"about":[{"href":"https:\/\/www.mdbriefcase.com\/fr\/wp-json\/wp\/v2\/types\/product"}],"replies":[{"embeddable":true,"href":"https:\/\/www.mdbriefcase.com\/fr\/wp-json\/wp\/v2\/comments?post=544582"}],"wp:attachment":[{"href":"https:\/\/www.mdbriefcase.com\/fr\/wp-json\/wp\/v2\/media?parent=544582"}],"wp:term":[{"taxonomy":"product_brand","embeddable":true,"href":"https:\/\/www.mdbriefcase.com\/fr\/wp-json\/wp\/v2\/product_brand?post=544582"},{"taxonomy":"product_cat","embeddable":true,"href":"https:\/\/www.mdbriefcase.com\/fr\/wp-json\/wp\/v2\/product_cat?post=544582"},{"taxonomy":"product_tag","embeddable":true,"href":"https:\/\/www.mdbriefcase.com\/fr\/wp-json\/wp\/v2\/product_tag?post=544582"}],"curies":[{"name":"wp","href":"https:\/\/api.w.org\/{rel}","templated":true}]}}