{"id":544254,"date":"2025-07-22T08:46:52","date_gmt":"2025-07-22T12:46:52","guid":{"rendered":"https:\/\/mdbc2.wpenginepowered.com\/product\/engager-une-conversation-avec-les-patients-a-propos-de-la-deprescription\/?courseid="},"modified":"2025-10-30T14:11:58","modified_gmt":"2025-10-30T18:11:58","slug":"engager-une-conversation-avec-les-patients-a-propos-de-la-deprescription","status":"publish","type":"product","link":"https:\/\/www.mdbriefcase.com\/fr\/product\/engager-une-conversation-avec-les-patients-a-propos-de-la-deprescription\/?courseid=","title":{"rendered":"Engager une conversation avec les patients \u00e0 propos de la d\u00e9prescription"},"content":{"rendered":"<p><span class=\"NormalTextRun  BCX0 SCXP158417270\">Dans ce vid\u00e9oclip, Kristen Watt explique comment les fournisseurs de soins de sant\u00e9 peuvent entretenir <\/span><span class=\"NormalTextRun  BCX0 SCXP158417270\">des conversations transparentes et signifiantes avec leurs patients concernant l\u2019optimisation de leur <\/span><span class=\"NormalTextRun  BCX0 SCXP158417270\">m\u00e9dication et la d\u00e9prescription. Elle explore des strat\u00e9gies visant \u00e0 identifier les opportunit\u00e9s de <\/span><span class=\"NormalTextRun  BCX0 SCXP158417270\">d\u00e9prescription et \u00e0 adapter les \u00e9changes en fonction des pr\u00e9occupations particuli\u00e8res de chaque patient.<\/span><\/p><\/p>","protected":false},"excerpt":{"rendered":"<p>Dans ce vid\u00e9oclip, Kristen Watt explique comment les fournisseurs de soins de sant\u00e9 peuvent entretenir des conversations transparentes et signifiantes avec leurs patients concernant l\u2019optimisation de leur m\u00e9dication et la d\u00e9prescription. Elle explore des strat\u00e9gies visant \u00e0 identifier les opportunit\u00e9s de d\u00e9prescription et \u00e0 adapter les \u00e9changes en fonction des pr\u00e9occupations particuli\u00e8res de chaque patient.<\/p>","protected":false},"featured_media":0,"comment_status":"closed","ping_status":"closed","template":"","meta":{"_acf_changed":false,"inline_featured_image":false},"product_brand":[],"product_cat":[],"product_tag":[],"class_list":{"0":"post-544254","1":"product","2":"type-product","3":"status-publish","6":"first","7":"instock","8":"downloadable","9":"virtual","10":"taxable","11":"purchasable","12":"product-type-simple"},"acf":[],"yoast_head":"<!-- This site is optimized with the Yoast SEO plugin v27.0 - https:\/\/yoast.com\/product\/yoast-seo-wordpress\/ -->\n<title>Engager une conversation avec les patients \u00e0 propos de la d\u00e9prescription - MDBriefCase<\/title>\n<meta name=\"robots\" content=\"index, follow, max-snippet:-1, max-image-preview:large, max-video-preview:-1\" \/>\n<link rel=\"canonical\" href=\"https:\/\/www.mdbriefcase.com\/fr\/product\/engager-une-conversation-avec-les-patients-a-propos-de-la-deprescription\/?courseid=\" \/>\n<meta property=\"og:locale\" content=\"fr_CA\" \/>\n<meta property=\"og:type\" content=\"article\" \/>\n<meta property=\"og:title\" content=\"Engager une conversation avec les patients \u00e0 propos de la d\u00e9prescription - MDBriefCase\" \/>\n<meta property=\"og:description\" content=\"Dans ce vid\u00e9oclip, Kristen Watt explique comment les fournisseurs de soins de sant\u00e9 peuvent entretenir des conversations transparentes et signifiantes avec leurs patients concernant l\u2019optimisation de leur m\u00e9dication et la d\u00e9prescription. Elle explore des strat\u00e9gies visant \u00e0 identifier les opportunit\u00e9s de d\u00e9prescription et \u00e0 adapter les \u00e9changes en fonction des pr\u00e9occupations particuli\u00e8res de chaque patient.\" \/>\n<meta property=\"og:url\" content=\"https:\/\/www.mdbriefcase.com\/fr\/product\/engager-une-conversation-avec-les-patients-a-propos-de-la-deprescription\/?courseid=\" \/>\n<meta property=\"og:site_name\" content=\"MDBriefCase\" \/>\n<meta property=\"article:modified_time\" content=\"2025-10-30T18:11:58+00:00\" \/>\n<meta name=\"twitter:card\" content=\"summary_large_image\" \/>\n<script type=\"application\/ld+json\" class=\"yoast-schema-graph\">{\"@context\":\"https:\/\/schema.org\",\"@graph\":[{\"@type\":\"WebPage\",\"@id\":\"https:\/\/www.mdbriefcase.com\/product\/engager-une-conversation-avec-les-patients-a-propos-de-la-deprescription\/?courseid=\",\"url\":\"https:\/\/www.mdbriefcase.com\/product\/engager-une-conversation-avec-les-patients-a-propos-de-la-deprescription\/?courseid=\",\"name\":\"Engager une conversation avec les patients \u00e0 propos de la d\u00e9prescription - MDBriefCase\",\"isPartOf\":{\"@id\":\"https:\/\/www.mdbriefcase.com\/#website\"},\"datePublished\":\"2025-07-22T12:46:52+00:00\",\"dateModified\":\"2025-10-30T18:11:58+00:00\",\"breadcrumb\":{\"@id\":\"https:\/\/www.mdbriefcase.com\/product\/engager-une-conversation-avec-les-patients-a-propos-de-la-deprescription\/?courseid=#breadcrumb\"},\"inLanguage\":\"fr-CA\",\"potentialAction\":[{\"@type\":\"ReadAction\",\"target\":[\"https:\/\/www.mdbriefcase.com\/product\/engager-une-conversation-avec-les-patients-a-propos-de-la-deprescription\/?courseid=\"]}]},{\"@type\":\"BreadcrumbList\",\"@id\":\"https:\/\/www.mdbriefcase.com\/product\/engager-une-conversation-avec-les-patients-a-propos-de-la-deprescription\/?courseid=#breadcrumb\",\"itemListElement\":[{\"@type\":\"ListItem\",\"position\":1,\"name\":\"Home\",\"item\":\"https:\/\/www.mdbriefcase.com\/\"},{\"@type\":\"ListItem\",\"position\":2,\"name\":\"Shop &#8211; Old\",\"item\":\"https:\/\/www.mdbriefcase.com\/shop\/\"},{\"@type\":\"ListItem\",\"position\":3,\"name\":\"Engager une conversation avec les patients \u00e0 propos de la d\u00e9prescription\"}]},{\"@type\":\"WebSite\",\"@id\":\"https:\/\/www.mdbriefcase.com\/#website\",\"url\":\"https:\/\/www.mdbriefcase.com\/\",\"name\":\"MDBriefCase\",\"description\":\"\",\"publisher\":{\"@id\":\"https:\/\/www.mdbriefcase.com\/#organization\"},\"potentialAction\":[{\"@type\":\"SearchAction\",\"target\":{\"@type\":\"EntryPoint\",\"urlTemplate\":\"https:\/\/www.mdbriefcase.com\/?s={search_term_string}\"},\"query-input\":{\"@type\":\"PropertyValueSpecification\",\"valueRequired\":true,\"valueName\":\"search_term_string\"}}],\"inLanguage\":\"fr-CA\"},{\"@type\":\"Organization\",\"@id\":\"https:\/\/www.mdbriefcase.com\/#organization\",\"name\":\"MDBriefCase\",\"url\":\"https:\/\/www.mdbriefcase.com\/\",\"logo\":{\"@type\":\"ImageObject\",\"inLanguage\":\"fr-CA\",\"@id\":\"https:\/\/www.mdbriefcase.com\/#\/schema\/logo\/image\/\",\"url\":\"https:\/\/www.mdbriefcase.com\/wp-content\/uploads\/2024\/07\/logo.webp\",\"contentUrl\":\"https:\/\/www.mdbriefcase.com\/wp-content\/uploads\/2024\/07\/logo.webp\",\"width\":190,\"height\":36,\"caption\":\"MDBriefCase\"},\"image\":{\"@id\":\"https:\/\/www.mdbriefcase.com\/#\/schema\/logo\/image\/\"}}]}<\/script>\n<!-- \/ Yoast SEO plugin. -->","yoast_head_json":{"title":"Engager une conversation avec les patients \u00e0 propos de la d\u00e9prescription - MDBriefCase","robots":{"index":"index","follow":"follow","max-snippet":"max-snippet:-1","max-image-preview":"max-image-preview:large","max-video-preview":"max-video-preview:-1"},"canonical":"https:\/\/www.mdbriefcase.com\/fr\/product\/engager-une-conversation-avec-les-patients-a-propos-de-la-deprescription\/?courseid=","og_locale":"fr_CA","og_type":"article","og_title":"Engager une conversation avec les patients \u00e0 propos de la d\u00e9prescription - MDBriefCase","og_description":"Dans ce vid\u00e9oclip, Kristen Watt explique comment les fournisseurs de soins de sant\u00e9 peuvent entretenir des conversations transparentes et signifiantes avec leurs patients concernant l\u2019optimisation de leur m\u00e9dication et la d\u00e9prescription. Elle explore des strat\u00e9gies visant \u00e0 identifier les opportunit\u00e9s de d\u00e9prescription et \u00e0 adapter les \u00e9changes en fonction des pr\u00e9occupations particuli\u00e8res de chaque patient.","og_url":"https:\/\/www.mdbriefcase.com\/fr\/product\/engager-une-conversation-avec-les-patients-a-propos-de-la-deprescription\/?courseid=","og_site_name":"MDBriefCase","article_modified_time":"2025-10-30T18:11:58+00:00","twitter_card":"summary_large_image","schema":{"@context":"https:\/\/schema.org","@graph":[{"@type":"WebPage","@id":"https:\/\/www.mdbriefcase.com\/product\/engager-une-conversation-avec-les-patients-a-propos-de-la-deprescription\/?courseid=","url":"https:\/\/www.mdbriefcase.com\/product\/engager-une-conversation-avec-les-patients-a-propos-de-la-deprescription\/?courseid=","name":"Engager une conversation avec les patients \u00e0 propos de la d\u00e9prescription - MDBriefCase","isPartOf":{"@id":"https:\/\/www.mdbriefcase.com\/#website"},"datePublished":"2025-07-22T12:46:52+00:00","dateModified":"2025-10-30T18:11:58+00:00","breadcrumb":{"@id":"https:\/\/www.mdbriefcase.com\/product\/engager-une-conversation-avec-les-patients-a-propos-de-la-deprescription\/?courseid=#breadcrumb"},"inLanguage":"fr-CA","potentialAction":[{"@type":"ReadAction","target":["https:\/\/www.mdbriefcase.com\/product\/engager-une-conversation-avec-les-patients-a-propos-de-la-deprescription\/?courseid="]}]},{"@type":"BreadcrumbList","@id":"https:\/\/www.mdbriefcase.com\/product\/engager-une-conversation-avec-les-patients-a-propos-de-la-deprescription\/?courseid=#breadcrumb","itemListElement":[{"@type":"ListItem","position":1,"name":"Home","item":"https:\/\/www.mdbriefcase.com\/"},{"@type":"ListItem","position":2,"name":"Shop &#8211; Old","item":"https:\/\/www.mdbriefcase.com\/shop\/"},{"@type":"ListItem","position":3,"name":"Engager une conversation avec les patients \u00e0 propos de la d\u00e9prescription"}]},{"@type":"WebSite","@id":"https:\/\/www.mdbriefcase.com\/#website","url":"https:\/\/www.mdbriefcase.com\/","name":"MDBriefCase","description":"","publisher":{"@id":"https:\/\/www.mdbriefcase.com\/#organization"},"potentialAction":[{"@type":"SearchAction","target":{"@type":"EntryPoint","urlTemplate":"https:\/\/www.mdbriefcase.com\/?s={search_term_string}"},"query-input":{"@type":"PropertyValueSpecification","valueRequired":true,"valueName":"search_term_string"}}],"inLanguage":"fr-CA"},{"@type":"Organization","@id":"https:\/\/www.mdbriefcase.com\/#organization","name":"MDBriefCase","url":"https:\/\/www.mdbriefcase.com\/","logo":{"@type":"ImageObject","inLanguage":"fr-CA","@id":"https:\/\/www.mdbriefcase.com\/#\/schema\/logo\/image\/","url":"https:\/\/www.mdbriefcase.com\/wp-content\/uploads\/2024\/07\/logo.webp","contentUrl":"https:\/\/www.mdbriefcase.com\/wp-content\/uploads\/2024\/07\/logo.webp","width":190,"height":36,"caption":"MDBriefCase"},"image":{"@id":"https:\/\/www.mdbriefcase.com\/#\/schema\/logo\/image\/"}}]}},"_links":{"self":[{"href":"https:\/\/www.mdbriefcase.com\/fr\/wp-json\/wp\/v2\/product\/544254","targetHints":{"allow":["GET"]}}],"collection":[{"href":"https:\/\/www.mdbriefcase.com\/fr\/wp-json\/wp\/v2\/product"}],"about":[{"href":"https:\/\/www.mdbriefcase.com\/fr\/wp-json\/wp\/v2\/types\/product"}],"replies":[{"embeddable":true,"href":"https:\/\/www.mdbriefcase.com\/fr\/wp-json\/wp\/v2\/comments?post=544254"}],"wp:attachment":[{"href":"https:\/\/www.mdbriefcase.com\/fr\/wp-json\/wp\/v2\/media?parent=544254"}],"wp:term":[{"taxonomy":"product_brand","embeddable":true,"href":"https:\/\/www.mdbriefcase.com\/fr\/wp-json\/wp\/v2\/product_brand?post=544254"},{"taxonomy":"product_cat","embeddable":true,"href":"https:\/\/www.mdbriefcase.com\/fr\/wp-json\/wp\/v2\/product_cat?post=544254"},{"taxonomy":"product_tag","embeddable":true,"href":"https:\/\/www.mdbriefcase.com\/fr\/wp-json\/wp\/v2\/product_tag?post=544254"}],"curies":[{"name":"wp","href":"https:\/\/api.w.org\/{rel}","templated":true}]}}