{"id":544248,"date":"2025-07-22T08:46:22","date_gmt":"2025-07-22T12:46:22","guid":{"rendered":"https:\/\/mdbc2.wpenginepowered.com\/product\/approches-pratiques-pour-reduire-la-polypharmacie-problematique\/?courseid="},"modified":"2025-10-30T14:26:51","modified_gmt":"2025-10-30T18:26:51","slug":"approches-pratiques-pour-reduire-la-polypharmacie-problematique","status":"publish","type":"product","link":"https:\/\/www.mdbriefcase.com\/fr\/product\/approches-pratiques-pour-reduire-la-polypharmacie-problematique\/?courseid=","title":{"rendered":"Approches pratiques pour r\u00e9duire la polypharmacie probl\u00e9matique"},"content":{"rendered":"<p><span class=\"NormalTextRun SCXP146224012 BCX0\">Dans cette vid\u00e9o, la D<\/span><span class=\"NormalTextRun Superscript SCXP146224012 BCX0\" data-fontsize=\"14\">re<\/span><span class=\"NormalTextRun SCXP146224012 BCX0\"> Christine <\/span><span class=\"SCXP146224012 BCX0\">Palmay<\/span><span class=\"NormalTextRun SCXP146224012 BCX0\"> aborde diverses strat\u00e9gies permettant de r\u00e9duire la <\/span><span class=\"NormalTextRun SCXP146224012 BCX0\">polypharmacie probl\u00e9matique en contexte de pratique clinique. Elle propose des principes directeurs pour <\/span><span class=\"NormalTextRun SCXP146224012 BCX0\">la gestion des m\u00e9dicaments dans le but d\u2019\u00e9viter les risques inutiles, d\u2019am\u00e9liorer la s\u00e9curit\u00e9 des patients et <\/span><span class=\"NormalTextRun SCXP146224012 BCX0\">d\u2019optimiser les r\u00e9sultats th\u00e9rapeutiques.<\/span><\/p>\n<\/p><\/p>","protected":false},"excerpt":{"rendered":"<p>Dans cette vid\u00e9o, la Dre Christine Palmay aborde diverses strat\u00e9gies permettant de r\u00e9duire la polypharmacie probl\u00e9matique en contexte de pratique clinique. Elle propose des principes directeurs pour la gestion des m\u00e9dicaments dans le but d\u2019\u00e9viter les risques inutiles, d\u2019am\u00e9liorer la s\u00e9curit\u00e9 des patients et d\u2019optimiser les r\u00e9sultats th\u00e9rapeutiques.<\/p>","protected":false},"featured_media":0,"comment_status":"closed","ping_status":"closed","template":"","meta":{"_acf_changed":false,"inline_featured_image":false},"product_brand":[],"product_cat":[],"product_tag":[],"class_list":{"0":"post-544248","1":"product","2":"type-product","3":"status-publish","6":"first","7":"instock","8":"downloadable","9":"virtual","10":"taxable","11":"purchasable","12":"product-type-simple"},"acf":[],"yoast_head":"<!-- This site is optimized with the Yoast SEO plugin v27.0 - https:\/\/yoast.com\/product\/yoast-seo-wordpress\/ -->\n<title>Approches pratiques pour r\u00e9duire la polypharmacie probl\u00e9matique - MDBriefCase<\/title>\n<meta name=\"robots\" content=\"index, follow, max-snippet:-1, max-image-preview:large, max-video-preview:-1\" \/>\n<link rel=\"canonical\" href=\"https:\/\/www.mdbriefcase.com\/fr\/product\/approches-pratiques-pour-reduire-la-polypharmacie-problematique\/?courseid=\" \/>\n<meta property=\"og:locale\" content=\"fr_CA\" \/>\n<meta property=\"og:type\" content=\"article\" \/>\n<meta property=\"og:title\" content=\"Approches pratiques pour r\u00e9duire la polypharmacie probl\u00e9matique - MDBriefCase\" \/>\n<meta property=\"og:description\" content=\"Dans cette vid\u00e9o, la Dre Christine Palmay aborde diverses strat\u00e9gies permettant de r\u00e9duire la polypharmacie probl\u00e9matique en contexte de pratique clinique. Elle propose des principes directeurs pour la gestion des m\u00e9dicaments dans le but d\u2019\u00e9viter les risques inutiles, d\u2019am\u00e9liorer la s\u00e9curit\u00e9 des patients et d\u2019optimiser les r\u00e9sultats th\u00e9rapeutiques.\" \/>\n<meta property=\"og:url\" content=\"https:\/\/www.mdbriefcase.com\/fr\/product\/approches-pratiques-pour-reduire-la-polypharmacie-problematique\/?courseid=\" \/>\n<meta property=\"og:site_name\" content=\"MDBriefCase\" \/>\n<meta property=\"article:modified_time\" content=\"2025-10-30T18:26:51+00:00\" \/>\n<meta name=\"twitter:card\" content=\"summary_large_image\" \/>\n<script type=\"application\/ld+json\" class=\"yoast-schema-graph\">{\"@context\":\"https:\/\/schema.org\",\"@graph\":[{\"@type\":\"WebPage\",\"@id\":\"https:\/\/www.mdbriefcase.com\/product\/approches-pratiques-pour-reduire-la-polypharmacie-problematique\/?courseid=\",\"url\":\"https:\/\/www.mdbriefcase.com\/product\/approches-pratiques-pour-reduire-la-polypharmacie-problematique\/?courseid=\",\"name\":\"Approches pratiques pour r\u00e9duire la polypharmacie probl\u00e9matique - MDBriefCase\",\"isPartOf\":{\"@id\":\"https:\/\/www.mdbriefcase.com\/#website\"},\"datePublished\":\"2025-07-22T12:46:22+00:00\",\"dateModified\":\"2025-10-30T18:26:51+00:00\",\"breadcrumb\":{\"@id\":\"https:\/\/www.mdbriefcase.com\/product\/approches-pratiques-pour-reduire-la-polypharmacie-problematique\/?courseid=#breadcrumb\"},\"inLanguage\":\"fr-CA\",\"potentialAction\":[{\"@type\":\"ReadAction\",\"target\":[\"https:\/\/www.mdbriefcase.com\/product\/approches-pratiques-pour-reduire-la-polypharmacie-problematique\/?courseid=\"]}]},{\"@type\":\"BreadcrumbList\",\"@id\":\"https:\/\/www.mdbriefcase.com\/product\/approches-pratiques-pour-reduire-la-polypharmacie-problematique\/?courseid=#breadcrumb\",\"itemListElement\":[{\"@type\":\"ListItem\",\"position\":1,\"name\":\"Home\",\"item\":\"https:\/\/www.mdbriefcase.com\/\"},{\"@type\":\"ListItem\",\"position\":2,\"name\":\"Shop &#8211; Old\",\"item\":\"https:\/\/www.mdbriefcase.com\/shop\/\"},{\"@type\":\"ListItem\",\"position\":3,\"name\":\"Approches pratiques pour r\u00e9duire la polypharmacie probl\u00e9matique\"}]},{\"@type\":\"WebSite\",\"@id\":\"https:\/\/www.mdbriefcase.com\/#website\",\"url\":\"https:\/\/www.mdbriefcase.com\/\",\"name\":\"MDBriefCase\",\"description\":\"\",\"publisher\":{\"@id\":\"https:\/\/www.mdbriefcase.com\/#organization\"},\"potentialAction\":[{\"@type\":\"SearchAction\",\"target\":{\"@type\":\"EntryPoint\",\"urlTemplate\":\"https:\/\/www.mdbriefcase.com\/?s={search_term_string}\"},\"query-input\":{\"@type\":\"PropertyValueSpecification\",\"valueRequired\":true,\"valueName\":\"search_term_string\"}}],\"inLanguage\":\"fr-CA\"},{\"@type\":\"Organization\",\"@id\":\"https:\/\/www.mdbriefcase.com\/#organization\",\"name\":\"MDBriefCase\",\"url\":\"https:\/\/www.mdbriefcase.com\/\",\"logo\":{\"@type\":\"ImageObject\",\"inLanguage\":\"fr-CA\",\"@id\":\"https:\/\/www.mdbriefcase.com\/#\/schema\/logo\/image\/\",\"url\":\"https:\/\/www.mdbriefcase.com\/wp-content\/uploads\/2024\/07\/logo.webp\",\"contentUrl\":\"https:\/\/www.mdbriefcase.com\/wp-content\/uploads\/2024\/07\/logo.webp\",\"width\":190,\"height\":36,\"caption\":\"MDBriefCase\"},\"image\":{\"@id\":\"https:\/\/www.mdbriefcase.com\/#\/schema\/logo\/image\/\"}}]}<\/script>\n<!-- \/ Yoast SEO plugin. -->","yoast_head_json":{"title":"Approches pratiques pour r\u00e9duire la polypharmacie probl\u00e9matique - MDBriefCase","robots":{"index":"index","follow":"follow","max-snippet":"max-snippet:-1","max-image-preview":"max-image-preview:large","max-video-preview":"max-video-preview:-1"},"canonical":"https:\/\/www.mdbriefcase.com\/fr\/product\/approches-pratiques-pour-reduire-la-polypharmacie-problematique\/?courseid=","og_locale":"fr_CA","og_type":"article","og_title":"Approches pratiques pour r\u00e9duire la polypharmacie probl\u00e9matique - MDBriefCase","og_description":"Dans cette vid\u00e9o, la Dre Christine Palmay aborde diverses strat\u00e9gies permettant de r\u00e9duire la polypharmacie probl\u00e9matique en contexte de pratique clinique. Elle propose des principes directeurs pour la gestion des m\u00e9dicaments dans le but d\u2019\u00e9viter les risques inutiles, d\u2019am\u00e9liorer la s\u00e9curit\u00e9 des patients et d\u2019optimiser les r\u00e9sultats th\u00e9rapeutiques.","og_url":"https:\/\/www.mdbriefcase.com\/fr\/product\/approches-pratiques-pour-reduire-la-polypharmacie-problematique\/?courseid=","og_site_name":"MDBriefCase","article_modified_time":"2025-10-30T18:26:51+00:00","twitter_card":"summary_large_image","schema":{"@context":"https:\/\/schema.org","@graph":[{"@type":"WebPage","@id":"https:\/\/www.mdbriefcase.com\/product\/approches-pratiques-pour-reduire-la-polypharmacie-problematique\/?courseid=","url":"https:\/\/www.mdbriefcase.com\/product\/approches-pratiques-pour-reduire-la-polypharmacie-problematique\/?courseid=","name":"Approches pratiques pour r\u00e9duire la polypharmacie probl\u00e9matique - MDBriefCase","isPartOf":{"@id":"https:\/\/www.mdbriefcase.com\/#website"},"datePublished":"2025-07-22T12:46:22+00:00","dateModified":"2025-10-30T18:26:51+00:00","breadcrumb":{"@id":"https:\/\/www.mdbriefcase.com\/product\/approches-pratiques-pour-reduire-la-polypharmacie-problematique\/?courseid=#breadcrumb"},"inLanguage":"fr-CA","potentialAction":[{"@type":"ReadAction","target":["https:\/\/www.mdbriefcase.com\/product\/approches-pratiques-pour-reduire-la-polypharmacie-problematique\/?courseid="]}]},{"@type":"BreadcrumbList","@id":"https:\/\/www.mdbriefcase.com\/product\/approches-pratiques-pour-reduire-la-polypharmacie-problematique\/?courseid=#breadcrumb","itemListElement":[{"@type":"ListItem","position":1,"name":"Home","item":"https:\/\/www.mdbriefcase.com\/"},{"@type":"ListItem","position":2,"name":"Shop &#8211; Old","item":"https:\/\/www.mdbriefcase.com\/shop\/"},{"@type":"ListItem","position":3,"name":"Approches pratiques pour r\u00e9duire la polypharmacie probl\u00e9matique"}]},{"@type":"WebSite","@id":"https:\/\/www.mdbriefcase.com\/#website","url":"https:\/\/www.mdbriefcase.com\/","name":"MDBriefCase","description":"","publisher":{"@id":"https:\/\/www.mdbriefcase.com\/#organization"},"potentialAction":[{"@type":"SearchAction","target":{"@type":"EntryPoint","urlTemplate":"https:\/\/www.mdbriefcase.com\/?s={search_term_string}"},"query-input":{"@type":"PropertyValueSpecification","valueRequired":true,"valueName":"search_term_string"}}],"inLanguage":"fr-CA"},{"@type":"Organization","@id":"https:\/\/www.mdbriefcase.com\/#organization","name":"MDBriefCase","url":"https:\/\/www.mdbriefcase.com\/","logo":{"@type":"ImageObject","inLanguage":"fr-CA","@id":"https:\/\/www.mdbriefcase.com\/#\/schema\/logo\/image\/","url":"https:\/\/www.mdbriefcase.com\/wp-content\/uploads\/2024\/07\/logo.webp","contentUrl":"https:\/\/www.mdbriefcase.com\/wp-content\/uploads\/2024\/07\/logo.webp","width":190,"height":36,"caption":"MDBriefCase"},"image":{"@id":"https:\/\/www.mdbriefcase.com\/#\/schema\/logo\/image\/"}}]}},"_links":{"self":[{"href":"https:\/\/www.mdbriefcase.com\/fr\/wp-json\/wp\/v2\/product\/544248","targetHints":{"allow":["GET"]}}],"collection":[{"href":"https:\/\/www.mdbriefcase.com\/fr\/wp-json\/wp\/v2\/product"}],"about":[{"href":"https:\/\/www.mdbriefcase.com\/fr\/wp-json\/wp\/v2\/types\/product"}],"replies":[{"embeddable":true,"href":"https:\/\/www.mdbriefcase.com\/fr\/wp-json\/wp\/v2\/comments?post=544248"}],"wp:attachment":[{"href":"https:\/\/www.mdbriefcase.com\/fr\/wp-json\/wp\/v2\/media?parent=544248"}],"wp:term":[{"taxonomy":"product_brand","embeddable":true,"href":"https:\/\/www.mdbriefcase.com\/fr\/wp-json\/wp\/v2\/product_brand?post=544248"},{"taxonomy":"product_cat","embeddable":true,"href":"https:\/\/www.mdbriefcase.com\/fr\/wp-json\/wp\/v2\/product_cat?post=544248"},{"taxonomy":"product_tag","embeddable":true,"href":"https:\/\/www.mdbriefcase.com\/fr\/wp-json\/wp\/v2\/product_tag?post=544248"}],"curies":[{"name":"wp","href":"https:\/\/api.w.org\/{rel}","templated":true}]}}