{"id":543419,"date":"2025-06-20T06:16:51","date_gmt":"2025-06-20T10:16:51","guid":{"rendered":"https:\/\/mdbc2.wpenginepowered.com\/product\/vaccins-approfondir-vos-connaissances-le-conseil-canadien-de-leducation-continue-en-pharmacie-ccecp\/?courseid="},"modified":"2025-06-23T10:01:18","modified_gmt":"2025-06-23T14:01:18","slug":"vaccins-approfondir-vos-connaissances-le-conseil-canadien-de-leducation-continue-en-pharmacie-ccecp","status":"publish","type":"product","link":"https:\/\/www.mdbriefcase.com\/fr\/product\/vaccins-approfondir-vos-connaissances-le-conseil-canadien-de-leducation-continue-en-pharmacie-ccecp\/?courseid=","title":{"rendered":"Vaccins : Approfondir vos connaissances &#8211; Le conseil canadien de l&#8217;\u00e9ducation continue en pharmacie (CCECP)"},"content":{"rendered":"<p>Apr\u00e8s avoir termin\u00e9 ce programme de formation continue, vous serez mieux en mesure :<\/p>\n<ol>\n<li>De discuter de l\u2019\u00e9pid\u00e9miologie de la m\u00e9ningococcie invasive (MI) au Canada<\/li>\n<li>D\u2019expliquer les maladies d\u2019origine hydrique et alimentaire les plus courantes en voyage<\/li>\n<li>Discutez de la transmission et de l\u2019\u00e9pid\u00e9miologie de la fi\u00e8vre jaune<\/li>\n<li>Discutez de la pr\u00e9sentation clinique, des complications et des populations \u00e0 risque<\/li>\n<li>Discutez de l\u2019\u00e9pid\u00e9miologie de la tuberculose et d\u00e9terminez les patients \u00e0 risque d\u2019infection<\/li>\n<\/ol>","protected":false},"excerpt":{"rendered":"<p>Apr\u00e8s avoir termin\u00e9 ce programme de formation continue, vous serez mieux en mesure : De discuter de l\u2019\u00e9pid\u00e9miologie de la m\u00e9ningococcie invasive (MI) au Canada D\u2019expliquer les maladies d\u2019origine hydrique et alimentaire les plus courantes en voyage Discutez de la transmission et de l\u2019\u00e9pid\u00e9miologie de la fi\u00e8vre jaune Discutez de la pr\u00e9sentation clinique, des complications [&hellip;]<\/p>\n","protected":false},"featured_media":0,"comment_status":"closed","ping_status":"closed","template":"","meta":{"_acf_changed":false,"inline_featured_image":false},"product_brand":[],"product_cat":[],"product_tag":[],"class_list":{"0":"post-543419","1":"product","2":"type-product","3":"status-publish","6":"first","7":"instock","8":"downloadable","9":"virtual","10":"taxable","11":"purchasable","12":"product-type-simple"},"acf":[],"yoast_head":"<!-- This site is optimized with the Yoast SEO plugin v27.0 - https:\/\/yoast.com\/product\/yoast-seo-wordpress\/ -->\n<title>Vaccins : Approfondir vos connaissances - Le conseil canadien de l&#039;\u00e9ducation continue en pharmacie (CCECP) - MDBriefCase<\/title>\n<meta name=\"robots\" content=\"index, follow, max-snippet:-1, max-image-preview:large, max-video-preview:-1\" \/>\n<link rel=\"canonical\" href=\"https:\/\/www.mdbriefcase.com\/fr\/product\/vaccins-approfondir-vos-connaissances-le-conseil-canadien-de-leducation-continue-en-pharmacie-ccecp\/?courseid=\" \/>\n<meta property=\"og:locale\" content=\"fr_CA\" \/>\n<meta property=\"og:type\" content=\"article\" \/>\n<meta property=\"og:title\" content=\"Vaccins : Approfondir vos connaissances - Le conseil canadien de l&#039;\u00e9ducation continue en pharmacie (CCECP) - MDBriefCase\" \/>\n<meta property=\"og:description\" content=\"Apr\u00e8s avoir termin\u00e9 ce programme de formation continue, vous serez mieux en mesure : De discuter de l\u2019\u00e9pid\u00e9miologie de la m\u00e9ningococcie invasive (MI) au Canada D\u2019expliquer les maladies d\u2019origine hydrique et alimentaire les plus courantes en voyage Discutez de la transmission et de l\u2019\u00e9pid\u00e9miologie de la fi\u00e8vre jaune Discutez de la pr\u00e9sentation clinique, des complications [&hellip;]\" \/>\n<meta property=\"og:url\" content=\"https:\/\/www.mdbriefcase.com\/fr\/product\/vaccins-approfondir-vos-connaissances-le-conseil-canadien-de-leducation-continue-en-pharmacie-ccecp\/?courseid=\" \/>\n<meta property=\"og:site_name\" content=\"MDBriefCase\" \/>\n<meta property=\"article:modified_time\" content=\"2025-06-23T14:01:18+00:00\" \/>\n<meta name=\"twitter:card\" content=\"summary_large_image\" \/>\n<script type=\"application\/ld+json\" class=\"yoast-schema-graph\">{\"@context\":\"https:\/\/schema.org\",\"@graph\":[{\"@type\":\"WebPage\",\"@id\":\"https:\/\/www.mdbriefcase.com\/product\/vaccins-approfondir-vos-connaissances-le-conseil-canadien-de-leducation-continue-en-pharmacie-ccecp\/?courseid=\",\"url\":\"https:\/\/www.mdbriefcase.com\/product\/vaccins-approfondir-vos-connaissances-le-conseil-canadien-de-leducation-continue-en-pharmacie-ccecp\/?courseid=\",\"name\":\"Vaccins : Approfondir vos connaissances - Le conseil canadien de l'\u00e9ducation continue en pharmacie (CCECP) - MDBriefCase\",\"isPartOf\":{\"@id\":\"https:\/\/www.mdbriefcase.com\/#website\"},\"datePublished\":\"2025-06-20T10:16:51+00:00\",\"dateModified\":\"2025-06-23T14:01:18+00:00\",\"breadcrumb\":{\"@id\":\"https:\/\/www.mdbriefcase.com\/product\/vaccins-approfondir-vos-connaissances-le-conseil-canadien-de-leducation-continue-en-pharmacie-ccecp\/?courseid=#breadcrumb\"},\"inLanguage\":\"fr-CA\",\"potentialAction\":[{\"@type\":\"ReadAction\",\"target\":[\"https:\/\/www.mdbriefcase.com\/product\/vaccins-approfondir-vos-connaissances-le-conseil-canadien-de-leducation-continue-en-pharmacie-ccecp\/?courseid=\"]}]},{\"@type\":\"BreadcrumbList\",\"@id\":\"https:\/\/www.mdbriefcase.com\/product\/vaccins-approfondir-vos-connaissances-le-conseil-canadien-de-leducation-continue-en-pharmacie-ccecp\/?courseid=#breadcrumb\",\"itemListElement\":[{\"@type\":\"ListItem\",\"position\":1,\"name\":\"Home\",\"item\":\"https:\/\/www.mdbriefcase.com\/\"},{\"@type\":\"ListItem\",\"position\":2,\"name\":\"Shop &#8211; Old\",\"item\":\"https:\/\/www.mdbriefcase.com\/shop\/\"},{\"@type\":\"ListItem\",\"position\":3,\"name\":\"Vaccins : Approfondir vos connaissances &#8211; Le conseil canadien de l&#8217;\u00e9ducation continue en pharmacie (CCECP)\"}]},{\"@type\":\"WebSite\",\"@id\":\"https:\/\/www.mdbriefcase.com\/#website\",\"url\":\"https:\/\/www.mdbriefcase.com\/\",\"name\":\"MDBriefCase\",\"description\":\"\",\"publisher\":{\"@id\":\"https:\/\/www.mdbriefcase.com\/#organization\"},\"potentialAction\":[{\"@type\":\"SearchAction\",\"target\":{\"@type\":\"EntryPoint\",\"urlTemplate\":\"https:\/\/www.mdbriefcase.com\/?s={search_term_string}\"},\"query-input\":{\"@type\":\"PropertyValueSpecification\",\"valueRequired\":true,\"valueName\":\"search_term_string\"}}],\"inLanguage\":\"fr-CA\"},{\"@type\":\"Organization\",\"@id\":\"https:\/\/www.mdbriefcase.com\/#organization\",\"name\":\"MDBriefCase\",\"url\":\"https:\/\/www.mdbriefcase.com\/\",\"logo\":{\"@type\":\"ImageObject\",\"inLanguage\":\"fr-CA\",\"@id\":\"https:\/\/www.mdbriefcase.com\/#\/schema\/logo\/image\/\",\"url\":\"https:\/\/www.mdbriefcase.com\/wp-content\/uploads\/2024\/07\/logo.webp\",\"contentUrl\":\"https:\/\/www.mdbriefcase.com\/wp-content\/uploads\/2024\/07\/logo.webp\",\"width\":190,\"height\":36,\"caption\":\"MDBriefCase\"},\"image\":{\"@id\":\"https:\/\/www.mdbriefcase.com\/#\/schema\/logo\/image\/\"}}]}<\/script>\n<!-- \/ Yoast SEO plugin. -->","yoast_head_json":{"title":"Vaccins : Approfondir vos connaissances - Le conseil canadien de l'\u00e9ducation continue en pharmacie (CCECP) - MDBriefCase","robots":{"index":"index","follow":"follow","max-snippet":"max-snippet:-1","max-image-preview":"max-image-preview:large","max-video-preview":"max-video-preview:-1"},"canonical":"https:\/\/www.mdbriefcase.com\/fr\/product\/vaccins-approfondir-vos-connaissances-le-conseil-canadien-de-leducation-continue-en-pharmacie-ccecp\/?courseid=","og_locale":"fr_CA","og_type":"article","og_title":"Vaccins : Approfondir vos connaissances - Le conseil canadien de l'\u00e9ducation continue en pharmacie (CCECP) - MDBriefCase","og_description":"Apr\u00e8s avoir termin\u00e9 ce programme de formation continue, vous serez mieux en mesure : De discuter de l\u2019\u00e9pid\u00e9miologie de la m\u00e9ningococcie invasive (MI) au Canada D\u2019expliquer les maladies d\u2019origine hydrique et alimentaire les plus courantes en voyage Discutez de la transmission et de l\u2019\u00e9pid\u00e9miologie de la fi\u00e8vre jaune Discutez de la pr\u00e9sentation clinique, des complications [&hellip;]","og_url":"https:\/\/www.mdbriefcase.com\/fr\/product\/vaccins-approfondir-vos-connaissances-le-conseil-canadien-de-leducation-continue-en-pharmacie-ccecp\/?courseid=","og_site_name":"MDBriefCase","article_modified_time":"2025-06-23T14:01:18+00:00","twitter_card":"summary_large_image","schema":{"@context":"https:\/\/schema.org","@graph":[{"@type":"WebPage","@id":"https:\/\/www.mdbriefcase.com\/product\/vaccins-approfondir-vos-connaissances-le-conseil-canadien-de-leducation-continue-en-pharmacie-ccecp\/?courseid=","url":"https:\/\/www.mdbriefcase.com\/product\/vaccins-approfondir-vos-connaissances-le-conseil-canadien-de-leducation-continue-en-pharmacie-ccecp\/?courseid=","name":"Vaccins : Approfondir vos connaissances - Le conseil canadien de l'\u00e9ducation continue en pharmacie (CCECP) - MDBriefCase","isPartOf":{"@id":"https:\/\/www.mdbriefcase.com\/#website"},"datePublished":"2025-06-20T10:16:51+00:00","dateModified":"2025-06-23T14:01:18+00:00","breadcrumb":{"@id":"https:\/\/www.mdbriefcase.com\/product\/vaccins-approfondir-vos-connaissances-le-conseil-canadien-de-leducation-continue-en-pharmacie-ccecp\/?courseid=#breadcrumb"},"inLanguage":"fr-CA","potentialAction":[{"@type":"ReadAction","target":["https:\/\/www.mdbriefcase.com\/product\/vaccins-approfondir-vos-connaissances-le-conseil-canadien-de-leducation-continue-en-pharmacie-ccecp\/?courseid="]}]},{"@type":"BreadcrumbList","@id":"https:\/\/www.mdbriefcase.com\/product\/vaccins-approfondir-vos-connaissances-le-conseil-canadien-de-leducation-continue-en-pharmacie-ccecp\/?courseid=#breadcrumb","itemListElement":[{"@type":"ListItem","position":1,"name":"Home","item":"https:\/\/www.mdbriefcase.com\/"},{"@type":"ListItem","position":2,"name":"Shop &#8211; Old","item":"https:\/\/www.mdbriefcase.com\/shop\/"},{"@type":"ListItem","position":3,"name":"Vaccins : Approfondir vos connaissances &#8211; Le conseil canadien de l&#8217;\u00e9ducation continue en pharmacie (CCECP)"}]},{"@type":"WebSite","@id":"https:\/\/www.mdbriefcase.com\/#website","url":"https:\/\/www.mdbriefcase.com\/","name":"MDBriefCase","description":"","publisher":{"@id":"https:\/\/www.mdbriefcase.com\/#organization"},"potentialAction":[{"@type":"SearchAction","target":{"@type":"EntryPoint","urlTemplate":"https:\/\/www.mdbriefcase.com\/?s={search_term_string}"},"query-input":{"@type":"PropertyValueSpecification","valueRequired":true,"valueName":"search_term_string"}}],"inLanguage":"fr-CA"},{"@type":"Organization","@id":"https:\/\/www.mdbriefcase.com\/#organization","name":"MDBriefCase","url":"https:\/\/www.mdbriefcase.com\/","logo":{"@type":"ImageObject","inLanguage":"fr-CA","@id":"https:\/\/www.mdbriefcase.com\/#\/schema\/logo\/image\/","url":"https:\/\/www.mdbriefcase.com\/wp-content\/uploads\/2024\/07\/logo.webp","contentUrl":"https:\/\/www.mdbriefcase.com\/wp-content\/uploads\/2024\/07\/logo.webp","width":190,"height":36,"caption":"MDBriefCase"},"image":{"@id":"https:\/\/www.mdbriefcase.com\/#\/schema\/logo\/image\/"}}]}},"_links":{"self":[{"href":"https:\/\/www.mdbriefcase.com\/fr\/wp-json\/wp\/v2\/product\/543419","targetHints":{"allow":["GET"]}}],"collection":[{"href":"https:\/\/www.mdbriefcase.com\/fr\/wp-json\/wp\/v2\/product"}],"about":[{"href":"https:\/\/www.mdbriefcase.com\/fr\/wp-json\/wp\/v2\/types\/product"}],"replies":[{"embeddable":true,"href":"https:\/\/www.mdbriefcase.com\/fr\/wp-json\/wp\/v2\/comments?post=543419"}],"wp:attachment":[{"href":"https:\/\/www.mdbriefcase.com\/fr\/wp-json\/wp\/v2\/media?parent=543419"}],"wp:term":[{"taxonomy":"product_brand","embeddable":true,"href":"https:\/\/www.mdbriefcase.com\/fr\/wp-json\/wp\/v2\/product_brand?post=543419"},{"taxonomy":"product_cat","embeddable":true,"href":"https:\/\/www.mdbriefcase.com\/fr\/wp-json\/wp\/v2\/product_cat?post=543419"},{"taxonomy":"product_tag","embeddable":true,"href":"https:\/\/www.mdbriefcase.com\/fr\/wp-json\/wp\/v2\/product_tag?post=543419"}],"curies":[{"name":"wp","href":"https:\/\/api.w.org\/{rel}","templated":true}]}}