{"id":543363,"date":"2025-06-20T06:16:40","date_gmt":"2025-06-20T10:16:40","guid":{"rendered":"https:\/\/mdbc2.wpenginepowered.com\/product\/levolution-du-role-du-medecin-de-soins-primaires-dans-la-prise-en-charge-des-patients-atteints-de-colite-ulcereuse-mainpro\/?courseid="},"modified":"2025-06-23T10:06:18","modified_gmt":"2025-06-23T14:06:18","slug":"levolution-du-role-du-medecin-de-soins-primaires-dans-la-prise-en-charge-des-patients-atteints-de-colite-ulcereuse-mainpro","status":"publish","type":"product","link":"https:\/\/www.mdbriefcase.com\/fr\/product\/levolution-du-role-du-medecin-de-soins-primaires-dans-la-prise-en-charge-des-patients-atteints-de-colite-ulcereuse-mainpro\/?courseid=","title":{"rendered":"L&#8217;\u00e9volution du r\u00f4le du m\u00e9decin de soins primaires dans la prise en charge des patients atteints de colite ulc\u00e9reuse &#8211; Mainpro+"},"content":{"rendered":"","protected":false},"excerpt":{"rendered":"","protected":false},"featured_media":0,"comment_status":"closed","ping_status":"closed","template":"","meta":{"_acf_changed":false,"inline_featured_image":false},"product_brand":[],"product_cat":[],"product_tag":[],"class_list":{"0":"post-543363","1":"product","2":"type-product","3":"status-publish","6":"first","7":"instock","8":"downloadable","9":"virtual","10":"taxable","11":"purchasable","12":"product-type-simple"},"acf":[],"yoast_head":"<!-- This site is optimized with the Yoast SEO plugin v27.0 - https:\/\/yoast.com\/product\/yoast-seo-wordpress\/ -->\n<title>L&#039;\u00e9volution du r\u00f4le du m\u00e9decin de soins primaires dans la prise en charge des patients atteints de colite ulc\u00e9reuse - Mainpro+ - MDBriefCase<\/title>\n<meta name=\"robots\" content=\"index, follow, max-snippet:-1, max-image-preview:large, max-video-preview:-1\" \/>\n<link rel=\"canonical\" href=\"https:\/\/www.mdbriefcase.com\/fr\/product\/levolution-du-role-du-medecin-de-soins-primaires-dans-la-prise-en-charge-des-patients-atteints-de-colite-ulcereuse-mainpro\/?courseid=\" \/>\n<meta property=\"og:locale\" content=\"fr_CA\" \/>\n<meta property=\"og:type\" content=\"article\" \/>\n<meta property=\"og:title\" content=\"L&#039;\u00e9volution du r\u00f4le du m\u00e9decin de soins primaires dans la prise en charge des patients atteints de colite ulc\u00e9reuse - Mainpro+ - MDBriefCase\" \/>\n<meta property=\"og:url\" content=\"https:\/\/www.mdbriefcase.com\/fr\/product\/levolution-du-role-du-medecin-de-soins-primaires-dans-la-prise-en-charge-des-patients-atteints-de-colite-ulcereuse-mainpro\/?courseid=\" \/>\n<meta property=\"og:site_name\" content=\"MDBriefCase\" \/>\n<meta property=\"article:modified_time\" content=\"2025-06-23T14:06:18+00:00\" \/>\n<meta name=\"twitter:card\" content=\"summary_large_image\" \/>\n<script type=\"application\/ld+json\" class=\"yoast-schema-graph\">{\"@context\":\"https:\/\/schema.org\",\"@graph\":[{\"@type\":\"WebPage\",\"@id\":\"https:\/\/www.mdbriefcase.com\/product\/levolution-du-role-du-medecin-de-soins-primaires-dans-la-prise-en-charge-des-patients-atteints-de-colite-ulcereuse-mainpro\/?courseid=\",\"url\":\"https:\/\/www.mdbriefcase.com\/product\/levolution-du-role-du-medecin-de-soins-primaires-dans-la-prise-en-charge-des-patients-atteints-de-colite-ulcereuse-mainpro\/?courseid=\",\"name\":\"L'\u00e9volution du r\u00f4le du m\u00e9decin de soins primaires dans la prise en charge des patients atteints de colite ulc\u00e9reuse - Mainpro+ - MDBriefCase\",\"isPartOf\":{\"@id\":\"https:\/\/www.mdbriefcase.com\/#website\"},\"datePublished\":\"2025-06-20T10:16:40+00:00\",\"dateModified\":\"2025-06-23T14:06:18+00:00\",\"breadcrumb\":{\"@id\":\"https:\/\/www.mdbriefcase.com\/product\/levolution-du-role-du-medecin-de-soins-primaires-dans-la-prise-en-charge-des-patients-atteints-de-colite-ulcereuse-mainpro\/?courseid=#breadcrumb\"},\"inLanguage\":\"fr-CA\",\"potentialAction\":[{\"@type\":\"ReadAction\",\"target\":[\"https:\/\/www.mdbriefcase.com\/product\/levolution-du-role-du-medecin-de-soins-primaires-dans-la-prise-en-charge-des-patients-atteints-de-colite-ulcereuse-mainpro\/?courseid=\"]}]},{\"@type\":\"BreadcrumbList\",\"@id\":\"https:\/\/www.mdbriefcase.com\/product\/levolution-du-role-du-medecin-de-soins-primaires-dans-la-prise-en-charge-des-patients-atteints-de-colite-ulcereuse-mainpro\/?courseid=#breadcrumb\",\"itemListElement\":[{\"@type\":\"ListItem\",\"position\":1,\"name\":\"Home\",\"item\":\"https:\/\/www.mdbriefcase.com\/\"},{\"@type\":\"ListItem\",\"position\":2,\"name\":\"Shop &#8211; Old\",\"item\":\"https:\/\/www.mdbriefcase.com\/shop\/\"},{\"@type\":\"ListItem\",\"position\":3,\"name\":\"L&#8217;\u00e9volution du r\u00f4le du m\u00e9decin de soins primaires dans la prise en charge des patients atteints de colite ulc\u00e9reuse &#8211; Mainpro+\"}]},{\"@type\":\"WebSite\",\"@id\":\"https:\/\/www.mdbriefcase.com\/#website\",\"url\":\"https:\/\/www.mdbriefcase.com\/\",\"name\":\"MDBriefCase\",\"description\":\"\",\"publisher\":{\"@id\":\"https:\/\/www.mdbriefcase.com\/#organization\"},\"potentialAction\":[{\"@type\":\"SearchAction\",\"target\":{\"@type\":\"EntryPoint\",\"urlTemplate\":\"https:\/\/www.mdbriefcase.com\/?s={search_term_string}\"},\"query-input\":{\"@type\":\"PropertyValueSpecification\",\"valueRequired\":true,\"valueName\":\"search_term_string\"}}],\"inLanguage\":\"fr-CA\"},{\"@type\":\"Organization\",\"@id\":\"https:\/\/www.mdbriefcase.com\/#organization\",\"name\":\"MDBriefCase\",\"url\":\"https:\/\/www.mdbriefcase.com\/\",\"logo\":{\"@type\":\"ImageObject\",\"inLanguage\":\"fr-CA\",\"@id\":\"https:\/\/www.mdbriefcase.com\/#\/schema\/logo\/image\/\",\"url\":\"https:\/\/www.mdbriefcase.com\/wp-content\/uploads\/2024\/07\/logo.webp\",\"contentUrl\":\"https:\/\/www.mdbriefcase.com\/wp-content\/uploads\/2024\/07\/logo.webp\",\"width\":190,\"height\":36,\"caption\":\"MDBriefCase\"},\"image\":{\"@id\":\"https:\/\/www.mdbriefcase.com\/#\/schema\/logo\/image\/\"}}]}<\/script>\n<!-- \/ Yoast SEO plugin. -->","yoast_head_json":{"title":"L'\u00e9volution du r\u00f4le du m\u00e9decin de soins primaires dans la prise en charge des patients atteints de colite ulc\u00e9reuse - Mainpro+ - MDBriefCase","robots":{"index":"index","follow":"follow","max-snippet":"max-snippet:-1","max-image-preview":"max-image-preview:large","max-video-preview":"max-video-preview:-1"},"canonical":"https:\/\/www.mdbriefcase.com\/fr\/product\/levolution-du-role-du-medecin-de-soins-primaires-dans-la-prise-en-charge-des-patients-atteints-de-colite-ulcereuse-mainpro\/?courseid=","og_locale":"fr_CA","og_type":"article","og_title":"L'\u00e9volution du r\u00f4le du m\u00e9decin de soins primaires dans la prise en charge des patients atteints de colite ulc\u00e9reuse - Mainpro+ - MDBriefCase","og_url":"https:\/\/www.mdbriefcase.com\/fr\/product\/levolution-du-role-du-medecin-de-soins-primaires-dans-la-prise-en-charge-des-patients-atteints-de-colite-ulcereuse-mainpro\/?courseid=","og_site_name":"MDBriefCase","article_modified_time":"2025-06-23T14:06:18+00:00","twitter_card":"summary_large_image","schema":{"@context":"https:\/\/schema.org","@graph":[{"@type":"WebPage","@id":"https:\/\/www.mdbriefcase.com\/product\/levolution-du-role-du-medecin-de-soins-primaires-dans-la-prise-en-charge-des-patients-atteints-de-colite-ulcereuse-mainpro\/?courseid=","url":"https:\/\/www.mdbriefcase.com\/product\/levolution-du-role-du-medecin-de-soins-primaires-dans-la-prise-en-charge-des-patients-atteints-de-colite-ulcereuse-mainpro\/?courseid=","name":"L'\u00e9volution du r\u00f4le du m\u00e9decin de soins primaires dans la prise en charge des patients atteints de colite ulc\u00e9reuse - Mainpro+ - MDBriefCase","isPartOf":{"@id":"https:\/\/www.mdbriefcase.com\/#website"},"datePublished":"2025-06-20T10:16:40+00:00","dateModified":"2025-06-23T14:06:18+00:00","breadcrumb":{"@id":"https:\/\/www.mdbriefcase.com\/product\/levolution-du-role-du-medecin-de-soins-primaires-dans-la-prise-en-charge-des-patients-atteints-de-colite-ulcereuse-mainpro\/?courseid=#breadcrumb"},"inLanguage":"fr-CA","potentialAction":[{"@type":"ReadAction","target":["https:\/\/www.mdbriefcase.com\/product\/levolution-du-role-du-medecin-de-soins-primaires-dans-la-prise-en-charge-des-patients-atteints-de-colite-ulcereuse-mainpro\/?courseid="]}]},{"@type":"BreadcrumbList","@id":"https:\/\/www.mdbriefcase.com\/product\/levolution-du-role-du-medecin-de-soins-primaires-dans-la-prise-en-charge-des-patients-atteints-de-colite-ulcereuse-mainpro\/?courseid=#breadcrumb","itemListElement":[{"@type":"ListItem","position":1,"name":"Home","item":"https:\/\/www.mdbriefcase.com\/"},{"@type":"ListItem","position":2,"name":"Shop &#8211; Old","item":"https:\/\/www.mdbriefcase.com\/shop\/"},{"@type":"ListItem","position":3,"name":"L&#8217;\u00e9volution du r\u00f4le du m\u00e9decin de soins primaires dans la prise en charge des patients atteints de colite ulc\u00e9reuse &#8211; Mainpro+"}]},{"@type":"WebSite","@id":"https:\/\/www.mdbriefcase.com\/#website","url":"https:\/\/www.mdbriefcase.com\/","name":"MDBriefCase","description":"","publisher":{"@id":"https:\/\/www.mdbriefcase.com\/#organization"},"potentialAction":[{"@type":"SearchAction","target":{"@type":"EntryPoint","urlTemplate":"https:\/\/www.mdbriefcase.com\/?s={search_term_string}"},"query-input":{"@type":"PropertyValueSpecification","valueRequired":true,"valueName":"search_term_string"}}],"inLanguage":"fr-CA"},{"@type":"Organization","@id":"https:\/\/www.mdbriefcase.com\/#organization","name":"MDBriefCase","url":"https:\/\/www.mdbriefcase.com\/","logo":{"@type":"ImageObject","inLanguage":"fr-CA","@id":"https:\/\/www.mdbriefcase.com\/#\/schema\/logo\/image\/","url":"https:\/\/www.mdbriefcase.com\/wp-content\/uploads\/2024\/07\/logo.webp","contentUrl":"https:\/\/www.mdbriefcase.com\/wp-content\/uploads\/2024\/07\/logo.webp","width":190,"height":36,"caption":"MDBriefCase"},"image":{"@id":"https:\/\/www.mdbriefcase.com\/#\/schema\/logo\/image\/"}}]}},"_links":{"self":[{"href":"https:\/\/www.mdbriefcase.com\/fr\/wp-json\/wp\/v2\/product\/543363","targetHints":{"allow":["GET"]}}],"collection":[{"href":"https:\/\/www.mdbriefcase.com\/fr\/wp-json\/wp\/v2\/product"}],"about":[{"href":"https:\/\/www.mdbriefcase.com\/fr\/wp-json\/wp\/v2\/types\/product"}],"replies":[{"embeddable":true,"href":"https:\/\/www.mdbriefcase.com\/fr\/wp-json\/wp\/v2\/comments?post=543363"}],"wp:attachment":[{"href":"https:\/\/www.mdbriefcase.com\/fr\/wp-json\/wp\/v2\/media?parent=543363"}],"wp:term":[{"taxonomy":"product_brand","embeddable":true,"href":"https:\/\/www.mdbriefcase.com\/fr\/wp-json\/wp\/v2\/product_brand?post=543363"},{"taxonomy":"product_cat","embeddable":true,"href":"https:\/\/www.mdbriefcase.com\/fr\/wp-json\/wp\/v2\/product_cat?post=543363"},{"taxonomy":"product_tag","embeddable":true,"href":"https:\/\/www.mdbriefcase.com\/fr\/wp-json\/wp\/v2\/product_tag?post=543363"}],"curies":[{"name":"wp","href":"https:\/\/api.w.org\/{rel}","templated":true}]}}