{"id":543218,"date":"2025-06-20T06:16:09","date_gmt":"2025-06-20T10:16:09","guid":{"rendered":"https:\/\/mdbc2.wpenginepowered.com\/product\/cholesterol-dorigine-alimentaire-matieres-grasses-dyslipidemie-et-maladie-cardiovasculaire-mainpro\/?courseid="},"modified":"2025-06-23T10:09:03","modified_gmt":"2025-06-23T14:09:03","slug":"cholesterol-dorigine-alimentaire-matieres-grasses-dyslipidemie-et-maladie-cardiovasculaire-mainpro","status":"publish","type":"product","link":"https:\/\/www.mdbriefcase.com\/fr\/product\/cholesterol-dorigine-alimentaire-matieres-grasses-dyslipidemie-et-maladie-cardiovasculaire-mainpro\/?courseid=","title":{"rendered":"Cholest\u00e9rol d&#8217;origine alimentaire, mati\u00e8res grasses, dyslipid\u00e9mie et maladie cardiovasculaire &#8211; Mainpro+"},"content":{"rendered":"<ol>\n<li>\u00e9num\u00e9rer les lignes directrices actuelles fond\u00e9es sur les donn\u00e9es cliniques concernant la sant\u00e9 cardiovasculaire, ainsi que les facteurs de risque cardiovasculaire;<\/li>\n<li>d\u00e9crire les effets du cholest\u00e9rol d&#8217;origine alimentaire, des gras satur\u00e9s et des gras trans sur les taux s\u00e9riques de cholest\u00e9rol et le risque de maladie cardiovasculaire;<\/li>\n<li>nommer les aliments qui constituent des sources de cholest\u00e9rol, de gras satur\u00e9s et de gras trans;<\/li>\n<li>indiquer les effets des gras mono-insatur\u00e9s et polyinsatur\u00e9s sur la sant\u00e9 cardiaque et recommander aux patients des sources alimentaires convenables de ces types de gras;<\/li>\n<li>expliquer le r\u00f4le des acides gras om\u00e9ga-3 dans la sant\u00e9 cardiaque et recommander aux patients des sources alimentaires appropri\u00e9es de ce type de gras;<\/li>\n<li>corriger les id\u00e9es fausses concernant les sources alimentaires de cholest\u00e9rol et le risque de maladie cardiovasculaire;<\/li>\n<li>conseiller les patients quant aux changements alimentaires ad\u00e9quats \u00e0 apporter afin d&#8217;am\u00e9liorer leur sant\u00e9 cardiaque et de r\u00e9duire le risque de maladie cardiovasculaire.<\/li>\n<\/ol>","protected":false},"excerpt":{"rendered":"<p>\u00e9num\u00e9rer les lignes directrices actuelles fond\u00e9es sur les donn\u00e9es cliniques concernant la sant\u00e9 cardiovasculaire, ainsi que les facteurs de risque cardiovasculaire; d\u00e9crire les effets du cholest\u00e9rol d&#8217;origine alimentaire, des gras satur\u00e9s et des gras trans sur les taux s\u00e9riques de cholest\u00e9rol et le risque de maladie cardiovasculaire; nommer les aliments qui constituent des sources de [&hellip;]<\/p>\n","protected":false},"featured_media":0,"comment_status":"closed","ping_status":"closed","template":"","meta":{"_acf_changed":false,"inline_featured_image":false},"product_brand":[],"product_cat":[],"product_tag":[],"class_list":{"0":"post-543218","1":"product","2":"type-product","3":"status-publish","6":"first","7":"instock","8":"downloadable","9":"virtual","10":"taxable","11":"purchasable","12":"product-type-simple"},"acf":[],"yoast_head":"<!-- This site is optimized with the Yoast SEO plugin v27.0 - https:\/\/yoast.com\/product\/yoast-seo-wordpress\/ -->\n<title>Cholest\u00e9rol d&#039;origine alimentaire, mati\u00e8res grasses, dyslipid\u00e9mie et maladie cardiovasculaire - Mainpro+ - MDBriefCase<\/title>\n<meta name=\"robots\" content=\"index, follow, max-snippet:-1, max-image-preview:large, max-video-preview:-1\" \/>\n<link rel=\"canonical\" href=\"https:\/\/www.mdbriefcase.com\/fr\/product\/cholesterol-dorigine-alimentaire-matieres-grasses-dyslipidemie-et-maladie-cardiovasculaire-mainpro\/?courseid=\" \/>\n<meta property=\"og:locale\" content=\"fr_CA\" \/>\n<meta property=\"og:type\" content=\"article\" \/>\n<meta property=\"og:title\" content=\"Cholest\u00e9rol d&#039;origine alimentaire, mati\u00e8res grasses, dyslipid\u00e9mie et maladie cardiovasculaire - Mainpro+ - MDBriefCase\" \/>\n<meta property=\"og:description\" content=\"\u00e9num\u00e9rer les lignes directrices actuelles fond\u00e9es sur les donn\u00e9es cliniques concernant la sant\u00e9 cardiovasculaire, ainsi que les facteurs de risque cardiovasculaire; d\u00e9crire les effets du cholest\u00e9rol d&#8217;origine alimentaire, des gras satur\u00e9s et des gras trans sur les taux s\u00e9riques de cholest\u00e9rol et le risque de maladie cardiovasculaire; nommer les aliments qui constituent des sources de [&hellip;]\" \/>\n<meta property=\"og:url\" content=\"https:\/\/www.mdbriefcase.com\/fr\/product\/cholesterol-dorigine-alimentaire-matieres-grasses-dyslipidemie-et-maladie-cardiovasculaire-mainpro\/?courseid=\" \/>\n<meta property=\"og:site_name\" content=\"MDBriefCase\" \/>\n<meta property=\"article:modified_time\" content=\"2025-06-23T14:09:03+00:00\" \/>\n<meta name=\"twitter:card\" content=\"summary_large_image\" \/>\n<meta name=\"twitter:label1\" content=\"Est. reading time\" \/>\n\t<meta name=\"twitter:data1\" content=\"1 minute\" \/>\n<script type=\"application\/ld+json\" class=\"yoast-schema-graph\">{\"@context\":\"https:\/\/schema.org\",\"@graph\":[{\"@type\":\"WebPage\",\"@id\":\"https:\/\/www.mdbriefcase.com\/product\/cholesterol-dorigine-alimentaire-matieres-grasses-dyslipidemie-et-maladie-cardiovasculaire-mainpro\/?courseid=\",\"url\":\"https:\/\/www.mdbriefcase.com\/product\/cholesterol-dorigine-alimentaire-matieres-grasses-dyslipidemie-et-maladie-cardiovasculaire-mainpro\/?courseid=\",\"name\":\"Cholest\u00e9rol d'origine alimentaire, mati\u00e8res grasses, dyslipid\u00e9mie et maladie cardiovasculaire - Mainpro+ - MDBriefCase\",\"isPartOf\":{\"@id\":\"https:\/\/www.mdbriefcase.com\/#website\"},\"datePublished\":\"2025-06-20T10:16:09+00:00\",\"dateModified\":\"2025-06-23T14:09:03+00:00\",\"breadcrumb\":{\"@id\":\"https:\/\/www.mdbriefcase.com\/product\/cholesterol-dorigine-alimentaire-matieres-grasses-dyslipidemie-et-maladie-cardiovasculaire-mainpro\/?courseid=#breadcrumb\"},\"inLanguage\":\"fr-CA\",\"potentialAction\":[{\"@type\":\"ReadAction\",\"target\":[\"https:\/\/www.mdbriefcase.com\/product\/cholesterol-dorigine-alimentaire-matieres-grasses-dyslipidemie-et-maladie-cardiovasculaire-mainpro\/?courseid=\"]}]},{\"@type\":\"BreadcrumbList\",\"@id\":\"https:\/\/www.mdbriefcase.com\/product\/cholesterol-dorigine-alimentaire-matieres-grasses-dyslipidemie-et-maladie-cardiovasculaire-mainpro\/?courseid=#breadcrumb\",\"itemListElement\":[{\"@type\":\"ListItem\",\"position\":1,\"name\":\"Home\",\"item\":\"https:\/\/www.mdbriefcase.com\/\"},{\"@type\":\"ListItem\",\"position\":2,\"name\":\"Shop &#8211; Old\",\"item\":\"https:\/\/www.mdbriefcase.com\/shop\/\"},{\"@type\":\"ListItem\",\"position\":3,\"name\":\"Cholest\u00e9rol d&#8217;origine alimentaire, mati\u00e8res grasses, dyslipid\u00e9mie et maladie cardiovasculaire &#8211; Mainpro+\"}]},{\"@type\":\"WebSite\",\"@id\":\"https:\/\/www.mdbriefcase.com\/#website\",\"url\":\"https:\/\/www.mdbriefcase.com\/\",\"name\":\"MDBriefCase\",\"description\":\"\",\"publisher\":{\"@id\":\"https:\/\/www.mdbriefcase.com\/#organization\"},\"potentialAction\":[{\"@type\":\"SearchAction\",\"target\":{\"@type\":\"EntryPoint\",\"urlTemplate\":\"https:\/\/www.mdbriefcase.com\/?s={search_term_string}\"},\"query-input\":{\"@type\":\"PropertyValueSpecification\",\"valueRequired\":true,\"valueName\":\"search_term_string\"}}],\"inLanguage\":\"fr-CA\"},{\"@type\":\"Organization\",\"@id\":\"https:\/\/www.mdbriefcase.com\/#organization\",\"name\":\"MDBriefCase\",\"url\":\"https:\/\/www.mdbriefcase.com\/\",\"logo\":{\"@type\":\"ImageObject\",\"inLanguage\":\"fr-CA\",\"@id\":\"https:\/\/www.mdbriefcase.com\/#\/schema\/logo\/image\/\",\"url\":\"https:\/\/www.mdbriefcase.com\/wp-content\/uploads\/2024\/07\/logo.webp\",\"contentUrl\":\"https:\/\/www.mdbriefcase.com\/wp-content\/uploads\/2024\/07\/logo.webp\",\"width\":190,\"height\":36,\"caption\":\"MDBriefCase\"},\"image\":{\"@id\":\"https:\/\/www.mdbriefcase.com\/#\/schema\/logo\/image\/\"}}]}<\/script>\n<!-- \/ Yoast SEO plugin. -->","yoast_head_json":{"title":"Cholest\u00e9rol d'origine alimentaire, mati\u00e8res grasses, dyslipid\u00e9mie et maladie cardiovasculaire - Mainpro+ - MDBriefCase","robots":{"index":"index","follow":"follow","max-snippet":"max-snippet:-1","max-image-preview":"max-image-preview:large","max-video-preview":"max-video-preview:-1"},"canonical":"https:\/\/www.mdbriefcase.com\/fr\/product\/cholesterol-dorigine-alimentaire-matieres-grasses-dyslipidemie-et-maladie-cardiovasculaire-mainpro\/?courseid=","og_locale":"fr_CA","og_type":"article","og_title":"Cholest\u00e9rol d'origine alimentaire, mati\u00e8res grasses, dyslipid\u00e9mie et maladie cardiovasculaire - Mainpro+ - MDBriefCase","og_description":"\u00e9num\u00e9rer les lignes directrices actuelles fond\u00e9es sur les donn\u00e9es cliniques concernant la sant\u00e9 cardiovasculaire, ainsi que les facteurs de risque cardiovasculaire; d\u00e9crire les effets du cholest\u00e9rol d&#8217;origine alimentaire, des gras satur\u00e9s et des gras trans sur les taux s\u00e9riques de cholest\u00e9rol et le risque de maladie cardiovasculaire; nommer les aliments qui constituent des sources de [&hellip;]","og_url":"https:\/\/www.mdbriefcase.com\/fr\/product\/cholesterol-dorigine-alimentaire-matieres-grasses-dyslipidemie-et-maladie-cardiovasculaire-mainpro\/?courseid=","og_site_name":"MDBriefCase","article_modified_time":"2025-06-23T14:09:03+00:00","twitter_card":"summary_large_image","twitter_misc":{"Est. reading time":"1 minute"},"schema":{"@context":"https:\/\/schema.org","@graph":[{"@type":"WebPage","@id":"https:\/\/www.mdbriefcase.com\/product\/cholesterol-dorigine-alimentaire-matieres-grasses-dyslipidemie-et-maladie-cardiovasculaire-mainpro\/?courseid=","url":"https:\/\/www.mdbriefcase.com\/product\/cholesterol-dorigine-alimentaire-matieres-grasses-dyslipidemie-et-maladie-cardiovasculaire-mainpro\/?courseid=","name":"Cholest\u00e9rol d'origine alimentaire, mati\u00e8res grasses, dyslipid\u00e9mie et maladie cardiovasculaire - Mainpro+ - MDBriefCase","isPartOf":{"@id":"https:\/\/www.mdbriefcase.com\/#website"},"datePublished":"2025-06-20T10:16:09+00:00","dateModified":"2025-06-23T14:09:03+00:00","breadcrumb":{"@id":"https:\/\/www.mdbriefcase.com\/product\/cholesterol-dorigine-alimentaire-matieres-grasses-dyslipidemie-et-maladie-cardiovasculaire-mainpro\/?courseid=#breadcrumb"},"inLanguage":"fr-CA","potentialAction":[{"@type":"ReadAction","target":["https:\/\/www.mdbriefcase.com\/product\/cholesterol-dorigine-alimentaire-matieres-grasses-dyslipidemie-et-maladie-cardiovasculaire-mainpro\/?courseid="]}]},{"@type":"BreadcrumbList","@id":"https:\/\/www.mdbriefcase.com\/product\/cholesterol-dorigine-alimentaire-matieres-grasses-dyslipidemie-et-maladie-cardiovasculaire-mainpro\/?courseid=#breadcrumb","itemListElement":[{"@type":"ListItem","position":1,"name":"Home","item":"https:\/\/www.mdbriefcase.com\/"},{"@type":"ListItem","position":2,"name":"Shop &#8211; Old","item":"https:\/\/www.mdbriefcase.com\/shop\/"},{"@type":"ListItem","position":3,"name":"Cholest\u00e9rol d&#8217;origine alimentaire, mati\u00e8res grasses, dyslipid\u00e9mie et maladie cardiovasculaire &#8211; Mainpro+"}]},{"@type":"WebSite","@id":"https:\/\/www.mdbriefcase.com\/#website","url":"https:\/\/www.mdbriefcase.com\/","name":"MDBriefCase","description":"","publisher":{"@id":"https:\/\/www.mdbriefcase.com\/#organization"},"potentialAction":[{"@type":"SearchAction","target":{"@type":"EntryPoint","urlTemplate":"https:\/\/www.mdbriefcase.com\/?s={search_term_string}"},"query-input":{"@type":"PropertyValueSpecification","valueRequired":true,"valueName":"search_term_string"}}],"inLanguage":"fr-CA"},{"@type":"Organization","@id":"https:\/\/www.mdbriefcase.com\/#organization","name":"MDBriefCase","url":"https:\/\/www.mdbriefcase.com\/","logo":{"@type":"ImageObject","inLanguage":"fr-CA","@id":"https:\/\/www.mdbriefcase.com\/#\/schema\/logo\/image\/","url":"https:\/\/www.mdbriefcase.com\/wp-content\/uploads\/2024\/07\/logo.webp","contentUrl":"https:\/\/www.mdbriefcase.com\/wp-content\/uploads\/2024\/07\/logo.webp","width":190,"height":36,"caption":"MDBriefCase"},"image":{"@id":"https:\/\/www.mdbriefcase.com\/#\/schema\/logo\/image\/"}}]}},"_links":{"self":[{"href":"https:\/\/www.mdbriefcase.com\/fr\/wp-json\/wp\/v2\/product\/543218","targetHints":{"allow":["GET"]}}],"collection":[{"href":"https:\/\/www.mdbriefcase.com\/fr\/wp-json\/wp\/v2\/product"}],"about":[{"href":"https:\/\/www.mdbriefcase.com\/fr\/wp-json\/wp\/v2\/types\/product"}],"replies":[{"embeddable":true,"href":"https:\/\/www.mdbriefcase.com\/fr\/wp-json\/wp\/v2\/comments?post=543218"}],"wp:attachment":[{"href":"https:\/\/www.mdbriefcase.com\/fr\/wp-json\/wp\/v2\/media?parent=543218"}],"wp:term":[{"taxonomy":"product_brand","embeddable":true,"href":"https:\/\/www.mdbriefcase.com\/fr\/wp-json\/wp\/v2\/product_brand?post=543218"},{"taxonomy":"product_cat","embeddable":true,"href":"https:\/\/www.mdbriefcase.com\/fr\/wp-json\/wp\/v2\/product_cat?post=543218"},{"taxonomy":"product_tag","embeddable":true,"href":"https:\/\/www.mdbriefcase.com\/fr\/wp-json\/wp\/v2\/product_tag?post=543218"}],"curies":[{"name":"wp","href":"https:\/\/api.w.org\/{rel}","templated":true}]}}