{"id":543204,"date":"2025-06-20T06:16:06","date_gmt":"2025-06-20T10:16:06","guid":{"rendered":"https:\/\/mdbc2.wpenginepowered.com\/product\/prise-en-charge-des-maladies-chroniques-pour-la-prevention-et-la-promotion-de-la-sante-etude-de-cas-asthme-mpoc-et-diabete-le-conseil-canadien-de-leducation-continue-en-pharmacie-ccecp\/?courseid="},"modified":"2025-06-23T10:09:00","modified_gmt":"2025-06-23T14:09:00","slug":"prise-en-charge-des-maladies-chroniques-pour-la-prevention-et-la-promotion-de-la-sante-etude-de-cas-asthme-mpoc-et-diabete-le-conseil-canadien-de-leducation-continue-en-pharmacie-ccecp","status":"publish","type":"product","link":"https:\/\/www.mdbriefcase.com\/fr\/product\/prise-en-charge-des-maladies-chroniques-pour-la-prevention-et-la-promotion-de-la-sante-etude-de-cas-asthme-mpoc-et-diabete-le-conseil-canadien-de-leducation-continue-en-pharmacie-ccecp\/?courseid=","title":{"rendered":"Prise en charge des maladies chroniques pour la pr\u00e9vention et la promotion de la sant\u00e9. \u00c9tude de cas : asthme, MPOC et diab\u00e8te &#8211; Le conseil canadien de l&#8217;\u00e9ducation continue en pharmacie (CCECP)"},"content":{"rendered":"<ol>\n<li>d\u00e9terminer le r\u00f4le des diff\u00e9rents professionnels de la sant\u00e9 en mati\u00e8re de prise en charge des maladies chroniques courantes, \u00e0 savoir l&#8217;asthme, la MPOC et le diab\u00e8te;\n<\/li>\n<li>mettre en \u0153uvre des strat\u00e9gies de collaboration entre les professionnels de la sant\u00e9, et encourager l&#8217;\u00e9quipe de soins de sant\u00e9 primaires \u00e0 favoriser la promotion de la sant\u00e9 et la pr\u00e9vention de ces maladies;\n<\/li>\n<li>d\u00e9finir des strat\u00e9gies collaboratives de prise en charge des patients pour mettre en \u00e9vidence les lacunes existantes en mati\u00e8re de soins et soigner efficacement les patients souffrant de maladies chroniques.\n<\/li>\n<\/ol>","protected":false},"excerpt":{"rendered":"<p>d\u00e9terminer le r\u00f4le des diff\u00e9rents professionnels de la sant\u00e9 en mati\u00e8re de prise en charge des maladies chroniques courantes, \u00e0 savoir l&#8217;asthme, la MPOC et le diab\u00e8te; mettre en \u0153uvre des strat\u00e9gies de collaboration entre les professionnels de la sant\u00e9, et encourager l&#8217;\u00e9quipe de soins de sant\u00e9 primaires \u00e0 favoriser la promotion de la sant\u00e9 [&hellip;]<\/p>\n","protected":false},"featured_media":0,"comment_status":"closed","ping_status":"closed","template":"","meta":{"_acf_changed":false,"inline_featured_image":false},"product_brand":[],"product_cat":[],"product_tag":[],"class_list":{"0":"post-543204","1":"product","2":"type-product","3":"status-publish","6":"first","7":"instock","8":"downloadable","9":"virtual","10":"taxable","11":"purchasable","12":"product-type-simple"},"acf":[],"yoast_head":"<!-- This site is optimized with the Yoast SEO plugin v27.0 - https:\/\/yoast.com\/product\/yoast-seo-wordpress\/ -->\n<title>Prise en charge des maladies chroniques pour la pr\u00e9vention et la promotion de la sant\u00e9. \u00c9tude de cas : asthme, MPOC et diab\u00e8te - Le conseil canadien de l&#039;\u00e9ducation continue en pharmacie (CCECP) - MDBriefCase<\/title>\n<meta name=\"robots\" content=\"index, follow, max-snippet:-1, max-image-preview:large, max-video-preview:-1\" \/>\n<link rel=\"canonical\" href=\"https:\/\/www.mdbriefcase.com\/fr\/product\/prise-en-charge-des-maladies-chroniques-pour-la-prevention-et-la-promotion-de-la-sante-etude-de-cas-asthme-mpoc-et-diabete-le-conseil-canadien-de-leducation-continue-en-pharmacie-ccecp\/?courseid=\" \/>\n<meta property=\"og:locale\" content=\"fr_CA\" \/>\n<meta property=\"og:type\" content=\"article\" \/>\n<meta property=\"og:title\" content=\"Prise en charge des maladies chroniques pour la pr\u00e9vention et la promotion de la sant\u00e9. \u00c9tude de cas : asthme, MPOC et diab\u00e8te - Le conseil canadien de l&#039;\u00e9ducation continue en pharmacie (CCECP) - MDBriefCase\" \/>\n<meta property=\"og:description\" content=\"d\u00e9terminer le r\u00f4le des diff\u00e9rents professionnels de la sant\u00e9 en mati\u00e8re de prise en charge des maladies chroniques courantes, \u00e0 savoir l&#8217;asthme, la MPOC et le diab\u00e8te; mettre en \u0153uvre des strat\u00e9gies de collaboration entre les professionnels de la sant\u00e9, et encourager l&#8217;\u00e9quipe de soins de sant\u00e9 primaires \u00e0 favoriser la promotion de la sant\u00e9 [&hellip;]\" \/>\n<meta property=\"og:url\" content=\"https:\/\/www.mdbriefcase.com\/fr\/product\/prise-en-charge-des-maladies-chroniques-pour-la-prevention-et-la-promotion-de-la-sante-etude-de-cas-asthme-mpoc-et-diabete-le-conseil-canadien-de-leducation-continue-en-pharmacie-ccecp\/?courseid=\" \/>\n<meta property=\"og:site_name\" content=\"MDBriefCase\" \/>\n<meta property=\"article:modified_time\" content=\"2025-06-23T14:09:00+00:00\" \/>\n<meta name=\"twitter:card\" content=\"summary_large_image\" \/>\n<meta name=\"twitter:label1\" content=\"Est. reading time\" \/>\n\t<meta name=\"twitter:data1\" content=\"1 minute\" \/>\n<script type=\"application\/ld+json\" class=\"yoast-schema-graph\">{\"@context\":\"https:\/\/schema.org\",\"@graph\":[{\"@type\":\"WebPage\",\"@id\":\"https:\/\/www.mdbriefcase.com\/product\/prise-en-charge-des-maladies-chroniques-pour-la-prevention-et-la-promotion-de-la-sante-etude-de-cas-asthme-mpoc-et-diabete-le-conseil-canadien-de-leducation-continue-en-pharmacie-ccecp\/?courseid=\",\"url\":\"https:\/\/www.mdbriefcase.com\/product\/prise-en-charge-des-maladies-chroniques-pour-la-prevention-et-la-promotion-de-la-sante-etude-de-cas-asthme-mpoc-et-diabete-le-conseil-canadien-de-leducation-continue-en-pharmacie-ccecp\/?courseid=\",\"name\":\"Prise en charge des maladies chroniques pour la pr\u00e9vention et la promotion de la sant\u00e9. \u00c9tude de cas : asthme, MPOC et diab\u00e8te - Le conseil canadien de l'\u00e9ducation continue en pharmacie (CCECP) - MDBriefCase\",\"isPartOf\":{\"@id\":\"https:\/\/www.mdbriefcase.com\/#website\"},\"datePublished\":\"2025-06-20T10:16:06+00:00\",\"dateModified\":\"2025-06-23T14:09:00+00:00\",\"breadcrumb\":{\"@id\":\"https:\/\/www.mdbriefcase.com\/product\/prise-en-charge-des-maladies-chroniques-pour-la-prevention-et-la-promotion-de-la-sante-etude-de-cas-asthme-mpoc-et-diabete-le-conseil-canadien-de-leducation-continue-en-pharmacie-ccecp\/?courseid=#breadcrumb\"},\"inLanguage\":\"fr-CA\",\"potentialAction\":[{\"@type\":\"ReadAction\",\"target\":[\"https:\/\/www.mdbriefcase.com\/product\/prise-en-charge-des-maladies-chroniques-pour-la-prevention-et-la-promotion-de-la-sante-etude-de-cas-asthme-mpoc-et-diabete-le-conseil-canadien-de-leducation-continue-en-pharmacie-ccecp\/?courseid=\"]}]},{\"@type\":\"BreadcrumbList\",\"@id\":\"https:\/\/www.mdbriefcase.com\/product\/prise-en-charge-des-maladies-chroniques-pour-la-prevention-et-la-promotion-de-la-sante-etude-de-cas-asthme-mpoc-et-diabete-le-conseil-canadien-de-leducation-continue-en-pharmacie-ccecp\/?courseid=#breadcrumb\",\"itemListElement\":[{\"@type\":\"ListItem\",\"position\":1,\"name\":\"Home\",\"item\":\"https:\/\/www.mdbriefcase.com\/\"},{\"@type\":\"ListItem\",\"position\":2,\"name\":\"Shop &#8211; Old\",\"item\":\"https:\/\/www.mdbriefcase.com\/shop\/\"},{\"@type\":\"ListItem\",\"position\":3,\"name\":\"Prise en charge des maladies chroniques pour la pr\u00e9vention et la promotion de la sant\u00e9. \u00c9tude de cas : asthme, MPOC et diab\u00e8te &#8211; Le conseil canadien de l&#8217;\u00e9ducation continue en pharmacie (CCECP)\"}]},{\"@type\":\"WebSite\",\"@id\":\"https:\/\/www.mdbriefcase.com\/#website\",\"url\":\"https:\/\/www.mdbriefcase.com\/\",\"name\":\"MDBriefCase\",\"description\":\"\",\"publisher\":{\"@id\":\"https:\/\/www.mdbriefcase.com\/#organization\"},\"potentialAction\":[{\"@type\":\"SearchAction\",\"target\":{\"@type\":\"EntryPoint\",\"urlTemplate\":\"https:\/\/www.mdbriefcase.com\/?s={search_term_string}\"},\"query-input\":{\"@type\":\"PropertyValueSpecification\",\"valueRequired\":true,\"valueName\":\"search_term_string\"}}],\"inLanguage\":\"fr-CA\"},{\"@type\":\"Organization\",\"@id\":\"https:\/\/www.mdbriefcase.com\/#organization\",\"name\":\"MDBriefCase\",\"url\":\"https:\/\/www.mdbriefcase.com\/\",\"logo\":{\"@type\":\"ImageObject\",\"inLanguage\":\"fr-CA\",\"@id\":\"https:\/\/www.mdbriefcase.com\/#\/schema\/logo\/image\/\",\"url\":\"https:\/\/www.mdbriefcase.com\/wp-content\/uploads\/2024\/07\/logo.webp\",\"contentUrl\":\"https:\/\/www.mdbriefcase.com\/wp-content\/uploads\/2024\/07\/logo.webp\",\"width\":190,\"height\":36,\"caption\":\"MDBriefCase\"},\"image\":{\"@id\":\"https:\/\/www.mdbriefcase.com\/#\/schema\/logo\/image\/\"}}]}<\/script>\n<!-- \/ Yoast SEO plugin. -->","yoast_head_json":{"title":"Prise en charge des maladies chroniques pour la pr\u00e9vention et la promotion de la sant\u00e9. \u00c9tude de cas : asthme, MPOC et diab\u00e8te - Le conseil canadien de l'\u00e9ducation continue en pharmacie (CCECP) - MDBriefCase","robots":{"index":"index","follow":"follow","max-snippet":"max-snippet:-1","max-image-preview":"max-image-preview:large","max-video-preview":"max-video-preview:-1"},"canonical":"https:\/\/www.mdbriefcase.com\/fr\/product\/prise-en-charge-des-maladies-chroniques-pour-la-prevention-et-la-promotion-de-la-sante-etude-de-cas-asthme-mpoc-et-diabete-le-conseil-canadien-de-leducation-continue-en-pharmacie-ccecp\/?courseid=","og_locale":"fr_CA","og_type":"article","og_title":"Prise en charge des maladies chroniques pour la pr\u00e9vention et la promotion de la sant\u00e9. \u00c9tude de cas : asthme, MPOC et diab\u00e8te - Le conseil canadien de l'\u00e9ducation continue en pharmacie (CCECP) - MDBriefCase","og_description":"d\u00e9terminer le r\u00f4le des diff\u00e9rents professionnels de la sant\u00e9 en mati\u00e8re de prise en charge des maladies chroniques courantes, \u00e0 savoir l&#8217;asthme, la MPOC et le diab\u00e8te; mettre en \u0153uvre des strat\u00e9gies de collaboration entre les professionnels de la sant\u00e9, et encourager l&#8217;\u00e9quipe de soins de sant\u00e9 primaires \u00e0 favoriser la promotion de la sant\u00e9 [&hellip;]","og_url":"https:\/\/www.mdbriefcase.com\/fr\/product\/prise-en-charge-des-maladies-chroniques-pour-la-prevention-et-la-promotion-de-la-sante-etude-de-cas-asthme-mpoc-et-diabete-le-conseil-canadien-de-leducation-continue-en-pharmacie-ccecp\/?courseid=","og_site_name":"MDBriefCase","article_modified_time":"2025-06-23T14:09:00+00:00","twitter_card":"summary_large_image","twitter_misc":{"Est. reading time":"1 minute"},"schema":{"@context":"https:\/\/schema.org","@graph":[{"@type":"WebPage","@id":"https:\/\/www.mdbriefcase.com\/product\/prise-en-charge-des-maladies-chroniques-pour-la-prevention-et-la-promotion-de-la-sante-etude-de-cas-asthme-mpoc-et-diabete-le-conseil-canadien-de-leducation-continue-en-pharmacie-ccecp\/?courseid=","url":"https:\/\/www.mdbriefcase.com\/product\/prise-en-charge-des-maladies-chroniques-pour-la-prevention-et-la-promotion-de-la-sante-etude-de-cas-asthme-mpoc-et-diabete-le-conseil-canadien-de-leducation-continue-en-pharmacie-ccecp\/?courseid=","name":"Prise en charge des maladies chroniques pour la pr\u00e9vention et la promotion de la sant\u00e9. \u00c9tude de cas : asthme, MPOC et diab\u00e8te - Le conseil canadien de l'\u00e9ducation continue en pharmacie (CCECP) - MDBriefCase","isPartOf":{"@id":"https:\/\/www.mdbriefcase.com\/#website"},"datePublished":"2025-06-20T10:16:06+00:00","dateModified":"2025-06-23T14:09:00+00:00","breadcrumb":{"@id":"https:\/\/www.mdbriefcase.com\/product\/prise-en-charge-des-maladies-chroniques-pour-la-prevention-et-la-promotion-de-la-sante-etude-de-cas-asthme-mpoc-et-diabete-le-conseil-canadien-de-leducation-continue-en-pharmacie-ccecp\/?courseid=#breadcrumb"},"inLanguage":"fr-CA","potentialAction":[{"@type":"ReadAction","target":["https:\/\/www.mdbriefcase.com\/product\/prise-en-charge-des-maladies-chroniques-pour-la-prevention-et-la-promotion-de-la-sante-etude-de-cas-asthme-mpoc-et-diabete-le-conseil-canadien-de-leducation-continue-en-pharmacie-ccecp\/?courseid="]}]},{"@type":"BreadcrumbList","@id":"https:\/\/www.mdbriefcase.com\/product\/prise-en-charge-des-maladies-chroniques-pour-la-prevention-et-la-promotion-de-la-sante-etude-de-cas-asthme-mpoc-et-diabete-le-conseil-canadien-de-leducation-continue-en-pharmacie-ccecp\/?courseid=#breadcrumb","itemListElement":[{"@type":"ListItem","position":1,"name":"Home","item":"https:\/\/www.mdbriefcase.com\/"},{"@type":"ListItem","position":2,"name":"Shop &#8211; Old","item":"https:\/\/www.mdbriefcase.com\/shop\/"},{"@type":"ListItem","position":3,"name":"Prise en charge des maladies chroniques pour la pr\u00e9vention et la promotion de la sant\u00e9. \u00c9tude de cas : asthme, MPOC et diab\u00e8te &#8211; Le conseil canadien de l&#8217;\u00e9ducation continue en pharmacie (CCECP)"}]},{"@type":"WebSite","@id":"https:\/\/www.mdbriefcase.com\/#website","url":"https:\/\/www.mdbriefcase.com\/","name":"MDBriefCase","description":"","publisher":{"@id":"https:\/\/www.mdbriefcase.com\/#organization"},"potentialAction":[{"@type":"SearchAction","target":{"@type":"EntryPoint","urlTemplate":"https:\/\/www.mdbriefcase.com\/?s={search_term_string}"},"query-input":{"@type":"PropertyValueSpecification","valueRequired":true,"valueName":"search_term_string"}}],"inLanguage":"fr-CA"},{"@type":"Organization","@id":"https:\/\/www.mdbriefcase.com\/#organization","name":"MDBriefCase","url":"https:\/\/www.mdbriefcase.com\/","logo":{"@type":"ImageObject","inLanguage":"fr-CA","@id":"https:\/\/www.mdbriefcase.com\/#\/schema\/logo\/image\/","url":"https:\/\/www.mdbriefcase.com\/wp-content\/uploads\/2024\/07\/logo.webp","contentUrl":"https:\/\/www.mdbriefcase.com\/wp-content\/uploads\/2024\/07\/logo.webp","width":190,"height":36,"caption":"MDBriefCase"},"image":{"@id":"https:\/\/www.mdbriefcase.com\/#\/schema\/logo\/image\/"}}]}},"_links":{"self":[{"href":"https:\/\/www.mdbriefcase.com\/fr\/wp-json\/wp\/v2\/product\/543204","targetHints":{"allow":["GET"]}}],"collection":[{"href":"https:\/\/www.mdbriefcase.com\/fr\/wp-json\/wp\/v2\/product"}],"about":[{"href":"https:\/\/www.mdbriefcase.com\/fr\/wp-json\/wp\/v2\/types\/product"}],"replies":[{"embeddable":true,"href":"https:\/\/www.mdbriefcase.com\/fr\/wp-json\/wp\/v2\/comments?post=543204"}],"wp:attachment":[{"href":"https:\/\/www.mdbriefcase.com\/fr\/wp-json\/wp\/v2\/media?parent=543204"}],"wp:term":[{"taxonomy":"product_brand","embeddable":true,"href":"https:\/\/www.mdbriefcase.com\/fr\/wp-json\/wp\/v2\/product_brand?post=543204"},{"taxonomy":"product_cat","embeddable":true,"href":"https:\/\/www.mdbriefcase.com\/fr\/wp-json\/wp\/v2\/product_cat?post=543204"},{"taxonomy":"product_tag","embeddable":true,"href":"https:\/\/www.mdbriefcase.com\/fr\/wp-json\/wp\/v2\/product_tag?post=543204"}],"curies":[{"name":"wp","href":"https:\/\/api.w.org\/{rel}","templated":true}]}}