{"id":542973,"date":"2025-06-20T06:15:15","date_gmt":"2025-06-20T10:15:15","guid":{"rendered":"https:\/\/mdbc2.wpenginepowered.com\/product\/applications-pratiques-de-lanticoagulotherapie-fibrillation-auriculaire-et-thromboembolie-veineuse-le-conseil-canadien-de-leducation-continue-en-pharmacie-ccecp\/?courseid="},"modified":"2025-06-23T10:08:03","modified_gmt":"2025-06-23T14:08:03","slug":"applications-pratiques-de-lanticoagulotherapie-fibrillation-auriculaire-et-thromboembolie-veineuse-le-conseil-canadien-de-leducation-continue-en-pharmacie-ccecp","status":"publish","type":"product","link":"https:\/\/www.mdbriefcase.com\/fr\/product\/applications-pratiques-de-lanticoagulotherapie-fibrillation-auriculaire-et-thromboembolie-veineuse-le-conseil-canadien-de-leducation-continue-en-pharmacie-ccecp\/?courseid=","title":{"rendered":"Applications pratiques de l\u2019anticoaguloth\u00e9rapie : fibrillation auriculaire et thromboembolie veineuse &#8211; Le conseil canadien de l&#8217;\u00e9ducation continue en pharmacie (CCECP)"},"content":{"rendered":"<ol>\n<li>D\u00e9crire le r\u00f4le de l&#8217;anticoaguloth\u00e9rapie dans la pr\u00e9vention de l&#8217;AVC en pr\u00e9sence de fibrillation auriculaire (FA) et dans le traitement de la thromboembolie veineuse (TEV)<\/li>\n<li>\u00c9valuer le risque d&#8217;AVC et d&#8217;h\u00e9morragie chez les patients atteints de FA qui ont besoin d&#8217;une anticoaguloth\u00e9rapie<\/li>\n<li>Discuter des nouvelles options en mati\u00e8re d&#8217;anticoaguloth\u00e9rapie orale pour les patients atteints de FA et de TEV<\/li>\n<li>D\u00e9terminer la fa\u00e7on la plus efficace d&#8217;utiliser les nouveaux anticoagulants \u00e0 prise orale pour la pr\u00e9vention de l&#8217;AVC en pr\u00e9sence de FA et pour le traitement de la TEV<\/li>\n<\/ol>","protected":false},"excerpt":{"rendered":"<p>D\u00e9crire le r\u00f4le de l&#8217;anticoaguloth\u00e9rapie dans la pr\u00e9vention de l&#8217;AVC en pr\u00e9sence de fibrillation auriculaire (FA) et dans le traitement de la thromboembolie veineuse (TEV) \u00c9valuer le risque d&#8217;AVC et d&#8217;h\u00e9morragie chez les patients atteints de FA qui ont besoin d&#8217;une anticoaguloth\u00e9rapie Discuter des nouvelles options en mati\u00e8re d&#8217;anticoaguloth\u00e9rapie orale pour les patients atteints de [&hellip;]<\/p>\n","protected":false},"featured_media":0,"comment_status":"closed","ping_status":"closed","template":"","meta":{"_acf_changed":false,"inline_featured_image":false},"product_brand":[],"product_cat":[],"product_tag":[],"class_list":{"0":"post-542973","1":"product","2":"type-product","3":"status-publish","6":"first","7":"instock","8":"downloadable","9":"virtual","10":"taxable","11":"purchasable","12":"product-type-simple"},"acf":[],"yoast_head":"<!-- This site is optimized with the Yoast SEO plugin v27.0 - https:\/\/yoast.com\/product\/yoast-seo-wordpress\/ -->\n<title>Applications pratiques de l\u2019anticoaguloth\u00e9rapie : fibrillation auriculaire et thromboembolie veineuse - Le conseil canadien de l&#039;\u00e9ducation continue en pharmacie (CCECP) - MDBriefCase<\/title>\n<meta name=\"robots\" content=\"index, follow, max-snippet:-1, max-image-preview:large, max-video-preview:-1\" \/>\n<link rel=\"canonical\" href=\"https:\/\/www.mdbriefcase.com\/fr\/product\/applications-pratiques-de-lanticoagulotherapie-fibrillation-auriculaire-et-thromboembolie-veineuse-le-conseil-canadien-de-leducation-continue-en-pharmacie-ccecp\/?courseid=\" \/>\n<meta property=\"og:locale\" content=\"fr_CA\" \/>\n<meta property=\"og:type\" content=\"article\" \/>\n<meta property=\"og:title\" content=\"Applications pratiques de l\u2019anticoaguloth\u00e9rapie : fibrillation auriculaire et thromboembolie veineuse - Le conseil canadien de l&#039;\u00e9ducation continue en pharmacie (CCECP) - MDBriefCase\" \/>\n<meta property=\"og:description\" content=\"D\u00e9crire le r\u00f4le de l&#8217;anticoaguloth\u00e9rapie dans la pr\u00e9vention de l&#8217;AVC en pr\u00e9sence de fibrillation auriculaire (FA) et dans le traitement de la thromboembolie veineuse (TEV) \u00c9valuer le risque d&#8217;AVC et d&#8217;h\u00e9morragie chez les patients atteints de FA qui ont besoin d&#8217;une anticoaguloth\u00e9rapie Discuter des nouvelles options en mati\u00e8re d&#8217;anticoaguloth\u00e9rapie orale pour les patients atteints de [&hellip;]\" \/>\n<meta property=\"og:url\" content=\"https:\/\/www.mdbriefcase.com\/fr\/product\/applications-pratiques-de-lanticoagulotherapie-fibrillation-auriculaire-et-thromboembolie-veineuse-le-conseil-canadien-de-leducation-continue-en-pharmacie-ccecp\/?courseid=\" \/>\n<meta property=\"og:site_name\" content=\"MDBriefCase\" \/>\n<meta property=\"article:modified_time\" content=\"2025-06-23T14:08:03+00:00\" \/>\n<meta name=\"twitter:card\" content=\"summary_large_image\" \/>\n<script type=\"application\/ld+json\" class=\"yoast-schema-graph\">{\"@context\":\"https:\/\/schema.org\",\"@graph\":[{\"@type\":\"WebPage\",\"@id\":\"https:\/\/www.mdbriefcase.com\/product\/applications-pratiques-de-lanticoagulotherapie-fibrillation-auriculaire-et-thromboembolie-veineuse-le-conseil-canadien-de-leducation-continue-en-pharmacie-ccecp\/?courseid=\",\"url\":\"https:\/\/www.mdbriefcase.com\/product\/applications-pratiques-de-lanticoagulotherapie-fibrillation-auriculaire-et-thromboembolie-veineuse-le-conseil-canadien-de-leducation-continue-en-pharmacie-ccecp\/?courseid=\",\"name\":\"Applications pratiques de l\u2019anticoaguloth\u00e9rapie : fibrillation auriculaire et thromboembolie veineuse - Le conseil canadien de l'\u00e9ducation continue en pharmacie (CCECP) - MDBriefCase\",\"isPartOf\":{\"@id\":\"https:\/\/www.mdbriefcase.com\/#website\"},\"datePublished\":\"2025-06-20T10:15:15+00:00\",\"dateModified\":\"2025-06-23T14:08:03+00:00\",\"breadcrumb\":{\"@id\":\"https:\/\/www.mdbriefcase.com\/product\/applications-pratiques-de-lanticoagulotherapie-fibrillation-auriculaire-et-thromboembolie-veineuse-le-conseil-canadien-de-leducation-continue-en-pharmacie-ccecp\/?courseid=#breadcrumb\"},\"inLanguage\":\"fr-CA\",\"potentialAction\":[{\"@type\":\"ReadAction\",\"target\":[\"https:\/\/www.mdbriefcase.com\/product\/applications-pratiques-de-lanticoagulotherapie-fibrillation-auriculaire-et-thromboembolie-veineuse-le-conseil-canadien-de-leducation-continue-en-pharmacie-ccecp\/?courseid=\"]}]},{\"@type\":\"BreadcrumbList\",\"@id\":\"https:\/\/www.mdbriefcase.com\/product\/applications-pratiques-de-lanticoagulotherapie-fibrillation-auriculaire-et-thromboembolie-veineuse-le-conseil-canadien-de-leducation-continue-en-pharmacie-ccecp\/?courseid=#breadcrumb\",\"itemListElement\":[{\"@type\":\"ListItem\",\"position\":1,\"name\":\"Home\",\"item\":\"https:\/\/www.mdbriefcase.com\/\"},{\"@type\":\"ListItem\",\"position\":2,\"name\":\"Shop &#8211; Old\",\"item\":\"https:\/\/www.mdbriefcase.com\/shop\/\"},{\"@type\":\"ListItem\",\"position\":3,\"name\":\"Applications pratiques de l\u2019anticoaguloth\u00e9rapie : fibrillation auriculaire et thromboembolie veineuse &#8211; Le conseil canadien de l&#8217;\u00e9ducation continue en pharmacie (CCECP)\"}]},{\"@type\":\"WebSite\",\"@id\":\"https:\/\/www.mdbriefcase.com\/#website\",\"url\":\"https:\/\/www.mdbriefcase.com\/\",\"name\":\"MDBriefCase\",\"description\":\"\",\"publisher\":{\"@id\":\"https:\/\/www.mdbriefcase.com\/#organization\"},\"potentialAction\":[{\"@type\":\"SearchAction\",\"target\":{\"@type\":\"EntryPoint\",\"urlTemplate\":\"https:\/\/www.mdbriefcase.com\/?s={search_term_string}\"},\"query-input\":{\"@type\":\"PropertyValueSpecification\",\"valueRequired\":true,\"valueName\":\"search_term_string\"}}],\"inLanguage\":\"fr-CA\"},{\"@type\":\"Organization\",\"@id\":\"https:\/\/www.mdbriefcase.com\/#organization\",\"name\":\"MDBriefCase\",\"url\":\"https:\/\/www.mdbriefcase.com\/\",\"logo\":{\"@type\":\"ImageObject\",\"inLanguage\":\"fr-CA\",\"@id\":\"https:\/\/www.mdbriefcase.com\/#\/schema\/logo\/image\/\",\"url\":\"https:\/\/www.mdbriefcase.com\/wp-content\/uploads\/2024\/07\/logo.webp\",\"contentUrl\":\"https:\/\/www.mdbriefcase.com\/wp-content\/uploads\/2024\/07\/logo.webp\",\"width\":190,\"height\":36,\"caption\":\"MDBriefCase\"},\"image\":{\"@id\":\"https:\/\/www.mdbriefcase.com\/#\/schema\/logo\/image\/\"}}]}<\/script>\n<!-- \/ Yoast SEO plugin. -->","yoast_head_json":{"title":"Applications pratiques de l\u2019anticoaguloth\u00e9rapie : fibrillation auriculaire et thromboembolie veineuse - Le conseil canadien de l'\u00e9ducation continue en pharmacie (CCECP) - MDBriefCase","robots":{"index":"index","follow":"follow","max-snippet":"max-snippet:-1","max-image-preview":"max-image-preview:large","max-video-preview":"max-video-preview:-1"},"canonical":"https:\/\/www.mdbriefcase.com\/fr\/product\/applications-pratiques-de-lanticoagulotherapie-fibrillation-auriculaire-et-thromboembolie-veineuse-le-conseil-canadien-de-leducation-continue-en-pharmacie-ccecp\/?courseid=","og_locale":"fr_CA","og_type":"article","og_title":"Applications pratiques de l\u2019anticoaguloth\u00e9rapie : fibrillation auriculaire et thromboembolie veineuse - Le conseil canadien de l'\u00e9ducation continue en pharmacie (CCECP) - MDBriefCase","og_description":"D\u00e9crire le r\u00f4le de l&#8217;anticoaguloth\u00e9rapie dans la pr\u00e9vention de l&#8217;AVC en pr\u00e9sence de fibrillation auriculaire (FA) et dans le traitement de la thromboembolie veineuse (TEV) \u00c9valuer le risque d&#8217;AVC et d&#8217;h\u00e9morragie chez les patients atteints de FA qui ont besoin d&#8217;une anticoaguloth\u00e9rapie Discuter des nouvelles options en mati\u00e8re d&#8217;anticoaguloth\u00e9rapie orale pour les patients atteints de [&hellip;]","og_url":"https:\/\/www.mdbriefcase.com\/fr\/product\/applications-pratiques-de-lanticoagulotherapie-fibrillation-auriculaire-et-thromboembolie-veineuse-le-conseil-canadien-de-leducation-continue-en-pharmacie-ccecp\/?courseid=","og_site_name":"MDBriefCase","article_modified_time":"2025-06-23T14:08:03+00:00","twitter_card":"summary_large_image","schema":{"@context":"https:\/\/schema.org","@graph":[{"@type":"WebPage","@id":"https:\/\/www.mdbriefcase.com\/product\/applications-pratiques-de-lanticoagulotherapie-fibrillation-auriculaire-et-thromboembolie-veineuse-le-conseil-canadien-de-leducation-continue-en-pharmacie-ccecp\/?courseid=","url":"https:\/\/www.mdbriefcase.com\/product\/applications-pratiques-de-lanticoagulotherapie-fibrillation-auriculaire-et-thromboembolie-veineuse-le-conseil-canadien-de-leducation-continue-en-pharmacie-ccecp\/?courseid=","name":"Applications pratiques de l\u2019anticoaguloth\u00e9rapie : fibrillation auriculaire et thromboembolie veineuse - Le conseil canadien de l'\u00e9ducation continue en pharmacie (CCECP) - MDBriefCase","isPartOf":{"@id":"https:\/\/www.mdbriefcase.com\/#website"},"datePublished":"2025-06-20T10:15:15+00:00","dateModified":"2025-06-23T14:08:03+00:00","breadcrumb":{"@id":"https:\/\/www.mdbriefcase.com\/product\/applications-pratiques-de-lanticoagulotherapie-fibrillation-auriculaire-et-thromboembolie-veineuse-le-conseil-canadien-de-leducation-continue-en-pharmacie-ccecp\/?courseid=#breadcrumb"},"inLanguage":"fr-CA","potentialAction":[{"@type":"ReadAction","target":["https:\/\/www.mdbriefcase.com\/product\/applications-pratiques-de-lanticoagulotherapie-fibrillation-auriculaire-et-thromboembolie-veineuse-le-conseil-canadien-de-leducation-continue-en-pharmacie-ccecp\/?courseid="]}]},{"@type":"BreadcrumbList","@id":"https:\/\/www.mdbriefcase.com\/product\/applications-pratiques-de-lanticoagulotherapie-fibrillation-auriculaire-et-thromboembolie-veineuse-le-conseil-canadien-de-leducation-continue-en-pharmacie-ccecp\/?courseid=#breadcrumb","itemListElement":[{"@type":"ListItem","position":1,"name":"Home","item":"https:\/\/www.mdbriefcase.com\/"},{"@type":"ListItem","position":2,"name":"Shop &#8211; Old","item":"https:\/\/www.mdbriefcase.com\/shop\/"},{"@type":"ListItem","position":3,"name":"Applications pratiques de l\u2019anticoaguloth\u00e9rapie : fibrillation auriculaire et thromboembolie veineuse &#8211; Le conseil canadien de l&#8217;\u00e9ducation continue en pharmacie (CCECP)"}]},{"@type":"WebSite","@id":"https:\/\/www.mdbriefcase.com\/#website","url":"https:\/\/www.mdbriefcase.com\/","name":"MDBriefCase","description":"","publisher":{"@id":"https:\/\/www.mdbriefcase.com\/#organization"},"potentialAction":[{"@type":"SearchAction","target":{"@type":"EntryPoint","urlTemplate":"https:\/\/www.mdbriefcase.com\/?s={search_term_string}"},"query-input":{"@type":"PropertyValueSpecification","valueRequired":true,"valueName":"search_term_string"}}],"inLanguage":"fr-CA"},{"@type":"Organization","@id":"https:\/\/www.mdbriefcase.com\/#organization","name":"MDBriefCase","url":"https:\/\/www.mdbriefcase.com\/","logo":{"@type":"ImageObject","inLanguage":"fr-CA","@id":"https:\/\/www.mdbriefcase.com\/#\/schema\/logo\/image\/","url":"https:\/\/www.mdbriefcase.com\/wp-content\/uploads\/2024\/07\/logo.webp","contentUrl":"https:\/\/www.mdbriefcase.com\/wp-content\/uploads\/2024\/07\/logo.webp","width":190,"height":36,"caption":"MDBriefCase"},"image":{"@id":"https:\/\/www.mdbriefcase.com\/#\/schema\/logo\/image\/"}}]}},"_links":{"self":[{"href":"https:\/\/www.mdbriefcase.com\/fr\/wp-json\/wp\/v2\/product\/542973","targetHints":{"allow":["GET"]}}],"collection":[{"href":"https:\/\/www.mdbriefcase.com\/fr\/wp-json\/wp\/v2\/product"}],"about":[{"href":"https:\/\/www.mdbriefcase.com\/fr\/wp-json\/wp\/v2\/types\/product"}],"replies":[{"embeddable":true,"href":"https:\/\/www.mdbriefcase.com\/fr\/wp-json\/wp\/v2\/comments?post=542973"}],"wp:attachment":[{"href":"https:\/\/www.mdbriefcase.com\/fr\/wp-json\/wp\/v2\/media?parent=542973"}],"wp:term":[{"taxonomy":"product_brand","embeddable":true,"href":"https:\/\/www.mdbriefcase.com\/fr\/wp-json\/wp\/v2\/product_brand?post=542973"},{"taxonomy":"product_cat","embeddable":true,"href":"https:\/\/www.mdbriefcase.com\/fr\/wp-json\/wp\/v2\/product_cat?post=542973"},{"taxonomy":"product_tag","embeddable":true,"href":"https:\/\/www.mdbriefcase.com\/fr\/wp-json\/wp\/v2\/product_tag?post=542973"}],"curies":[{"name":"wp","href":"https:\/\/api.w.org\/{rel}","templated":true}]}}