{"id":542835,"date":"2025-06-20T06:14:47","date_gmt":"2025-06-20T10:14:47","guid":{"rendered":"https:\/\/mdbc2.wpenginepowered.com\/product\/surveillance-de-la-glycemie-optimiser-les-soins-et-la-gestion-du-diabete-3\/?courseid="},"modified":"2025-06-23T10:07:37","modified_gmt":"2025-06-23T14:07:37","slug":"surveillance-de-la-glycemie-optimiser-les-soins-et-la-gestion-du-diabete-3","status":"publish","type":"product","link":"https:\/\/www.mdbriefcase.com\/fr\/product\/surveillance-de-la-glycemie-optimiser-les-soins-et-la-gestion-du-diabete-3\/?courseid=","title":{"rendered":"Surveillance de la glyc\u00e9mie : optimiser les soins et la gestion du diab\u00e8te"},"content":{"rendered":"<p>Les progr\u00e8s r\u00e9alis\u00e9s dans la prise en charge du diab\u00e8te ont permis de mettre au point des technologies de surveillance du glucose en continue qui aident les personnes diab\u00e9tiques \u00e0 ma\u00eetriser leur glyc\u00e9mie de fa\u00e7on optimale. Le fait de familiariser les cliniciens avec les technologies de surveillance du glucose en continue et avec l\u2019interpr\u00e9tation des donn\u00e9es leur permettra de mieux conna\u00eetre et de mieux comprendre ces technologies, ce qui les aidera \u00e0 les recommander aux patients et \u00e0 optimiser leur utilisation dans la pratique clinique.<\/p>\n<p>Ce programme porte sur l\u2019utilisation du profil glyc\u00e9mique ambulatoire (PGA) pour faciliter l\u2019interpr\u00e9tation et la compr\u00e9hension des donn\u00e9es de surveillance du glucose en continue afin d\u2019\u00e9clairer les d\u00e9cisions sur les interventions th\u00e9rapeutiques et comportementales et ainsi am\u00e9liorer le traitement du diab\u00e8te.<\/p>","protected":false},"excerpt":{"rendered":"<p>Les progr\u00e8s r\u00e9alis\u00e9s dans la prise en charge du diab\u00e8te ont permis de mettre au point des technologies de surveillance du glucose en continue qui aident les personnes diab\u00e9tiques \u00e0 ma\u00eetriser leur glyc\u00e9mie de fa\u00e7on optimale. Le fait de familiariser les cliniciens avec les technologies de surveillance du glucose en continue et avec l\u2019interpr\u00e9tation des [&hellip;]<\/p>\n","protected":false},"featured_media":0,"comment_status":"closed","ping_status":"closed","template":"","meta":{"_acf_changed":false,"inline_featured_image":false},"product_brand":[],"product_cat":[],"product_tag":[],"class_list":{"0":"post-542835","1":"product","2":"type-product","3":"status-publish","6":"first","7":"instock","8":"downloadable","9":"virtual","10":"taxable","11":"purchasable","12":"product-type-simple"},"acf":[],"yoast_head":"<!-- This site is optimized with the Yoast SEO plugin v27.0 - https:\/\/yoast.com\/product\/yoast-seo-wordpress\/ -->\n<title>Surveillance de la glyc\u00e9mie : optimiser les soins et la gestion du diab\u00e8te - MDBriefCase<\/title>\n<meta name=\"robots\" content=\"index, follow, max-snippet:-1, max-image-preview:large, max-video-preview:-1\" \/>\n<link rel=\"canonical\" href=\"https:\/\/www.mdbriefcase.com\/fr\/product\/surveillance-de-la-glycemie-optimiser-les-soins-et-la-gestion-du-diabete-3\/?courseid=\" \/>\n<meta property=\"og:locale\" content=\"fr_CA\" \/>\n<meta property=\"og:type\" content=\"article\" \/>\n<meta property=\"og:title\" content=\"Surveillance de la glyc\u00e9mie : optimiser les soins et la gestion du diab\u00e8te - MDBriefCase\" \/>\n<meta property=\"og:description\" content=\"Les progr\u00e8s r\u00e9alis\u00e9s dans la prise en charge du diab\u00e8te ont permis de mettre au point des technologies de surveillance du glucose en continue qui aident les personnes diab\u00e9tiques \u00e0 ma\u00eetriser leur glyc\u00e9mie de fa\u00e7on optimale. Le fait de familiariser les cliniciens avec les technologies de surveillance du glucose en continue et avec l\u2019interpr\u00e9tation des [&hellip;]\" \/>\n<meta property=\"og:url\" content=\"https:\/\/www.mdbriefcase.com\/fr\/product\/surveillance-de-la-glycemie-optimiser-les-soins-et-la-gestion-du-diabete-3\/?courseid=\" \/>\n<meta property=\"og:site_name\" content=\"MDBriefCase\" \/>\n<meta property=\"article:modified_time\" content=\"2025-06-23T14:07:37+00:00\" \/>\n<meta name=\"twitter:card\" content=\"summary_large_image\" \/>\n<meta name=\"twitter:label1\" content=\"Est. reading time\" \/>\n\t<meta name=\"twitter:data1\" content=\"1 minute\" \/>\n<script type=\"application\/ld+json\" class=\"yoast-schema-graph\">{\"@context\":\"https:\/\/schema.org\",\"@graph\":[{\"@type\":\"WebPage\",\"@id\":\"https:\/\/www.mdbriefcase.com\/product\/surveillance-de-la-glycemie-optimiser-les-soins-et-la-gestion-du-diabete-3\/?courseid=\",\"url\":\"https:\/\/www.mdbriefcase.com\/product\/surveillance-de-la-glycemie-optimiser-les-soins-et-la-gestion-du-diabete-3\/?courseid=\",\"name\":\"Surveillance de la glyc\u00e9mie : optimiser les soins et la gestion du diab\u00e8te - MDBriefCase\",\"isPartOf\":{\"@id\":\"https:\/\/www.mdbriefcase.com\/#website\"},\"datePublished\":\"2025-06-20T10:14:47+00:00\",\"dateModified\":\"2025-06-23T14:07:37+00:00\",\"breadcrumb\":{\"@id\":\"https:\/\/www.mdbriefcase.com\/product\/surveillance-de-la-glycemie-optimiser-les-soins-et-la-gestion-du-diabete-3\/?courseid=#breadcrumb\"},\"inLanguage\":\"fr-CA\",\"potentialAction\":[{\"@type\":\"ReadAction\",\"target\":[\"https:\/\/www.mdbriefcase.com\/product\/surveillance-de-la-glycemie-optimiser-les-soins-et-la-gestion-du-diabete-3\/?courseid=\"]}]},{\"@type\":\"BreadcrumbList\",\"@id\":\"https:\/\/www.mdbriefcase.com\/product\/surveillance-de-la-glycemie-optimiser-les-soins-et-la-gestion-du-diabete-3\/?courseid=#breadcrumb\",\"itemListElement\":[{\"@type\":\"ListItem\",\"position\":1,\"name\":\"Home\",\"item\":\"https:\/\/www.mdbriefcase.com\/\"},{\"@type\":\"ListItem\",\"position\":2,\"name\":\"Shop &#8211; Old\",\"item\":\"https:\/\/www.mdbriefcase.com\/shop\/\"},{\"@type\":\"ListItem\",\"position\":3,\"name\":\"Surveillance de la glyc\u00e9mie : optimiser les soins et la gestion du diab\u00e8te\"}]},{\"@type\":\"WebSite\",\"@id\":\"https:\/\/www.mdbriefcase.com\/#website\",\"url\":\"https:\/\/www.mdbriefcase.com\/\",\"name\":\"MDBriefCase\",\"description\":\"\",\"publisher\":{\"@id\":\"https:\/\/www.mdbriefcase.com\/#organization\"},\"potentialAction\":[{\"@type\":\"SearchAction\",\"target\":{\"@type\":\"EntryPoint\",\"urlTemplate\":\"https:\/\/www.mdbriefcase.com\/?s={search_term_string}\"},\"query-input\":{\"@type\":\"PropertyValueSpecification\",\"valueRequired\":true,\"valueName\":\"search_term_string\"}}],\"inLanguage\":\"fr-CA\"},{\"@type\":\"Organization\",\"@id\":\"https:\/\/www.mdbriefcase.com\/#organization\",\"name\":\"MDBriefCase\",\"url\":\"https:\/\/www.mdbriefcase.com\/\",\"logo\":{\"@type\":\"ImageObject\",\"inLanguage\":\"fr-CA\",\"@id\":\"https:\/\/www.mdbriefcase.com\/#\/schema\/logo\/image\/\",\"url\":\"https:\/\/www.mdbriefcase.com\/wp-content\/uploads\/2024\/07\/logo.webp\",\"contentUrl\":\"https:\/\/www.mdbriefcase.com\/wp-content\/uploads\/2024\/07\/logo.webp\",\"width\":190,\"height\":36,\"caption\":\"MDBriefCase\"},\"image\":{\"@id\":\"https:\/\/www.mdbriefcase.com\/#\/schema\/logo\/image\/\"}}]}<\/script>\n<!-- \/ Yoast SEO plugin. -->","yoast_head_json":{"title":"Surveillance de la glyc\u00e9mie : optimiser les soins et la gestion du diab\u00e8te - MDBriefCase","robots":{"index":"index","follow":"follow","max-snippet":"max-snippet:-1","max-image-preview":"max-image-preview:large","max-video-preview":"max-video-preview:-1"},"canonical":"https:\/\/www.mdbriefcase.com\/fr\/product\/surveillance-de-la-glycemie-optimiser-les-soins-et-la-gestion-du-diabete-3\/?courseid=","og_locale":"fr_CA","og_type":"article","og_title":"Surveillance de la glyc\u00e9mie : optimiser les soins et la gestion du diab\u00e8te - MDBriefCase","og_description":"Les progr\u00e8s r\u00e9alis\u00e9s dans la prise en charge du diab\u00e8te ont permis de mettre au point des technologies de surveillance du glucose en continue qui aident les personnes diab\u00e9tiques \u00e0 ma\u00eetriser leur glyc\u00e9mie de fa\u00e7on optimale. Le fait de familiariser les cliniciens avec les technologies de surveillance du glucose en continue et avec l\u2019interpr\u00e9tation des [&hellip;]","og_url":"https:\/\/www.mdbriefcase.com\/fr\/product\/surveillance-de-la-glycemie-optimiser-les-soins-et-la-gestion-du-diabete-3\/?courseid=","og_site_name":"MDBriefCase","article_modified_time":"2025-06-23T14:07:37+00:00","twitter_card":"summary_large_image","twitter_misc":{"Est. reading time":"1 minute"},"schema":{"@context":"https:\/\/schema.org","@graph":[{"@type":"WebPage","@id":"https:\/\/www.mdbriefcase.com\/product\/surveillance-de-la-glycemie-optimiser-les-soins-et-la-gestion-du-diabete-3\/?courseid=","url":"https:\/\/www.mdbriefcase.com\/product\/surveillance-de-la-glycemie-optimiser-les-soins-et-la-gestion-du-diabete-3\/?courseid=","name":"Surveillance de la glyc\u00e9mie : optimiser les soins et la gestion du diab\u00e8te - MDBriefCase","isPartOf":{"@id":"https:\/\/www.mdbriefcase.com\/#website"},"datePublished":"2025-06-20T10:14:47+00:00","dateModified":"2025-06-23T14:07:37+00:00","breadcrumb":{"@id":"https:\/\/www.mdbriefcase.com\/product\/surveillance-de-la-glycemie-optimiser-les-soins-et-la-gestion-du-diabete-3\/?courseid=#breadcrumb"},"inLanguage":"fr-CA","potentialAction":[{"@type":"ReadAction","target":["https:\/\/www.mdbriefcase.com\/product\/surveillance-de-la-glycemie-optimiser-les-soins-et-la-gestion-du-diabete-3\/?courseid="]}]},{"@type":"BreadcrumbList","@id":"https:\/\/www.mdbriefcase.com\/product\/surveillance-de-la-glycemie-optimiser-les-soins-et-la-gestion-du-diabete-3\/?courseid=#breadcrumb","itemListElement":[{"@type":"ListItem","position":1,"name":"Home","item":"https:\/\/www.mdbriefcase.com\/"},{"@type":"ListItem","position":2,"name":"Shop &#8211; Old","item":"https:\/\/www.mdbriefcase.com\/shop\/"},{"@type":"ListItem","position":3,"name":"Surveillance de la glyc\u00e9mie : optimiser les soins et la gestion du diab\u00e8te"}]},{"@type":"WebSite","@id":"https:\/\/www.mdbriefcase.com\/#website","url":"https:\/\/www.mdbriefcase.com\/","name":"MDBriefCase","description":"","publisher":{"@id":"https:\/\/www.mdbriefcase.com\/#organization"},"potentialAction":[{"@type":"SearchAction","target":{"@type":"EntryPoint","urlTemplate":"https:\/\/www.mdbriefcase.com\/?s={search_term_string}"},"query-input":{"@type":"PropertyValueSpecification","valueRequired":true,"valueName":"search_term_string"}}],"inLanguage":"fr-CA"},{"@type":"Organization","@id":"https:\/\/www.mdbriefcase.com\/#organization","name":"MDBriefCase","url":"https:\/\/www.mdbriefcase.com\/","logo":{"@type":"ImageObject","inLanguage":"fr-CA","@id":"https:\/\/www.mdbriefcase.com\/#\/schema\/logo\/image\/","url":"https:\/\/www.mdbriefcase.com\/wp-content\/uploads\/2024\/07\/logo.webp","contentUrl":"https:\/\/www.mdbriefcase.com\/wp-content\/uploads\/2024\/07\/logo.webp","width":190,"height":36,"caption":"MDBriefCase"},"image":{"@id":"https:\/\/www.mdbriefcase.com\/#\/schema\/logo\/image\/"}}]}},"_links":{"self":[{"href":"https:\/\/www.mdbriefcase.com\/fr\/wp-json\/wp\/v2\/product\/542835","targetHints":{"allow":["GET"]}}],"collection":[{"href":"https:\/\/www.mdbriefcase.com\/fr\/wp-json\/wp\/v2\/product"}],"about":[{"href":"https:\/\/www.mdbriefcase.com\/fr\/wp-json\/wp\/v2\/types\/product"}],"replies":[{"embeddable":true,"href":"https:\/\/www.mdbriefcase.com\/fr\/wp-json\/wp\/v2\/comments?post=542835"}],"wp:attachment":[{"href":"https:\/\/www.mdbriefcase.com\/fr\/wp-json\/wp\/v2\/media?parent=542835"}],"wp:term":[{"taxonomy":"product_brand","embeddable":true,"href":"https:\/\/www.mdbriefcase.com\/fr\/wp-json\/wp\/v2\/product_brand?post=542835"},{"taxonomy":"product_cat","embeddable":true,"href":"https:\/\/www.mdbriefcase.com\/fr\/wp-json\/wp\/v2\/product_cat?post=542835"},{"taxonomy":"product_tag","embeddable":true,"href":"https:\/\/www.mdbriefcase.com\/fr\/wp-json\/wp\/v2\/product_tag?post=542835"}],"curies":[{"name":"wp","href":"https:\/\/api.w.org\/{rel}","templated":true}]}}