{"id":542811,"date":"2025-06-20T06:14:42","date_gmt":"2025-06-20T10:14:42","guid":{"rendered":"https:\/\/mdbc2.wpenginepowered.com\/product\/developpement-cerebral-du-nourrisson-decouverte-des-bienfaits-de-la-membrane-du-globule-gras-du-lait-4\/?courseid="},"modified":"2025-06-23T10:07:32","modified_gmt":"2025-06-23T14:07:32","slug":"developpement-cerebral-du-nourrisson-decouverte-des-bienfaits-de-la-membrane-du-globule-gras-du-lait-4","status":"publish","type":"product","link":"https:\/\/www.mdbriefcase.com\/fr\/product\/developpement-cerebral-du-nourrisson-decouverte-des-bienfaits-de-la-membrane-du-globule-gras-du-lait-4\/?courseid=","title":{"rendered":"D\u00e9veloppement c\u00e9r\u00e9bral du nourrisson\u00a0: D\u00e9couverte des bienfaits de la membrane du globule gras du lait"},"content":{"rendered":"<p dir=\"ltr\" style=\"text-align: left\">Ce programme de formation m\u00e9dicale continue (FMC) agr\u00e9\u00e9 par le CMFC, d\u2019une dur\u00e9e de 15 minutes, s\u2019adresse aux professionnels de la sant\u00e9 canadiens. Il a pour but d\u2019outiller les fournisseurs de soins de sant\u00e9 en leur offrant des renseignements sur la membrane du globule gras du lait (MGGL), une structure complexe qui entoure les gouttelettes de lipides contenues dans le lait, et son r\u00f4le dans la nutrition infantile et le d\u00e9veloppement cognitif des jeunes enfants. Ce programme a \u00e9t\u00e9 con\u00e7u pour offrir des informations pratiques sur l\u2019importance de la MGGL dans le d\u00e9veloppement c\u00e9r\u00e9bral des nourrissons.\n<\/p>\n<hr>\n<p>Ce programme de formation a \u00e9t\u00e9 produit gr\u00e2ce au soutien financier de Mead Johnson Nutrition sous forme de subvention \u00e0 l\u2019\u00e9ducation.<\/p>","protected":false},"excerpt":{"rendered":"<p>Ce programme de formation m\u00e9dicale continue (FMC) agr\u00e9\u00e9 par le CMFC, d\u2019une dur\u00e9e de 15 minutes, s\u2019adresse aux professionnels de la sant\u00e9 canadiens. Il a pour but d\u2019outiller les fournisseurs de soins de sant\u00e9 en leur offrant des renseignements sur la membrane du globule gras du lait (MGGL), une structure complexe qui entoure les gouttelettes [&hellip;]<\/p>\n","protected":false},"featured_media":0,"comment_status":"closed","ping_status":"closed","template":"","meta":{"_acf_changed":false,"inline_featured_image":false},"product_brand":[],"product_cat":[],"product_tag":[],"class_list":{"0":"post-542811","1":"product","2":"type-product","3":"status-publish","6":"first","7":"instock","8":"downloadable","9":"virtual","10":"taxable","11":"product-type-simple"},"acf":[],"yoast_head":"<!-- This site is optimized with the Yoast SEO plugin v27.0 - https:\/\/yoast.com\/product\/yoast-seo-wordpress\/ -->\n<title>D\u00e9veloppement c\u00e9r\u00e9bral du nourrisson\u00a0: D\u00e9couverte des bienfaits de la membrane du globule gras du lait - MDBriefCase<\/title>\n<meta name=\"robots\" content=\"index, follow, max-snippet:-1, max-image-preview:large, max-video-preview:-1\" \/>\n<link rel=\"canonical\" href=\"https:\/\/www.mdbriefcase.com\/fr\/product\/developpement-cerebral-du-nourrisson-decouverte-des-bienfaits-de-la-membrane-du-globule-gras-du-lait-4\/?courseid=\" \/>\n<meta property=\"og:locale\" content=\"fr_CA\" \/>\n<meta property=\"og:type\" content=\"article\" \/>\n<meta property=\"og:title\" content=\"D\u00e9veloppement c\u00e9r\u00e9bral du nourrisson\u00a0: D\u00e9couverte des bienfaits de la membrane du globule gras du lait - MDBriefCase\" \/>\n<meta property=\"og:description\" content=\"Ce programme de formation m\u00e9dicale continue (FMC) agr\u00e9\u00e9 par le CMFC, d\u2019une dur\u00e9e de 15 minutes, s\u2019adresse aux professionnels de la sant\u00e9 canadiens. Il a pour but d\u2019outiller les fournisseurs de soins de sant\u00e9 en leur offrant des renseignements sur la membrane du globule gras du lait (MGGL), une structure complexe qui entoure les gouttelettes [&hellip;]\" \/>\n<meta property=\"og:url\" content=\"https:\/\/www.mdbriefcase.com\/fr\/product\/developpement-cerebral-du-nourrisson-decouverte-des-bienfaits-de-la-membrane-du-globule-gras-du-lait-4\/?courseid=\" \/>\n<meta property=\"og:site_name\" content=\"MDBriefCase\" \/>\n<meta property=\"article:modified_time\" content=\"2025-06-23T14:07:32+00:00\" \/>\n<meta name=\"twitter:card\" content=\"summary_large_image\" \/>\n<meta name=\"twitter:label1\" content=\"Est. reading time\" \/>\n\t<meta name=\"twitter:data1\" content=\"1 minute\" \/>\n<script type=\"application\/ld+json\" class=\"yoast-schema-graph\">{\"@context\":\"https:\/\/schema.org\",\"@graph\":[{\"@type\":\"WebPage\",\"@id\":\"https:\/\/www.mdbriefcase.com\/product\/developpement-cerebral-du-nourrisson-decouverte-des-bienfaits-de-la-membrane-du-globule-gras-du-lait-4\/?courseid=\",\"url\":\"https:\/\/www.mdbriefcase.com\/product\/developpement-cerebral-du-nourrisson-decouverte-des-bienfaits-de-la-membrane-du-globule-gras-du-lait-4\/?courseid=\",\"name\":\"D\u00e9veloppement c\u00e9r\u00e9bral du nourrisson\u00a0: D\u00e9couverte des bienfaits de la membrane du globule gras du lait - MDBriefCase\",\"isPartOf\":{\"@id\":\"https:\/\/www.mdbriefcase.com\/#website\"},\"datePublished\":\"2025-06-20T10:14:42+00:00\",\"dateModified\":\"2025-06-23T14:07:32+00:00\",\"breadcrumb\":{\"@id\":\"https:\/\/www.mdbriefcase.com\/product\/developpement-cerebral-du-nourrisson-decouverte-des-bienfaits-de-la-membrane-du-globule-gras-du-lait-4\/?courseid=#breadcrumb\"},\"inLanguage\":\"fr-CA\",\"potentialAction\":[{\"@type\":\"ReadAction\",\"target\":[\"https:\/\/www.mdbriefcase.com\/product\/developpement-cerebral-du-nourrisson-decouverte-des-bienfaits-de-la-membrane-du-globule-gras-du-lait-4\/?courseid=\"]}]},{\"@type\":\"BreadcrumbList\",\"@id\":\"https:\/\/www.mdbriefcase.com\/product\/developpement-cerebral-du-nourrisson-decouverte-des-bienfaits-de-la-membrane-du-globule-gras-du-lait-4\/?courseid=#breadcrumb\",\"itemListElement\":[{\"@type\":\"ListItem\",\"position\":1,\"name\":\"Home\",\"item\":\"https:\/\/www.mdbriefcase.com\/\"},{\"@type\":\"ListItem\",\"position\":2,\"name\":\"Shop &#8211; Old\",\"item\":\"https:\/\/www.mdbriefcase.com\/shop\/\"},{\"@type\":\"ListItem\",\"position\":3,\"name\":\"D\u00e9veloppement c\u00e9r\u00e9bral du nourrisson\u00a0: D\u00e9couverte des bienfaits de la membrane du globule gras du lait\"}]},{\"@type\":\"WebSite\",\"@id\":\"https:\/\/www.mdbriefcase.com\/#website\",\"url\":\"https:\/\/www.mdbriefcase.com\/\",\"name\":\"MDBriefCase\",\"description\":\"\",\"publisher\":{\"@id\":\"https:\/\/www.mdbriefcase.com\/#organization\"},\"potentialAction\":[{\"@type\":\"SearchAction\",\"target\":{\"@type\":\"EntryPoint\",\"urlTemplate\":\"https:\/\/www.mdbriefcase.com\/?s={search_term_string}\"},\"query-input\":{\"@type\":\"PropertyValueSpecification\",\"valueRequired\":true,\"valueName\":\"search_term_string\"}}],\"inLanguage\":\"fr-CA\"},{\"@type\":\"Organization\",\"@id\":\"https:\/\/www.mdbriefcase.com\/#organization\",\"name\":\"MDBriefCase\",\"url\":\"https:\/\/www.mdbriefcase.com\/\",\"logo\":{\"@type\":\"ImageObject\",\"inLanguage\":\"fr-CA\",\"@id\":\"https:\/\/www.mdbriefcase.com\/#\/schema\/logo\/image\/\",\"url\":\"https:\/\/www.mdbriefcase.com\/wp-content\/uploads\/2024\/07\/logo.webp\",\"contentUrl\":\"https:\/\/www.mdbriefcase.com\/wp-content\/uploads\/2024\/07\/logo.webp\",\"width\":190,\"height\":36,\"caption\":\"MDBriefCase\"},\"image\":{\"@id\":\"https:\/\/www.mdbriefcase.com\/#\/schema\/logo\/image\/\"}}]}<\/script>\n<!-- \/ Yoast SEO plugin. -->","yoast_head_json":{"title":"D\u00e9veloppement c\u00e9r\u00e9bral du nourrisson\u00a0: D\u00e9couverte des bienfaits de la membrane du globule gras du lait - MDBriefCase","robots":{"index":"index","follow":"follow","max-snippet":"max-snippet:-1","max-image-preview":"max-image-preview:large","max-video-preview":"max-video-preview:-1"},"canonical":"https:\/\/www.mdbriefcase.com\/fr\/product\/developpement-cerebral-du-nourrisson-decouverte-des-bienfaits-de-la-membrane-du-globule-gras-du-lait-4\/?courseid=","og_locale":"fr_CA","og_type":"article","og_title":"D\u00e9veloppement c\u00e9r\u00e9bral du nourrisson\u00a0: D\u00e9couverte des bienfaits de la membrane du globule gras du lait - MDBriefCase","og_description":"Ce programme de formation m\u00e9dicale continue (FMC) agr\u00e9\u00e9 par le CMFC, d\u2019une dur\u00e9e de 15 minutes, s\u2019adresse aux professionnels de la sant\u00e9 canadiens. Il a pour but d\u2019outiller les fournisseurs de soins de sant\u00e9 en leur offrant des renseignements sur la membrane du globule gras du lait (MGGL), une structure complexe qui entoure les gouttelettes [&hellip;]","og_url":"https:\/\/www.mdbriefcase.com\/fr\/product\/developpement-cerebral-du-nourrisson-decouverte-des-bienfaits-de-la-membrane-du-globule-gras-du-lait-4\/?courseid=","og_site_name":"MDBriefCase","article_modified_time":"2025-06-23T14:07:32+00:00","twitter_card":"summary_large_image","twitter_misc":{"Est. reading time":"1 minute"},"schema":{"@context":"https:\/\/schema.org","@graph":[{"@type":"WebPage","@id":"https:\/\/www.mdbriefcase.com\/product\/developpement-cerebral-du-nourrisson-decouverte-des-bienfaits-de-la-membrane-du-globule-gras-du-lait-4\/?courseid=","url":"https:\/\/www.mdbriefcase.com\/product\/developpement-cerebral-du-nourrisson-decouverte-des-bienfaits-de-la-membrane-du-globule-gras-du-lait-4\/?courseid=","name":"D\u00e9veloppement c\u00e9r\u00e9bral du nourrisson\u00a0: D\u00e9couverte des bienfaits de la membrane du globule gras du lait - MDBriefCase","isPartOf":{"@id":"https:\/\/www.mdbriefcase.com\/#website"},"datePublished":"2025-06-20T10:14:42+00:00","dateModified":"2025-06-23T14:07:32+00:00","breadcrumb":{"@id":"https:\/\/www.mdbriefcase.com\/product\/developpement-cerebral-du-nourrisson-decouverte-des-bienfaits-de-la-membrane-du-globule-gras-du-lait-4\/?courseid=#breadcrumb"},"inLanguage":"fr-CA","potentialAction":[{"@type":"ReadAction","target":["https:\/\/www.mdbriefcase.com\/product\/developpement-cerebral-du-nourrisson-decouverte-des-bienfaits-de-la-membrane-du-globule-gras-du-lait-4\/?courseid="]}]},{"@type":"BreadcrumbList","@id":"https:\/\/www.mdbriefcase.com\/product\/developpement-cerebral-du-nourrisson-decouverte-des-bienfaits-de-la-membrane-du-globule-gras-du-lait-4\/?courseid=#breadcrumb","itemListElement":[{"@type":"ListItem","position":1,"name":"Home","item":"https:\/\/www.mdbriefcase.com\/"},{"@type":"ListItem","position":2,"name":"Shop &#8211; Old","item":"https:\/\/www.mdbriefcase.com\/shop\/"},{"@type":"ListItem","position":3,"name":"D\u00e9veloppement c\u00e9r\u00e9bral du nourrisson\u00a0: D\u00e9couverte des bienfaits de la membrane du globule gras du lait"}]},{"@type":"WebSite","@id":"https:\/\/www.mdbriefcase.com\/#website","url":"https:\/\/www.mdbriefcase.com\/","name":"MDBriefCase","description":"","publisher":{"@id":"https:\/\/www.mdbriefcase.com\/#organization"},"potentialAction":[{"@type":"SearchAction","target":{"@type":"EntryPoint","urlTemplate":"https:\/\/www.mdbriefcase.com\/?s={search_term_string}"},"query-input":{"@type":"PropertyValueSpecification","valueRequired":true,"valueName":"search_term_string"}}],"inLanguage":"fr-CA"},{"@type":"Organization","@id":"https:\/\/www.mdbriefcase.com\/#organization","name":"MDBriefCase","url":"https:\/\/www.mdbriefcase.com\/","logo":{"@type":"ImageObject","inLanguage":"fr-CA","@id":"https:\/\/www.mdbriefcase.com\/#\/schema\/logo\/image\/","url":"https:\/\/www.mdbriefcase.com\/wp-content\/uploads\/2024\/07\/logo.webp","contentUrl":"https:\/\/www.mdbriefcase.com\/wp-content\/uploads\/2024\/07\/logo.webp","width":190,"height":36,"caption":"MDBriefCase"},"image":{"@id":"https:\/\/www.mdbriefcase.com\/#\/schema\/logo\/image\/"}}]}},"_links":{"self":[{"href":"https:\/\/www.mdbriefcase.com\/fr\/wp-json\/wp\/v2\/product\/542811","targetHints":{"allow":["GET"]}}],"collection":[{"href":"https:\/\/www.mdbriefcase.com\/fr\/wp-json\/wp\/v2\/product"}],"about":[{"href":"https:\/\/www.mdbriefcase.com\/fr\/wp-json\/wp\/v2\/types\/product"}],"replies":[{"embeddable":true,"href":"https:\/\/www.mdbriefcase.com\/fr\/wp-json\/wp\/v2\/comments?post=542811"}],"wp:attachment":[{"href":"https:\/\/www.mdbriefcase.com\/fr\/wp-json\/wp\/v2\/media?parent=542811"}],"wp:term":[{"taxonomy":"product_brand","embeddable":true,"href":"https:\/\/www.mdbriefcase.com\/fr\/wp-json\/wp\/v2\/product_brand?post=542811"},{"taxonomy":"product_cat","embeddable":true,"href":"https:\/\/www.mdbriefcase.com\/fr\/wp-json\/wp\/v2\/product_cat?post=542811"},{"taxonomy":"product_tag","embeddable":true,"href":"https:\/\/www.mdbriefcase.com\/fr\/wp-json\/wp\/v2\/product_tag?post=542811"}],"curies":[{"name":"wp","href":"https:\/\/api.w.org\/{rel}","templated":true}]}}