{"id":542809,"date":"2025-06-20T06:14:41","date_gmt":"2025-06-20T10:14:41","guid":{"rendered":"https:\/\/mdbc2.wpenginepowered.com\/product\/distinguer-les-causes-de-dyspnee-avec-toux-votre-patient-pourrait-il-avoir-une-maladie-pulmonaire-interstitielle-2\/?courseid="},"modified":"2025-06-23T10:07:32","modified_gmt":"2025-06-23T14:07:32","slug":"distinguer-les-causes-de-dyspnee-avec-toux-votre-patient-pourrait-il-avoir-une-maladie-pulmonaire-interstitielle-2","status":"publish","type":"product","link":"https:\/\/www.mdbriefcase.com\/fr\/product\/distinguer-les-causes-de-dyspnee-avec-toux-votre-patient-pourrait-il-avoir-une-maladie-pulmonaire-interstitielle-2\/?courseid=","title":{"rendered":"Distinguer les causes de dyspn\u00e9e avec toux \u2013 Votre patient pourrait-il avoir une maladie pulmonaire interstitielle?"},"content":{"rendered":"<p>Les maladies pulmonaires interstitielles (MPI) sont un groupe diversifi\u00e9 de troubles pulmonaires qui affectent les tissus et l\u2019espace entourant les alv\u00e9oles des poumons. Les MPI causent la cicatrisation progressive des tissus pulmonaires en raison de l\u2019inflammation et\/ou la fibrose, r\u00e9duisant la capacit\u00e9 des poumons \u00e0 effectuer la diffusion gazeuse alveolaire. Les MPI s\u2019associent \u00e0 une morbidit\u00e9 et une mortalit\u00e9 significatives. Un diagnostic en temps opportun est essentiel pour ralentir l\u2019\u00e9volution de la maladie et prolonger la survie; toutefois, le laps de temps qui s\u2019\u00e9coule habituellement entre l\u2019apparition des sympt\u00f4mes et le diagnostic est souvent long, atteignant de 7 mois \u00e0 5 ann\u00e9es. Les cliniciens de soins primaires jouent un r\u00f4le pr\u00e9pond\u00e9rant dans l\u2019\u00e9valuation initiale et l\u2019orientation des patients chez qui on soup\u00e7onne une MPI. Le pr\u00e9sent programme de formation offre au clinicien un aper\u00e7u des facteurs qui am\u00e8nent \u00e0 suspecter la pr\u00e9sence d\u2019une MPI, des tests initiaux \u00e0 r\u00e9aliser et de la mani\u00e8re d\u2019optimiser la demande de consultation en pneumologie afin d\u2019\u00e9tablir un diagnostic en temps opportun.\n<\/p>\n<hr>\n<p>Ce programme a b\u00e9n\u00e9fici\u00e9 d\u2019une bourse \u00e0 vis\u00e9e \u00e9ducative ou d\u2019un soutien en nature de la part de Boehringer Ingelheim. <\/p>","protected":false},"excerpt":{"rendered":"<p>Les maladies pulmonaires interstitielles (MPI) sont un groupe diversifi\u00e9 de troubles pulmonaires qui affectent les tissus et l\u2019espace entourant les alv\u00e9oles des poumons. Les MPI causent la cicatrisation progressive des tissus pulmonaires en raison de l\u2019inflammation et\/ou la fibrose, r\u00e9duisant la capacit\u00e9 des poumons \u00e0 effectuer la diffusion gazeuse alveolaire. Les MPI s\u2019associent \u00e0 une [&hellip;]<\/p>\n","protected":false},"featured_media":0,"comment_status":"closed","ping_status":"closed","template":"","meta":{"_acf_changed":false,"inline_featured_image":false},"product_brand":[],"product_cat":[],"product_tag":[],"class_list":{"0":"post-542809","1":"product","2":"type-product","3":"status-publish","6":"first","7":"instock","8":"downloadable","9":"virtual","10":"taxable","11":"product-type-simple"},"acf":[],"yoast_head":"<!-- This site is optimized with the Yoast SEO plugin v27.0 - https:\/\/yoast.com\/product\/yoast-seo-wordpress\/ -->\n<title>Distinguer les causes de dyspn\u00e9e avec toux \u2013 Votre patient pourrait-il avoir une maladie pulmonaire interstitielle? - MDBriefCase<\/title>\n<meta name=\"robots\" content=\"index, follow, max-snippet:-1, max-image-preview:large, max-video-preview:-1\" \/>\n<link rel=\"canonical\" href=\"https:\/\/www.mdbriefcase.com\/fr\/product\/distinguer-les-causes-de-dyspnee-avec-toux-votre-patient-pourrait-il-avoir-une-maladie-pulmonaire-interstitielle-2\/?courseid=\" \/>\n<meta property=\"og:locale\" content=\"fr_CA\" \/>\n<meta property=\"og:type\" content=\"article\" \/>\n<meta property=\"og:title\" content=\"Distinguer les causes de dyspn\u00e9e avec toux \u2013 Votre patient pourrait-il avoir une maladie pulmonaire interstitielle? - MDBriefCase\" \/>\n<meta property=\"og:description\" content=\"Les maladies pulmonaires interstitielles (MPI) sont un groupe diversifi\u00e9 de troubles pulmonaires qui affectent les tissus et l\u2019espace entourant les alv\u00e9oles des poumons. Les MPI causent la cicatrisation progressive des tissus pulmonaires en raison de l\u2019inflammation et\/ou la fibrose, r\u00e9duisant la capacit\u00e9 des poumons \u00e0 effectuer la diffusion gazeuse alveolaire. Les MPI s\u2019associent \u00e0 une [&hellip;]\" \/>\n<meta property=\"og:url\" content=\"https:\/\/www.mdbriefcase.com\/fr\/product\/distinguer-les-causes-de-dyspnee-avec-toux-votre-patient-pourrait-il-avoir-une-maladie-pulmonaire-interstitielle-2\/?courseid=\" \/>\n<meta property=\"og:site_name\" content=\"MDBriefCase\" \/>\n<meta property=\"article:modified_time\" content=\"2025-06-23T14:07:32+00:00\" \/>\n<meta name=\"twitter:card\" content=\"summary_large_image\" \/>\n<meta name=\"twitter:label1\" content=\"Est. reading time\" \/>\n\t<meta name=\"twitter:data1\" content=\"1 minute\" \/>\n<script type=\"application\/ld+json\" class=\"yoast-schema-graph\">{\"@context\":\"https:\/\/schema.org\",\"@graph\":[{\"@type\":\"WebPage\",\"@id\":\"https:\/\/www.mdbriefcase.com\/product\/distinguer-les-causes-de-dyspnee-avec-toux-votre-patient-pourrait-il-avoir-une-maladie-pulmonaire-interstitielle-2\/?courseid=\",\"url\":\"https:\/\/www.mdbriefcase.com\/product\/distinguer-les-causes-de-dyspnee-avec-toux-votre-patient-pourrait-il-avoir-une-maladie-pulmonaire-interstitielle-2\/?courseid=\",\"name\":\"Distinguer les causes de dyspn\u00e9e avec toux \u2013 Votre patient pourrait-il avoir une maladie pulmonaire interstitielle? - MDBriefCase\",\"isPartOf\":{\"@id\":\"https:\/\/www.mdbriefcase.com\/#website\"},\"datePublished\":\"2025-06-20T10:14:41+00:00\",\"dateModified\":\"2025-06-23T14:07:32+00:00\",\"breadcrumb\":{\"@id\":\"https:\/\/www.mdbriefcase.com\/product\/distinguer-les-causes-de-dyspnee-avec-toux-votre-patient-pourrait-il-avoir-une-maladie-pulmonaire-interstitielle-2\/?courseid=#breadcrumb\"},\"inLanguage\":\"fr-CA\",\"potentialAction\":[{\"@type\":\"ReadAction\",\"target\":[\"https:\/\/www.mdbriefcase.com\/product\/distinguer-les-causes-de-dyspnee-avec-toux-votre-patient-pourrait-il-avoir-une-maladie-pulmonaire-interstitielle-2\/?courseid=\"]}]},{\"@type\":\"BreadcrumbList\",\"@id\":\"https:\/\/www.mdbriefcase.com\/product\/distinguer-les-causes-de-dyspnee-avec-toux-votre-patient-pourrait-il-avoir-une-maladie-pulmonaire-interstitielle-2\/?courseid=#breadcrumb\",\"itemListElement\":[{\"@type\":\"ListItem\",\"position\":1,\"name\":\"Home\",\"item\":\"https:\/\/www.mdbriefcase.com\/\"},{\"@type\":\"ListItem\",\"position\":2,\"name\":\"Shop &#8211; Old\",\"item\":\"https:\/\/www.mdbriefcase.com\/shop\/\"},{\"@type\":\"ListItem\",\"position\":3,\"name\":\"Distinguer les causes de dyspn\u00e9e avec toux \u2013 Votre patient pourrait-il avoir une maladie pulmonaire interstitielle?\"}]},{\"@type\":\"WebSite\",\"@id\":\"https:\/\/www.mdbriefcase.com\/#website\",\"url\":\"https:\/\/www.mdbriefcase.com\/\",\"name\":\"MDBriefCase\",\"description\":\"\",\"publisher\":{\"@id\":\"https:\/\/www.mdbriefcase.com\/#organization\"},\"potentialAction\":[{\"@type\":\"SearchAction\",\"target\":{\"@type\":\"EntryPoint\",\"urlTemplate\":\"https:\/\/www.mdbriefcase.com\/?s={search_term_string}\"},\"query-input\":{\"@type\":\"PropertyValueSpecification\",\"valueRequired\":true,\"valueName\":\"search_term_string\"}}],\"inLanguage\":\"fr-CA\"},{\"@type\":\"Organization\",\"@id\":\"https:\/\/www.mdbriefcase.com\/#organization\",\"name\":\"MDBriefCase\",\"url\":\"https:\/\/www.mdbriefcase.com\/\",\"logo\":{\"@type\":\"ImageObject\",\"inLanguage\":\"fr-CA\",\"@id\":\"https:\/\/www.mdbriefcase.com\/#\/schema\/logo\/image\/\",\"url\":\"https:\/\/www.mdbriefcase.com\/wp-content\/uploads\/2024\/07\/logo.webp\",\"contentUrl\":\"https:\/\/www.mdbriefcase.com\/wp-content\/uploads\/2024\/07\/logo.webp\",\"width\":190,\"height\":36,\"caption\":\"MDBriefCase\"},\"image\":{\"@id\":\"https:\/\/www.mdbriefcase.com\/#\/schema\/logo\/image\/\"}}]}<\/script>\n<!-- \/ Yoast SEO plugin. -->","yoast_head_json":{"title":"Distinguer les causes de dyspn\u00e9e avec toux \u2013 Votre patient pourrait-il avoir une maladie pulmonaire interstitielle? - MDBriefCase","robots":{"index":"index","follow":"follow","max-snippet":"max-snippet:-1","max-image-preview":"max-image-preview:large","max-video-preview":"max-video-preview:-1"},"canonical":"https:\/\/www.mdbriefcase.com\/fr\/product\/distinguer-les-causes-de-dyspnee-avec-toux-votre-patient-pourrait-il-avoir-une-maladie-pulmonaire-interstitielle-2\/?courseid=","og_locale":"fr_CA","og_type":"article","og_title":"Distinguer les causes de dyspn\u00e9e avec toux \u2013 Votre patient pourrait-il avoir une maladie pulmonaire interstitielle? - MDBriefCase","og_description":"Les maladies pulmonaires interstitielles (MPI) sont un groupe diversifi\u00e9 de troubles pulmonaires qui affectent les tissus et l\u2019espace entourant les alv\u00e9oles des poumons. Les MPI causent la cicatrisation progressive des tissus pulmonaires en raison de l\u2019inflammation et\/ou la fibrose, r\u00e9duisant la capacit\u00e9 des poumons \u00e0 effectuer la diffusion gazeuse alveolaire. Les MPI s\u2019associent \u00e0 une [&hellip;]","og_url":"https:\/\/www.mdbriefcase.com\/fr\/product\/distinguer-les-causes-de-dyspnee-avec-toux-votre-patient-pourrait-il-avoir-une-maladie-pulmonaire-interstitielle-2\/?courseid=","og_site_name":"MDBriefCase","article_modified_time":"2025-06-23T14:07:32+00:00","twitter_card":"summary_large_image","twitter_misc":{"Est. reading time":"1 minute"},"schema":{"@context":"https:\/\/schema.org","@graph":[{"@type":"WebPage","@id":"https:\/\/www.mdbriefcase.com\/product\/distinguer-les-causes-de-dyspnee-avec-toux-votre-patient-pourrait-il-avoir-une-maladie-pulmonaire-interstitielle-2\/?courseid=","url":"https:\/\/www.mdbriefcase.com\/product\/distinguer-les-causes-de-dyspnee-avec-toux-votre-patient-pourrait-il-avoir-une-maladie-pulmonaire-interstitielle-2\/?courseid=","name":"Distinguer les causes de dyspn\u00e9e avec toux \u2013 Votre patient pourrait-il avoir une maladie pulmonaire interstitielle? - MDBriefCase","isPartOf":{"@id":"https:\/\/www.mdbriefcase.com\/#website"},"datePublished":"2025-06-20T10:14:41+00:00","dateModified":"2025-06-23T14:07:32+00:00","breadcrumb":{"@id":"https:\/\/www.mdbriefcase.com\/product\/distinguer-les-causes-de-dyspnee-avec-toux-votre-patient-pourrait-il-avoir-une-maladie-pulmonaire-interstitielle-2\/?courseid=#breadcrumb"},"inLanguage":"fr-CA","potentialAction":[{"@type":"ReadAction","target":["https:\/\/www.mdbriefcase.com\/product\/distinguer-les-causes-de-dyspnee-avec-toux-votre-patient-pourrait-il-avoir-une-maladie-pulmonaire-interstitielle-2\/?courseid="]}]},{"@type":"BreadcrumbList","@id":"https:\/\/www.mdbriefcase.com\/product\/distinguer-les-causes-de-dyspnee-avec-toux-votre-patient-pourrait-il-avoir-une-maladie-pulmonaire-interstitielle-2\/?courseid=#breadcrumb","itemListElement":[{"@type":"ListItem","position":1,"name":"Home","item":"https:\/\/www.mdbriefcase.com\/"},{"@type":"ListItem","position":2,"name":"Shop &#8211; Old","item":"https:\/\/www.mdbriefcase.com\/shop\/"},{"@type":"ListItem","position":3,"name":"Distinguer les causes de dyspn\u00e9e avec toux \u2013 Votre patient pourrait-il avoir une maladie pulmonaire interstitielle?"}]},{"@type":"WebSite","@id":"https:\/\/www.mdbriefcase.com\/#website","url":"https:\/\/www.mdbriefcase.com\/","name":"MDBriefCase","description":"","publisher":{"@id":"https:\/\/www.mdbriefcase.com\/#organization"},"potentialAction":[{"@type":"SearchAction","target":{"@type":"EntryPoint","urlTemplate":"https:\/\/www.mdbriefcase.com\/?s={search_term_string}"},"query-input":{"@type":"PropertyValueSpecification","valueRequired":true,"valueName":"search_term_string"}}],"inLanguage":"fr-CA"},{"@type":"Organization","@id":"https:\/\/www.mdbriefcase.com\/#organization","name":"MDBriefCase","url":"https:\/\/www.mdbriefcase.com\/","logo":{"@type":"ImageObject","inLanguage":"fr-CA","@id":"https:\/\/www.mdbriefcase.com\/#\/schema\/logo\/image\/","url":"https:\/\/www.mdbriefcase.com\/wp-content\/uploads\/2024\/07\/logo.webp","contentUrl":"https:\/\/www.mdbriefcase.com\/wp-content\/uploads\/2024\/07\/logo.webp","width":190,"height":36,"caption":"MDBriefCase"},"image":{"@id":"https:\/\/www.mdbriefcase.com\/#\/schema\/logo\/image\/"}}]}},"_links":{"self":[{"href":"https:\/\/www.mdbriefcase.com\/fr\/wp-json\/wp\/v2\/product\/542809","targetHints":{"allow":["GET"]}}],"collection":[{"href":"https:\/\/www.mdbriefcase.com\/fr\/wp-json\/wp\/v2\/product"}],"about":[{"href":"https:\/\/www.mdbriefcase.com\/fr\/wp-json\/wp\/v2\/types\/product"}],"replies":[{"embeddable":true,"href":"https:\/\/www.mdbriefcase.com\/fr\/wp-json\/wp\/v2\/comments?post=542809"}],"wp:attachment":[{"href":"https:\/\/www.mdbriefcase.com\/fr\/wp-json\/wp\/v2\/media?parent=542809"}],"wp:term":[{"taxonomy":"product_brand","embeddable":true,"href":"https:\/\/www.mdbriefcase.com\/fr\/wp-json\/wp\/v2\/product_brand?post=542809"},{"taxonomy":"product_cat","embeddable":true,"href":"https:\/\/www.mdbriefcase.com\/fr\/wp-json\/wp\/v2\/product_cat?post=542809"},{"taxonomy":"product_tag","embeddable":true,"href":"https:\/\/www.mdbriefcase.com\/fr\/wp-json\/wp\/v2\/product_tag?post=542809"}],"curies":[{"name":"wp","href":"https:\/\/api.w.org\/{rel}","templated":true}]}}