{"id":542748,"date":"2025-06-20T06:14:29","date_gmt":"2025-06-20T10:14:29","guid":{"rendered":"https:\/\/mdbc2.wpenginepowered.com\/product\/sommaire-des-donnees-probantes-sur-la-mpoc\/?courseid="},"modified":"2025-06-23T10:07:19","modified_gmt":"2025-06-23T14:07:19","slug":"sommaire-des-donnees-probantes-sur-la-mpoc","status":"publish","type":"product","link":"https:\/\/www.mdbriefcase.com\/fr\/product\/sommaire-des-donnees-probantes-sur-la-mpoc\/?courseid=","title":{"rendered":"Sommaire des donn\u00e9es probantes sur la MPOC"},"content":{"rendered":"<p>La MPOC est l\u2019une des affections les plus courantes observ\u00e9es en soins primaires. Compte tenu des nombreuses options th\u00e9rapeutiques qui peuvent \u00eatre envisag\u00e9es pour ces patients, il est important que les cliniciens de soins primaires connaissent les donn\u00e9es probantes actuelles pour guider leur choix de traitement. Cette s\u00e9rie passera en revue les donn\u00e9es probantes actuelles, les comparera aux lignes directrices actuelles et les appliquera aux cas courants rencontr\u00e9s dans la pratique clinique.&nbsp;<\/p>","protected":false},"excerpt":{"rendered":"<p>La MPOC est l\u2019une des affections les plus courantes observ\u00e9es en soins primaires. Compte tenu des nombreuses options th\u00e9rapeutiques qui peuvent \u00eatre envisag\u00e9es pour ces patients, il est important que les cliniciens de soins primaires connaissent les donn\u00e9es probantes actuelles pour guider leur choix de traitement. Cette s\u00e9rie passera en revue les donn\u00e9es probantes actuelles, [&hellip;]<\/p>\n","protected":false},"featured_media":0,"comment_status":"closed","ping_status":"closed","template":"","meta":{"_acf_changed":false,"inline_featured_image":false},"product_brand":[],"product_cat":[],"product_tag":[],"class_list":{"0":"post-542748","1":"product","2":"type-product","3":"status-publish","6":"first","7":"instock","8":"downloadable","9":"virtual","10":"taxable","11":"purchasable","12":"product-type-simple"},"acf":[],"yoast_head":"<!-- This site is optimized with the Yoast SEO plugin v27.0 - https:\/\/yoast.com\/product\/yoast-seo-wordpress\/ -->\n<title>Sommaire des donn\u00e9es probantes sur la MPOC - MDBriefCase<\/title>\n<meta name=\"robots\" content=\"index, follow, max-snippet:-1, max-image-preview:large, max-video-preview:-1\" \/>\n<link rel=\"canonical\" href=\"https:\/\/www.mdbriefcase.com\/fr\/product\/sommaire-des-donnees-probantes-sur-la-mpoc\/?courseid=\" \/>\n<meta property=\"og:locale\" content=\"fr_CA\" \/>\n<meta property=\"og:type\" content=\"article\" \/>\n<meta property=\"og:title\" content=\"Sommaire des donn\u00e9es probantes sur la MPOC - MDBriefCase\" \/>\n<meta property=\"og:description\" content=\"La MPOC est l\u2019une des affections les plus courantes observ\u00e9es en soins primaires. Compte tenu des nombreuses options th\u00e9rapeutiques qui peuvent \u00eatre envisag\u00e9es pour ces patients, il est important que les cliniciens de soins primaires connaissent les donn\u00e9es probantes actuelles pour guider leur choix de traitement. Cette s\u00e9rie passera en revue les donn\u00e9es probantes actuelles, [&hellip;]\" \/>\n<meta property=\"og:url\" content=\"https:\/\/www.mdbriefcase.com\/fr\/product\/sommaire-des-donnees-probantes-sur-la-mpoc\/?courseid=\" \/>\n<meta property=\"og:site_name\" content=\"MDBriefCase\" \/>\n<meta property=\"article:modified_time\" content=\"2025-06-23T14:07:19+00:00\" \/>\n<meta name=\"twitter:card\" content=\"summary_large_image\" \/>\n<script type=\"application\/ld+json\" class=\"yoast-schema-graph\">{\"@context\":\"https:\/\/schema.org\",\"@graph\":[{\"@type\":\"WebPage\",\"@id\":\"https:\/\/www.mdbriefcase.com\/product\/sommaire-des-donnees-probantes-sur-la-mpoc\/?courseid=\",\"url\":\"https:\/\/www.mdbriefcase.com\/product\/sommaire-des-donnees-probantes-sur-la-mpoc\/?courseid=\",\"name\":\"Sommaire des donn\u00e9es probantes sur la MPOC - MDBriefCase\",\"isPartOf\":{\"@id\":\"https:\/\/www.mdbriefcase.com\/#website\"},\"datePublished\":\"2025-06-20T10:14:29+00:00\",\"dateModified\":\"2025-06-23T14:07:19+00:00\",\"breadcrumb\":{\"@id\":\"https:\/\/www.mdbriefcase.com\/product\/sommaire-des-donnees-probantes-sur-la-mpoc\/?courseid=#breadcrumb\"},\"inLanguage\":\"fr-CA\",\"potentialAction\":[{\"@type\":\"ReadAction\",\"target\":[\"https:\/\/www.mdbriefcase.com\/product\/sommaire-des-donnees-probantes-sur-la-mpoc\/?courseid=\"]}]},{\"@type\":\"BreadcrumbList\",\"@id\":\"https:\/\/www.mdbriefcase.com\/product\/sommaire-des-donnees-probantes-sur-la-mpoc\/?courseid=#breadcrumb\",\"itemListElement\":[{\"@type\":\"ListItem\",\"position\":1,\"name\":\"Home\",\"item\":\"https:\/\/www.mdbriefcase.com\/\"},{\"@type\":\"ListItem\",\"position\":2,\"name\":\"Shop &#8211; Old\",\"item\":\"https:\/\/www.mdbriefcase.com\/shop\/\"},{\"@type\":\"ListItem\",\"position\":3,\"name\":\"Sommaire des donn\u00e9es probantes sur la MPOC\"}]},{\"@type\":\"WebSite\",\"@id\":\"https:\/\/www.mdbriefcase.com\/#website\",\"url\":\"https:\/\/www.mdbriefcase.com\/\",\"name\":\"MDBriefCase\",\"description\":\"\",\"publisher\":{\"@id\":\"https:\/\/www.mdbriefcase.com\/#organization\"},\"potentialAction\":[{\"@type\":\"SearchAction\",\"target\":{\"@type\":\"EntryPoint\",\"urlTemplate\":\"https:\/\/www.mdbriefcase.com\/?s={search_term_string}\"},\"query-input\":{\"@type\":\"PropertyValueSpecification\",\"valueRequired\":true,\"valueName\":\"search_term_string\"}}],\"inLanguage\":\"fr-CA\"},{\"@type\":\"Organization\",\"@id\":\"https:\/\/www.mdbriefcase.com\/#organization\",\"name\":\"MDBriefCase\",\"url\":\"https:\/\/www.mdbriefcase.com\/\",\"logo\":{\"@type\":\"ImageObject\",\"inLanguage\":\"fr-CA\",\"@id\":\"https:\/\/www.mdbriefcase.com\/#\/schema\/logo\/image\/\",\"url\":\"https:\/\/www.mdbriefcase.com\/wp-content\/uploads\/2024\/07\/logo.webp\",\"contentUrl\":\"https:\/\/www.mdbriefcase.com\/wp-content\/uploads\/2024\/07\/logo.webp\",\"width\":190,\"height\":36,\"caption\":\"MDBriefCase\"},\"image\":{\"@id\":\"https:\/\/www.mdbriefcase.com\/#\/schema\/logo\/image\/\"}}]}<\/script>\n<!-- \/ Yoast SEO plugin. -->","yoast_head_json":{"title":"Sommaire des donn\u00e9es probantes sur la MPOC - MDBriefCase","robots":{"index":"index","follow":"follow","max-snippet":"max-snippet:-1","max-image-preview":"max-image-preview:large","max-video-preview":"max-video-preview:-1"},"canonical":"https:\/\/www.mdbriefcase.com\/fr\/product\/sommaire-des-donnees-probantes-sur-la-mpoc\/?courseid=","og_locale":"fr_CA","og_type":"article","og_title":"Sommaire des donn\u00e9es probantes sur la MPOC - MDBriefCase","og_description":"La MPOC est l\u2019une des affections les plus courantes observ\u00e9es en soins primaires. Compte tenu des nombreuses options th\u00e9rapeutiques qui peuvent \u00eatre envisag\u00e9es pour ces patients, il est important que les cliniciens de soins primaires connaissent les donn\u00e9es probantes actuelles pour guider leur choix de traitement. Cette s\u00e9rie passera en revue les donn\u00e9es probantes actuelles, [&hellip;]","og_url":"https:\/\/www.mdbriefcase.com\/fr\/product\/sommaire-des-donnees-probantes-sur-la-mpoc\/?courseid=","og_site_name":"MDBriefCase","article_modified_time":"2025-06-23T14:07:19+00:00","twitter_card":"summary_large_image","schema":{"@context":"https:\/\/schema.org","@graph":[{"@type":"WebPage","@id":"https:\/\/www.mdbriefcase.com\/product\/sommaire-des-donnees-probantes-sur-la-mpoc\/?courseid=","url":"https:\/\/www.mdbriefcase.com\/product\/sommaire-des-donnees-probantes-sur-la-mpoc\/?courseid=","name":"Sommaire des donn\u00e9es probantes sur la MPOC - MDBriefCase","isPartOf":{"@id":"https:\/\/www.mdbriefcase.com\/#website"},"datePublished":"2025-06-20T10:14:29+00:00","dateModified":"2025-06-23T14:07:19+00:00","breadcrumb":{"@id":"https:\/\/www.mdbriefcase.com\/product\/sommaire-des-donnees-probantes-sur-la-mpoc\/?courseid=#breadcrumb"},"inLanguage":"fr-CA","potentialAction":[{"@type":"ReadAction","target":["https:\/\/www.mdbriefcase.com\/product\/sommaire-des-donnees-probantes-sur-la-mpoc\/?courseid="]}]},{"@type":"BreadcrumbList","@id":"https:\/\/www.mdbriefcase.com\/product\/sommaire-des-donnees-probantes-sur-la-mpoc\/?courseid=#breadcrumb","itemListElement":[{"@type":"ListItem","position":1,"name":"Home","item":"https:\/\/www.mdbriefcase.com\/"},{"@type":"ListItem","position":2,"name":"Shop &#8211; Old","item":"https:\/\/www.mdbriefcase.com\/shop\/"},{"@type":"ListItem","position":3,"name":"Sommaire des donn\u00e9es probantes sur la MPOC"}]},{"@type":"WebSite","@id":"https:\/\/www.mdbriefcase.com\/#website","url":"https:\/\/www.mdbriefcase.com\/","name":"MDBriefCase","description":"","publisher":{"@id":"https:\/\/www.mdbriefcase.com\/#organization"},"potentialAction":[{"@type":"SearchAction","target":{"@type":"EntryPoint","urlTemplate":"https:\/\/www.mdbriefcase.com\/?s={search_term_string}"},"query-input":{"@type":"PropertyValueSpecification","valueRequired":true,"valueName":"search_term_string"}}],"inLanguage":"fr-CA"},{"@type":"Organization","@id":"https:\/\/www.mdbriefcase.com\/#organization","name":"MDBriefCase","url":"https:\/\/www.mdbriefcase.com\/","logo":{"@type":"ImageObject","inLanguage":"fr-CA","@id":"https:\/\/www.mdbriefcase.com\/#\/schema\/logo\/image\/","url":"https:\/\/www.mdbriefcase.com\/wp-content\/uploads\/2024\/07\/logo.webp","contentUrl":"https:\/\/www.mdbriefcase.com\/wp-content\/uploads\/2024\/07\/logo.webp","width":190,"height":36,"caption":"MDBriefCase"},"image":{"@id":"https:\/\/www.mdbriefcase.com\/#\/schema\/logo\/image\/"}}]}},"_links":{"self":[{"href":"https:\/\/www.mdbriefcase.com\/fr\/wp-json\/wp\/v2\/product\/542748","targetHints":{"allow":["GET"]}}],"collection":[{"href":"https:\/\/www.mdbriefcase.com\/fr\/wp-json\/wp\/v2\/product"}],"about":[{"href":"https:\/\/www.mdbriefcase.com\/fr\/wp-json\/wp\/v2\/types\/product"}],"replies":[{"embeddable":true,"href":"https:\/\/www.mdbriefcase.com\/fr\/wp-json\/wp\/v2\/comments?post=542748"}],"wp:attachment":[{"href":"https:\/\/www.mdbriefcase.com\/fr\/wp-json\/wp\/v2\/media?parent=542748"}],"wp:term":[{"taxonomy":"product_brand","embeddable":true,"href":"https:\/\/www.mdbriefcase.com\/fr\/wp-json\/wp\/v2\/product_brand?post=542748"},{"taxonomy":"product_cat","embeddable":true,"href":"https:\/\/www.mdbriefcase.com\/fr\/wp-json\/wp\/v2\/product_cat?post=542748"},{"taxonomy":"product_tag","embeddable":true,"href":"https:\/\/www.mdbriefcase.com\/fr\/wp-json\/wp\/v2\/product_tag?post=542748"}],"curies":[{"name":"wp","href":"https:\/\/api.w.org\/{rel}","templated":true}]}}