{"id":542747,"date":"2025-06-20T06:14:28","date_gmt":"2025-06-20T10:14:28","guid":{"rendered":"https:\/\/mdbc2.wpenginepowered.com\/product\/gestion-dun-cas-complexe-patient-atteint-de-diabete-de-type-2-et-de-maladie-renale\/?courseid="},"modified":"2025-06-23T10:07:19","modified_gmt":"2025-06-23T14:07:19","slug":"gestion-dun-cas-complexe-patient-atteint-de-diabete-de-type-2-et-de-maladie-renale","status":"publish","type":"product","link":"https:\/\/www.mdbriefcase.com\/fr\/product\/gestion-dun-cas-complexe-patient-atteint-de-diabete-de-type-2-et-de-maladie-renale\/?courseid=","title":{"rendered":"Gestion d&#8217;un cas complexe : patient atteint de diab\u00e8te de type 2 et de maladie r\u00e9nale"},"content":{"rendered":"<p>Ce programme est une s\u00e9rie de FMCe sur demande de 3 vid\u00e9os accr\u00e9dit\u00e9es de 15 minutes qui sont<br \/>\nexclusivement destin\u00e9es aux pharmaciens de partout au Canada. L\u2019objectif est de fournir un examen de la relation entre le diab\u00e8te de type 2 et la maladie r\u00e9nale chronique, de comprendre la gestion de ces conditions et d\u2019identifier les informations cl\u00e9s pertinentes pour vos patients. Ces vid\u00e9os sont con\u00e7ues pour vous fournir des informations pratiques qui peuvent \u00eatre imm\u00e9diatement mises en \u0153uvre dans votre pratique.<\/p>","protected":false},"excerpt":{"rendered":"<p>Ce programme est une s\u00e9rie de FMCe sur demande de 3 vid\u00e9os accr\u00e9dit\u00e9es de 15 minutes qui sont exclusivement destin\u00e9es aux pharmaciens de partout au Canada. L\u2019objectif est de fournir un examen de la relation entre le diab\u00e8te de type 2 et la maladie r\u00e9nale chronique, de comprendre la gestion de ces conditions et d\u2019identifier [&hellip;]<\/p>\n","protected":false},"featured_media":0,"comment_status":"closed","ping_status":"closed","template":"","meta":{"_acf_changed":false,"inline_featured_image":false},"product_brand":[],"product_cat":[],"product_tag":[],"class_list":{"0":"post-542747","1":"product","2":"type-product","3":"status-publish","6":"first","7":"instock","8":"downloadable","9":"virtual","10":"taxable","11":"purchasable","12":"product-type-simple"},"acf":[],"yoast_head":"<!-- This site is optimized with the Yoast SEO plugin v27.0 - https:\/\/yoast.com\/product\/yoast-seo-wordpress\/ -->\n<title>Gestion d&#039;un cas complexe : patient atteint de diab\u00e8te de type 2 et de maladie r\u00e9nale - MDBriefCase<\/title>\n<meta name=\"robots\" content=\"index, follow, max-snippet:-1, max-image-preview:large, max-video-preview:-1\" \/>\n<link rel=\"canonical\" href=\"https:\/\/www.mdbriefcase.com\/fr\/product\/gestion-dun-cas-complexe-patient-atteint-de-diabete-de-type-2-et-de-maladie-renale\/?courseid=\" \/>\n<meta property=\"og:locale\" content=\"fr_CA\" \/>\n<meta property=\"og:type\" content=\"article\" \/>\n<meta property=\"og:title\" content=\"Gestion d&#039;un cas complexe : patient atteint de diab\u00e8te de type 2 et de maladie r\u00e9nale - MDBriefCase\" \/>\n<meta property=\"og:description\" content=\"Ce programme est une s\u00e9rie de FMCe sur demande de 3 vid\u00e9os accr\u00e9dit\u00e9es de 15 minutes qui sont exclusivement destin\u00e9es aux pharmaciens de partout au Canada. L\u2019objectif est de fournir un examen de la relation entre le diab\u00e8te de type 2 et la maladie r\u00e9nale chronique, de comprendre la gestion de ces conditions et d\u2019identifier [&hellip;]\" \/>\n<meta property=\"og:url\" content=\"https:\/\/www.mdbriefcase.com\/fr\/product\/gestion-dun-cas-complexe-patient-atteint-de-diabete-de-type-2-et-de-maladie-renale\/?courseid=\" \/>\n<meta property=\"og:site_name\" content=\"MDBriefCase\" \/>\n<meta property=\"article:modified_time\" content=\"2025-06-23T14:07:19+00:00\" \/>\n<meta name=\"twitter:card\" content=\"summary_large_image\" \/>\n<script type=\"application\/ld+json\" class=\"yoast-schema-graph\">{\"@context\":\"https:\/\/schema.org\",\"@graph\":[{\"@type\":\"WebPage\",\"@id\":\"https:\/\/www.mdbriefcase.com\/product\/gestion-dun-cas-complexe-patient-atteint-de-diabete-de-type-2-et-de-maladie-renale\/?courseid=\",\"url\":\"https:\/\/www.mdbriefcase.com\/product\/gestion-dun-cas-complexe-patient-atteint-de-diabete-de-type-2-et-de-maladie-renale\/?courseid=\",\"name\":\"Gestion d'un cas complexe : patient atteint de diab\u00e8te de type 2 et de maladie r\u00e9nale - MDBriefCase\",\"isPartOf\":{\"@id\":\"https:\/\/www.mdbriefcase.com\/#website\"},\"datePublished\":\"2025-06-20T10:14:28+00:00\",\"dateModified\":\"2025-06-23T14:07:19+00:00\",\"breadcrumb\":{\"@id\":\"https:\/\/www.mdbriefcase.com\/product\/gestion-dun-cas-complexe-patient-atteint-de-diabete-de-type-2-et-de-maladie-renale\/?courseid=#breadcrumb\"},\"inLanguage\":\"fr-CA\",\"potentialAction\":[{\"@type\":\"ReadAction\",\"target\":[\"https:\/\/www.mdbriefcase.com\/product\/gestion-dun-cas-complexe-patient-atteint-de-diabete-de-type-2-et-de-maladie-renale\/?courseid=\"]}]},{\"@type\":\"BreadcrumbList\",\"@id\":\"https:\/\/www.mdbriefcase.com\/product\/gestion-dun-cas-complexe-patient-atteint-de-diabete-de-type-2-et-de-maladie-renale\/?courseid=#breadcrumb\",\"itemListElement\":[{\"@type\":\"ListItem\",\"position\":1,\"name\":\"Home\",\"item\":\"https:\/\/www.mdbriefcase.com\/\"},{\"@type\":\"ListItem\",\"position\":2,\"name\":\"Shop &#8211; Old\",\"item\":\"https:\/\/www.mdbriefcase.com\/shop\/\"},{\"@type\":\"ListItem\",\"position\":3,\"name\":\"Gestion d&#8217;un cas complexe : patient atteint de diab\u00e8te de type 2 et de maladie r\u00e9nale\"}]},{\"@type\":\"WebSite\",\"@id\":\"https:\/\/www.mdbriefcase.com\/#website\",\"url\":\"https:\/\/www.mdbriefcase.com\/\",\"name\":\"MDBriefCase\",\"description\":\"\",\"publisher\":{\"@id\":\"https:\/\/www.mdbriefcase.com\/#organization\"},\"potentialAction\":[{\"@type\":\"SearchAction\",\"target\":{\"@type\":\"EntryPoint\",\"urlTemplate\":\"https:\/\/www.mdbriefcase.com\/?s={search_term_string}\"},\"query-input\":{\"@type\":\"PropertyValueSpecification\",\"valueRequired\":true,\"valueName\":\"search_term_string\"}}],\"inLanguage\":\"fr-CA\"},{\"@type\":\"Organization\",\"@id\":\"https:\/\/www.mdbriefcase.com\/#organization\",\"name\":\"MDBriefCase\",\"url\":\"https:\/\/www.mdbriefcase.com\/\",\"logo\":{\"@type\":\"ImageObject\",\"inLanguage\":\"fr-CA\",\"@id\":\"https:\/\/www.mdbriefcase.com\/#\/schema\/logo\/image\/\",\"url\":\"https:\/\/www.mdbriefcase.com\/wp-content\/uploads\/2024\/07\/logo.webp\",\"contentUrl\":\"https:\/\/www.mdbriefcase.com\/wp-content\/uploads\/2024\/07\/logo.webp\",\"width\":190,\"height\":36,\"caption\":\"MDBriefCase\"},\"image\":{\"@id\":\"https:\/\/www.mdbriefcase.com\/#\/schema\/logo\/image\/\"}}]}<\/script>\n<!-- \/ Yoast SEO plugin. -->","yoast_head_json":{"title":"Gestion d'un cas complexe : patient atteint de diab\u00e8te de type 2 et de maladie r\u00e9nale - MDBriefCase","robots":{"index":"index","follow":"follow","max-snippet":"max-snippet:-1","max-image-preview":"max-image-preview:large","max-video-preview":"max-video-preview:-1"},"canonical":"https:\/\/www.mdbriefcase.com\/fr\/product\/gestion-dun-cas-complexe-patient-atteint-de-diabete-de-type-2-et-de-maladie-renale\/?courseid=","og_locale":"fr_CA","og_type":"article","og_title":"Gestion d'un cas complexe : patient atteint de diab\u00e8te de type 2 et de maladie r\u00e9nale - MDBriefCase","og_description":"Ce programme est une s\u00e9rie de FMCe sur demande de 3 vid\u00e9os accr\u00e9dit\u00e9es de 15 minutes qui sont exclusivement destin\u00e9es aux pharmaciens de partout au Canada. L\u2019objectif est de fournir un examen de la relation entre le diab\u00e8te de type 2 et la maladie r\u00e9nale chronique, de comprendre la gestion de ces conditions et d\u2019identifier [&hellip;]","og_url":"https:\/\/www.mdbriefcase.com\/fr\/product\/gestion-dun-cas-complexe-patient-atteint-de-diabete-de-type-2-et-de-maladie-renale\/?courseid=","og_site_name":"MDBriefCase","article_modified_time":"2025-06-23T14:07:19+00:00","twitter_card":"summary_large_image","schema":{"@context":"https:\/\/schema.org","@graph":[{"@type":"WebPage","@id":"https:\/\/www.mdbriefcase.com\/product\/gestion-dun-cas-complexe-patient-atteint-de-diabete-de-type-2-et-de-maladie-renale\/?courseid=","url":"https:\/\/www.mdbriefcase.com\/product\/gestion-dun-cas-complexe-patient-atteint-de-diabete-de-type-2-et-de-maladie-renale\/?courseid=","name":"Gestion d'un cas complexe : patient atteint de diab\u00e8te de type 2 et de maladie r\u00e9nale - MDBriefCase","isPartOf":{"@id":"https:\/\/www.mdbriefcase.com\/#website"},"datePublished":"2025-06-20T10:14:28+00:00","dateModified":"2025-06-23T14:07:19+00:00","breadcrumb":{"@id":"https:\/\/www.mdbriefcase.com\/product\/gestion-dun-cas-complexe-patient-atteint-de-diabete-de-type-2-et-de-maladie-renale\/?courseid=#breadcrumb"},"inLanguage":"fr-CA","potentialAction":[{"@type":"ReadAction","target":["https:\/\/www.mdbriefcase.com\/product\/gestion-dun-cas-complexe-patient-atteint-de-diabete-de-type-2-et-de-maladie-renale\/?courseid="]}]},{"@type":"BreadcrumbList","@id":"https:\/\/www.mdbriefcase.com\/product\/gestion-dun-cas-complexe-patient-atteint-de-diabete-de-type-2-et-de-maladie-renale\/?courseid=#breadcrumb","itemListElement":[{"@type":"ListItem","position":1,"name":"Home","item":"https:\/\/www.mdbriefcase.com\/"},{"@type":"ListItem","position":2,"name":"Shop &#8211; Old","item":"https:\/\/www.mdbriefcase.com\/shop\/"},{"@type":"ListItem","position":3,"name":"Gestion d&#8217;un cas complexe : patient atteint de diab\u00e8te de type 2 et de maladie r\u00e9nale"}]},{"@type":"WebSite","@id":"https:\/\/www.mdbriefcase.com\/#website","url":"https:\/\/www.mdbriefcase.com\/","name":"MDBriefCase","description":"","publisher":{"@id":"https:\/\/www.mdbriefcase.com\/#organization"},"potentialAction":[{"@type":"SearchAction","target":{"@type":"EntryPoint","urlTemplate":"https:\/\/www.mdbriefcase.com\/?s={search_term_string}"},"query-input":{"@type":"PropertyValueSpecification","valueRequired":true,"valueName":"search_term_string"}}],"inLanguage":"fr-CA"},{"@type":"Organization","@id":"https:\/\/www.mdbriefcase.com\/#organization","name":"MDBriefCase","url":"https:\/\/www.mdbriefcase.com\/","logo":{"@type":"ImageObject","inLanguage":"fr-CA","@id":"https:\/\/www.mdbriefcase.com\/#\/schema\/logo\/image\/","url":"https:\/\/www.mdbriefcase.com\/wp-content\/uploads\/2024\/07\/logo.webp","contentUrl":"https:\/\/www.mdbriefcase.com\/wp-content\/uploads\/2024\/07\/logo.webp","width":190,"height":36,"caption":"MDBriefCase"},"image":{"@id":"https:\/\/www.mdbriefcase.com\/#\/schema\/logo\/image\/"}}]}},"_links":{"self":[{"href":"https:\/\/www.mdbriefcase.com\/fr\/wp-json\/wp\/v2\/product\/542747","targetHints":{"allow":["GET"]}}],"collection":[{"href":"https:\/\/www.mdbriefcase.com\/fr\/wp-json\/wp\/v2\/product"}],"about":[{"href":"https:\/\/www.mdbriefcase.com\/fr\/wp-json\/wp\/v2\/types\/product"}],"replies":[{"embeddable":true,"href":"https:\/\/www.mdbriefcase.com\/fr\/wp-json\/wp\/v2\/comments?post=542747"}],"wp:attachment":[{"href":"https:\/\/www.mdbriefcase.com\/fr\/wp-json\/wp\/v2\/media?parent=542747"}],"wp:term":[{"taxonomy":"product_brand","embeddable":true,"href":"https:\/\/www.mdbriefcase.com\/fr\/wp-json\/wp\/v2\/product_brand?post=542747"},{"taxonomy":"product_cat","embeddable":true,"href":"https:\/\/www.mdbriefcase.com\/fr\/wp-json\/wp\/v2\/product_cat?post=542747"},{"taxonomy":"product_tag","embeddable":true,"href":"https:\/\/www.mdbriefcase.com\/fr\/wp-json\/wp\/v2\/product_tag?post=542747"}],"curies":[{"name":"wp","href":"https:\/\/api.w.org\/{rel}","templated":true}]}}