{"id":18156,"date":"2025-06-10T12:03:26","date_gmt":"2025-06-10T16:03:26","guid":{"rendered":"https:\/\/mdbc2.wpenginepowered.com\/product\/diagnostiquer-et-traiter-la-depression-chez-les-enfants-et-les-adolescents-2\/?courseid="},"modified":"2025-06-10T12:03:26","modified_gmt":"2025-06-10T16:03:26","slug":"diagnostiquer-et-traiter-la-depression-chez-les-enfants-et-les-adolescents-2","status":"publish","type":"product","link":"https:\/\/www.mdbriefcase.com\/fr\/product\/diagnostiquer-et-traiter-la-depression-chez-les-enfants-et-les-adolescents-2\/?courseid=","title":{"rendered":"Diagnostiquer et traiter la d\u00e9pression chez les enfants et les adolescents"},"content":{"rendered":"<p>La d\u00e9pression est courante chez les enfants et les adolescents au Canada. Elle peut potentiellement exercer un effet d\u00e9l\u00e9t\u00e8re \u00e0 long terme sur la capacit\u00e9 fonctionnelle et la qualit\u00e9 de vie. Ce microprogramme d\u2019apprentissage d\u2019une dur\u00e9e de 3 \u00e0 5 minutes offre aux cliniciens des recommandations bas\u00e9es sur les donn\u00e9es probantes et sur les pratiques exemplaires pour les aider \u00e0 diagnostiquer, traiter et soutenir les enfants et les adolescents aux prises avec la d\u00e9pression. Ce programme a pour but d\u2019appuyer les cliniciens en leur permettant d\u2019offrir des soins bienveillants, efficaces et complets \u00e0 leurs jeunes patients souffrant de d\u00e9pression.<\/p>","protected":false},"excerpt":{"rendered":"<p>La d\u00e9pression est courante chez les enfants et les adolescents au Canada. Elle peut potentiellement exercer un effet d\u00e9l\u00e9t\u00e8re \u00e0 long terme sur la capacit\u00e9 fonctionnelle et la qualit\u00e9 de vie. Ce microprogramme d\u2019apprentissage d\u2019une dur\u00e9e de 3 \u00e0 5 minutes offre aux cliniciens des recommandations bas\u00e9es sur les donn\u00e9es probantes et sur les pratiques [&hellip;]<\/p>\n","protected":false},"featured_media":0,"comment_status":"","ping_status":"closed","template":"","meta":{"_acf_changed":false,"inline_featured_image":false},"product_brand":[],"product_cat":[],"product_tag":[],"class_list":{"0":"post-18156","1":"product","2":"type-product","3":"status-publish","6":"first","7":"instock","8":"downloadable","9":"virtual","10":"taxable","11":"product-type-simple"},"acf":[],"yoast_head":"<!-- This site is optimized with the Yoast SEO plugin v27.5 - https:\/\/yoast.com\/product\/yoast-seo-wordpress\/ -->\n<title>Diagnostiquer et traiter la d\u00e9pression chez les enfants et les adolescents - MDBriefCase<\/title>\n<meta name=\"robots\" content=\"index, follow, max-snippet:-1, max-image-preview:large, max-video-preview:-1\" \/>\n<link rel=\"canonical\" href=\"https:\/\/www.mdbriefcase.com\/fr\/product\/diagnostiquer-et-traiter-la-depression-chez-les-enfants-et-les-adolescents-2\/?courseid=\" \/>\n<meta property=\"og:locale\" content=\"fr_CA\" \/>\n<meta property=\"og:type\" content=\"article\" \/>\n<meta property=\"og:title\" content=\"Diagnostiquer et traiter la d\u00e9pression chez les enfants et les adolescents - MDBriefCase\" \/>\n<meta property=\"og:description\" content=\"La d\u00e9pression est courante chez les enfants et les adolescents au Canada. Elle peut potentiellement exercer un effet d\u00e9l\u00e9t\u00e8re \u00e0 long terme sur la capacit\u00e9 fonctionnelle et la qualit\u00e9 de vie. Ce microprogramme d\u2019apprentissage d\u2019une dur\u00e9e de 3 \u00e0 5 minutes offre aux cliniciens des recommandations bas\u00e9es sur les donn\u00e9es probantes et sur les pratiques [&hellip;]\" \/>\n<meta property=\"og:url\" content=\"https:\/\/www.mdbriefcase.com\/fr\/product\/diagnostiquer-et-traiter-la-depression-chez-les-enfants-et-les-adolescents-2\/?courseid=\" \/>\n<meta property=\"og:site_name\" content=\"MDBriefCase\" \/>\n<meta name=\"twitter:card\" content=\"summary_large_image\" \/>\n<meta name=\"twitter:label1\" content=\"Est. reading time\" \/>\n\t<meta name=\"twitter:data1\" content=\"1 minute\" \/>\n<script type=\"application\/ld+json\" class=\"yoast-schema-graph\">{\"@context\":\"https:\\\/\\\/schema.org\",\"@graph\":[{\"@type\":\"WebPage\",\"@id\":\"https:\\\/\\\/www.mdbriefcase.com\\\/product\\\/diagnostiquer-et-traiter-la-depression-chez-les-enfants-et-les-adolescents-2\\\/?courseid=\",\"url\":\"https:\\\/\\\/www.mdbriefcase.com\\\/product\\\/diagnostiquer-et-traiter-la-depression-chez-les-enfants-et-les-adolescents-2\\\/?courseid=\",\"name\":\"Diagnostiquer et traiter la d\u00e9pression chez les enfants et les adolescents - MDBriefCase\",\"isPartOf\":{\"@id\":\"https:\\\/\\\/www.mdbriefcase.com\\\/#website\"},\"datePublished\":\"2025-06-10T16:03:26+00:00\",\"breadcrumb\":{\"@id\":\"https:\\\/\\\/www.mdbriefcase.com\\\/product\\\/diagnostiquer-et-traiter-la-depression-chez-les-enfants-et-les-adolescents-2\\\/?courseid=#breadcrumb\"},\"inLanguage\":\"fr-CA\",\"potentialAction\":[{\"@type\":\"ReadAction\",\"target\":[\"https:\\\/\\\/www.mdbriefcase.com\\\/product\\\/diagnostiquer-et-traiter-la-depression-chez-les-enfants-et-les-adolescents-2\\\/?courseid=\"]}]},{\"@type\":\"BreadcrumbList\",\"@id\":\"https:\\\/\\\/www.mdbriefcase.com\\\/product\\\/diagnostiquer-et-traiter-la-depression-chez-les-enfants-et-les-adolescents-2\\\/?courseid=#breadcrumb\",\"itemListElement\":[{\"@type\":\"ListItem\",\"position\":1,\"name\":\"Home\",\"item\":\"https:\\\/\\\/www.mdbriefcase.com\\\/\"},{\"@type\":\"ListItem\",\"position\":2,\"name\":\"Shop &#8211; Old\",\"item\":\"https:\\\/\\\/www.mdbriefcase.com\\\/shop\\\/\"},{\"@type\":\"ListItem\",\"position\":3,\"name\":\"Diagnostiquer et traiter la d\u00e9pression chez les enfants et les adolescents\"}]},{\"@type\":\"WebSite\",\"@id\":\"https:\\\/\\\/www.mdbriefcase.com\\\/#website\",\"url\":\"https:\\\/\\\/www.mdbriefcase.com\\\/\",\"name\":\"MDBriefCase\",\"description\":\"\",\"publisher\":{\"@id\":\"https:\\\/\\\/www.mdbriefcase.com\\\/#organization\"},\"potentialAction\":[{\"@type\":\"SearchAction\",\"target\":{\"@type\":\"EntryPoint\",\"urlTemplate\":\"https:\\\/\\\/www.mdbriefcase.com\\\/?s={search_term_string}\"},\"query-input\":{\"@type\":\"PropertyValueSpecification\",\"valueRequired\":true,\"valueName\":\"search_term_string\"}}],\"inLanguage\":\"fr-CA\"},{\"@type\":\"Organization\",\"@id\":\"https:\\\/\\\/www.mdbriefcase.com\\\/#organization\",\"name\":\"MDBriefCase\",\"url\":\"https:\\\/\\\/www.mdbriefcase.com\\\/\",\"logo\":{\"@type\":\"ImageObject\",\"inLanguage\":\"fr-CA\",\"@id\":\"https:\\\/\\\/www.mdbriefcase.com\\\/#\\\/schema\\\/logo\\\/image\\\/\",\"url\":\"https:\\\/\\\/www.mdbriefcase.com\\\/wp-content\\\/uploads\\\/2024\\\/07\\\/logo.webp\",\"contentUrl\":\"https:\\\/\\\/www.mdbriefcase.com\\\/wp-content\\\/uploads\\\/2024\\\/07\\\/logo.webp\",\"width\":190,\"height\":36,\"caption\":\"MDBriefCase\"},\"image\":{\"@id\":\"https:\\\/\\\/www.mdbriefcase.com\\\/#\\\/schema\\\/logo\\\/image\\\/\"}}]}<\/script>\n<!-- \/ Yoast SEO plugin. -->","yoast_head_json":{"title":"Diagnostiquer et traiter la d\u00e9pression chez les enfants et les adolescents - MDBriefCase","robots":{"index":"index","follow":"follow","max-snippet":"max-snippet:-1","max-image-preview":"max-image-preview:large","max-video-preview":"max-video-preview:-1"},"canonical":"https:\/\/www.mdbriefcase.com\/fr\/product\/diagnostiquer-et-traiter-la-depression-chez-les-enfants-et-les-adolescents-2\/?courseid=","og_locale":"fr_CA","og_type":"article","og_title":"Diagnostiquer et traiter la d\u00e9pression chez les enfants et les adolescents - MDBriefCase","og_description":"La d\u00e9pression est courante chez les enfants et les adolescents au Canada. Elle peut potentiellement exercer un effet d\u00e9l\u00e9t\u00e8re \u00e0 long terme sur la capacit\u00e9 fonctionnelle et la qualit\u00e9 de vie. Ce microprogramme d\u2019apprentissage d\u2019une dur\u00e9e de 3 \u00e0 5 minutes offre aux cliniciens des recommandations bas\u00e9es sur les donn\u00e9es probantes et sur les pratiques [&hellip;]","og_url":"https:\/\/www.mdbriefcase.com\/fr\/product\/diagnostiquer-et-traiter-la-depression-chez-les-enfants-et-les-adolescents-2\/?courseid=","og_site_name":"MDBriefCase","twitter_card":"summary_large_image","twitter_misc":{"Est. reading time":"1 minute"},"schema":{"@context":"https:\/\/schema.org","@graph":[{"@type":"WebPage","@id":"https:\/\/www.mdbriefcase.com\/product\/diagnostiquer-et-traiter-la-depression-chez-les-enfants-et-les-adolescents-2\/?courseid=","url":"https:\/\/www.mdbriefcase.com\/product\/diagnostiquer-et-traiter-la-depression-chez-les-enfants-et-les-adolescents-2\/?courseid=","name":"Diagnostiquer et traiter la d\u00e9pression chez les enfants et les adolescents - MDBriefCase","isPartOf":{"@id":"https:\/\/www.mdbriefcase.com\/#website"},"datePublished":"2025-06-10T16:03:26+00:00","breadcrumb":{"@id":"https:\/\/www.mdbriefcase.com\/product\/diagnostiquer-et-traiter-la-depression-chez-les-enfants-et-les-adolescents-2\/?courseid=#breadcrumb"},"inLanguage":"fr-CA","potentialAction":[{"@type":"ReadAction","target":["https:\/\/www.mdbriefcase.com\/product\/diagnostiquer-et-traiter-la-depression-chez-les-enfants-et-les-adolescents-2\/?courseid="]}]},{"@type":"BreadcrumbList","@id":"https:\/\/www.mdbriefcase.com\/product\/diagnostiquer-et-traiter-la-depression-chez-les-enfants-et-les-adolescents-2\/?courseid=#breadcrumb","itemListElement":[{"@type":"ListItem","position":1,"name":"Home","item":"https:\/\/www.mdbriefcase.com\/"},{"@type":"ListItem","position":2,"name":"Shop &#8211; Old","item":"https:\/\/www.mdbriefcase.com\/shop\/"},{"@type":"ListItem","position":3,"name":"Diagnostiquer et traiter la d\u00e9pression chez les enfants et les adolescents"}]},{"@type":"WebSite","@id":"https:\/\/www.mdbriefcase.com\/#website","url":"https:\/\/www.mdbriefcase.com\/","name":"MDBriefCase","description":"","publisher":{"@id":"https:\/\/www.mdbriefcase.com\/#organization"},"potentialAction":[{"@type":"SearchAction","target":{"@type":"EntryPoint","urlTemplate":"https:\/\/www.mdbriefcase.com\/?s={search_term_string}"},"query-input":{"@type":"PropertyValueSpecification","valueRequired":true,"valueName":"search_term_string"}}],"inLanguage":"fr-CA"},{"@type":"Organization","@id":"https:\/\/www.mdbriefcase.com\/#organization","name":"MDBriefCase","url":"https:\/\/www.mdbriefcase.com\/","logo":{"@type":"ImageObject","inLanguage":"fr-CA","@id":"https:\/\/www.mdbriefcase.com\/#\/schema\/logo\/image\/","url":"https:\/\/www.mdbriefcase.com\/wp-content\/uploads\/2024\/07\/logo.webp","contentUrl":"https:\/\/www.mdbriefcase.com\/wp-content\/uploads\/2024\/07\/logo.webp","width":190,"height":36,"caption":"MDBriefCase"},"image":{"@id":"https:\/\/www.mdbriefcase.com\/#\/schema\/logo\/image\/"}}]}},"_links":{"self":[{"href":"https:\/\/www.mdbriefcase.com\/fr\/wp-json\/wp\/v2\/product\/18156","targetHints":{"allow":["GET"]}}],"collection":[{"href":"https:\/\/www.mdbriefcase.com\/fr\/wp-json\/wp\/v2\/product"}],"about":[{"href":"https:\/\/www.mdbriefcase.com\/fr\/wp-json\/wp\/v2\/types\/product"}],"replies":[{"embeddable":true,"href":"https:\/\/www.mdbriefcase.com\/fr\/wp-json\/wp\/v2\/comments?post=18156"}],"wp:attachment":[{"href":"https:\/\/www.mdbriefcase.com\/fr\/wp-json\/wp\/v2\/media?parent=18156"}],"wp:term":[{"taxonomy":"product_brand","embeddable":true,"href":"https:\/\/www.mdbriefcase.com\/fr\/wp-json\/wp\/v2\/product_brand?post=18156"},{"taxonomy":"product_cat","embeddable":true,"href":"https:\/\/www.mdbriefcase.com\/fr\/wp-json\/wp\/v2\/product_cat?post=18156"},{"taxonomy":"product_tag","embeddable":true,"href":"https:\/\/www.mdbriefcase.com\/fr\/wp-json\/wp\/v2\/product_tag?post=18156"}],"curies":[{"name":"wp","href":"https:\/\/api.w.org\/{rel}","templated":true}]}}