{"id":18072,"date":"2025-06-10T12:03:06","date_gmt":"2025-06-10T16:03:06","guid":{"rendered":"https:\/\/mdbc2.wpenginepowered.com\/product\/la-guaifenesine-en-vente-libre-dans-votre-pharmacie-2024-2\/?courseid="},"modified":"2025-06-10T12:03:06","modified_gmt":"2025-06-10T16:03:06","slug":"la-guaifenesine-en-vente-libre-dans-votre-pharmacie-2024-2","status":"publish","type":"product","link":"https:\/\/www.mdbriefcase.com\/fr\/product\/la-guaifenesine-en-vente-libre-dans-votre-pharmacie-2024-2\/?courseid=","title":{"rendered":"La guaif\u00e9n\u00e9sine en vente libre dans votre pharmacie (2024)"},"content":{"rendered":"<p>La guaif\u00e9n\u00e9sine est un agent mucoactif qui procure un traitement symptomatique de la congestion thoracique et de la toux associ\u00e9es aux infections aigu\u00ebs des voies respiratoires sup\u00e9rieures.<br \/>\n    <br \/>Ce programme agr\u00e9\u00e9 examine le r\u00f4le du mucus dans un syst\u00e8me respiratoire en sant\u00e9 et ce qui se produit en cas d\u2019hypers\u00e9cr\u00e9tion ou de dysfonctionnement du mucus. La guaif\u00e9n\u00e9sine augmente l\u2019hydratation du mucus des voies respiratoires et le volume des s\u00e9cr\u00e9tions bronchiques et diminue la viscosit\u00e9 du mucus, ce qui, en augmentant l\u2019efficacit\u00e9 de l\u2019expectoration, contribue au d\u00e9gagement.\n<\/p>\n<p>Deux \u00e9tudes de cas pr\u00e9sentent les caract\u00e9ristiques cl\u00e9s de la guaif\u00e9n\u00e9sine, y compris ses indications, sa posologie et sa fr\u00e9quence d\u2019utilisation. Les r\u00e9percussions de la COVID-19 sur les conseils offerts aux clients souffrant de sympt\u00f4mes respiratoires sont \u00e9galement abord\u00e9es.<\/p>\n<hr>\n<p dir=\"ltr\" style=\"text-align: left\">Ce programme a re\u00e7u une subvention \u00e9ducative ou un soutien en nature de&nbsp;RB Health (Canada) Inc.&nbsp;<\/p><\/p>","protected":false},"excerpt":{"rendered":"<p>La guaif\u00e9n\u00e9sine est un agent mucoactif qui procure un traitement symptomatique de la congestion thoracique et de la toux associ\u00e9es aux infections aigu\u00ebs des voies respiratoires sup\u00e9rieures. Ce programme agr\u00e9\u00e9 examine le r\u00f4le du mucus dans un syst\u00e8me respiratoire en sant\u00e9 et ce qui se produit en cas d\u2019hypers\u00e9cr\u00e9tion ou de dysfonctionnement du mucus. La [&hellip;]<\/p>\n","protected":false},"featured_media":0,"comment_status":"","ping_status":"closed","template":"","meta":{"_acf_changed":false,"inline_featured_image":false},"product_brand":[],"product_cat":[],"product_tag":[],"class_list":{"0":"post-18072","1":"product","2":"type-product","3":"status-publish","6":"first","7":"instock","8":"downloadable","9":"virtual","10":"taxable","11":"product-type-simple"},"acf":[],"yoast_head":"<!-- This site is optimized with the Yoast SEO plugin v27.0 - https:\/\/yoast.com\/product\/yoast-seo-wordpress\/ -->\n<title>La guaif\u00e9n\u00e9sine en vente libre dans votre pharmacie (2024) - MDBriefCase<\/title>\n<meta name=\"robots\" content=\"index, follow, max-snippet:-1, max-image-preview:large, max-video-preview:-1\" \/>\n<link rel=\"canonical\" href=\"https:\/\/www.mdbriefcase.com\/fr\/product\/la-guaifenesine-en-vente-libre-dans-votre-pharmacie-2024-2\/?courseid=\" \/>\n<meta property=\"og:locale\" content=\"fr_CA\" \/>\n<meta property=\"og:type\" content=\"article\" \/>\n<meta property=\"og:title\" content=\"La guaif\u00e9n\u00e9sine en vente libre dans votre pharmacie (2024) - MDBriefCase\" \/>\n<meta property=\"og:description\" content=\"La guaif\u00e9n\u00e9sine est un agent mucoactif qui procure un traitement symptomatique de la congestion thoracique et de la toux associ\u00e9es aux infections aigu\u00ebs des voies respiratoires sup\u00e9rieures. Ce programme agr\u00e9\u00e9 examine le r\u00f4le du mucus dans un syst\u00e8me respiratoire en sant\u00e9 et ce qui se produit en cas d\u2019hypers\u00e9cr\u00e9tion ou de dysfonctionnement du mucus. La [&hellip;]\" \/>\n<meta property=\"og:url\" content=\"https:\/\/www.mdbriefcase.com\/fr\/product\/la-guaifenesine-en-vente-libre-dans-votre-pharmacie-2024-2\/?courseid=\" \/>\n<meta property=\"og:site_name\" content=\"MDBriefCase\" \/>\n<meta name=\"twitter:card\" content=\"summary_large_image\" \/>\n<meta name=\"twitter:label1\" content=\"Est. reading time\" \/>\n\t<meta name=\"twitter:data1\" content=\"1 minute\" \/>\n<script type=\"application\/ld+json\" class=\"yoast-schema-graph\">{\"@context\":\"https:\/\/schema.org\",\"@graph\":[{\"@type\":\"WebPage\",\"@id\":\"https:\/\/www.mdbriefcase.com\/product\/la-guaifenesine-en-vente-libre-dans-votre-pharmacie-2024-2\/?courseid=\",\"url\":\"https:\/\/www.mdbriefcase.com\/product\/la-guaifenesine-en-vente-libre-dans-votre-pharmacie-2024-2\/?courseid=\",\"name\":\"La guaif\u00e9n\u00e9sine en vente libre dans votre pharmacie (2024) - MDBriefCase\",\"isPartOf\":{\"@id\":\"https:\/\/www.mdbriefcase.com\/#website\"},\"datePublished\":\"2025-06-10T16:03:06+00:00\",\"breadcrumb\":{\"@id\":\"https:\/\/www.mdbriefcase.com\/product\/la-guaifenesine-en-vente-libre-dans-votre-pharmacie-2024-2\/?courseid=#breadcrumb\"},\"inLanguage\":\"fr-CA\",\"potentialAction\":[{\"@type\":\"ReadAction\",\"target\":[\"https:\/\/www.mdbriefcase.com\/product\/la-guaifenesine-en-vente-libre-dans-votre-pharmacie-2024-2\/?courseid=\"]}]},{\"@type\":\"BreadcrumbList\",\"@id\":\"https:\/\/www.mdbriefcase.com\/product\/la-guaifenesine-en-vente-libre-dans-votre-pharmacie-2024-2\/?courseid=#breadcrumb\",\"itemListElement\":[{\"@type\":\"ListItem\",\"position\":1,\"name\":\"Home\",\"item\":\"https:\/\/www.mdbriefcase.com\/\"},{\"@type\":\"ListItem\",\"position\":2,\"name\":\"Shop &#8211; Old\",\"item\":\"https:\/\/www.mdbriefcase.com\/shop\/\"},{\"@type\":\"ListItem\",\"position\":3,\"name\":\"La guaif\u00e9n\u00e9sine en vente libre dans votre pharmacie (2024)\"}]},{\"@type\":\"WebSite\",\"@id\":\"https:\/\/www.mdbriefcase.com\/#website\",\"url\":\"https:\/\/www.mdbriefcase.com\/\",\"name\":\"MDBriefCase\",\"description\":\"\",\"publisher\":{\"@id\":\"https:\/\/www.mdbriefcase.com\/#organization\"},\"potentialAction\":[{\"@type\":\"SearchAction\",\"target\":{\"@type\":\"EntryPoint\",\"urlTemplate\":\"https:\/\/www.mdbriefcase.com\/?s={search_term_string}\"},\"query-input\":{\"@type\":\"PropertyValueSpecification\",\"valueRequired\":true,\"valueName\":\"search_term_string\"}}],\"inLanguage\":\"fr-CA\"},{\"@type\":\"Organization\",\"@id\":\"https:\/\/www.mdbriefcase.com\/#organization\",\"name\":\"MDBriefCase\",\"url\":\"https:\/\/www.mdbriefcase.com\/\",\"logo\":{\"@type\":\"ImageObject\",\"inLanguage\":\"fr-CA\",\"@id\":\"https:\/\/www.mdbriefcase.com\/#\/schema\/logo\/image\/\",\"url\":\"https:\/\/www.mdbriefcase.com\/wp-content\/uploads\/2024\/07\/logo.webp\",\"contentUrl\":\"https:\/\/www.mdbriefcase.com\/wp-content\/uploads\/2024\/07\/logo.webp\",\"width\":190,\"height\":36,\"caption\":\"MDBriefCase\"},\"image\":{\"@id\":\"https:\/\/www.mdbriefcase.com\/#\/schema\/logo\/image\/\"}}]}<\/script>\n<!-- \/ Yoast SEO plugin. -->","yoast_head_json":{"title":"La guaif\u00e9n\u00e9sine en vente libre dans votre pharmacie (2024) - MDBriefCase","robots":{"index":"index","follow":"follow","max-snippet":"max-snippet:-1","max-image-preview":"max-image-preview:large","max-video-preview":"max-video-preview:-1"},"canonical":"https:\/\/www.mdbriefcase.com\/fr\/product\/la-guaifenesine-en-vente-libre-dans-votre-pharmacie-2024-2\/?courseid=","og_locale":"fr_CA","og_type":"article","og_title":"La guaif\u00e9n\u00e9sine en vente libre dans votre pharmacie (2024) - MDBriefCase","og_description":"La guaif\u00e9n\u00e9sine est un agent mucoactif qui procure un traitement symptomatique de la congestion thoracique et de la toux associ\u00e9es aux infections aigu\u00ebs des voies respiratoires sup\u00e9rieures. Ce programme agr\u00e9\u00e9 examine le r\u00f4le du mucus dans un syst\u00e8me respiratoire en sant\u00e9 et ce qui se produit en cas d\u2019hypers\u00e9cr\u00e9tion ou de dysfonctionnement du mucus. La [&hellip;]","og_url":"https:\/\/www.mdbriefcase.com\/fr\/product\/la-guaifenesine-en-vente-libre-dans-votre-pharmacie-2024-2\/?courseid=","og_site_name":"MDBriefCase","twitter_card":"summary_large_image","twitter_misc":{"Est. reading time":"1 minute"},"schema":{"@context":"https:\/\/schema.org","@graph":[{"@type":"WebPage","@id":"https:\/\/www.mdbriefcase.com\/product\/la-guaifenesine-en-vente-libre-dans-votre-pharmacie-2024-2\/?courseid=","url":"https:\/\/www.mdbriefcase.com\/product\/la-guaifenesine-en-vente-libre-dans-votre-pharmacie-2024-2\/?courseid=","name":"La guaif\u00e9n\u00e9sine en vente libre dans votre pharmacie (2024) - MDBriefCase","isPartOf":{"@id":"https:\/\/www.mdbriefcase.com\/#website"},"datePublished":"2025-06-10T16:03:06+00:00","breadcrumb":{"@id":"https:\/\/www.mdbriefcase.com\/product\/la-guaifenesine-en-vente-libre-dans-votre-pharmacie-2024-2\/?courseid=#breadcrumb"},"inLanguage":"fr-CA","potentialAction":[{"@type":"ReadAction","target":["https:\/\/www.mdbriefcase.com\/product\/la-guaifenesine-en-vente-libre-dans-votre-pharmacie-2024-2\/?courseid="]}]},{"@type":"BreadcrumbList","@id":"https:\/\/www.mdbriefcase.com\/product\/la-guaifenesine-en-vente-libre-dans-votre-pharmacie-2024-2\/?courseid=#breadcrumb","itemListElement":[{"@type":"ListItem","position":1,"name":"Home","item":"https:\/\/www.mdbriefcase.com\/"},{"@type":"ListItem","position":2,"name":"Shop &#8211; Old","item":"https:\/\/www.mdbriefcase.com\/shop\/"},{"@type":"ListItem","position":3,"name":"La guaif\u00e9n\u00e9sine en vente libre dans votre pharmacie (2024)"}]},{"@type":"WebSite","@id":"https:\/\/www.mdbriefcase.com\/#website","url":"https:\/\/www.mdbriefcase.com\/","name":"MDBriefCase","description":"","publisher":{"@id":"https:\/\/www.mdbriefcase.com\/#organization"},"potentialAction":[{"@type":"SearchAction","target":{"@type":"EntryPoint","urlTemplate":"https:\/\/www.mdbriefcase.com\/?s={search_term_string}"},"query-input":{"@type":"PropertyValueSpecification","valueRequired":true,"valueName":"search_term_string"}}],"inLanguage":"fr-CA"},{"@type":"Organization","@id":"https:\/\/www.mdbriefcase.com\/#organization","name":"MDBriefCase","url":"https:\/\/www.mdbriefcase.com\/","logo":{"@type":"ImageObject","inLanguage":"fr-CA","@id":"https:\/\/www.mdbriefcase.com\/#\/schema\/logo\/image\/","url":"https:\/\/www.mdbriefcase.com\/wp-content\/uploads\/2024\/07\/logo.webp","contentUrl":"https:\/\/www.mdbriefcase.com\/wp-content\/uploads\/2024\/07\/logo.webp","width":190,"height":36,"caption":"MDBriefCase"},"image":{"@id":"https:\/\/www.mdbriefcase.com\/#\/schema\/logo\/image\/"}}]}},"_links":{"self":[{"href":"https:\/\/www.mdbriefcase.com\/fr\/wp-json\/wp\/v2\/product\/18072","targetHints":{"allow":["GET"]}}],"collection":[{"href":"https:\/\/www.mdbriefcase.com\/fr\/wp-json\/wp\/v2\/product"}],"about":[{"href":"https:\/\/www.mdbriefcase.com\/fr\/wp-json\/wp\/v2\/types\/product"}],"replies":[{"embeddable":true,"href":"https:\/\/www.mdbriefcase.com\/fr\/wp-json\/wp\/v2\/comments?post=18072"}],"wp:attachment":[{"href":"https:\/\/www.mdbriefcase.com\/fr\/wp-json\/wp\/v2\/media?parent=18072"}],"wp:term":[{"taxonomy":"product_brand","embeddable":true,"href":"https:\/\/www.mdbriefcase.com\/fr\/wp-json\/wp\/v2\/product_brand?post=18072"},{"taxonomy":"product_cat","embeddable":true,"href":"https:\/\/www.mdbriefcase.com\/fr\/wp-json\/wp\/v2\/product_cat?post=18072"},{"taxonomy":"product_tag","embeddable":true,"href":"https:\/\/www.mdbriefcase.com\/fr\/wp-json\/wp\/v2\/product_tag?post=18072"}],"curies":[{"name":"wp","href":"https:\/\/api.w.org\/{rel}","templated":true}]}}