{"id":18040,"date":"2025-06-10T12:02:58","date_gmt":"2025-06-10T16:02:58","guid":{"rendered":"https:\/\/mdbc2.wpenginepowered.com\/product\/comment-choisir-un-antidepresseur-pour-le-traitement-dun-trouble-depressif-majeur\/?courseid="},"modified":"2025-06-10T12:02:58","modified_gmt":"2025-06-10T16:02:58","slug":"comment-choisir-un-antidepresseur-pour-le-traitement-dun-trouble-depressif-majeur","status":"publish","type":"product","link":"https:\/\/www.mdbriefcase.com\/fr\/product\/comment-choisir-un-antidepresseur-pour-le-traitement-dun-trouble-depressif-majeur\/?courseid=","title":{"rendered":"Comment choisir un antid\u00e9presseur pour le traitement d\u2019un trouble d\u00e9pressif majeur"},"content":{"rendered":"<p>Le traitement du trouble d\u00e9pressif majeur (TDM) a pour but de soulager les sympt\u00f4mes et ainsi de permettre un r\u00e9tablissement fonctionnel complet. C\u2019est donc dire que les signes et les sympt\u00f4mes de la d\u00e9pression disparaissent ou presque, au point o\u00f9 le patient recouvre la capacit\u00e9 fonctionnelle au travail dont il jouissait avant de souffrir de d\u00e9pression ainsi que dans sa vie familiale et sociale.\n<\/p>\n<p>Destin\u00e9 au m\u00e9decin de premier recours, cette formation en ligne de 1 heure passe en revue les objectifs du traitement et les m\u00e9dicaments recommand\u00e9s par le CANMAT dans son guide de pratique de 2016.  On y pr\u00e9sente aussi de tr\u00e8s r\u00e9centes donn\u00e9es qui pourraient guider le m\u00e9decin dans son choix d\u2019un antid\u00e9presseur. Les \u00e9tudes de cas qui jalonnent le programme aideront le m\u00e9decin \u00e0 am\u00e9liorer le fonctionnement global du patient et sa productivit\u00e9 au travail.<\/p>","protected":false},"excerpt":{"rendered":"<p>Le traitement du trouble d\u00e9pressif majeur (TDM) a pour but de soulager les sympt\u00f4mes et ainsi de permettre un r\u00e9tablissement fonctionnel complet. C\u2019est donc dire que les signes et les sympt\u00f4mes de la d\u00e9pression disparaissent ou presque, au point o\u00f9 le patient recouvre la capacit\u00e9 fonctionnelle au travail dont il jouissait avant de souffrir de [&hellip;]<\/p>\n","protected":false},"featured_media":0,"comment_status":"","ping_status":"closed","template":"","meta":{"_acf_changed":false,"inline_featured_image":false},"product_brand":[],"product_cat":[],"product_tag":[],"class_list":{"0":"post-18040","1":"product","2":"type-product","3":"status-publish","6":"first","7":"instock","8":"downloadable","9":"virtual","10":"taxable","11":"product-type-simple"},"acf":[],"yoast_head":"<!-- This site is optimized with the Yoast SEO plugin v27.0 - https:\/\/yoast.com\/product\/yoast-seo-wordpress\/ -->\n<title>Comment choisir un antid\u00e9presseur pour le traitement d\u2019un trouble d\u00e9pressif majeur - MDBriefCase<\/title>\n<meta name=\"robots\" content=\"index, follow, max-snippet:-1, max-image-preview:large, max-video-preview:-1\" \/>\n<link rel=\"canonical\" href=\"https:\/\/www.mdbriefcase.com\/fr\/product\/comment-choisir-un-antidepresseur-pour-le-traitement-dun-trouble-depressif-majeur\/?courseid=\" \/>\n<meta property=\"og:locale\" content=\"fr_CA\" \/>\n<meta property=\"og:type\" content=\"article\" \/>\n<meta property=\"og:title\" content=\"Comment choisir un antid\u00e9presseur pour le traitement d\u2019un trouble d\u00e9pressif majeur - MDBriefCase\" \/>\n<meta property=\"og:description\" content=\"Le traitement du trouble d\u00e9pressif majeur (TDM) a pour but de soulager les sympt\u00f4mes et ainsi de permettre un r\u00e9tablissement fonctionnel complet. C\u2019est donc dire que les signes et les sympt\u00f4mes de la d\u00e9pression disparaissent ou presque, au point o\u00f9 le patient recouvre la capacit\u00e9 fonctionnelle au travail dont il jouissait avant de souffrir de [&hellip;]\" \/>\n<meta property=\"og:url\" content=\"https:\/\/www.mdbriefcase.com\/fr\/product\/comment-choisir-un-antidepresseur-pour-le-traitement-dun-trouble-depressif-majeur\/?courseid=\" \/>\n<meta property=\"og:site_name\" content=\"MDBriefCase\" \/>\n<meta name=\"twitter:card\" content=\"summary_large_image\" \/>\n<meta name=\"twitter:label1\" content=\"Est. reading time\" \/>\n\t<meta name=\"twitter:data1\" content=\"1 minute\" \/>\n<script type=\"application\/ld+json\" class=\"yoast-schema-graph\">{\"@context\":\"https:\/\/schema.org\",\"@graph\":[{\"@type\":\"WebPage\",\"@id\":\"https:\/\/www.mdbriefcase.com\/product\/comment-choisir-un-antidepresseur-pour-le-traitement-dun-trouble-depressif-majeur\/?courseid=\",\"url\":\"https:\/\/www.mdbriefcase.com\/product\/comment-choisir-un-antidepresseur-pour-le-traitement-dun-trouble-depressif-majeur\/?courseid=\",\"name\":\"Comment choisir un antid\u00e9presseur pour le traitement d\u2019un trouble d\u00e9pressif majeur - MDBriefCase\",\"isPartOf\":{\"@id\":\"https:\/\/www.mdbriefcase.com\/#website\"},\"datePublished\":\"2025-06-10T16:02:58+00:00\",\"breadcrumb\":{\"@id\":\"https:\/\/www.mdbriefcase.com\/product\/comment-choisir-un-antidepresseur-pour-le-traitement-dun-trouble-depressif-majeur\/?courseid=#breadcrumb\"},\"inLanguage\":\"fr-CA\",\"potentialAction\":[{\"@type\":\"ReadAction\",\"target\":[\"https:\/\/www.mdbriefcase.com\/product\/comment-choisir-un-antidepresseur-pour-le-traitement-dun-trouble-depressif-majeur\/?courseid=\"]}]},{\"@type\":\"BreadcrumbList\",\"@id\":\"https:\/\/www.mdbriefcase.com\/product\/comment-choisir-un-antidepresseur-pour-le-traitement-dun-trouble-depressif-majeur\/?courseid=#breadcrumb\",\"itemListElement\":[{\"@type\":\"ListItem\",\"position\":1,\"name\":\"Home\",\"item\":\"https:\/\/www.mdbriefcase.com\/\"},{\"@type\":\"ListItem\",\"position\":2,\"name\":\"Shop &#8211; Old\",\"item\":\"https:\/\/www.mdbriefcase.com\/shop\/\"},{\"@type\":\"ListItem\",\"position\":3,\"name\":\"Comment choisir un antid\u00e9presseur pour le traitement d\u2019un trouble d\u00e9pressif majeur\"}]},{\"@type\":\"WebSite\",\"@id\":\"https:\/\/www.mdbriefcase.com\/#website\",\"url\":\"https:\/\/www.mdbriefcase.com\/\",\"name\":\"MDBriefCase\",\"description\":\"\",\"publisher\":{\"@id\":\"https:\/\/www.mdbriefcase.com\/#organization\"},\"potentialAction\":[{\"@type\":\"SearchAction\",\"target\":{\"@type\":\"EntryPoint\",\"urlTemplate\":\"https:\/\/www.mdbriefcase.com\/?s={search_term_string}\"},\"query-input\":{\"@type\":\"PropertyValueSpecification\",\"valueRequired\":true,\"valueName\":\"search_term_string\"}}],\"inLanguage\":\"fr-CA\"},{\"@type\":\"Organization\",\"@id\":\"https:\/\/www.mdbriefcase.com\/#organization\",\"name\":\"MDBriefCase\",\"url\":\"https:\/\/www.mdbriefcase.com\/\",\"logo\":{\"@type\":\"ImageObject\",\"inLanguage\":\"fr-CA\",\"@id\":\"https:\/\/www.mdbriefcase.com\/#\/schema\/logo\/image\/\",\"url\":\"https:\/\/www.mdbriefcase.com\/wp-content\/uploads\/2024\/07\/logo.webp\",\"contentUrl\":\"https:\/\/www.mdbriefcase.com\/wp-content\/uploads\/2024\/07\/logo.webp\",\"width\":190,\"height\":36,\"caption\":\"MDBriefCase\"},\"image\":{\"@id\":\"https:\/\/www.mdbriefcase.com\/#\/schema\/logo\/image\/\"}}]}<\/script>\n<!-- \/ Yoast SEO plugin. -->","yoast_head_json":{"title":"Comment choisir un antid\u00e9presseur pour le traitement d\u2019un trouble d\u00e9pressif majeur - MDBriefCase","robots":{"index":"index","follow":"follow","max-snippet":"max-snippet:-1","max-image-preview":"max-image-preview:large","max-video-preview":"max-video-preview:-1"},"canonical":"https:\/\/www.mdbriefcase.com\/fr\/product\/comment-choisir-un-antidepresseur-pour-le-traitement-dun-trouble-depressif-majeur\/?courseid=","og_locale":"fr_CA","og_type":"article","og_title":"Comment choisir un antid\u00e9presseur pour le traitement d\u2019un trouble d\u00e9pressif majeur - MDBriefCase","og_description":"Le traitement du trouble d\u00e9pressif majeur (TDM) a pour but de soulager les sympt\u00f4mes et ainsi de permettre un r\u00e9tablissement fonctionnel complet. C\u2019est donc dire que les signes et les sympt\u00f4mes de la d\u00e9pression disparaissent ou presque, au point o\u00f9 le patient recouvre la capacit\u00e9 fonctionnelle au travail dont il jouissait avant de souffrir de [&hellip;]","og_url":"https:\/\/www.mdbriefcase.com\/fr\/product\/comment-choisir-un-antidepresseur-pour-le-traitement-dun-trouble-depressif-majeur\/?courseid=","og_site_name":"MDBriefCase","twitter_card":"summary_large_image","twitter_misc":{"Est. reading time":"1 minute"},"schema":{"@context":"https:\/\/schema.org","@graph":[{"@type":"WebPage","@id":"https:\/\/www.mdbriefcase.com\/product\/comment-choisir-un-antidepresseur-pour-le-traitement-dun-trouble-depressif-majeur\/?courseid=","url":"https:\/\/www.mdbriefcase.com\/product\/comment-choisir-un-antidepresseur-pour-le-traitement-dun-trouble-depressif-majeur\/?courseid=","name":"Comment choisir un antid\u00e9presseur pour le traitement d\u2019un trouble d\u00e9pressif majeur - MDBriefCase","isPartOf":{"@id":"https:\/\/www.mdbriefcase.com\/#website"},"datePublished":"2025-06-10T16:02:58+00:00","breadcrumb":{"@id":"https:\/\/www.mdbriefcase.com\/product\/comment-choisir-un-antidepresseur-pour-le-traitement-dun-trouble-depressif-majeur\/?courseid=#breadcrumb"},"inLanguage":"fr-CA","potentialAction":[{"@type":"ReadAction","target":["https:\/\/www.mdbriefcase.com\/product\/comment-choisir-un-antidepresseur-pour-le-traitement-dun-trouble-depressif-majeur\/?courseid="]}]},{"@type":"BreadcrumbList","@id":"https:\/\/www.mdbriefcase.com\/product\/comment-choisir-un-antidepresseur-pour-le-traitement-dun-trouble-depressif-majeur\/?courseid=#breadcrumb","itemListElement":[{"@type":"ListItem","position":1,"name":"Home","item":"https:\/\/www.mdbriefcase.com\/"},{"@type":"ListItem","position":2,"name":"Shop &#8211; Old","item":"https:\/\/www.mdbriefcase.com\/shop\/"},{"@type":"ListItem","position":3,"name":"Comment choisir un antid\u00e9presseur pour le traitement d\u2019un trouble d\u00e9pressif majeur"}]},{"@type":"WebSite","@id":"https:\/\/www.mdbriefcase.com\/#website","url":"https:\/\/www.mdbriefcase.com\/","name":"MDBriefCase","description":"","publisher":{"@id":"https:\/\/www.mdbriefcase.com\/#organization"},"potentialAction":[{"@type":"SearchAction","target":{"@type":"EntryPoint","urlTemplate":"https:\/\/www.mdbriefcase.com\/?s={search_term_string}"},"query-input":{"@type":"PropertyValueSpecification","valueRequired":true,"valueName":"search_term_string"}}],"inLanguage":"fr-CA"},{"@type":"Organization","@id":"https:\/\/www.mdbriefcase.com\/#organization","name":"MDBriefCase","url":"https:\/\/www.mdbriefcase.com\/","logo":{"@type":"ImageObject","inLanguage":"fr-CA","@id":"https:\/\/www.mdbriefcase.com\/#\/schema\/logo\/image\/","url":"https:\/\/www.mdbriefcase.com\/wp-content\/uploads\/2024\/07\/logo.webp","contentUrl":"https:\/\/www.mdbriefcase.com\/wp-content\/uploads\/2024\/07\/logo.webp","width":190,"height":36,"caption":"MDBriefCase"},"image":{"@id":"https:\/\/www.mdbriefcase.com\/#\/schema\/logo\/image\/"}}]}},"_links":{"self":[{"href":"https:\/\/www.mdbriefcase.com\/fr\/wp-json\/wp\/v2\/product\/18040","targetHints":{"allow":["GET"]}}],"collection":[{"href":"https:\/\/www.mdbriefcase.com\/fr\/wp-json\/wp\/v2\/product"}],"about":[{"href":"https:\/\/www.mdbriefcase.com\/fr\/wp-json\/wp\/v2\/types\/product"}],"replies":[{"embeddable":true,"href":"https:\/\/www.mdbriefcase.com\/fr\/wp-json\/wp\/v2\/comments?post=18040"}],"wp:attachment":[{"href":"https:\/\/www.mdbriefcase.com\/fr\/wp-json\/wp\/v2\/media?parent=18040"}],"wp:term":[{"taxonomy":"product_brand","embeddable":true,"href":"https:\/\/www.mdbriefcase.com\/fr\/wp-json\/wp\/v2\/product_brand?post=18040"},{"taxonomy":"product_cat","embeddable":true,"href":"https:\/\/www.mdbriefcase.com\/fr\/wp-json\/wp\/v2\/product_cat?post=18040"},{"taxonomy":"product_tag","embeddable":true,"href":"https:\/\/www.mdbriefcase.com\/fr\/wp-json\/wp\/v2\/product_tag?post=18040"}],"curies":[{"name":"wp","href":"https:\/\/api.w.org\/{rel}","templated":true}]}}