{"id":17991,"date":"2025-06-10T12:02:47","date_gmt":"2025-06-10T16:02:47","guid":{"rendered":"https:\/\/mdbc2.wpenginepowered.com\/product\/medicaments-veino-actifs-pour-traiter-linsuffisance-veineuse-chronique-le-conseil-canadien-de-leducation-continue-en-pharmacie-ccecp-2\/?courseid="},"modified":"2025-06-10T12:02:47","modified_gmt":"2025-06-10T16:02:47","slug":"medicaments-veino-actifs-pour-traiter-linsuffisance-veineuse-chronique-le-conseil-canadien-de-leducation-continue-en-pharmacie-ccecp-2","status":"publish","type":"product","link":"https:\/\/www.mdbriefcase.com\/fr\/product\/medicaments-veino-actifs-pour-traiter-linsuffisance-veineuse-chronique-le-conseil-canadien-de-leducation-continue-en-pharmacie-ccecp-2\/?courseid=","title":{"rendered":"M\u00e9dicaments veino-actifs pour traiter l\u2019insuffisance veineuse chronique  &#8211; Le conseil canadien de l&#8217;\u00e9ducation continue en pharmacie (CCECP)"},"content":{"rendered":"<p>L\u2019insuffisance veineuse chronique (IVC) est une condition qui regroupe une grande vari\u00e9t\u00e9 de signes et de sympt\u00f4mes, allant de la douleur des jambes jusqu\u2019aux ulc\u00e8res de jambe actifs. Ce programme de<\/p>","protected":false},"excerpt":{"rendered":"<p>L\u2019insuffisance veineuse chronique (IVC) est une condition qui regroupe une grande vari\u00e9t\u00e9 de signes et de sympt\u00f4mes, allant de la douleur des jambes jusqu\u2019aux ulc\u00e8res de jambe actifs. Ce programme de<\/p>","protected":false},"featured_media":0,"comment_status":"","ping_status":"closed","template":"","meta":{"_acf_changed":false,"inline_featured_image":false},"product_brand":[],"product_cat":[],"product_tag":[],"class_list":{"0":"post-17991","1":"product","2":"type-product","3":"status-publish","6":"first","7":"instock","8":"downloadable","9":"virtual","10":"taxable","11":"product-type-simple"},"acf":[],"yoast_head":"<!-- This site is optimized with the Yoast SEO plugin v27.0 - https:\/\/yoast.com\/product\/yoast-seo-wordpress\/ -->\n<title>M\u00e9dicaments veino-actifs pour traiter l\u2019insuffisance veineuse chronique - Le conseil canadien de l&#039;\u00e9ducation continue en pharmacie (CCECP) - MDBriefCase<\/title>\n<meta name=\"robots\" content=\"index, follow, max-snippet:-1, max-image-preview:large, max-video-preview:-1\" \/>\n<link rel=\"canonical\" href=\"https:\/\/www.mdbriefcase.com\/fr\/product\/medicaments-veino-actifs-pour-traiter-linsuffisance-veineuse-chronique-le-conseil-canadien-de-leducation-continue-en-pharmacie-ccecp-2\/?courseid=\" \/>\n<meta property=\"og:locale\" content=\"fr_CA\" \/>\n<meta property=\"og:type\" content=\"article\" \/>\n<meta property=\"og:title\" content=\"M\u00e9dicaments veino-actifs pour traiter l\u2019insuffisance veineuse chronique - Le conseil canadien de l&#039;\u00e9ducation continue en pharmacie (CCECP) - MDBriefCase\" \/>\n<meta property=\"og:description\" content=\"L\u2019insuffisance veineuse chronique (IVC) est une condition qui regroupe une grande vari\u00e9t\u00e9 de signes et de sympt\u00f4mes, allant de la douleur des jambes jusqu\u2019aux ulc\u00e8res de jambe actifs. Ce programme de\" \/>\n<meta property=\"og:url\" content=\"https:\/\/www.mdbriefcase.com\/fr\/product\/medicaments-veino-actifs-pour-traiter-linsuffisance-veineuse-chronique-le-conseil-canadien-de-leducation-continue-en-pharmacie-ccecp-2\/?courseid=\" \/>\n<meta property=\"og:site_name\" content=\"MDBriefCase\" \/>\n<meta name=\"twitter:card\" content=\"summary_large_image\" \/>\n<script type=\"application\/ld+json\" class=\"yoast-schema-graph\">{\"@context\":\"https:\/\/schema.org\",\"@graph\":[{\"@type\":\"WebPage\",\"@id\":\"https:\/\/www.mdbriefcase.com\/product\/medicaments-veino-actifs-pour-traiter-linsuffisance-veineuse-chronique-le-conseil-canadien-de-leducation-continue-en-pharmacie-ccecp-2\/?courseid=\",\"url\":\"https:\/\/www.mdbriefcase.com\/product\/medicaments-veino-actifs-pour-traiter-linsuffisance-veineuse-chronique-le-conseil-canadien-de-leducation-continue-en-pharmacie-ccecp-2\/?courseid=\",\"name\":\"M\u00e9dicaments veino-actifs pour traiter l\u2019insuffisance veineuse chronique - Le conseil canadien de l'\u00e9ducation continue en pharmacie (CCECP) - MDBriefCase\",\"isPartOf\":{\"@id\":\"https:\/\/www.mdbriefcase.com\/#website\"},\"datePublished\":\"2025-06-10T16:02:47+00:00\",\"breadcrumb\":{\"@id\":\"https:\/\/www.mdbriefcase.com\/product\/medicaments-veino-actifs-pour-traiter-linsuffisance-veineuse-chronique-le-conseil-canadien-de-leducation-continue-en-pharmacie-ccecp-2\/?courseid=#breadcrumb\"},\"inLanguage\":\"fr-CA\",\"potentialAction\":[{\"@type\":\"ReadAction\",\"target\":[\"https:\/\/www.mdbriefcase.com\/product\/medicaments-veino-actifs-pour-traiter-linsuffisance-veineuse-chronique-le-conseil-canadien-de-leducation-continue-en-pharmacie-ccecp-2\/?courseid=\"]}]},{\"@type\":\"BreadcrumbList\",\"@id\":\"https:\/\/www.mdbriefcase.com\/product\/medicaments-veino-actifs-pour-traiter-linsuffisance-veineuse-chronique-le-conseil-canadien-de-leducation-continue-en-pharmacie-ccecp-2\/?courseid=#breadcrumb\",\"itemListElement\":[{\"@type\":\"ListItem\",\"position\":1,\"name\":\"Home\",\"item\":\"https:\/\/www.mdbriefcase.com\/\"},{\"@type\":\"ListItem\",\"position\":2,\"name\":\"Shop &#8211; Old\",\"item\":\"https:\/\/www.mdbriefcase.com\/shop\/\"},{\"@type\":\"ListItem\",\"position\":3,\"name\":\"M\u00e9dicaments veino-actifs pour traiter l\u2019insuffisance veineuse chronique &#8211; Le conseil canadien de l&#8217;\u00e9ducation continue en pharmacie (CCECP)\"}]},{\"@type\":\"WebSite\",\"@id\":\"https:\/\/www.mdbriefcase.com\/#website\",\"url\":\"https:\/\/www.mdbriefcase.com\/\",\"name\":\"MDBriefCase\",\"description\":\"\",\"publisher\":{\"@id\":\"https:\/\/www.mdbriefcase.com\/#organization\"},\"potentialAction\":[{\"@type\":\"SearchAction\",\"target\":{\"@type\":\"EntryPoint\",\"urlTemplate\":\"https:\/\/www.mdbriefcase.com\/?s={search_term_string}\"},\"query-input\":{\"@type\":\"PropertyValueSpecification\",\"valueRequired\":true,\"valueName\":\"search_term_string\"}}],\"inLanguage\":\"fr-CA\"},{\"@type\":\"Organization\",\"@id\":\"https:\/\/www.mdbriefcase.com\/#organization\",\"name\":\"MDBriefCase\",\"url\":\"https:\/\/www.mdbriefcase.com\/\",\"logo\":{\"@type\":\"ImageObject\",\"inLanguage\":\"fr-CA\",\"@id\":\"https:\/\/www.mdbriefcase.com\/#\/schema\/logo\/image\/\",\"url\":\"https:\/\/www.mdbriefcase.com\/wp-content\/uploads\/2024\/07\/logo.webp\",\"contentUrl\":\"https:\/\/www.mdbriefcase.com\/wp-content\/uploads\/2024\/07\/logo.webp\",\"width\":190,\"height\":36,\"caption\":\"MDBriefCase\"},\"image\":{\"@id\":\"https:\/\/www.mdbriefcase.com\/#\/schema\/logo\/image\/\"}}]}<\/script>\n<!-- \/ Yoast SEO plugin. -->","yoast_head_json":{"title":"M\u00e9dicaments veino-actifs pour traiter l\u2019insuffisance veineuse chronique - Le conseil canadien de l'\u00e9ducation continue en pharmacie (CCECP) - MDBriefCase","robots":{"index":"index","follow":"follow","max-snippet":"max-snippet:-1","max-image-preview":"max-image-preview:large","max-video-preview":"max-video-preview:-1"},"canonical":"https:\/\/www.mdbriefcase.com\/fr\/product\/medicaments-veino-actifs-pour-traiter-linsuffisance-veineuse-chronique-le-conseil-canadien-de-leducation-continue-en-pharmacie-ccecp-2\/?courseid=","og_locale":"fr_CA","og_type":"article","og_title":"M\u00e9dicaments veino-actifs pour traiter l\u2019insuffisance veineuse chronique - Le conseil canadien de l'\u00e9ducation continue en pharmacie (CCECP) - MDBriefCase","og_description":"L\u2019insuffisance veineuse chronique (IVC) est une condition qui regroupe une grande vari\u00e9t\u00e9 de signes et de sympt\u00f4mes, allant de la douleur des jambes jusqu\u2019aux ulc\u00e8res de jambe actifs. Ce programme de","og_url":"https:\/\/www.mdbriefcase.com\/fr\/product\/medicaments-veino-actifs-pour-traiter-linsuffisance-veineuse-chronique-le-conseil-canadien-de-leducation-continue-en-pharmacie-ccecp-2\/?courseid=","og_site_name":"MDBriefCase","twitter_card":"summary_large_image","schema":{"@context":"https:\/\/schema.org","@graph":[{"@type":"WebPage","@id":"https:\/\/www.mdbriefcase.com\/product\/medicaments-veino-actifs-pour-traiter-linsuffisance-veineuse-chronique-le-conseil-canadien-de-leducation-continue-en-pharmacie-ccecp-2\/?courseid=","url":"https:\/\/www.mdbriefcase.com\/product\/medicaments-veino-actifs-pour-traiter-linsuffisance-veineuse-chronique-le-conseil-canadien-de-leducation-continue-en-pharmacie-ccecp-2\/?courseid=","name":"M\u00e9dicaments veino-actifs pour traiter l\u2019insuffisance veineuse chronique - Le conseil canadien de l'\u00e9ducation continue en pharmacie (CCECP) - MDBriefCase","isPartOf":{"@id":"https:\/\/www.mdbriefcase.com\/#website"},"datePublished":"2025-06-10T16:02:47+00:00","breadcrumb":{"@id":"https:\/\/www.mdbriefcase.com\/product\/medicaments-veino-actifs-pour-traiter-linsuffisance-veineuse-chronique-le-conseil-canadien-de-leducation-continue-en-pharmacie-ccecp-2\/?courseid=#breadcrumb"},"inLanguage":"fr-CA","potentialAction":[{"@type":"ReadAction","target":["https:\/\/www.mdbriefcase.com\/product\/medicaments-veino-actifs-pour-traiter-linsuffisance-veineuse-chronique-le-conseil-canadien-de-leducation-continue-en-pharmacie-ccecp-2\/?courseid="]}]},{"@type":"BreadcrumbList","@id":"https:\/\/www.mdbriefcase.com\/product\/medicaments-veino-actifs-pour-traiter-linsuffisance-veineuse-chronique-le-conseil-canadien-de-leducation-continue-en-pharmacie-ccecp-2\/?courseid=#breadcrumb","itemListElement":[{"@type":"ListItem","position":1,"name":"Home","item":"https:\/\/www.mdbriefcase.com\/"},{"@type":"ListItem","position":2,"name":"Shop &#8211; Old","item":"https:\/\/www.mdbriefcase.com\/shop\/"},{"@type":"ListItem","position":3,"name":"M\u00e9dicaments veino-actifs pour traiter l\u2019insuffisance veineuse chronique &#8211; Le conseil canadien de l&#8217;\u00e9ducation continue en pharmacie (CCECP)"}]},{"@type":"WebSite","@id":"https:\/\/www.mdbriefcase.com\/#website","url":"https:\/\/www.mdbriefcase.com\/","name":"MDBriefCase","description":"","publisher":{"@id":"https:\/\/www.mdbriefcase.com\/#organization"},"potentialAction":[{"@type":"SearchAction","target":{"@type":"EntryPoint","urlTemplate":"https:\/\/www.mdbriefcase.com\/?s={search_term_string}"},"query-input":{"@type":"PropertyValueSpecification","valueRequired":true,"valueName":"search_term_string"}}],"inLanguage":"fr-CA"},{"@type":"Organization","@id":"https:\/\/www.mdbriefcase.com\/#organization","name":"MDBriefCase","url":"https:\/\/www.mdbriefcase.com\/","logo":{"@type":"ImageObject","inLanguage":"fr-CA","@id":"https:\/\/www.mdbriefcase.com\/#\/schema\/logo\/image\/","url":"https:\/\/www.mdbriefcase.com\/wp-content\/uploads\/2024\/07\/logo.webp","contentUrl":"https:\/\/www.mdbriefcase.com\/wp-content\/uploads\/2024\/07\/logo.webp","width":190,"height":36,"caption":"MDBriefCase"},"image":{"@id":"https:\/\/www.mdbriefcase.com\/#\/schema\/logo\/image\/"}}]}},"_links":{"self":[{"href":"https:\/\/www.mdbriefcase.com\/fr\/wp-json\/wp\/v2\/product\/17991","targetHints":{"allow":["GET"]}}],"collection":[{"href":"https:\/\/www.mdbriefcase.com\/fr\/wp-json\/wp\/v2\/product"}],"about":[{"href":"https:\/\/www.mdbriefcase.com\/fr\/wp-json\/wp\/v2\/types\/product"}],"replies":[{"embeddable":true,"href":"https:\/\/www.mdbriefcase.com\/fr\/wp-json\/wp\/v2\/comments?post=17991"}],"wp:attachment":[{"href":"https:\/\/www.mdbriefcase.com\/fr\/wp-json\/wp\/v2\/media?parent=17991"}],"wp:term":[{"taxonomy":"product_brand","embeddable":true,"href":"https:\/\/www.mdbriefcase.com\/fr\/wp-json\/wp\/v2\/product_brand?post=17991"},{"taxonomy":"product_cat","embeddable":true,"href":"https:\/\/www.mdbriefcase.com\/fr\/wp-json\/wp\/v2\/product_cat?post=17991"},{"taxonomy":"product_tag","embeddable":true,"href":"https:\/\/www.mdbriefcase.com\/fr\/wp-json\/wp\/v2\/product_tag?post=17991"}],"curies":[{"name":"wp","href":"https:\/\/api.w.org\/{rel}","templated":true}]}}