{"id":17931,"date":"2025-06-10T12:02:34","date_gmt":"2025-06-10T16:02:34","guid":{"rendered":"https:\/\/mdbc2.wpenginepowered.com\/product\/secheresse-oculaire-nouvelle-vision-du-depistage-precoce-et-des-options-therapeutiques-mainpro\/?courseid="},"modified":"2025-06-10T12:02:34","modified_gmt":"2025-06-10T16:02:34","slug":"secheresse-oculaire-nouvelle-vision-du-depistage-precoce-et-des-options-therapeutiques-mainpro","status":"publish","type":"product","link":"https:\/\/www.mdbriefcase.com\/fr\/product\/secheresse-oculaire-nouvelle-vision-du-depistage-precoce-et-des-options-therapeutiques-mainpro\/?courseid=","title":{"rendered":"S\u00e9cheresse oculaire : Nouvelle vision du d\u00e9pistage pr\u00e9coce et des options th\u00e9rapeutiques &#8211; Mainpro+"},"content":{"rendered":"<p>La s\u00e9cheresse oculaire (SO) est l\u2019une des causes les plus fr\u00e9quentes des visites \u00e0 un sp\u00e9cialiste des soins de la vue. La SO concerne non seulement les professionnels des soins de la vue, mais aussi les omnipraticiens. Elle est une maladie courante, chronique et potentiellement \u00e9volutive qui tend \u00e0 \u00eatre sous-diagnostiqu\u00e9e. La SO est associ\u00e9e au vieillissement et est g\u00e9n\u00e9ralement observ\u00e9e chez les adultes matures (c.-\u00e0-d. de plus de 50 ans). Sa pr\u00e9valence s\u2019accro\u00eet toutefois dans la population moins \u00e2g\u00e9e qui vit dans un monde truff\u00e9 d\u2019\u00e9crans, et qui utilise de plus en plus les appareils \u00e9lectroniques5. Le d\u00e9pistage et le diagnostic pr\u00e9coces sont essentiels, tout comme le fait d\u2019envisager de nouvelles options th\u00e9rapeutiques pour \u00e9viter la progression et les r\u00e9percussions \u00e0 long terme sur la qualit\u00e9 de vie.<\/p>","protected":false},"excerpt":{"rendered":"<p>La s\u00e9cheresse oculaire (SO) est l\u2019une des causes les plus fr\u00e9quentes des visites \u00e0 un sp\u00e9cialiste des soins de la vue. La SO concerne non seulement les professionnels des soins de la vue, mais aussi les omnipraticiens. Elle est une maladie courante, chronique et potentiellement \u00e9volutive qui tend \u00e0 \u00eatre sous-diagnostiqu\u00e9e. La SO est associ\u00e9e [&hellip;]<\/p>\n","protected":false},"featured_media":0,"comment_status":"","ping_status":"closed","template":"","meta":{"_acf_changed":false,"inline_featured_image":false},"product_brand":[],"product_cat":[],"product_tag":[],"class_list":{"0":"post-17931","1":"product","2":"type-product","3":"status-publish","6":"first","7":"instock","8":"downloadable","9":"virtual","10":"taxable","11":"product-type-simple"},"acf":[],"yoast_head":"<!-- This site is optimized with the Yoast SEO plugin v27.0 - https:\/\/yoast.com\/product\/yoast-seo-wordpress\/ -->\n<title>S\u00e9cheresse oculaire : Nouvelle vision du d\u00e9pistage pr\u00e9coce et des options th\u00e9rapeutiques - Mainpro+ - MDBriefCase<\/title>\n<meta name=\"robots\" content=\"index, follow, max-snippet:-1, max-image-preview:large, max-video-preview:-1\" \/>\n<link rel=\"canonical\" href=\"https:\/\/www.mdbriefcase.com\/fr\/product\/secheresse-oculaire-nouvelle-vision-du-depistage-precoce-et-des-options-therapeutiques-mainpro\/?courseid=\" \/>\n<meta property=\"og:locale\" content=\"fr_CA\" \/>\n<meta property=\"og:type\" content=\"article\" \/>\n<meta property=\"og:title\" content=\"S\u00e9cheresse oculaire : Nouvelle vision du d\u00e9pistage pr\u00e9coce et des options th\u00e9rapeutiques - Mainpro+ - MDBriefCase\" \/>\n<meta property=\"og:description\" content=\"La s\u00e9cheresse oculaire (SO) est l\u2019une des causes les plus fr\u00e9quentes des visites \u00e0 un sp\u00e9cialiste des soins de la vue. La SO concerne non seulement les professionnels des soins de la vue, mais aussi les omnipraticiens. Elle est une maladie courante, chronique et potentiellement \u00e9volutive qui tend \u00e0 \u00eatre sous-diagnostiqu\u00e9e. La SO est associ\u00e9e [&hellip;]\" \/>\n<meta property=\"og:url\" content=\"https:\/\/www.mdbriefcase.com\/fr\/product\/secheresse-oculaire-nouvelle-vision-du-depistage-precoce-et-des-options-therapeutiques-mainpro\/?courseid=\" \/>\n<meta property=\"og:site_name\" content=\"MDBriefCase\" \/>\n<meta name=\"twitter:card\" content=\"summary_large_image\" \/>\n<meta name=\"twitter:label1\" content=\"Est. reading time\" \/>\n\t<meta name=\"twitter:data1\" content=\"1 minute\" \/>\n<script type=\"application\/ld+json\" class=\"yoast-schema-graph\">{\"@context\":\"https:\/\/schema.org\",\"@graph\":[{\"@type\":\"WebPage\",\"@id\":\"https:\/\/www.mdbriefcase.com\/product\/secheresse-oculaire-nouvelle-vision-du-depistage-precoce-et-des-options-therapeutiques-mainpro\/?courseid=\",\"url\":\"https:\/\/www.mdbriefcase.com\/product\/secheresse-oculaire-nouvelle-vision-du-depistage-precoce-et-des-options-therapeutiques-mainpro\/?courseid=\",\"name\":\"S\u00e9cheresse oculaire : Nouvelle vision du d\u00e9pistage pr\u00e9coce et des options th\u00e9rapeutiques - Mainpro+ - MDBriefCase\",\"isPartOf\":{\"@id\":\"https:\/\/www.mdbriefcase.com\/#website\"},\"datePublished\":\"2025-06-10T16:02:34+00:00\",\"breadcrumb\":{\"@id\":\"https:\/\/www.mdbriefcase.com\/product\/secheresse-oculaire-nouvelle-vision-du-depistage-precoce-et-des-options-therapeutiques-mainpro\/?courseid=#breadcrumb\"},\"inLanguage\":\"fr-CA\",\"potentialAction\":[{\"@type\":\"ReadAction\",\"target\":[\"https:\/\/www.mdbriefcase.com\/product\/secheresse-oculaire-nouvelle-vision-du-depistage-precoce-et-des-options-therapeutiques-mainpro\/?courseid=\"]}]},{\"@type\":\"BreadcrumbList\",\"@id\":\"https:\/\/www.mdbriefcase.com\/product\/secheresse-oculaire-nouvelle-vision-du-depistage-precoce-et-des-options-therapeutiques-mainpro\/?courseid=#breadcrumb\",\"itemListElement\":[{\"@type\":\"ListItem\",\"position\":1,\"name\":\"Home\",\"item\":\"https:\/\/www.mdbriefcase.com\/\"},{\"@type\":\"ListItem\",\"position\":2,\"name\":\"Shop &#8211; Old\",\"item\":\"https:\/\/www.mdbriefcase.com\/shop\/\"},{\"@type\":\"ListItem\",\"position\":3,\"name\":\"S\u00e9cheresse oculaire : Nouvelle vision du d\u00e9pistage pr\u00e9coce et des options th\u00e9rapeutiques &#8211; Mainpro+\"}]},{\"@type\":\"WebSite\",\"@id\":\"https:\/\/www.mdbriefcase.com\/#website\",\"url\":\"https:\/\/www.mdbriefcase.com\/\",\"name\":\"MDBriefCase\",\"description\":\"\",\"publisher\":{\"@id\":\"https:\/\/www.mdbriefcase.com\/#organization\"},\"potentialAction\":[{\"@type\":\"SearchAction\",\"target\":{\"@type\":\"EntryPoint\",\"urlTemplate\":\"https:\/\/www.mdbriefcase.com\/?s={search_term_string}\"},\"query-input\":{\"@type\":\"PropertyValueSpecification\",\"valueRequired\":true,\"valueName\":\"search_term_string\"}}],\"inLanguage\":\"fr-CA\"},{\"@type\":\"Organization\",\"@id\":\"https:\/\/www.mdbriefcase.com\/#organization\",\"name\":\"MDBriefCase\",\"url\":\"https:\/\/www.mdbriefcase.com\/\",\"logo\":{\"@type\":\"ImageObject\",\"inLanguage\":\"fr-CA\",\"@id\":\"https:\/\/www.mdbriefcase.com\/#\/schema\/logo\/image\/\",\"url\":\"https:\/\/www.mdbriefcase.com\/wp-content\/uploads\/2024\/07\/logo.webp\",\"contentUrl\":\"https:\/\/www.mdbriefcase.com\/wp-content\/uploads\/2024\/07\/logo.webp\",\"width\":190,\"height\":36,\"caption\":\"MDBriefCase\"},\"image\":{\"@id\":\"https:\/\/www.mdbriefcase.com\/#\/schema\/logo\/image\/\"}}]}<\/script>\n<!-- \/ Yoast SEO plugin. -->","yoast_head_json":{"title":"S\u00e9cheresse oculaire : Nouvelle vision du d\u00e9pistage pr\u00e9coce et des options th\u00e9rapeutiques - Mainpro+ - MDBriefCase","robots":{"index":"index","follow":"follow","max-snippet":"max-snippet:-1","max-image-preview":"max-image-preview:large","max-video-preview":"max-video-preview:-1"},"canonical":"https:\/\/www.mdbriefcase.com\/fr\/product\/secheresse-oculaire-nouvelle-vision-du-depistage-precoce-et-des-options-therapeutiques-mainpro\/?courseid=","og_locale":"fr_CA","og_type":"article","og_title":"S\u00e9cheresse oculaire : Nouvelle vision du d\u00e9pistage pr\u00e9coce et des options th\u00e9rapeutiques - Mainpro+ - MDBriefCase","og_description":"La s\u00e9cheresse oculaire (SO) est l\u2019une des causes les plus fr\u00e9quentes des visites \u00e0 un sp\u00e9cialiste des soins de la vue. La SO concerne non seulement les professionnels des soins de la vue, mais aussi les omnipraticiens. Elle est une maladie courante, chronique et potentiellement \u00e9volutive qui tend \u00e0 \u00eatre sous-diagnostiqu\u00e9e. La SO est associ\u00e9e [&hellip;]","og_url":"https:\/\/www.mdbriefcase.com\/fr\/product\/secheresse-oculaire-nouvelle-vision-du-depistage-precoce-et-des-options-therapeutiques-mainpro\/?courseid=","og_site_name":"MDBriefCase","twitter_card":"summary_large_image","twitter_misc":{"Est. reading time":"1 minute"},"schema":{"@context":"https:\/\/schema.org","@graph":[{"@type":"WebPage","@id":"https:\/\/www.mdbriefcase.com\/product\/secheresse-oculaire-nouvelle-vision-du-depistage-precoce-et-des-options-therapeutiques-mainpro\/?courseid=","url":"https:\/\/www.mdbriefcase.com\/product\/secheresse-oculaire-nouvelle-vision-du-depistage-precoce-et-des-options-therapeutiques-mainpro\/?courseid=","name":"S\u00e9cheresse oculaire : Nouvelle vision du d\u00e9pistage pr\u00e9coce et des options th\u00e9rapeutiques - Mainpro+ - MDBriefCase","isPartOf":{"@id":"https:\/\/www.mdbriefcase.com\/#website"},"datePublished":"2025-06-10T16:02:34+00:00","breadcrumb":{"@id":"https:\/\/www.mdbriefcase.com\/product\/secheresse-oculaire-nouvelle-vision-du-depistage-precoce-et-des-options-therapeutiques-mainpro\/?courseid=#breadcrumb"},"inLanguage":"fr-CA","potentialAction":[{"@type":"ReadAction","target":["https:\/\/www.mdbriefcase.com\/product\/secheresse-oculaire-nouvelle-vision-du-depistage-precoce-et-des-options-therapeutiques-mainpro\/?courseid="]}]},{"@type":"BreadcrumbList","@id":"https:\/\/www.mdbriefcase.com\/product\/secheresse-oculaire-nouvelle-vision-du-depistage-precoce-et-des-options-therapeutiques-mainpro\/?courseid=#breadcrumb","itemListElement":[{"@type":"ListItem","position":1,"name":"Home","item":"https:\/\/www.mdbriefcase.com\/"},{"@type":"ListItem","position":2,"name":"Shop &#8211; Old","item":"https:\/\/www.mdbriefcase.com\/shop\/"},{"@type":"ListItem","position":3,"name":"S\u00e9cheresse oculaire : Nouvelle vision du d\u00e9pistage pr\u00e9coce et des options th\u00e9rapeutiques &#8211; Mainpro+"}]},{"@type":"WebSite","@id":"https:\/\/www.mdbriefcase.com\/#website","url":"https:\/\/www.mdbriefcase.com\/","name":"MDBriefCase","description":"","publisher":{"@id":"https:\/\/www.mdbriefcase.com\/#organization"},"potentialAction":[{"@type":"SearchAction","target":{"@type":"EntryPoint","urlTemplate":"https:\/\/www.mdbriefcase.com\/?s={search_term_string}"},"query-input":{"@type":"PropertyValueSpecification","valueRequired":true,"valueName":"search_term_string"}}],"inLanguage":"fr-CA"},{"@type":"Organization","@id":"https:\/\/www.mdbriefcase.com\/#organization","name":"MDBriefCase","url":"https:\/\/www.mdbriefcase.com\/","logo":{"@type":"ImageObject","inLanguage":"fr-CA","@id":"https:\/\/www.mdbriefcase.com\/#\/schema\/logo\/image\/","url":"https:\/\/www.mdbriefcase.com\/wp-content\/uploads\/2024\/07\/logo.webp","contentUrl":"https:\/\/www.mdbriefcase.com\/wp-content\/uploads\/2024\/07\/logo.webp","width":190,"height":36,"caption":"MDBriefCase"},"image":{"@id":"https:\/\/www.mdbriefcase.com\/#\/schema\/logo\/image\/"}}]}},"_links":{"self":[{"href":"https:\/\/www.mdbriefcase.com\/fr\/wp-json\/wp\/v2\/product\/17931","targetHints":{"allow":["GET"]}}],"collection":[{"href":"https:\/\/www.mdbriefcase.com\/fr\/wp-json\/wp\/v2\/product"}],"about":[{"href":"https:\/\/www.mdbriefcase.com\/fr\/wp-json\/wp\/v2\/types\/product"}],"replies":[{"embeddable":true,"href":"https:\/\/www.mdbriefcase.com\/fr\/wp-json\/wp\/v2\/comments?post=17931"}],"wp:attachment":[{"href":"https:\/\/www.mdbriefcase.com\/fr\/wp-json\/wp\/v2\/media?parent=17931"}],"wp:term":[{"taxonomy":"product_brand","embeddable":true,"href":"https:\/\/www.mdbriefcase.com\/fr\/wp-json\/wp\/v2\/product_brand?post=17931"},{"taxonomy":"product_cat","embeddable":true,"href":"https:\/\/www.mdbriefcase.com\/fr\/wp-json\/wp\/v2\/product_cat?post=17931"},{"taxonomy":"product_tag","embeddable":true,"href":"https:\/\/www.mdbriefcase.com\/fr\/wp-json\/wp\/v2\/product_tag?post=17931"}],"curies":[{"name":"wp","href":"https:\/\/api.w.org\/{rel}","templated":true}]}}