{"id":17893,"date":"2025-06-10T12:02:26","date_gmt":"2025-06-10T16:02:26","guid":{"rendered":"https:\/\/mdbc2.wpenginepowered.com\/product\/prise-en-charge-de-la-constipation-mise-a-jour-ordre-des-pharmaciens-du-quebec-opq\/?courseid="},"modified":"2025-06-10T12:02:26","modified_gmt":"2025-06-10T16:02:26","slug":"prise-en-charge-de-la-constipation-mise-a-jour-ordre-des-pharmaciens-du-quebec-opq","status":"publish","type":"product","link":"https:\/\/www.mdbriefcase.com\/fr\/product\/prise-en-charge-de-la-constipation-mise-a-jour-ordre-des-pharmaciens-du-quebec-opq\/?courseid=","title":{"rendered":"Prise en charge de la constipation : Mise \u00e0 jour &#8211; Ordre des pharmaciens du Qu\u00e9bec (OPQ)"},"content":{"rendered":"<h2><\/h2>\n<p>Selon la Fondation canadienne de la sant\u00e9 digestive, environ le quart de la population canadienne est touch\u00e9 par la constipation, affection qui a un impact consid\u00e9rable sur la qualit\u00e9 de vie. Les pharmaciens sont id\u00e9alement positionn\u00e9s pour aider \u00e0 prendre en charge la constipation, en particulier parce que cette affection est habituellement facile \u00e0 traiter, est peu souvent caus\u00e9e par une maladie grave, et n\u00e9cessite peu fr\u00e9quemment des investigations approfondies. La constipation a comme caract\u00e9ristique que le m\u00eame traitement peut servir \u00e0 la fois \u00e0 att\u00e9nuer les sympt\u00f4mes et \u00e0 traiter le dysfonctionnement sous-jacent, qui fr\u00e9quemment s\u2019av\u00e8re \u00eatre un trouble intestinal fonctionnel. <\/p>\n<p><\/p>","protected":false},"excerpt":{"rendered":"<p>Selon la Fondation canadienne de la sant\u00e9 digestive, environ le quart de la population canadienne est touch\u00e9 par la constipation, affection qui a un impact consid\u00e9rable sur la qualit\u00e9 de vie. Les pharmaciens sont id\u00e9alement positionn\u00e9s pour aider \u00e0 prendre en charge la constipation, en particulier parce que cette affection est habituellement facile \u00e0 traiter, [&hellip;]<\/p>\n","protected":false},"featured_media":0,"comment_status":"","ping_status":"closed","template":"","meta":{"_acf_changed":false,"inline_featured_image":false},"product_brand":[],"product_cat":[],"product_tag":[],"class_list":{"0":"post-17893","1":"product","2":"type-product","3":"status-publish","6":"first","7":"instock","8":"downloadable","9":"virtual","10":"taxable","11":"product-type-simple"},"acf":[],"yoast_head":"<!-- This site is optimized with the Yoast SEO plugin v27.0 - https:\/\/yoast.com\/product\/yoast-seo-wordpress\/ -->\n<title>Prise en charge de la constipation : Mise \u00e0 jour - Ordre des pharmaciens du Qu\u00e9bec (OPQ) - MDBriefCase<\/title>\n<meta name=\"robots\" content=\"index, follow, max-snippet:-1, max-image-preview:large, max-video-preview:-1\" \/>\n<link rel=\"canonical\" href=\"https:\/\/www.mdbriefcase.com\/fr\/product\/prise-en-charge-de-la-constipation-mise-a-jour-ordre-des-pharmaciens-du-quebec-opq\/?courseid=\" \/>\n<meta property=\"og:locale\" content=\"fr_CA\" \/>\n<meta property=\"og:type\" content=\"article\" \/>\n<meta property=\"og:title\" content=\"Prise en charge de la constipation : Mise \u00e0 jour - Ordre des pharmaciens du Qu\u00e9bec (OPQ) - MDBriefCase\" \/>\n<meta property=\"og:description\" content=\"Selon la Fondation canadienne de la sant\u00e9 digestive, environ le quart de la population canadienne est touch\u00e9 par la constipation, affection qui a un impact consid\u00e9rable sur la qualit\u00e9 de vie. Les pharmaciens sont id\u00e9alement positionn\u00e9s pour aider \u00e0 prendre en charge la constipation, en particulier parce que cette affection est habituellement facile \u00e0 traiter, [&hellip;]\" \/>\n<meta property=\"og:url\" content=\"https:\/\/www.mdbriefcase.com\/fr\/product\/prise-en-charge-de-la-constipation-mise-a-jour-ordre-des-pharmaciens-du-quebec-opq\/?courseid=\" \/>\n<meta property=\"og:site_name\" content=\"MDBriefCase\" \/>\n<meta name=\"twitter:card\" content=\"summary_large_image\" \/>\n<meta name=\"twitter:label1\" content=\"Est. reading time\" \/>\n\t<meta name=\"twitter:data1\" content=\"1 minute\" \/>\n<script type=\"application\/ld+json\" class=\"yoast-schema-graph\">{\"@context\":\"https:\/\/schema.org\",\"@graph\":[{\"@type\":\"WebPage\",\"@id\":\"https:\/\/www.mdbriefcase.com\/product\/prise-en-charge-de-la-constipation-mise-a-jour-ordre-des-pharmaciens-du-quebec-opq\/?courseid=\",\"url\":\"https:\/\/www.mdbriefcase.com\/product\/prise-en-charge-de-la-constipation-mise-a-jour-ordre-des-pharmaciens-du-quebec-opq\/?courseid=\",\"name\":\"Prise en charge de la constipation : Mise \u00e0 jour - Ordre des pharmaciens du Qu\u00e9bec (OPQ) - MDBriefCase\",\"isPartOf\":{\"@id\":\"https:\/\/www.mdbriefcase.com\/#website\"},\"datePublished\":\"2025-06-10T16:02:26+00:00\",\"breadcrumb\":{\"@id\":\"https:\/\/www.mdbriefcase.com\/product\/prise-en-charge-de-la-constipation-mise-a-jour-ordre-des-pharmaciens-du-quebec-opq\/?courseid=#breadcrumb\"},\"inLanguage\":\"fr-CA\",\"potentialAction\":[{\"@type\":\"ReadAction\",\"target\":[\"https:\/\/www.mdbriefcase.com\/product\/prise-en-charge-de-la-constipation-mise-a-jour-ordre-des-pharmaciens-du-quebec-opq\/?courseid=\"]}]},{\"@type\":\"BreadcrumbList\",\"@id\":\"https:\/\/www.mdbriefcase.com\/product\/prise-en-charge-de-la-constipation-mise-a-jour-ordre-des-pharmaciens-du-quebec-opq\/?courseid=#breadcrumb\",\"itemListElement\":[{\"@type\":\"ListItem\",\"position\":1,\"name\":\"Home\",\"item\":\"https:\/\/www.mdbriefcase.com\/\"},{\"@type\":\"ListItem\",\"position\":2,\"name\":\"Shop &#8211; Old\",\"item\":\"https:\/\/www.mdbriefcase.com\/shop\/\"},{\"@type\":\"ListItem\",\"position\":3,\"name\":\"Prise en charge de la constipation : Mise \u00e0 jour &#8211; Ordre des pharmaciens du Qu\u00e9bec (OPQ)\"}]},{\"@type\":\"WebSite\",\"@id\":\"https:\/\/www.mdbriefcase.com\/#website\",\"url\":\"https:\/\/www.mdbriefcase.com\/\",\"name\":\"MDBriefCase\",\"description\":\"\",\"publisher\":{\"@id\":\"https:\/\/www.mdbriefcase.com\/#organization\"},\"potentialAction\":[{\"@type\":\"SearchAction\",\"target\":{\"@type\":\"EntryPoint\",\"urlTemplate\":\"https:\/\/www.mdbriefcase.com\/?s={search_term_string}\"},\"query-input\":{\"@type\":\"PropertyValueSpecification\",\"valueRequired\":true,\"valueName\":\"search_term_string\"}}],\"inLanguage\":\"fr-CA\"},{\"@type\":\"Organization\",\"@id\":\"https:\/\/www.mdbriefcase.com\/#organization\",\"name\":\"MDBriefCase\",\"url\":\"https:\/\/www.mdbriefcase.com\/\",\"logo\":{\"@type\":\"ImageObject\",\"inLanguage\":\"fr-CA\",\"@id\":\"https:\/\/www.mdbriefcase.com\/#\/schema\/logo\/image\/\",\"url\":\"https:\/\/www.mdbriefcase.com\/wp-content\/uploads\/2024\/07\/logo.webp\",\"contentUrl\":\"https:\/\/www.mdbriefcase.com\/wp-content\/uploads\/2024\/07\/logo.webp\",\"width\":190,\"height\":36,\"caption\":\"MDBriefCase\"},\"image\":{\"@id\":\"https:\/\/www.mdbriefcase.com\/#\/schema\/logo\/image\/\"}}]}<\/script>\n<!-- \/ Yoast SEO plugin. -->","yoast_head_json":{"title":"Prise en charge de la constipation : Mise \u00e0 jour - Ordre des pharmaciens du Qu\u00e9bec (OPQ) - MDBriefCase","robots":{"index":"index","follow":"follow","max-snippet":"max-snippet:-1","max-image-preview":"max-image-preview:large","max-video-preview":"max-video-preview:-1"},"canonical":"https:\/\/www.mdbriefcase.com\/fr\/product\/prise-en-charge-de-la-constipation-mise-a-jour-ordre-des-pharmaciens-du-quebec-opq\/?courseid=","og_locale":"fr_CA","og_type":"article","og_title":"Prise en charge de la constipation : Mise \u00e0 jour - Ordre des pharmaciens du Qu\u00e9bec (OPQ) - MDBriefCase","og_description":"Selon la Fondation canadienne de la sant\u00e9 digestive, environ le quart de la population canadienne est touch\u00e9 par la constipation, affection qui a un impact consid\u00e9rable sur la qualit\u00e9 de vie. Les pharmaciens sont id\u00e9alement positionn\u00e9s pour aider \u00e0 prendre en charge la constipation, en particulier parce que cette affection est habituellement facile \u00e0 traiter, [&hellip;]","og_url":"https:\/\/www.mdbriefcase.com\/fr\/product\/prise-en-charge-de-la-constipation-mise-a-jour-ordre-des-pharmaciens-du-quebec-opq\/?courseid=","og_site_name":"MDBriefCase","twitter_card":"summary_large_image","twitter_misc":{"Est. reading time":"1 minute"},"schema":{"@context":"https:\/\/schema.org","@graph":[{"@type":"WebPage","@id":"https:\/\/www.mdbriefcase.com\/product\/prise-en-charge-de-la-constipation-mise-a-jour-ordre-des-pharmaciens-du-quebec-opq\/?courseid=","url":"https:\/\/www.mdbriefcase.com\/product\/prise-en-charge-de-la-constipation-mise-a-jour-ordre-des-pharmaciens-du-quebec-opq\/?courseid=","name":"Prise en charge de la constipation : Mise \u00e0 jour - Ordre des pharmaciens du Qu\u00e9bec (OPQ) - MDBriefCase","isPartOf":{"@id":"https:\/\/www.mdbriefcase.com\/#website"},"datePublished":"2025-06-10T16:02:26+00:00","breadcrumb":{"@id":"https:\/\/www.mdbriefcase.com\/product\/prise-en-charge-de-la-constipation-mise-a-jour-ordre-des-pharmaciens-du-quebec-opq\/?courseid=#breadcrumb"},"inLanguage":"fr-CA","potentialAction":[{"@type":"ReadAction","target":["https:\/\/www.mdbriefcase.com\/product\/prise-en-charge-de-la-constipation-mise-a-jour-ordre-des-pharmaciens-du-quebec-opq\/?courseid="]}]},{"@type":"BreadcrumbList","@id":"https:\/\/www.mdbriefcase.com\/product\/prise-en-charge-de-la-constipation-mise-a-jour-ordre-des-pharmaciens-du-quebec-opq\/?courseid=#breadcrumb","itemListElement":[{"@type":"ListItem","position":1,"name":"Home","item":"https:\/\/www.mdbriefcase.com\/"},{"@type":"ListItem","position":2,"name":"Shop &#8211; Old","item":"https:\/\/www.mdbriefcase.com\/shop\/"},{"@type":"ListItem","position":3,"name":"Prise en charge de la constipation : Mise \u00e0 jour &#8211; Ordre des pharmaciens du Qu\u00e9bec (OPQ)"}]},{"@type":"WebSite","@id":"https:\/\/www.mdbriefcase.com\/#website","url":"https:\/\/www.mdbriefcase.com\/","name":"MDBriefCase","description":"","publisher":{"@id":"https:\/\/www.mdbriefcase.com\/#organization"},"potentialAction":[{"@type":"SearchAction","target":{"@type":"EntryPoint","urlTemplate":"https:\/\/www.mdbriefcase.com\/?s={search_term_string}"},"query-input":{"@type":"PropertyValueSpecification","valueRequired":true,"valueName":"search_term_string"}}],"inLanguage":"fr-CA"},{"@type":"Organization","@id":"https:\/\/www.mdbriefcase.com\/#organization","name":"MDBriefCase","url":"https:\/\/www.mdbriefcase.com\/","logo":{"@type":"ImageObject","inLanguage":"fr-CA","@id":"https:\/\/www.mdbriefcase.com\/#\/schema\/logo\/image\/","url":"https:\/\/www.mdbriefcase.com\/wp-content\/uploads\/2024\/07\/logo.webp","contentUrl":"https:\/\/www.mdbriefcase.com\/wp-content\/uploads\/2024\/07\/logo.webp","width":190,"height":36,"caption":"MDBriefCase"},"image":{"@id":"https:\/\/www.mdbriefcase.com\/#\/schema\/logo\/image\/"}}]}},"_links":{"self":[{"href":"https:\/\/www.mdbriefcase.com\/fr\/wp-json\/wp\/v2\/product\/17893","targetHints":{"allow":["GET"]}}],"collection":[{"href":"https:\/\/www.mdbriefcase.com\/fr\/wp-json\/wp\/v2\/product"}],"about":[{"href":"https:\/\/www.mdbriefcase.com\/fr\/wp-json\/wp\/v2\/types\/product"}],"replies":[{"embeddable":true,"href":"https:\/\/www.mdbriefcase.com\/fr\/wp-json\/wp\/v2\/comments?post=17893"}],"wp:attachment":[{"href":"https:\/\/www.mdbriefcase.com\/fr\/wp-json\/wp\/v2\/media?parent=17893"}],"wp:term":[{"taxonomy":"product_brand","embeddable":true,"href":"https:\/\/www.mdbriefcase.com\/fr\/wp-json\/wp\/v2\/product_brand?post=17893"},{"taxonomy":"product_cat","embeddable":true,"href":"https:\/\/www.mdbriefcase.com\/fr\/wp-json\/wp\/v2\/product_cat?post=17893"},{"taxonomy":"product_tag","embeddable":true,"href":"https:\/\/www.mdbriefcase.com\/fr\/wp-json\/wp\/v2\/product_tag?post=17893"}],"curies":[{"name":"wp","href":"https:\/\/api.w.org\/{rel}","templated":true}]}}