{"id":17785,"date":"2025-06-10T12:02:03","date_gmt":"2025-06-10T16:02:03","guid":{"rendered":"https:\/\/mdbc2.wpenginepowered.com\/product\/la-secheresse-oculaire-mieux-la-comprendre-pour-mieux-la-resoudre-ooq\/?courseid="},"modified":"2025-06-10T12:02:03","modified_gmt":"2025-06-10T16:02:03","slug":"la-secheresse-oculaire-mieux-la-comprendre-pour-mieux-la-resoudre-ooq","status":"publish","type":"product","link":"https:\/\/www.mdbriefcase.com\/fr\/product\/la-secheresse-oculaire-mieux-la-comprendre-pour-mieux-la-resoudre-ooq\/?courseid=","title":{"rendered":"La s\u00e9cheresse oculaire : Mieux la comprendre pour mieux la r\u00e9soudre &#8211; OOQ"},"content":{"rendered":"<h2>La s\u00e9cheresse oculaire: Mieux la comprendre<\/h2>\n<p><img decoding=\"async\" src=\"Content\/Programs\/CaseStudy\/DryEyeDisease_9207\/assets\/images\/GettyImages-178702979.jpg\" alt=\"Content\/Programs\/CaseStudy\/DryEyeDisease_9207\/assets\/images\/GettyImages-178702979.jpg\" class=\"lead-image pull-left\">L\u2019une des causes les plus fr\u00e9quentes de visites chez l\u2019optom\u00e9triste, la s\u00e9cheresse oculaire est un probl\u00e8me courant, mais mal compris. <\/p>\n<p>Une affection complexe qui compte plusieurs facettes, la s\u00e9cheresse oculaire a \u00e9t\u00e9 red\u00e9finie dans le Rapport D\u00e9finitions et classification du DEWS II 2017 de la<i> Tear Film &amp; Ocular Surface Society <\/i>(TFOS DEWS II) de mani\u00e8re \u00e0 refl\u00e9ter la science, en rapide \u00e9volution, li\u00e9e \u00e0 la s\u00e9cheresse oculaire et ce que l\u2019on sait aujourd\u2019hui de la maladie. <\/p>\n<p>Les optom\u00e9tristes ouvrent la voie pour d\u00e9boulonner le mythe selon lequel la s\u00e9cheresse oculaire ne serait qu\u2019un sympt\u00f4me, et pour souligner l\u2019importance d\u2019un diagnostic et d\u2019un traitement corrects, tant pour assurer la qualit\u00e9 de vie que pour pr\u00e9venir la progression vers la maladie chronique de la surface de l\u2019\u0153il. Ce programme renseigne les optom\u00e9tristes quant aux nouvelles identifications et fa\u00e7ons de prendre en charge la s\u00e9cheresse oculaire.<\/p>\n<p><\/p>","protected":false},"excerpt":{"rendered":"<p>La s\u00e9cheresse oculaire: Mieux la comprendre L\u2019une des causes les plus fr\u00e9quentes de visites chez l\u2019optom\u00e9triste, la s\u00e9cheresse oculaire est un probl\u00e8me courant, mais mal compris. Une affection complexe qui compte plusieurs facettes, la s\u00e9cheresse oculaire a \u00e9t\u00e9 red\u00e9finie dans le Rapport D\u00e9finitions et classification du DEWS II 2017 de la Tear Film &amp; Ocular [&hellip;]<\/p>\n","protected":false},"featured_media":0,"comment_status":"","ping_status":"closed","template":"","meta":{"_acf_changed":false,"inline_featured_image":false},"product_brand":[],"product_cat":[],"product_tag":[],"class_list":{"0":"post-17785","1":"product","2":"type-product","3":"status-publish","6":"first","7":"instock","8":"downloadable","9":"virtual","10":"taxable","11":"product-type-simple"},"acf":[],"yoast_head":"<!-- This site is optimized with the Yoast SEO plugin v27.0 - https:\/\/yoast.com\/product\/yoast-seo-wordpress\/ -->\n<title>La s\u00e9cheresse oculaire : Mieux la comprendre pour mieux la r\u00e9soudre - OOQ - MDBriefCase<\/title>\n<meta name=\"robots\" content=\"index, follow, max-snippet:-1, max-image-preview:large, max-video-preview:-1\" \/>\n<link rel=\"canonical\" href=\"https:\/\/www.mdbriefcase.com\/fr\/product\/la-secheresse-oculaire-mieux-la-comprendre-pour-mieux-la-resoudre-ooq\/?courseid=\" \/>\n<meta property=\"og:locale\" content=\"fr_CA\" \/>\n<meta property=\"og:type\" content=\"article\" \/>\n<meta property=\"og:title\" content=\"La s\u00e9cheresse oculaire : Mieux la comprendre pour mieux la r\u00e9soudre - OOQ - MDBriefCase\" \/>\n<meta property=\"og:description\" content=\"La s\u00e9cheresse oculaire: Mieux la comprendre L\u2019une des causes les plus fr\u00e9quentes de visites chez l\u2019optom\u00e9triste, la s\u00e9cheresse oculaire est un probl\u00e8me courant, mais mal compris. Une affection complexe qui compte plusieurs facettes, la s\u00e9cheresse oculaire a \u00e9t\u00e9 red\u00e9finie dans le Rapport D\u00e9finitions et classification du DEWS II 2017 de la Tear Film &amp; Ocular [&hellip;]\" \/>\n<meta property=\"og:url\" content=\"https:\/\/www.mdbriefcase.com\/fr\/product\/la-secheresse-oculaire-mieux-la-comprendre-pour-mieux-la-resoudre-ooq\/?courseid=\" \/>\n<meta property=\"og:site_name\" content=\"MDBriefCase\" \/>\n<meta name=\"twitter:card\" content=\"summary_large_image\" \/>\n<meta name=\"twitter:label1\" content=\"Est. reading time\" \/>\n\t<meta name=\"twitter:data1\" content=\"1 minute\" \/>\n<script type=\"application\/ld+json\" class=\"yoast-schema-graph\">{\"@context\":\"https:\/\/schema.org\",\"@graph\":[{\"@type\":\"WebPage\",\"@id\":\"https:\/\/www.mdbriefcase.com\/product\/la-secheresse-oculaire-mieux-la-comprendre-pour-mieux-la-resoudre-ooq\/?courseid=\",\"url\":\"https:\/\/www.mdbriefcase.com\/product\/la-secheresse-oculaire-mieux-la-comprendre-pour-mieux-la-resoudre-ooq\/?courseid=\",\"name\":\"La s\u00e9cheresse oculaire : Mieux la comprendre pour mieux la r\u00e9soudre - OOQ - MDBriefCase\",\"isPartOf\":{\"@id\":\"https:\/\/www.mdbriefcase.com\/#website\"},\"datePublished\":\"2025-06-10T16:02:03+00:00\",\"breadcrumb\":{\"@id\":\"https:\/\/www.mdbriefcase.com\/product\/la-secheresse-oculaire-mieux-la-comprendre-pour-mieux-la-resoudre-ooq\/?courseid=#breadcrumb\"},\"inLanguage\":\"fr-CA\",\"potentialAction\":[{\"@type\":\"ReadAction\",\"target\":[\"https:\/\/www.mdbriefcase.com\/product\/la-secheresse-oculaire-mieux-la-comprendre-pour-mieux-la-resoudre-ooq\/?courseid=\"]}]},{\"@type\":\"BreadcrumbList\",\"@id\":\"https:\/\/www.mdbriefcase.com\/product\/la-secheresse-oculaire-mieux-la-comprendre-pour-mieux-la-resoudre-ooq\/?courseid=#breadcrumb\",\"itemListElement\":[{\"@type\":\"ListItem\",\"position\":1,\"name\":\"Home\",\"item\":\"https:\/\/www.mdbriefcase.com\/\"},{\"@type\":\"ListItem\",\"position\":2,\"name\":\"Shop &#8211; Old\",\"item\":\"https:\/\/www.mdbriefcase.com\/shop\/\"},{\"@type\":\"ListItem\",\"position\":3,\"name\":\"La s\u00e9cheresse oculaire : Mieux la comprendre pour mieux la r\u00e9soudre &#8211; OOQ\"}]},{\"@type\":\"WebSite\",\"@id\":\"https:\/\/www.mdbriefcase.com\/#website\",\"url\":\"https:\/\/www.mdbriefcase.com\/\",\"name\":\"MDBriefCase\",\"description\":\"\",\"publisher\":{\"@id\":\"https:\/\/www.mdbriefcase.com\/#organization\"},\"potentialAction\":[{\"@type\":\"SearchAction\",\"target\":{\"@type\":\"EntryPoint\",\"urlTemplate\":\"https:\/\/www.mdbriefcase.com\/?s={search_term_string}\"},\"query-input\":{\"@type\":\"PropertyValueSpecification\",\"valueRequired\":true,\"valueName\":\"search_term_string\"}}],\"inLanguage\":\"fr-CA\"},{\"@type\":\"Organization\",\"@id\":\"https:\/\/www.mdbriefcase.com\/#organization\",\"name\":\"MDBriefCase\",\"url\":\"https:\/\/www.mdbriefcase.com\/\",\"logo\":{\"@type\":\"ImageObject\",\"inLanguage\":\"fr-CA\",\"@id\":\"https:\/\/www.mdbriefcase.com\/#\/schema\/logo\/image\/\",\"url\":\"https:\/\/www.mdbriefcase.com\/wp-content\/uploads\/2024\/07\/logo.webp\",\"contentUrl\":\"https:\/\/www.mdbriefcase.com\/wp-content\/uploads\/2024\/07\/logo.webp\",\"width\":190,\"height\":36,\"caption\":\"MDBriefCase\"},\"image\":{\"@id\":\"https:\/\/www.mdbriefcase.com\/#\/schema\/logo\/image\/\"}}]}<\/script>\n<!-- \/ Yoast SEO plugin. -->","yoast_head_json":{"title":"La s\u00e9cheresse oculaire : Mieux la comprendre pour mieux la r\u00e9soudre - OOQ - MDBriefCase","robots":{"index":"index","follow":"follow","max-snippet":"max-snippet:-1","max-image-preview":"max-image-preview:large","max-video-preview":"max-video-preview:-1"},"canonical":"https:\/\/www.mdbriefcase.com\/fr\/product\/la-secheresse-oculaire-mieux-la-comprendre-pour-mieux-la-resoudre-ooq\/?courseid=","og_locale":"fr_CA","og_type":"article","og_title":"La s\u00e9cheresse oculaire : Mieux la comprendre pour mieux la r\u00e9soudre - OOQ - MDBriefCase","og_description":"La s\u00e9cheresse oculaire: Mieux la comprendre L\u2019une des causes les plus fr\u00e9quentes de visites chez l\u2019optom\u00e9triste, la s\u00e9cheresse oculaire est un probl\u00e8me courant, mais mal compris. Une affection complexe qui compte plusieurs facettes, la s\u00e9cheresse oculaire a \u00e9t\u00e9 red\u00e9finie dans le Rapport D\u00e9finitions et classification du DEWS II 2017 de la Tear Film &amp; Ocular [&hellip;]","og_url":"https:\/\/www.mdbriefcase.com\/fr\/product\/la-secheresse-oculaire-mieux-la-comprendre-pour-mieux-la-resoudre-ooq\/?courseid=","og_site_name":"MDBriefCase","twitter_card":"summary_large_image","twitter_misc":{"Est. reading time":"1 minute"},"schema":{"@context":"https:\/\/schema.org","@graph":[{"@type":"WebPage","@id":"https:\/\/www.mdbriefcase.com\/product\/la-secheresse-oculaire-mieux-la-comprendre-pour-mieux-la-resoudre-ooq\/?courseid=","url":"https:\/\/www.mdbriefcase.com\/product\/la-secheresse-oculaire-mieux-la-comprendre-pour-mieux-la-resoudre-ooq\/?courseid=","name":"La s\u00e9cheresse oculaire : Mieux la comprendre pour mieux la r\u00e9soudre - OOQ - MDBriefCase","isPartOf":{"@id":"https:\/\/www.mdbriefcase.com\/#website"},"datePublished":"2025-06-10T16:02:03+00:00","breadcrumb":{"@id":"https:\/\/www.mdbriefcase.com\/product\/la-secheresse-oculaire-mieux-la-comprendre-pour-mieux-la-resoudre-ooq\/?courseid=#breadcrumb"},"inLanguage":"fr-CA","potentialAction":[{"@type":"ReadAction","target":["https:\/\/www.mdbriefcase.com\/product\/la-secheresse-oculaire-mieux-la-comprendre-pour-mieux-la-resoudre-ooq\/?courseid="]}]},{"@type":"BreadcrumbList","@id":"https:\/\/www.mdbriefcase.com\/product\/la-secheresse-oculaire-mieux-la-comprendre-pour-mieux-la-resoudre-ooq\/?courseid=#breadcrumb","itemListElement":[{"@type":"ListItem","position":1,"name":"Home","item":"https:\/\/www.mdbriefcase.com\/"},{"@type":"ListItem","position":2,"name":"Shop &#8211; Old","item":"https:\/\/www.mdbriefcase.com\/shop\/"},{"@type":"ListItem","position":3,"name":"La s\u00e9cheresse oculaire : Mieux la comprendre pour mieux la r\u00e9soudre &#8211; OOQ"}]},{"@type":"WebSite","@id":"https:\/\/www.mdbriefcase.com\/#website","url":"https:\/\/www.mdbriefcase.com\/","name":"MDBriefCase","description":"","publisher":{"@id":"https:\/\/www.mdbriefcase.com\/#organization"},"potentialAction":[{"@type":"SearchAction","target":{"@type":"EntryPoint","urlTemplate":"https:\/\/www.mdbriefcase.com\/?s={search_term_string}"},"query-input":{"@type":"PropertyValueSpecification","valueRequired":true,"valueName":"search_term_string"}}],"inLanguage":"fr-CA"},{"@type":"Organization","@id":"https:\/\/www.mdbriefcase.com\/#organization","name":"MDBriefCase","url":"https:\/\/www.mdbriefcase.com\/","logo":{"@type":"ImageObject","inLanguage":"fr-CA","@id":"https:\/\/www.mdbriefcase.com\/#\/schema\/logo\/image\/","url":"https:\/\/www.mdbriefcase.com\/wp-content\/uploads\/2024\/07\/logo.webp","contentUrl":"https:\/\/www.mdbriefcase.com\/wp-content\/uploads\/2024\/07\/logo.webp","width":190,"height":36,"caption":"MDBriefCase"},"image":{"@id":"https:\/\/www.mdbriefcase.com\/#\/schema\/logo\/image\/"}}]}},"_links":{"self":[{"href":"https:\/\/www.mdbriefcase.com\/fr\/wp-json\/wp\/v2\/product\/17785","targetHints":{"allow":["GET"]}}],"collection":[{"href":"https:\/\/www.mdbriefcase.com\/fr\/wp-json\/wp\/v2\/product"}],"about":[{"href":"https:\/\/www.mdbriefcase.com\/fr\/wp-json\/wp\/v2\/types\/product"}],"replies":[{"embeddable":true,"href":"https:\/\/www.mdbriefcase.com\/fr\/wp-json\/wp\/v2\/comments?post=17785"}],"wp:attachment":[{"href":"https:\/\/www.mdbriefcase.com\/fr\/wp-json\/wp\/v2\/media?parent=17785"}],"wp:term":[{"taxonomy":"product_brand","embeddable":true,"href":"https:\/\/www.mdbriefcase.com\/fr\/wp-json\/wp\/v2\/product_brand?post=17785"},{"taxonomy":"product_cat","embeddable":true,"href":"https:\/\/www.mdbriefcase.com\/fr\/wp-json\/wp\/v2\/product_cat?post=17785"},{"taxonomy":"product_tag","embeddable":true,"href":"https:\/\/www.mdbriefcase.com\/fr\/wp-json\/wp\/v2\/product_tag?post=17785"}],"curies":[{"name":"wp","href":"https:\/\/api.w.org\/{rel}","templated":true}]}}