{"id":574,"date":"2024-10-07T15:23:04","date_gmt":"2024-10-07T15:23:04","guid":{"rendered":"https:\/\/mdbc2.wpenginepowered.com\/?page_id=574"},"modified":"2025-09-30T13:59:52","modified_gmt":"2025-09-30T17:59:52","slug":"sinscrire","status":"publish","type":"page","link":"https:\/\/www.mdbriefcase.com\/fr\/sign-up\/","title":{"rendered":"S&#039;inscrire"},"content":{"rendered":"<div data-elementor-type=\"wp-page\" data-elementor-id=\"574\" class=\"elementor elementor-574\" data-elementor-post-type=\"page\">\n\t\t\t\t<div class=\"elementor-element elementor-element-19af35c e-flex e-con-boxed e-con e-parent\" data-id=\"19af35c\" data-element_type=\"container\" data-no-translation=\"\">\n\t\t\t\t\t<div class=\"e-con-inner\">\n\t\t<div class=\"elementor-element elementor-element-809da4b e-con-full e-flex e-con e-child\" data-id=\"809da4b\" data-element_type=\"container\" data-settings=\"{&quot;background_background&quot;:&quot;classic&quot;}\">\n\t\t\t\t<div class=\"elementor-element elementor-element-cd2be8a logInForm-FR elementor-widget elementor-widget-ws-form\" data-id=\"cd2be8a\" data-element_type=\"widget\" data-widget_type=\"ws-form.default\">\n\t\t\t\t<div class=\"elementor-widget-container\">\n\t\t\t\t\t<form action=\"https:\/\/www.mdbriefcase.com\/fr\/wp-json\/ws-form\/v1\/submit\" class=\"wsf-form wsf-form-canvas\" id=\"ws-form-2\" data-id=\"23\" method=\"POST\" data-instance-id=\"2\" data-wsf-style-id=\"1\" data-trp-original-action=\"https:\/\/www.mdbriefcase.com\/fr\/wp-json\/ws-form\/v1\/submit\"><input type=\"hidden\" name=\"trp-form-language\" value=\"fr\"\/><\/form>\t\t\t\t<\/div>\n\t\t\t\t<\/div>\n\t\t\t\t<\/div>\n\t\t\t\t\t<\/div>\n\t\t\t\t<\/div>\n\t\t<div class=\"elementor-element elementor-element-e4ef719 e-flex e-con-boxed e-con e-parent\" data-id=\"e4ef719\" data-element_type=\"container\" data-no-translation=\"\">\n\t\t\t\t\t<div class=\"e-con-inner\">\n\t\t<div class=\"elementor-element elementor-element-15d2e13 e-con-full e-flex e-con e-child\" data-id=\"15d2e13\" data-element_type=\"container\" data-settings=\"{&quot;background_background&quot;:&quot;classic&quot;}\">\n\t\t\t\t<div class=\"elementor-element elementor-element-1420a3c elementor-widget elementor-widget-heading\" data-id=\"1420a3c\" data-element_type=\"widget\" data-widget_type=\"heading.default\">\n\t\t\t\t<div class=\"elementor-widget-container\">\n\t\t\t\t\t<h3 class=\"elementor-heading-title elementor-size-default\">Vous avez d\u00e9j\u00e0 un compte ?<\/h3>\t\t\t\t<\/div>\n\t\t\t\t<\/div>\n\t\t\t\t<div class=\"elementor-element elementor-element-fc1acdf elementor-widget elementor-widget-button\" data-id=\"fc1acdf\" data-element_type=\"widget\" data-widget_type=\"button.default\">\n\t\t\t\t<div class=\"elementor-widget-container\">\n\t\t\t\t\t\t\t\t\t<div class=\"elementor-button-wrapper\">\n\t\t\t\t\t<a class=\"elementor-button elementor-button-link elementor-size-sm\" href=\"\/fr\/se-connecter\/\">\n\t\t\t\t\t\t<span class=\"elementor-button-content-wrapper\">\n\t\t\t\t\t\t\t\t\t<span class=\"elementor-button-text\">Se connecter<\/span>\n\t\t\t\t\t<\/span>\n\t\t\t\t\t<\/a>\n\t\t\t\t<\/div>\n\t\t\t\t\t\t\t\t<\/div>\n\t\t\t\t<\/div>\n\t\t\t\t<\/div>\n\t\t\t\t\t<\/div>\n\t\t\t\t<\/div>\n\t\t\t\t<\/div>","protected":false},"excerpt":{"rendered":"<p>Already Have an Account? Login Vous avez d\u00e9j\u00e0 un compte ? Se connecter<\/p>","protected":false},"author":25,"featured_media":73,"parent":0,"menu_order":0,"comment_status":"closed","ping_status":"closed","template":"elementor_header_footer","meta":{"_acf_changed":false,"inline_featured_image":false,"productId":0,"courseId":0,"footnotes":""},"class_list":["post-574","page","type-page","status-publish","has-post-thumbnail","hentry"],"acf":[],"yoast_head":"<!-- This site is optimized with the Yoast SEO plugin v27.0 - https:\/\/yoast.com\/product\/yoast-seo-wordpress\/ -->\n<title>Sign Up - MDBriefCase<\/title>\n<meta name=\"description\" content=\"Sign up for free today! Get access to the latest pharmacy CME and CPD courses, and stay ahead of the curve.\" \/>\n<meta name=\"robots\" content=\"index, follow, max-snippet:-1, max-image-preview:large, max-video-preview:-1\" \/>\n<link rel=\"canonical\" href=\"https:\/\/www.mdbriefcase.com\/fr\/sinscrire\/\" \/>\n<meta property=\"og:locale\" content=\"fr_CA\" \/>\n<meta property=\"og:type\" content=\"article\" \/>\n<meta property=\"og:title\" content=\"Sign Up - MDBriefCase\" \/>\n<meta property=\"og:description\" content=\"Sign up for free today! Get access to the latest pharmacy CME and CPD courses, and stay ahead of the curve.\" \/>\n<meta property=\"og:url\" content=\"https:\/\/www.mdbriefcase.com\/fr\/sinscrire\/\" \/>\n<meta property=\"og:site_name\" content=\"MDBriefCase\" \/>\n<meta property=\"article:modified_time\" content=\"2025-09-30T17:59:52+00:00\" \/>\n<meta property=\"og:image\" content=\"https:\/\/www.mdbriefcase.com\/wp-content\/uploads\/2024\/09\/getty-images-u35kWT2Za2o-unsplash@2x.png\" \/>\n\t<meta property=\"og:image:width\" content=\"372\" \/>\n\t<meta property=\"og:image:height\" content=\"550\" \/>\n\t<meta property=\"og:image:type\" content=\"image\/png\" \/>\n<meta name=\"twitter:card\" content=\"summary_large_image\" \/>\n<meta name=\"twitter:label1\" content=\"Est. reading time\" \/>\n\t<meta name=\"twitter:data1\" content=\"1 minute\" \/>\n<script type=\"application\/ld+json\" class=\"yoast-schema-graph\">{\"@context\":\"https:\/\/schema.org\",\"@graph\":[{\"@type\":\"WebPage\",\"@id\":\"https:\/\/www.mdbriefcase.com\/sign-up\/\",\"url\":\"https:\/\/www.mdbriefcase.com\/sign-up\/\",\"name\":\"Sign Up - MDBriefCase\",\"isPartOf\":{\"@id\":\"https:\/\/www.mdbriefcase.com\/#website\"},\"primaryImageOfPage\":{\"@id\":\"https:\/\/www.mdbriefcase.com\/sign-up\/#primaryimage\"},\"image\":{\"@id\":\"https:\/\/www.mdbriefcase.com\/sign-up\/#primaryimage\"},\"thumbnailUrl\":\"https:\/\/www.mdbriefcase.com\/wp-content\/uploads\/2024\/09\/getty-images-u35kWT2Za2o-unsplash@2x.png\",\"datePublished\":\"2024-10-07T15:23:04+00:00\",\"dateModified\":\"2025-09-30T17:59:52+00:00\",\"description\":\"Sign up for free today! Get access to the latest pharmacy CME and CPD courses, and stay ahead of the curve.\",\"breadcrumb\":{\"@id\":\"https:\/\/www.mdbriefcase.com\/sign-up\/#breadcrumb\"},\"inLanguage\":\"fr-CA\",\"potentialAction\":[{\"@type\":\"ReadAction\",\"target\":[\"https:\/\/www.mdbriefcase.com\/sign-up\/\"]}]},{\"@type\":\"ImageObject\",\"inLanguage\":\"fr-CA\",\"@id\":\"https:\/\/www.mdbriefcase.com\/sign-up\/#primaryimage\",\"url\":\"https:\/\/www.mdbriefcase.com\/wp-content\/uploads\/2024\/09\/getty-images-u35kWT2Za2o-unsplash@2x.png\",\"contentUrl\":\"https:\/\/www.mdbriefcase.com\/wp-content\/uploads\/2024\/09\/getty-images-u35kWT2Za2o-unsplash@2x.png\",\"width\":372,\"height\":550},{\"@type\":\"BreadcrumbList\",\"@id\":\"https:\/\/www.mdbriefcase.com\/sign-up\/#breadcrumb\",\"itemListElement\":[{\"@type\":\"ListItem\",\"position\":1,\"name\":\"Home\",\"item\":\"https:\/\/www.mdbriefcase.com\/\"},{\"@type\":\"ListItem\",\"position\":2,\"name\":\"Sign Up\"}]},{\"@type\":\"WebSite\",\"@id\":\"https:\/\/www.mdbriefcase.com\/#website\",\"url\":\"https:\/\/www.mdbriefcase.com\/\",\"name\":\"MDBriefCase\",\"description\":\"\",\"publisher\":{\"@id\":\"https:\/\/www.mdbriefcase.com\/#organization\"},\"potentialAction\":[{\"@type\":\"SearchAction\",\"target\":{\"@type\":\"EntryPoint\",\"urlTemplate\":\"https:\/\/www.mdbriefcase.com\/?s={search_term_string}\"},\"query-input\":{\"@type\":\"PropertyValueSpecification\",\"valueRequired\":true,\"valueName\":\"search_term_string\"}}],\"inLanguage\":\"fr-CA\"},{\"@type\":\"Organization\",\"@id\":\"https:\/\/www.mdbriefcase.com\/#organization\",\"name\":\"MDBriefCase\",\"url\":\"https:\/\/www.mdbriefcase.com\/\",\"logo\":{\"@type\":\"ImageObject\",\"inLanguage\":\"fr-CA\",\"@id\":\"https:\/\/www.mdbriefcase.com\/#\/schema\/logo\/image\/\",\"url\":\"https:\/\/www.mdbriefcase.com\/wp-content\/uploads\/2024\/07\/logo.webp\",\"contentUrl\":\"https:\/\/www.mdbriefcase.com\/wp-content\/uploads\/2024\/07\/logo.webp\",\"width\":190,\"height\":36,\"caption\":\"MDBriefCase\"},\"image\":{\"@id\":\"https:\/\/www.mdbriefcase.com\/#\/schema\/logo\/image\/\"}}]}<\/script>\n<!-- \/ Yoast SEO plugin. -->","yoast_head_json":{"title":"Sign Up - MDBriefCase","description":"Inscrivez-vous gratuitement d\u00e8s aujourd&#039;hui ! Acc\u00e9dez aux derniers cours de formation m\u00e9dicale continue (FMC) et de d\u00e9veloppement professionnel continu (DPC) en pharmacie et gardez une longueur d&#039;avance.","robots":{"index":"index","follow":"follow","max-snippet":"max-snippet:-1","max-image-preview":"max-image-preview:large","max-video-preview":"max-video-preview:-1"},"canonical":"https:\/\/www.mdbriefcase.com\/fr\/sinscrire\/","og_locale":"fr_CA","og_type":"article","og_title":"Sign Up - MDBriefCase","og_description":"Sign up for free today! Get access to the latest pharmacy CME and CPD courses, and stay ahead of the curve.","og_url":"https:\/\/www.mdbriefcase.com\/fr\/sinscrire\/","og_site_name":"MDBriefCase","article_modified_time":"2025-09-30T17:59:52+00:00","og_image":[{"width":372,"height":550,"url":"https:\/\/www.mdbriefcase.com\/wp-content\/uploads\/2024\/09\/getty-images-u35kWT2Za2o-unsplash@2x.png","type":"image\/png"}],"twitter_card":"summary_large_image","twitter_misc":{"Est. reading time":"1 minute"},"schema":{"@context":"https:\/\/schema.org","@graph":[{"@type":"WebPage","@id":"https:\/\/www.mdbriefcase.com\/sign-up\/","url":"https:\/\/www.mdbriefcase.com\/sign-up\/","name":"Sign Up - MDBriefCase","isPartOf":{"@id":"https:\/\/www.mdbriefcase.com\/#website"},"primaryImageOfPage":{"@id":"https:\/\/www.mdbriefcase.com\/sign-up\/#primaryimage"},"image":{"@id":"https:\/\/www.mdbriefcase.com\/sign-up\/#primaryimage"},"thumbnailUrl":"https:\/\/www.mdbriefcase.com\/wp-content\/uploads\/2024\/09\/getty-images-u35kWT2Za2o-unsplash@2x.png","datePublished":"2024-10-07T15:23:04+00:00","dateModified":"2025-09-30T17:59:52+00:00","description":"Inscrivez-vous gratuitement d\u00e8s aujourd&#039;hui ! Acc\u00e9dez aux derniers cours de formation m\u00e9dicale continue (FMC) et de d\u00e9veloppement professionnel continu (DPC) en pharmacie et gardez une longueur d&#039;avance.","breadcrumb":{"@id":"https:\/\/www.mdbriefcase.com\/sign-up\/#breadcrumb"},"inLanguage":"fr-CA","potentialAction":[{"@type":"ReadAction","target":["https:\/\/www.mdbriefcase.com\/sign-up\/"]}]},{"@type":"ImageObject","inLanguage":"fr-CA","@id":"https:\/\/www.mdbriefcase.com\/sign-up\/#primaryimage","url":"https:\/\/www.mdbriefcase.com\/wp-content\/uploads\/2024\/09\/getty-images-u35kWT2Za2o-unsplash@2x.png","contentUrl":"https:\/\/www.mdbriefcase.com\/wp-content\/uploads\/2024\/09\/getty-images-u35kWT2Za2o-unsplash@2x.png","width":372,"height":550},{"@type":"BreadcrumbList","@id":"https:\/\/www.mdbriefcase.com\/sign-up\/#breadcrumb","itemListElement":[{"@type":"ListItem","position":1,"name":"Home","item":"https:\/\/www.mdbriefcase.com\/"},{"@type":"ListItem","position":2,"name":"Sign Up"}]},{"@type":"WebSite","@id":"https:\/\/www.mdbriefcase.com\/#website","url":"https:\/\/www.mdbriefcase.com\/","name":"MDBriefCase","description":"","publisher":{"@id":"https:\/\/www.mdbriefcase.com\/#organization"},"potentialAction":[{"@type":"SearchAction","target":{"@type":"EntryPoint","urlTemplate":"https:\/\/www.mdbriefcase.com\/?s={search_term_string}"},"query-input":{"@type":"PropertyValueSpecification","valueRequired":true,"valueName":"search_term_string"}}],"inLanguage":"fr-CA"},{"@type":"Organization","@id":"https:\/\/www.mdbriefcase.com\/#organization","name":"MDBriefCase","url":"https:\/\/www.mdbriefcase.com\/","logo":{"@type":"ImageObject","inLanguage":"fr-CA","@id":"https:\/\/www.mdbriefcase.com\/#\/schema\/logo\/image\/","url":"https:\/\/www.mdbriefcase.com\/wp-content\/uploads\/2024\/07\/logo.webp","contentUrl":"https:\/\/www.mdbriefcase.com\/wp-content\/uploads\/2024\/07\/logo.webp","width":190,"height":36,"caption":"MDBriefCase"},"image":{"@id":"https:\/\/www.mdbriefcase.com\/#\/schema\/logo\/image\/"}}]}},"_links":{"self":[{"href":"https:\/\/www.mdbriefcase.com\/fr\/wp-json\/wp\/v2\/pages\/574","targetHints":{"allow":["GET"]}}],"collection":[{"href":"https:\/\/www.mdbriefcase.com\/fr\/wp-json\/wp\/v2\/pages"}],"about":[{"href":"https:\/\/www.mdbriefcase.com\/fr\/wp-json\/wp\/v2\/types\/page"}],"author":[{"embeddable":true,"href":"https:\/\/www.mdbriefcase.com\/fr\/wp-json\/wp\/v2\/users\/25"}],"replies":[{"embeddable":true,"href":"https:\/\/www.mdbriefcase.com\/fr\/wp-json\/wp\/v2\/comments?post=574"}],"version-history":[{"count":0,"href":"https:\/\/www.mdbriefcase.com\/fr\/wp-json\/wp\/v2\/pages\/574\/revisions"}],"wp:featuredmedia":[{"embeddable":true,"href":"https:\/\/www.mdbriefcase.com\/fr\/wp-json\/wp\/v2\/media\/73"}],"wp:attachment":[{"href":"https:\/\/www.mdbriefcase.com\/fr\/wp-json\/wp\/v2\/media?parent=574"}],"curies":[{"name":"wp","href":"https:\/\/api.w.org\/{rel}","templated":true}]}}