{"id":378,"date":"2024-10-01T18:55:41","date_gmt":"2024-10-01T18:55:41","guid":{"rendered":"https:\/\/mdbc2.wpenginepowered.com\/?page_id=378"},"modified":"2025-09-11T16:02:45","modified_gmt":"2025-09-11T20:02:45","slug":"contactez-nous","status":"publish","type":"page","link":"https:\/\/www.mdbriefcase.com\/fr\/contact-us\/","title":{"rendered":"Contactez-nous"},"content":{"rendered":"<div data-elementor-type=\"wp-page\" data-elementor-id=\"378\" class=\"elementor elementor-378\" data-elementor-post-type=\"page\">\n\t\t\t\t<div class=\"elementor-element elementor-element-5f49c66 e-flex e-con-boxed e-con e-parent\" data-id=\"5f49c66\" data-element_type=\"container\">\n\t\t\t\t\t<div class=\"e-con-inner\">\n\t\t<div class=\"elementor-element elementor-element-10d2d97 e-con-full e-flex e-con e-child\" data-id=\"10d2d97\" data-element_type=\"container\">\n\t\t\t\t<div class=\"elementor-element elementor-element-d54a6f3 elementor-widget elementor-widget-heading\" data-id=\"d54a6f3\" data-element_type=\"widget\" data-widget_type=\"heading.default\">\n\t\t\t\t<div class=\"elementor-widget-container\">\n\t\t\t\t\t<h1 class=\"elementor-heading-title elementor-size-default\">Contactez-nous<\/h1>\t\t\t\t<\/div>\n\t\t\t\t<\/div>\n\t\t\t\t<div class=\"elementor-element elementor-element-ddff6a3 elementor-widget elementor-widget-heading\" data-id=\"ddff6a3\" data-element_type=\"widget\" data-widget_type=\"heading.default\">\n\t\t\t\t<div class=\"elementor-widget-container\">\n\t\t\t\t\t<h2 class=\"elementor-heading-title elementor-size-default\">Nous sommes l\u00e0 pour vous aider.<\/h2>\t\t\t\t<\/div>\n\t\t\t\t<\/div>\n\t\t\t\t<\/div>\n\t\t<div class=\"elementor-element elementor-element-e5dabdb e-con-full e-grid elementor-hidden-mobile e-con e-child\" data-id=\"e5dabdb\" data-element_type=\"container\" data-settings=\"{&quot;background_background&quot;:&quot;gradient&quot;}\">\n\t\t\t\t<div class=\"elementor-element elementor-element-305cdcb elementor-widget elementor-widget-image\" data-id=\"305cdcb\" data-element_type=\"widget\" data-widget_type=\"image.default\">\n\t\t\t\t<div class=\"elementor-widget-container\">\n\t\t\t\t\t\t\t\t\t\t\t\t\t\t\t<img loading=\"lazy\" decoding=\"async\" width=\"800\" height=\"534\" src=\"https:\/\/www.mdbriefcase.com\/wp-content\/uploads\/2025\/08\/AdobeStock_21451569-1024x683.jpeg\" class=\"attachment-large size-large wp-image-544341\" alt=\"\" srcset=\"https:\/\/www.mdbriefcase.com\/wp-content\/uploads\/2025\/08\/AdobeStock_21451569-1024x683.jpeg 1024w, https:\/\/www.mdbriefcase.com\/wp-content\/uploads\/2025\/08\/AdobeStock_21451569-300x200.jpeg 300w, https:\/\/www.mdbriefcase.com\/wp-content\/uploads\/2025\/08\/AdobeStock_21451569-768x512.jpeg 768w, https:\/\/www.mdbriefcase.com\/wp-content\/uploads\/2025\/08\/AdobeStock_21451569-1536x1024.jpeg 1536w, https:\/\/www.mdbriefcase.com\/wp-content\/uploads\/2025\/08\/AdobeStock_21451569-2048x1365.jpeg 2048w, https:\/\/www.mdbriefcase.com\/wp-content\/uploads\/2025\/08\/AdobeStock_21451569-18x12.jpeg 18w, https:\/\/www.mdbriefcase.com\/wp-content\/uploads\/2025\/08\/AdobeStock_21451569-600x400.jpeg 600w\" sizes=\"auto, (max-width: 800px) 100vw, 800px\" \/>\t\t\t\t\t\t\t\t\t\t\t\t\t\t\t<\/div>\n\t\t\t\t<\/div>\n\t\t\t\t<div class=\"elementor-element elementor-element-51cb2f0 elementor-widget elementor-widget-image\" data-id=\"51cb2f0\" data-element_type=\"widget\" data-widget_type=\"image.default\">\n\t\t\t\t<div class=\"elementor-widget-container\">\n\t\t\t\t\t\t\t\t\t\t\t\t\t\t\t<img loading=\"lazy\" decoding=\"async\" width=\"800\" height=\"534\" src=\"https:\/\/www.mdbriefcase.com\/wp-content\/uploads\/2025\/08\/AdobeStock_361978490-1024x683.jpeg\" class=\"attachment-large size-large wp-image-544342\" alt=\"\" srcset=\"https:\/\/www.mdbriefcase.com\/wp-content\/uploads\/2025\/08\/AdobeStock_361978490-1024x683.jpeg 1024w, https:\/\/www.mdbriefcase.com\/wp-content\/uploads\/2025\/08\/AdobeStock_361978490-300x200.jpeg 300w, https:\/\/www.mdbriefcase.com\/wp-content\/uploads\/2025\/08\/AdobeStock_361978490-768x512.jpeg 768w, https:\/\/www.mdbriefcase.com\/wp-content\/uploads\/2025\/08\/AdobeStock_361978490-1536x1024.jpeg 1536w, https:\/\/www.mdbriefcase.com\/wp-content\/uploads\/2025\/08\/AdobeStock_361978490-2048x1365.jpeg 2048w, https:\/\/www.mdbriefcase.com\/wp-content\/uploads\/2025\/08\/AdobeStock_361978490-18x12.jpeg 18w, https:\/\/www.mdbriefcase.com\/wp-content\/uploads\/2025\/08\/AdobeStock_361978490-600x400.jpeg 600w\" sizes=\"auto, (max-width: 800px) 100vw, 800px\" \/>\t\t\t\t\t\t\t\t\t\t\t\t\t\t\t<\/div>\n\t\t\t\t<\/div>\n\t\t\t\t<div class=\"elementor-element elementor-element-c203fd4 elementor-widget elementor-widget-image\" data-id=\"c203fd4\" data-element_type=\"widget\" data-widget_type=\"image.default\">\n\t\t\t\t<div class=\"elementor-widget-container\">\n\t\t\t\t\t\t\t\t\t\t\t\t\t\t\t<img loading=\"lazy\" decoding=\"async\" width=\"800\" height=\"534\" src=\"https:\/\/www.mdbriefcase.com\/wp-content\/uploads\/2025\/08\/AdobeStock_409195985-1024x683.jpeg\" class=\"attachment-large size-large wp-image-544343\" alt=\"\" srcset=\"https:\/\/www.mdbriefcase.com\/wp-content\/uploads\/2025\/08\/AdobeStock_409195985-1024x683.jpeg 1024w, https:\/\/www.mdbriefcase.com\/wp-content\/uploads\/2025\/08\/AdobeStock_409195985-300x200.jpeg 300w, https:\/\/www.mdbriefcase.com\/wp-content\/uploads\/2025\/08\/AdobeStock_409195985-768x512.jpeg 768w, https:\/\/www.mdbriefcase.com\/wp-content\/uploads\/2025\/08\/AdobeStock_409195985-1536x1024.jpeg 1536w, https:\/\/www.mdbriefcase.com\/wp-content\/uploads\/2025\/08\/AdobeStock_409195985-2048x1365.jpeg 2048w, https:\/\/www.mdbriefcase.com\/wp-content\/uploads\/2025\/08\/AdobeStock_409195985-18x12.jpeg 18w, https:\/\/www.mdbriefcase.com\/wp-content\/uploads\/2025\/08\/AdobeStock_409195985-600x400.jpeg 600w\" sizes=\"auto, (max-width: 800px) 100vw, 800px\" \/>\t\t\t\t\t\t\t\t\t\t\t\t\t\t\t<\/div>\n\t\t\t\t<\/div>\n\t\t\t\t<\/div>\n\t\t\t\t\t<\/div>\n\t\t\t\t<\/div>\n\t\t<div class=\"elementor-element elementor-element-c355265 e-flex e-con-boxed e-con e-parent\" data-id=\"c355265\" data-element_type=\"container\">\n\t\t\t\t\t<div class=\"e-con-inner\">\n\t\t<div class=\"elementor-element elementor-element-963a45a e-con-full e-flex e-con e-child\" data-id=\"963a45a\" data-element_type=\"container\" data-settings=\"{&quot;background_background&quot;:&quot;classic&quot;}\">\n\t\t<div class=\"elementor-element elementor-element-3cfc4fe e-con-full e-flex e-con e-child\" data-id=\"3cfc4fe\" data-element_type=\"container\">\n\t\t\t\t<div class=\"elementor-element elementor-element-26526bf elementor-widget elementor-widget-heading\" data-id=\"26526bf\" data-element_type=\"widget\" data-widget_type=\"heading.default\">\n\t\t\t\t<div class=\"elementor-widget-container\">\n\t\t\t\t\t<h3 class=\"elementor-heading-title elementor-size-default\">Parlez avec notre \u00e9quipe<\/h3>\t\t\t\t<\/div>\n\t\t\t\t<\/div>\n\t\t\t\t<div class=\"elementor-element elementor-element-edba07f elementor-widget elementor-widget-text-editor\" data-id=\"edba07f\" data-element_type=\"widget\" data-widget_type=\"text-editor.default\">\n\t\t\t\t<div class=\"elementor-widget-container\">\n\t\t\t\t\t\t\t\t\t<p>Vous ne trouvez pas de r\u00e9ponse \u00e0 votre question ? Contactez-nous pour obtenir de l&#039;aide suppl\u00e9mentaire ou pour des questions d&#039;ordre g\u00e9n\u00e9ral.<\/p>\t\t\t\t\t\t\t\t<\/div>\n\t\t\t\t<\/div>\n\t\t\t\t<div class=\"elementor-element elementor-element-6055db0 elementor-widget-divider--view-line elementor-widget elementor-widget-divider\" data-id=\"6055db0\" data-element_type=\"widget\" data-widget_type=\"divider.default\">\n\t\t\t\t<div class=\"elementor-widget-container\">\n\t\t\t\t\t\t\t<div class=\"elementor-divider\">\n\t\t\t<span class=\"elementor-divider-separator\">\n\t\t\t\t\t\t<\/span>\n\t\t<\/div>\n\t\t\t\t\t\t<\/div>\n\t\t\t\t<\/div>\n\t\t\t\t<div class=\"elementor-element elementor-element-d3a2ee5 elementor-widget elementor-widget-heading\" data-id=\"d3a2ee5\" data-element_type=\"widget\" data-widget_type=\"heading.default\">\n\t\t\t\t<div class=\"elementor-widget-container\">\n\t\t\t\t\t<h3 class=\"elementor-heading-title elementor-size-default\">Vous avez une question ?<\/h3>\t\t\t\t<\/div>\n\t\t\t\t<\/div>\n\t\t\t\t<div class=\"elementor-element elementor-element-ee63d40 elementor-widget elementor-widget-text-editor\" data-id=\"ee63d40\" data-element_type=\"widget\" data-widget_type=\"text-editor.default\">\n\t\t\t\t<div class=\"elementor-widget-container\">\n\t\t\t\t\t\t\t\t\t<p>S&#039;il vous pla\u00eet visitez notre <a href=\"https:\/\/www.mdbriefcase.com\/fr\/faq\/\"><span style=\"text-decoration: underline;\">FAQ et support technique<\/span><\/a> pour obtenir des r\u00e9ponses rapides aux questions fr\u00e9quemment pos\u00e9es.<\/p>\t\t\t\t\t\t\t\t<\/div>\n\t\t\t\t<\/div>\n\t\t\t\t<div class=\"elementor-element elementor-element-6d525f4 elementor-widget-divider--view-line elementor-widget elementor-widget-divider\" data-id=\"6d525f4\" data-element_type=\"widget\" data-widget_type=\"divider.default\">\n\t\t\t\t<div class=\"elementor-widget-container\">\n\t\t\t\t\t\t\t<div class=\"elementor-divider\">\n\t\t\t<span class=\"elementor-divider-separator\">\n\t\t\t\t\t\t<\/span>\n\t\t<\/div>\n\t\t\t\t\t\t<\/div>\n\t\t\t\t<\/div>\n\t\t\t\t<div class=\"elementor-element elementor-element-583f36d elementor-widget elementor-widget-heading\" data-id=\"583f36d\" data-element_type=\"widget\" data-widget_type=\"heading.default\">\n\t\t\t\t<div class=\"elementor-widget-container\">\n\t\t\t\t\t<h3 class=\"elementor-heading-title elementor-size-default\">Restez en contact avec nous<\/h3>\t\t\t\t<\/div>\n\t\t\t\t<\/div>\n\t\t\t\t<div class=\"elementor-element elementor-element-fd0c958 e-grid-align-left elementor-shape-rounded elementor-grid-0 elementor-widget elementor-widget-social-icons\" data-id=\"fd0c958\" data-element_type=\"widget\" data-widget_type=\"social-icons.default\">\n\t\t\t\t<div class=\"elementor-widget-container\">\n\t\t\t\t\t\t\t<div class=\"elementor-social-icons-wrapper elementor-grid\" role=\"list\">\n\t\t\t\t\t\t\t<span class=\"elementor-grid-item\" role=\"listitem\">\n\t\t\t\t\t<a class=\"elementor-icon elementor-social-icon elementor-social-icon-facebook-f elementor-repeater-item-a96eced\" href=\"https:\/\/www.facebook.com\/mdbriefcase\/\" target=\"_blank\">\n\t\t\t\t\t\t<span class=\"elementor-screen-only\">Facebook-f<\/span>\n\t\t\t\t\t\t<svg aria-hidden=\"true\" class=\"e-font-icon-svg e-fab-facebook-f\" viewbox=\"0 0 320 512\" xmlns=\"http:\/\/www.w3.org\/2000\/svg\"><path d=\"M279.14 288l14.22-92.66h-88.91v-60.13c0-25.35 12.42-50.06 52.24-50.06h40.42V6.26S260.43 0 225.36 0c-73.22 0-121.08 44.38-121.08 124.72v70.62H22.89V288h81.39v224h100.17V288z\"><\/path><\/svg>\t\t\t\t\t<\/a>\n\t\t\t\t<\/span>\n\t\t\t\t\t\t\t<span class=\"elementor-grid-item\" role=\"listitem\">\n\t\t\t\t\t<a class=\"elementor-icon elementor-social-icon elementor-social-icon-linkedin-in elementor-repeater-item-a600fd3\" href=\"https:\/\/www.linkedin.com\/company\/mdbriefcase\/\" target=\"_blank\">\n\t\t\t\t\t\t<span class=\"elementor-screen-only\">Linkedin-in<\/span>\n\t\t\t\t\t\t<svg aria-hidden=\"true\" class=\"e-font-icon-svg e-fab-linkedin-in\" viewbox=\"0 0 448 512\" xmlns=\"http:\/\/www.w3.org\/2000\/svg\"><path d=\"M100.28 448H7.4V148.9h92.88zM53.79 108.1C24.09 108.1 0 83.5 0 53.8a53.79 53.79 0 0 1 107.58 0c0 29.7-24.1 54.3-53.79 54.3zM447.9 448h-92.68V302.4c0-34.7-.7-79.2-48.29-79.2-48.29 0-55.69 37.7-55.69 76.7V448h-92.78V148.9h89.08v40.8h1.3c12.4-23.5 42.69-48.3 87.88-48.3 94 0 111.28 61.9 111.28 142.3V448z\"><\/path><\/svg>\t\t\t\t\t<\/a>\n\t\t\t\t<\/span>\n\t\t\t\t\t\t\t<span class=\"elementor-grid-item\" role=\"listitem\">\n\t\t\t\t\t<a class=\"elementor-icon elementor-social-icon elementor-social-icon-x-twitter elementor-repeater-item-57db45f\" href=\"https:\/\/twitter.com\/mdbriefcase\" target=\"_blank\">\n\t\t\t\t\t\t<span class=\"elementor-screen-only\">Twitter X<\/span>\n\t\t\t\t\t\t<svg aria-hidden=\"true\" class=\"e-font-icon-svg e-fab-x-twitter\" viewbox=\"0 0 512 512\" xmlns=\"http:\/\/www.w3.org\/2000\/svg\"><path d=\"M389.2 48h70.6L305.6 224.2 487 464H345L233.7 318.6 106.5 464H35.8L200.7 275.5 26.8 48H172.4L272.9 180.9 389.2 48zM364.4 421.8h39.1L151.1 88h-42L364.4 421.8z\"><\/path><\/svg>\t\t\t\t\t<\/a>\n\t\t\t\t<\/span>\n\t\t\t\t\t<\/div>\n\t\t\t\t\t\t<\/div>\n\t\t\t\t<\/div>\n\t\t\t\t<\/div>\n\t\t<div class=\"elementor-element elementor-element-1a4e495 e-con-full e-flex e-con e-child\" data-id=\"1a4e495\" data-element_type=\"container\">\n\t\t\t\t<div class=\"elementor-element elementor-element-c1671c4 elementor-widget elementor-widget-shortcode\" data-id=\"c1671c4\" data-element_type=\"widget\" data-widget_type=\"shortcode.default\">\n\t\t\t\t<div class=\"elementor-widget-container\">\n\t\t\t\t\t\t\t<div class=\"elementor-shortcode\"><\/div>\n\t\t\t\t\t\t<\/div>\n\t\t\t\t<\/div>\n\t\t\t\t<div class=\"elementor-element elementor-element-2f54484 elementor-widget elementor-widget-ws-form\" data-id=\"2f54484\" data-element_type=\"widget\" data-no-translation=\"\" data-widget_type=\"ws-form.default\">\n\t\t\t\t<div class=\"elementor-widget-container\">\n\t\t\t\t\t<style>.elementor-element-2f54484{display:none !important}<\/style>\t\t\t\t<\/div>\n\t\t\t\t<\/div>\n\t\t\t\t<div class=\"elementor-element elementor-element-71266eb elementor-widget elementor-widget-ws-form\" data-id=\"71266eb\" data-element_type=\"widget\" data-no-translation=\"\" data-widget_type=\"ws-form.default\">\n\t\t\t\t<div class=\"elementor-widget-container\">\n\t\t\t\t\t<form action=\"https:\/\/www.mdbriefcase.com\/fr\/wp-json\/ws-form\/v1\/submit\" class=\"wsf-form wsf-form-canvas\" id=\"ws-form-2\" data-id=\"29\" method=\"POST\" data-instance-id=\"2\" data-wsf-style-id=\"1\" data-trp-original-action=\"https:\/\/www.mdbriefcase.com\/fr\/wp-json\/ws-form\/v1\/submit\"><input type=\"hidden\" name=\"trp-form-language\" value=\"fr\"\/><\/form>\t\t\t\t<\/div>\n\t\t\t\t<\/div>\n\t\t\t\t<\/div>\n\t\t\t\t<\/div>\n\t\t\t\t\t<\/div>\n\t\t\t\t<\/div>\n\t\t\t\t<\/div>","protected":false},"excerpt":{"rendered":"<p>Contact Us We\u2019re here to help you. Speak with Our Team Can\u2019t find the answer to your question? Contact us for additional support or for general inquiries. Have a Question? Please visit our FAQ &amp; Technical Support to get quick answers to commonly asked questions. Connect with Us Facebook-f Linkedin-in X-twitter<\/p>","protected":false},"author":25,"featured_media":386,"parent":0,"menu_order":0,"comment_status":"closed","ping_status":"closed","template":"elementor_header_footer","meta":{"_acf_changed":false,"inline_featured_image":false,"productId":0,"courseId":0,"footnotes":""},"class_list":["post-378","page","type-page","status-publish","has-post-thumbnail","hentry"],"acf":[],"yoast_head":"<!-- This site is optimized with the Yoast SEO plugin v27.0 - https:\/\/yoast.com\/product\/yoast-seo-wordpress\/ -->\n<title>Contact Us \u2013 MD BriefCase<\/title>\n<meta name=\"description\" content=\"Get help with your MD BriefCase account, courses or partnerships. Visit our FAQ or contact our support team\u2014we\u2019re here to help.\" \/>\n<meta name=\"robots\" content=\"index, follow, max-snippet:-1, max-image-preview:large, max-video-preview:-1\" \/>\n<link rel=\"canonical\" href=\"https:\/\/www.mdbriefcase.com\/fr\/contactez-nous\/\" \/>\n<meta property=\"og:locale\" content=\"fr_CA\" \/>\n<meta property=\"og:type\" content=\"article\" \/>\n<meta property=\"og:title\" content=\"Contact Us \u2013 MD BriefCase\" \/>\n<meta property=\"og:description\" content=\"Questions about your account or courses? Our support team is ready to help. Check the FAQ or contact us.\" \/>\n<meta property=\"og:url\" content=\"https:\/\/www.mdbriefcase.com\/fr\/contactez-nous\/\" \/>\n<meta property=\"og:site_name\" content=\"MDBriefCase\" \/>\n<meta property=\"article:modified_time\" content=\"2025-09-11T20:02:45+00:00\" \/>\n<meta property=\"og:image\" content=\"https:\/\/www.mdbriefcase.com\/wp-content\/uploads\/2025\/08\/AdobeStock_361978490-scaled.jpeg\" \/>\n\t<meta property=\"og:image:width\" content=\"2560\" \/>\n\t<meta property=\"og:image:height\" content=\"1707\" \/>\n\t<meta property=\"og:image:type\" content=\"image\/jpeg\" \/>\n<meta name=\"twitter:card\" content=\"summary_large_image\" \/>\n<meta name=\"twitter:label1\" content=\"Est. reading time\" \/>\n\t<meta name=\"twitter:data1\" content=\"3 minutes\" \/>\n<script type=\"application\/ld+json\" class=\"yoast-schema-graph\">{\"@context\":\"https:\/\/schema.org\",\"@graph\":[{\"@type\":[\"WebPage\",\"ContactPage\"],\"@id\":\"https:\/\/www.mdbriefcase.com\/contact-us\/\",\"url\":\"https:\/\/www.mdbriefcase.com\/contact-us\/\",\"name\":\"Contact Us \u2013 MD BriefCase\",\"isPartOf\":{\"@id\":\"https:\/\/www.mdbriefcase.com\/#website\"},\"primaryImageOfPage\":{\"@id\":\"https:\/\/www.mdbriefcase.com\/contact-us\/#primaryimage\"},\"image\":{\"@id\":\"https:\/\/www.mdbriefcase.com\/contact-us\/#primaryimage\"},\"thumbnailUrl\":\"https:\/\/www.mdbriefcase.com\/wp-content\/uploads\/2024\/10\/getty-images-HVa7fdlCSPE-unsplash@2x.png\",\"datePublished\":\"2024-10-01T18:55:41+00:00\",\"dateModified\":\"2025-09-11T20:02:45+00:00\",\"description\":\"Get help with your MD BriefCase account, courses or partnerships. Visit our FAQ or contact our support team\u2014we\u2019re here to help.\",\"breadcrumb\":{\"@id\":\"https:\/\/www.mdbriefcase.com\/contact-us\/#breadcrumb\"},\"inLanguage\":\"fr-CA\",\"potentialAction\":[{\"@type\":\"ReadAction\",\"target\":[\"https:\/\/www.mdbriefcase.com\/contact-us\/\"]}]},{\"@type\":\"ImageObject\",\"inLanguage\":\"fr-CA\",\"@id\":\"https:\/\/www.mdbriefcase.com\/contact-us\/#primaryimage\",\"url\":\"https:\/\/www.mdbriefcase.com\/wp-content\/uploads\/2024\/10\/getty-images-HVa7fdlCSPE-unsplash@2x.png\",\"contentUrl\":\"https:\/\/www.mdbriefcase.com\/wp-content\/uploads\/2024\/10\/getty-images-HVa7fdlCSPE-unsplash@2x.png\",\"width\":336,\"height\":336},{\"@type\":\"BreadcrumbList\",\"@id\":\"https:\/\/www.mdbriefcase.com\/contact-us\/#breadcrumb\",\"itemListElement\":[{\"@type\":\"ListItem\",\"position\":1,\"name\":\"Home\",\"item\":\"https:\/\/www.mdbriefcase.com\/\"},{\"@type\":\"ListItem\",\"position\":2,\"name\":\"Contact Us\"}]},{\"@type\":\"WebSite\",\"@id\":\"https:\/\/www.mdbriefcase.com\/#website\",\"url\":\"https:\/\/www.mdbriefcase.com\/\",\"name\":\"MDBriefCase\",\"description\":\"\",\"publisher\":{\"@id\":\"https:\/\/www.mdbriefcase.com\/#organization\"},\"potentialAction\":[{\"@type\":\"SearchAction\",\"target\":{\"@type\":\"EntryPoint\",\"urlTemplate\":\"https:\/\/www.mdbriefcase.com\/?s={search_term_string}\"},\"query-input\":{\"@type\":\"PropertyValueSpecification\",\"valueRequired\":true,\"valueName\":\"search_term_string\"}}],\"inLanguage\":\"fr-CA\"},{\"@type\":\"Organization\",\"@id\":\"https:\/\/www.mdbriefcase.com\/#organization\",\"name\":\"MDBriefCase\",\"url\":\"https:\/\/www.mdbriefcase.com\/\",\"logo\":{\"@type\":\"ImageObject\",\"inLanguage\":\"fr-CA\",\"@id\":\"https:\/\/www.mdbriefcase.com\/#\/schema\/logo\/image\/\",\"url\":\"https:\/\/www.mdbriefcase.com\/wp-content\/uploads\/2024\/07\/logo.webp\",\"contentUrl\":\"https:\/\/www.mdbriefcase.com\/wp-content\/uploads\/2024\/07\/logo.webp\",\"width\":190,\"height\":36,\"caption\":\"MDBriefCase\"},\"image\":{\"@id\":\"https:\/\/www.mdbriefcase.com\/#\/schema\/logo\/image\/\"}}]}<\/script>\n<!-- \/ Yoast SEO plugin. -->","yoast_head_json":{"title":"Contactez-nous \u2013 MD BriefCase","description":"Besoin d\u2019aide pour votre compte, vos cours ou un partenariat ? Consultez la FAQ ou contactez notre \u00e9quipe d\u2019assistance.","robots":{"index":"index","follow":"follow","max-snippet":"max-snippet:-1","max-image-preview":"max-image-preview:large","max-video-preview":"max-video-preview:-1"},"canonical":"https:\/\/www.mdbriefcase.com\/fr\/contactez-nous\/","og_locale":"fr_CA","og_type":"article","og_title":"Contact Us \u2013 MD BriefCase","og_description":"Questions about your account or courses? Our support team is ready to help. Check the FAQ or contact us.","og_url":"https:\/\/www.mdbriefcase.com\/fr\/contactez-nous\/","og_site_name":"MDBriefCase","article_modified_time":"2025-09-11T20:02:45+00:00","og_image":[{"width":2560,"height":1707,"url":"https:\/\/www.mdbriefcase.com\/wp-content\/uploads\/2025\/08\/AdobeStock_361978490-scaled.jpeg","type":"image\/jpeg"}],"twitter_card":"summary_large_image","twitter_misc":{"Est. reading time":"3 minutes"},"schema":{"@context":"https:\/\/schema.org","@graph":[{"@type":["WebPage","ContactPage"],"@id":"https:\/\/www.mdbriefcase.com\/contact-us\/","url":"https:\/\/www.mdbriefcase.com\/contact-us\/","name":"Contactez-nous \u2013 MD BriefCase","isPartOf":{"@id":"https:\/\/www.mdbriefcase.com\/#website"},"primaryImageOfPage":{"@id":"https:\/\/www.mdbriefcase.com\/contact-us\/#primaryimage"},"image":{"@id":"https:\/\/www.mdbriefcase.com\/contact-us\/#primaryimage"},"thumbnailUrl":"https:\/\/www.mdbriefcase.com\/wp-content\/uploads\/2024\/10\/getty-images-HVa7fdlCSPE-unsplash@2x.png","datePublished":"2024-10-01T18:55:41+00:00","dateModified":"2025-09-11T20:02:45+00:00","description":"Besoin d\u2019aide pour votre compte, vos cours ou un partenariat ? Consultez la FAQ ou contactez notre \u00e9quipe d\u2019assistance.","breadcrumb":{"@id":"https:\/\/www.mdbriefcase.com\/contact-us\/#breadcrumb"},"inLanguage":"fr-CA","potentialAction":[{"@type":"ReadAction","target":["https:\/\/www.mdbriefcase.com\/contact-us\/"]}]},{"@type":"ImageObject","inLanguage":"fr-CA","@id":"https:\/\/www.mdbriefcase.com\/contact-us\/#primaryimage","url":"https:\/\/www.mdbriefcase.com\/wp-content\/uploads\/2024\/10\/getty-images-HVa7fdlCSPE-unsplash@2x.png","contentUrl":"https:\/\/www.mdbriefcase.com\/wp-content\/uploads\/2024\/10\/getty-images-HVa7fdlCSPE-unsplash@2x.png","width":336,"height":336},{"@type":"BreadcrumbList","@id":"https:\/\/www.mdbriefcase.com\/contact-us\/#breadcrumb","itemListElement":[{"@type":"ListItem","position":1,"name":"Home","item":"https:\/\/www.mdbriefcase.com\/"},{"@type":"ListItem","position":2,"name":"Contact Us"}]},{"@type":"WebSite","@id":"https:\/\/www.mdbriefcase.com\/#website","url":"https:\/\/www.mdbriefcase.com\/","name":"MDBriefCase","description":"","publisher":{"@id":"https:\/\/www.mdbriefcase.com\/#organization"},"potentialAction":[{"@type":"SearchAction","target":{"@type":"EntryPoint","urlTemplate":"https:\/\/www.mdbriefcase.com\/?s={search_term_string}"},"query-input":{"@type":"PropertyValueSpecification","valueRequired":true,"valueName":"search_term_string"}}],"inLanguage":"fr-CA"},{"@type":"Organization","@id":"https:\/\/www.mdbriefcase.com\/#organization","name":"MDBriefCase","url":"https:\/\/www.mdbriefcase.com\/","logo":{"@type":"ImageObject","inLanguage":"fr-CA","@id":"https:\/\/www.mdbriefcase.com\/#\/schema\/logo\/image\/","url":"https:\/\/www.mdbriefcase.com\/wp-content\/uploads\/2024\/07\/logo.webp","contentUrl":"https:\/\/www.mdbriefcase.com\/wp-content\/uploads\/2024\/07\/logo.webp","width":190,"height":36,"caption":"MDBriefCase"},"image":{"@id":"https:\/\/www.mdbriefcase.com\/#\/schema\/logo\/image\/"}}]}},"_links":{"self":[{"href":"https:\/\/www.mdbriefcase.com\/fr\/wp-json\/wp\/v2\/pages\/378","targetHints":{"allow":["GET"]}}],"collection":[{"href":"https:\/\/www.mdbriefcase.com\/fr\/wp-json\/wp\/v2\/pages"}],"about":[{"href":"https:\/\/www.mdbriefcase.com\/fr\/wp-json\/wp\/v2\/types\/page"}],"author":[{"embeddable":true,"href":"https:\/\/www.mdbriefcase.com\/fr\/wp-json\/wp\/v2\/users\/25"}],"replies":[{"embeddable":true,"href":"https:\/\/www.mdbriefcase.com\/fr\/wp-json\/wp\/v2\/comments?post=378"}],"version-history":[{"count":0,"href":"https:\/\/www.mdbriefcase.com\/fr\/wp-json\/wp\/v2\/pages\/378\/revisions"}],"wp:featuredmedia":[{"embeddable":true,"href":"https:\/\/www.mdbriefcase.com\/fr\/wp-json\/wp\/v2\/media\/386"}],"wp:attachment":[{"href":"https:\/\/www.mdbriefcase.com\/fr\/wp-json\/wp\/v2\/media?parent=378"}],"curies":[{"name":"wp","href":"https:\/\/api.w.org\/{rel}","templated":true}]}}