{"id":3301,"date":"2025-04-28T10:07:33","date_gmt":"2025-04-28T14:07:33","guid":{"rendered":"https:\/\/mdbc2.wpenginepowered.com\/?page_id=3301"},"modified":"2025-09-05T14:47:41","modified_gmt":"2025-09-05T18:47:41","slug":"infographic-quality-improvement-tools-for-healthcare-professionals","status":"publish","type":"page","link":"https:\/\/www.mdbriefcase.com\/fr\/infographic-quality-improvement-tools-for-healthcare-professionals\/","title":{"rendered":"Infographic Quality Improvement Tools For Healthcare Professionals"},"content":{"rendered":"<div data-elementor-type=\"wp-page\" data-elementor-id=\"3301\" class=\"elementor elementor-3301\" data-elementor-post-type=\"page\">\n\t\t\t\t<div class=\"elementor-element elementor-element-b2dbd29 e-flex e-con-boxed e-con e-parent\" data-id=\"b2dbd29\" data-element_type=\"container\">\n\t\t\t\t\t<div class=\"e-con-inner\">\n\t\t<div class=\"elementor-element elementor-element-3c71767 e-con-full e-flex e-con e-child\" data-id=\"3c71767\" data-element_type=\"container\">\n\t\t\t\t<div class=\"elementor-element elementor-element-886bc80 elementor-widget elementor-widget-heading\" data-id=\"886bc80\" data-element_type=\"widget\" data-widget_type=\"heading.default\">\n\t\t\t\t<div class=\"elementor-widget-container\">\n\t\t\t\t\t<h1 class=\"elementor-heading-title elementor-size-default\">Quality Improvement Tools for Healthcare Professionals<\/h1>\t\t\t\t<\/div>\n\t\t\t\t<\/div>\n\t\t\t\t<div class=\"elementor-element elementor-element-4a9d11f elementor-widget elementor-widget-heading\" data-id=\"4a9d11f\" data-element_type=\"widget\" data-widget_type=\"heading.default\">\n\t\t\t\t<div class=\"elementor-widget-container\">\n\t\t\t\t\t<h2 class=\"elementor-heading-title elementor-size-default\">Quality Improvement Tools can help improve processes and systems.<\/h2>\t\t\t\t<\/div>\n\t\t\t\t<\/div>\n\t\t\t\t<\/div>\n\t\t<div class=\"elementor-element elementor-element-d72b04b e-con-full e-grid elementor-hidden-mobile e-con e-child\" data-id=\"d72b04b\" data-element_type=\"container\" data-settings=\"{&quot;background_background&quot;:&quot;gradient&quot;}\">\n\t\t\t\t<div class=\"elementor-element elementor-element-9716824 elementor-widget elementor-widget-image\" data-id=\"9716824\" data-element_type=\"widget\" data-widget_type=\"image.default\">\n\t\t\t\t<div class=\"elementor-widget-container\">\n\t\t\t\t\t\t\t\t\t\t\t\t\t\t\t<img loading=\"lazy\" decoding=\"async\" width=\"480\" height=\"320\" src=\"https:\/\/www.mdbriefcase.com\/wp-content\/uploads\/2025\/04\/8bf65faf2414df4a3866b8ad0bc8fa33.jpg\" class=\"attachment-large size-large wp-image-2211\" alt=\"\" srcset=\"https:\/\/www.mdbriefcase.com\/wp-content\/uploads\/2025\/04\/8bf65faf2414df4a3866b8ad0bc8fa33.jpg 480w, https:\/\/www.mdbriefcase.com\/wp-content\/uploads\/2025\/04\/8bf65faf2414df4a3866b8ad0bc8fa33-300x200.jpg 300w, https:\/\/www.mdbriefcase.com\/wp-content\/uploads\/2025\/04\/8bf65faf2414df4a3866b8ad0bc8fa33-18x12.jpg 18w\" sizes=\"auto, (max-width: 480px) 100vw, 480px\" \/>\t\t\t\t\t\t\t\t\t\t\t\t\t\t\t<\/div>\n\t\t\t\t<\/div>\n\t\t\t\t<div class=\"elementor-element elementor-element-06f8c30 elementor-widget elementor-widget-image\" data-id=\"06f8c30\" data-element_type=\"widget\" data-widget_type=\"image.default\">\n\t\t\t\t<div class=\"elementor-widget-container\">\n\t\t\t\t\t\t\t\t\t\t\t\t\t\t\t<img loading=\"lazy\" decoding=\"async\" width=\"479\" height=\"388\" src=\"https:\/\/www.mdbriefcase.com\/wp-content\/uploads\/2025\/04\/7d920f4fd7d4e6f874e8548fa7b3f7a0.jpg\" class=\"attachment-large size-large wp-image-2210\" alt=\"\" srcset=\"https:\/\/www.mdbriefcase.com\/wp-content\/uploads\/2025\/04\/7d920f4fd7d4e6f874e8548fa7b3f7a0.jpg 479w, https:\/\/www.mdbriefcase.com\/wp-content\/uploads\/2025\/04\/7d920f4fd7d4e6f874e8548fa7b3f7a0-300x243.jpg 300w, https:\/\/www.mdbriefcase.com\/wp-content\/uploads\/2025\/04\/7d920f4fd7d4e6f874e8548fa7b3f7a0-15x12.jpg 15w\" sizes=\"auto, (max-width: 479px) 100vw, 479px\" \/>\t\t\t\t\t\t\t\t\t\t\t\t\t\t\t<\/div>\n\t\t\t\t<\/div>\n\t\t\t\t<div class=\"elementor-element elementor-element-079e7bf elementor-widget elementor-widget-image\" data-id=\"079e7bf\" data-element_type=\"widget\" data-widget_type=\"image.default\">\n\t\t\t\t<div class=\"elementor-widget-container\">\n\t\t\t\t\t\t\t\t\t\t\t\t\t\t\t<img loading=\"lazy\" decoding=\"async\" width=\"320\" height=\"480\" src=\"https:\/\/www.mdbriefcase.com\/wp-content\/uploads\/2025\/04\/2653d6ae038592eb93a42c2bd2b7b666.jpg\" class=\"attachment-large size-large wp-image-2209\" alt=\"\" srcset=\"https:\/\/www.mdbriefcase.com\/wp-content\/uploads\/2025\/04\/2653d6ae038592eb93a42c2bd2b7b666.jpg 320w, https:\/\/www.mdbriefcase.com\/wp-content\/uploads\/2025\/04\/2653d6ae038592eb93a42c2bd2b7b666-200x300.jpg 200w, https:\/\/www.mdbriefcase.com\/wp-content\/uploads\/2025\/04\/2653d6ae038592eb93a42c2bd2b7b666-8x12.jpg 8w\" sizes=\"auto, (max-width: 320px) 100vw, 320px\" \/>\t\t\t\t\t\t\t\t\t\t\t\t\t\t\t<\/div>\n\t\t\t\t<\/div>\n\t\t\t\t<\/div>\n\t\t\t\t\t<\/div>\n\t\t\t\t<\/div>\n\t\t<div class=\"elementor-element elementor-element-f9993e0 e-flex e-con-boxed e-con e-parent\" data-id=\"f9993e0\" data-element_type=\"container\" data-settings=\"{&quot;background_background&quot;:&quot;classic&quot;}\">\n\t\t\t\t\t<div class=\"e-con-inner\">\n\t\t<div class=\"elementor-element elementor-element-40b582c e-con-full e-flex e-con e-child\" data-id=\"40b582c\" data-element_type=\"container\">\n\t\t<div class=\"elementor-element elementor-element-4410a85 e-con-full e-flex e-con e-child\" data-id=\"4410a85\" data-element_type=\"container\">\n\t\t<div class=\"elementor-element elementor-element-8ad8e06 e-con-full e-flex e-con e-child\" data-id=\"8ad8e06\" data-element_type=\"container\">\n\t\t\t\t<div class=\"elementor-element elementor-element-b8c1a6f elementor-widget__width-initial elementor-widget elementor-widget-text-editor\" data-id=\"b8c1a6f\" data-element_type=\"widget\" data-widget_type=\"text-editor.default\">\n\t\t\t\t<div class=\"elementor-widget-container\">\n\t\t\t\t\t\t\t\t\t<p>Thousands of medical errors occur each year in pharmacy and healthcare settings worldwide \u2013 but according to the Institute of Medicine report, To Err is Human, the majority of errors are the result of faulty systems and processes, not individuals.<\/p><p>Although errors will never be completely avoidable, there are steps healthcare professionals can take to minimize risk. Quality Improvement (QI) tools can be used to identify underlying issues that contributed to errors so proactive improvements can be made.<\/p><p>Download our infographic to learn about three popular QI tools and how to use them to improve safety in your organization.<\/p><p>Plus:\u00a0<strong>Get a fillable Plan-Do-Study-Act (PDSA) template<\/strong>\u00a0to start implementing quality improvement in your practice.<\/p>\t\t\t\t\t\t\t\t<\/div>\n\t\t\t\t<\/div>\n\t\t<div class=\"elementor-element elementor-element-ffe7297 e-con-full e-flex e-con e-child\" data-id=\"ffe7297\" data-element_type=\"container\">\n\t\t\t\t<div class=\"elementor-element elementor-element-24bab01 elementor-widget elementor-widget-heading\" data-id=\"24bab01\" data-element_type=\"widget\" data-widget_type=\"heading.default\">\n\t\t\t\t<div class=\"elementor-widget-container\">\n\t\t\t\t\t<h3 class=\"elementor-heading-title elementor-size-default\">Login Or Sign Up to Download This infographic<\/h3>\t\t\t\t<\/div>\n\t\t\t\t<\/div>\n\t\t<div class=\"elementor-element elementor-element-e425310 e-con-full e-flex e-con e-child\" data-id=\"e425310\" data-element_type=\"container\">\n\t\t\t\t<div class=\"elementor-element elementor-element-253fa0c signUpButton elementor-widget elementor-widget-button\" data-id=\"253fa0c\" data-element_type=\"widget\" data-widget_type=\"button.default\">\n\t\t\t\t<div class=\"elementor-widget-container\">\n\t\t\t\t\t\t\t\t\t<div class=\"elementor-button-wrapper\">\n\t\t\t\t\t<a class=\"elementor-button elementor-size-sm\" role=\"button\">\n\t\t\t\t\t\t<span class=\"elementor-button-content-wrapper\">\n\t\t\t\t\t\t\t\t\t<span class=\"elementor-button-text\">S&#039;inscrire<\/span>\n\t\t\t\t\t<\/span>\n\t\t\t\t\t<\/a>\n\t\t\t\t<\/div>\n\t\t\t\t\t\t\t\t<\/div>\n\t\t\t\t<\/div>\n\t\t\t\t<div class=\"elementor-element elementor-element-6f1801a loginButton elementor-widget elementor-widget-button\" data-id=\"6f1801a\" data-element_type=\"widget\" data-widget_type=\"button.default\">\n\t\t\t\t<div class=\"elementor-widget-container\">\n\t\t\t\t\t\t\t\t\t<div class=\"elementor-button-wrapper\">\n\t\t\t\t\t<a class=\"elementor-button elementor-size-sm\" role=\"button\">\n\t\t\t\t\t\t<span class=\"elementor-button-content-wrapper\">\n\t\t\t\t\t\t\t\t\t<span class=\"elementor-button-text\">Se connecter<\/span>\n\t\t\t\t\t<\/span>\n\t\t\t\t\t<\/a>\n\t\t\t\t<\/div>\n\t\t\t\t\t\t\t\t<\/div>\n\t\t\t\t<\/div>\n\t\t\t\t<\/div>\n\t\t\t\t<div class=\"elementor-element elementor-element-3964481 elementor-widget elementor-widget-html\" data-id=\"3964481\" data-element_type=\"widget\" data-widget_type=\"html.default\">\n\t\t\t\t<div class=\"elementor-widget-container\">\n\t\t\t\t\t<script>\r\n    jQuery(document).ready(function() {\r\n\r\n        \/\/ Click handler for the Sign Up button\r\n        \/\/ When the element with class 'signUpButton' is clicked\r\n        jQuery('.signUpButton').on('click', function() {\r\n            \/\/ Show the element with class 'signUpWrapper'\r\n            jQuery('.signUpWrapper').show();\r\n            \/\/ Hide the element with class 'loginWrapper'\r\n            jQuery('.loginWrapper').hide();\r\n        });\r\n\r\n        \/\/ Click handler for the Login button\r\n        \/\/ When the element with class 'loginButton' is clicked\r\n        jQuery('.loginButton').on('click', function() {\r\n            \/\/ Hide the element with class 'signUpWrapper'\r\n            jQuery('.signUpWrapper').hide();\r\n            \/\/ Show the element with class 'loginWrapper'\r\n            jQuery('.loginWrapper').show();\r\n        });\r\n\r\n    });\r\n\r\n<\/script>\r\n\t\t\t\t<\/div>\n\t\t\t\t<\/div>\n\t\t\t\t<\/div>\n\t\t<div class=\"elementor-element elementor-element-dd66b3d e-con-full signUpWrapper e-flex e-con e-child\" data-id=\"dd66b3d\" data-element_type=\"container\">\n\t\t\t\t<div class=\"elementor-element elementor-element-d5e8268 logInForm elementor-widget elementor-widget-ws-form\" data-id=\"d5e8268\" data-element_type=\"widget\" data-widget_type=\"ws-form.default\">\n\t\t\t\t<div class=\"elementor-widget-container\">\n\t\t\t\t\t<style>.elementor-element-d5e8268{display:none !important}<\/style>\t\t\t\t<\/div>\n\t\t\t\t<\/div>\n\t\t\t\t<div class=\"elementor-element elementor-element-6d3e4b7 logInForm-FR elementor-widget elementor-widget-ws-form\" data-id=\"6d3e4b7\" data-element_type=\"widget\" data-widget_type=\"ws-form.default\">\n\t\t\t\t<div class=\"elementor-widget-container\">\n\t\t\t\t\t<form action=\"https:\/\/www.mdbriefcase.com\/fr\/wp-json\/ws-form\/v1\/submit\" class=\"wsf-form wsf-form-canvas\" id=\"ws-form-2\" data-id=\"23\" method=\"POST\" data-instance-id=\"2\" data-wsf-style-id=\"1\" data-trp-original-action=\"https:\/\/www.mdbriefcase.com\/fr\/wp-json\/ws-form\/v1\/submit\"><input type=\"hidden\" name=\"trp-form-language\" value=\"fr\"\/><\/form>\t\t\t\t<\/div>\n\t\t\t\t<\/div>\n\t\t\t\t<\/div>\n\t\t<div class=\"elementor-element elementor-element-e281118 e-con-full loginWrapper e-flex e-con e-child\" data-id=\"e281118\" data-element_type=\"container\">\n\t\t\t\t<div class=\"elementor-element elementor-element-f54763a logInForm elementor-widget elementor-widget-ws-form\" data-id=\"f54763a\" data-element_type=\"widget\" data-widget_type=\"ws-form.default\">\n\t\t\t\t<div class=\"elementor-widget-container\">\n\t\t\t\t\t<style>.elementor-element-f54763a{display:none !important}<\/style>\t\t\t\t<\/div>\n\t\t\t\t<\/div>\n\t\t\t\t<div class=\"elementor-element elementor-element-5906e69 logInForm elementor-widget elementor-widget-ws-form\" data-id=\"5906e69\" data-element_type=\"widget\" data-widget_type=\"ws-form.default\">\n\t\t\t\t<div class=\"elementor-widget-container\">\n\t\t\t\t\t<form action=\"https:\/\/www.mdbriefcase.com\/fr\/wp-json\/ws-form\/v1\/submit\" class=\"wsf-form wsf-form-canvas\" id=\"ws-form-4\" data-id=\"26\" method=\"POST\" data-instance-id=\"4\" data-wsf-style-id=\"1\" data-trp-original-action=\"https:\/\/www.mdbriefcase.com\/fr\/wp-json\/ws-form\/v1\/submit\"><input type=\"hidden\" name=\"trp-form-language\" value=\"fr\"\/><\/form>\t\t\t\t<\/div>\n\t\t\t\t<\/div>\n\t\t\t\t<\/div>\n\t\t\t\t<\/div>\n\t\t<div class=\"elementor-element elementor-element-e0cf63c e-con-full e-flex e-con e-child\" data-id=\"e0cf63c\" data-element_type=\"container\">\n\t\t\t\t<div class=\"elementor-element elementor-element-c176c51 elementor-widget elementor-widget-image\" data-id=\"c176c51\" data-element_type=\"widget\" data-widget_type=\"image.default\">\n\t\t\t\t<div class=\"elementor-widget-container\">\n\t\t\t\t\t\t\t\t\t\t\t\t\t\t\t<img loading=\"lazy\" decoding=\"async\" width=\"504\" height=\"1024\" src=\"https:\/\/www.mdbriefcase.com\/wp-content\/uploads\/2025\/04\/QI-Tools-Package-_page-0001-504x1024.jpg\" class=\"attachment-large size-large wp-image-3304\" alt=\"\" srcset=\"https:\/\/www.mdbriefcase.com\/wp-content\/uploads\/2025\/04\/QI-Tools-Package-_page-0001-504x1024.jpg 504w, https:\/\/www.mdbriefcase.com\/wp-content\/uploads\/2025\/04\/QI-Tools-Package-_page-0001-148x300.jpg 148w, https:\/\/www.mdbriefcase.com\/wp-content\/uploads\/2025\/04\/QI-Tools-Package-_page-0001-768x1562.jpg 768w, https:\/\/www.mdbriefcase.com\/wp-content\/uploads\/2025\/04\/QI-Tools-Package-_page-0001-755x1536.jpg 755w, https:\/\/www.mdbriefcase.com\/wp-content\/uploads\/2025\/04\/QI-Tools-Package-_page-0001-1007x2048.jpg 1007w, https:\/\/www.mdbriefcase.com\/wp-content\/uploads\/2025\/04\/QI-Tools-Package-_page-0001-6x12.jpg 6w, https:\/\/www.mdbriefcase.com\/wp-content\/uploads\/2025\/04\/QI-Tools-Package-_page-0001-600x1220.jpg 600w, https:\/\/www.mdbriefcase.com\/wp-content\/uploads\/2025\/04\/QI-Tools-Package-_page-0001-scaled.jpg 1259w\" sizes=\"auto, (max-width: 504px) 100vw, 504px\" \/>\t\t\t\t\t\t\t\t\t\t\t\t\t\t\t<\/div>\n\t\t\t\t<\/div>\n\t\t\t\t<\/div>\n\t\t\t\t<\/div>\n\t\t\t\t<\/div>\n\t\t\t\t\t<\/div>\n\t\t\t\t<\/div>\n\t\t\t\t<\/div>","protected":false},"excerpt":{"rendered":"<p>Quality Improvement Tools for Healthcare Professionals Quality Improvement Tools can help improve processes and systems. Thousands of medical errors occur each year in pharmacy and healthcare settings worldwide \u2013 but according to the Institute of Medicine report, To Err is Human, the majority of errors are the result of faulty systems and processes, not individuals. [&hellip;]<\/p>\n","protected":false},"author":25,"featured_media":359,"parent":0,"menu_order":0,"comment_status":"closed","ping_status":"closed","template":"elementor_header_footer","meta":{"_acf_changed":false,"inline_featured_image":false,"productId":0,"courseId":0,"footnotes":""},"class_list":["post-3301","page","type-page","status-publish","has-post-thumbnail","hentry"],"acf":[],"yoast_head":"<!-- This site is optimized with the Yoast SEO plugin v27.0 - https:\/\/yoast.com\/product\/yoast-seo-wordpress\/ -->\n<title>Quality Improvement Tools for Healthcare Professionals \u2013 MD BriefCase<\/title>\n<meta name=\"description\" content=\"See practical QI tools\u2014PDSA cycles, fishbone diagrams and run charts\u2014to reduce errors and improve patient care. Download the infographic for quick reference.\" \/>\n<meta name=\"robots\" content=\"index, follow, max-snippet:-1, max-image-preview:large, max-video-preview:-1\" \/>\n<link rel=\"canonical\" href=\"https:\/\/www.mdbriefcase.com\/fr\/infographic-quality-improvement-tools-for-healthcare-professionals\/\" \/>\n<meta property=\"og:locale\" content=\"fr_CA\" \/>\n<meta property=\"og:type\" content=\"article\" \/>\n<meta property=\"og:title\" content=\"Infographic: Quality Improvement Tools for Healthcare Professionals \u2013 MD BriefCase\" \/>\n<meta property=\"og:description\" content=\"A quick-reference infographic with essential QI tools\u2014PDSA, fishbone, run charts\u2014to help reduce errors and enhance patient outcomes.\" \/>\n<meta property=\"og:url\" content=\"https:\/\/www.mdbriefcase.com\/fr\/infographic-quality-improvement-tools-for-healthcare-professionals\/\" \/>\n<meta property=\"og:site_name\" content=\"MDBriefCase\" \/>\n<meta property=\"article:modified_time\" content=\"2025-09-05T18:47:41+00:00\" \/>\n<meta property=\"og:image\" content=\"https:\/\/www.mdbriefcase.com\/wp-content\/uploads\/2025\/09\/QI-Tools-Package-504x1024-1.jpg\" \/>\n\t<meta property=\"og:image:width\" content=\"504\" \/>\n\t<meta property=\"og:image:height\" content=\"1024\" \/>\n\t<meta property=\"og:image:type\" content=\"image\/jpeg\" \/>\n<meta name=\"twitter:card\" content=\"summary_large_image\" \/>\n<meta name=\"twitter:label1\" content=\"Est. reading time\" \/>\n\t<meta name=\"twitter:data1\" content=\"2 minutes\" \/>\n<script type=\"application\/ld+json\" class=\"yoast-schema-graph\">{\"@context\":\"https:\/\/schema.org\",\"@graph\":[{\"@type\":\"WebPage\",\"@id\":\"https:\/\/www.mdbriefcase.com\/infographic-quality-improvement-tools-for-healthcare-professionals\/\",\"url\":\"https:\/\/www.mdbriefcase.com\/infographic-quality-improvement-tools-for-healthcare-professionals\/\",\"name\":\"Quality Improvement Tools for Healthcare Professionals \u2013 MD BriefCase\",\"isPartOf\":{\"@id\":\"https:\/\/www.mdbriefcase.com\/#website\"},\"primaryImageOfPage\":{\"@id\":\"https:\/\/www.mdbriefcase.com\/infographic-quality-improvement-tools-for-healthcare-professionals\/#primaryimage\"},\"image\":{\"@id\":\"https:\/\/www.mdbriefcase.com\/infographic-quality-improvement-tools-for-healthcare-professionals\/#primaryimage\"},\"thumbnailUrl\":\"https:\/\/www.mdbriefcase.com\/wp-content\/uploads\/2024\/10\/getty-images-Aw8-cTC6IIw-unsplash@2x.png\",\"datePublished\":\"2025-04-28T14:07:33+00:00\",\"dateModified\":\"2025-09-05T18:47:41+00:00\",\"description\":\"See practical QI tools\u2014PDSA cycles, fishbone diagrams and run charts\u2014to reduce errors and improve patient care. Download the infographic for quick reference.\",\"breadcrumb\":{\"@id\":\"https:\/\/www.mdbriefcase.com\/infographic-quality-improvement-tools-for-healthcare-professionals\/#breadcrumb\"},\"inLanguage\":\"fr-CA\",\"potentialAction\":[{\"@type\":\"ReadAction\",\"target\":[\"https:\/\/www.mdbriefcase.com\/infographic-quality-improvement-tools-for-healthcare-professionals\/\"]}]},{\"@type\":\"ImageObject\",\"inLanguage\":\"fr-CA\",\"@id\":\"https:\/\/www.mdbriefcase.com\/infographic-quality-improvement-tools-for-healthcare-professionals\/#primaryimage\",\"url\":\"https:\/\/www.mdbriefcase.com\/wp-content\/uploads\/2024\/10\/getty-images-Aw8-cTC6IIw-unsplash@2x.png\",\"contentUrl\":\"https:\/\/www.mdbriefcase.com\/wp-content\/uploads\/2024\/10\/getty-images-Aw8-cTC6IIw-unsplash@2x.png\",\"width\":336,\"height\":336},{\"@type\":\"BreadcrumbList\",\"@id\":\"https:\/\/www.mdbriefcase.com\/infographic-quality-improvement-tools-for-healthcare-professionals\/#breadcrumb\",\"itemListElement\":[{\"@type\":\"ListItem\",\"position\":1,\"name\":\"Home\",\"item\":\"https:\/\/www.mdbriefcase.com\/\"},{\"@type\":\"ListItem\",\"position\":2,\"name\":\"Infographic Quality Improvement Tools For Healthcare Professionals\"}]},{\"@type\":\"WebSite\",\"@id\":\"https:\/\/www.mdbriefcase.com\/#website\",\"url\":\"https:\/\/www.mdbriefcase.com\/\",\"name\":\"MDBriefCase\",\"description\":\"\",\"publisher\":{\"@id\":\"https:\/\/www.mdbriefcase.com\/#organization\"},\"potentialAction\":[{\"@type\":\"SearchAction\",\"target\":{\"@type\":\"EntryPoint\",\"urlTemplate\":\"https:\/\/www.mdbriefcase.com\/?s={search_term_string}\"},\"query-input\":{\"@type\":\"PropertyValueSpecification\",\"valueRequired\":true,\"valueName\":\"search_term_string\"}}],\"inLanguage\":\"fr-CA\"},{\"@type\":\"Organization\",\"@id\":\"https:\/\/www.mdbriefcase.com\/#organization\",\"name\":\"MDBriefCase\",\"url\":\"https:\/\/www.mdbriefcase.com\/\",\"logo\":{\"@type\":\"ImageObject\",\"inLanguage\":\"fr-CA\",\"@id\":\"https:\/\/www.mdbriefcase.com\/#\/schema\/logo\/image\/\",\"url\":\"https:\/\/www.mdbriefcase.com\/wp-content\/uploads\/2024\/07\/logo.webp\",\"contentUrl\":\"https:\/\/www.mdbriefcase.com\/wp-content\/uploads\/2024\/07\/logo.webp\",\"width\":190,\"height\":36,\"caption\":\"MDBriefCase\"},\"image\":{\"@id\":\"https:\/\/www.mdbriefcase.com\/#\/schema\/logo\/image\/\"}}]}<\/script>\n<!-- \/ Yoast SEO plugin. -->","yoast_head_json":{"title":"Outils d\u2019am\u00e9lioration de la qualit\u00e9 pour les professionnels de la sant\u00e9 \u2013 MD BriefCase","description":"D\u00e9couvrez des outils pratiques d\u2019am\u00e9lioration de la qualit\u00e9 \u2014 cycles PDSA, diagrammes en ar\u00eates de poisson et graphiques de tendance \u2014 pour r\u00e9duire les erreurs et am\u00e9liorer les soins.","robots":{"index":"index","follow":"follow","max-snippet":"max-snippet:-1","max-image-preview":"max-image-preview:large","max-video-preview":"max-video-preview:-1"},"canonical":"https:\/\/www.mdbriefcase.com\/fr\/infographic-quality-improvement-tools-for-healthcare-professionals\/","og_locale":"fr_CA","og_type":"article","og_title":"Infographic: Quality Improvement Tools for Healthcare Professionals \u2013 MD BriefCase","og_description":"A quick-reference infographic with essential QI tools\u2014PDSA, fishbone, run charts\u2014to help reduce errors and enhance patient outcomes.","og_url":"https:\/\/www.mdbriefcase.com\/fr\/infographic-quality-improvement-tools-for-healthcare-professionals\/","og_site_name":"MDBriefCase","article_modified_time":"2025-09-05T18:47:41+00:00","og_image":[{"width":504,"height":1024,"url":"https:\/\/www.mdbriefcase.com\/wp-content\/uploads\/2025\/09\/QI-Tools-Package-504x1024-1.jpg","type":"image\/jpeg"}],"twitter_card":"summary_large_image","twitter_misc":{"Est. reading time":"2 minutes"},"schema":{"@context":"https:\/\/schema.org","@graph":[{"@type":"WebPage","@id":"https:\/\/www.mdbriefcase.com\/infographic-quality-improvement-tools-for-healthcare-professionals\/","url":"https:\/\/www.mdbriefcase.com\/infographic-quality-improvement-tools-for-healthcare-professionals\/","name":"Outils d\u2019am\u00e9lioration de la qualit\u00e9 pour les professionnels de la sant\u00e9 \u2013 MD BriefCase","isPartOf":{"@id":"https:\/\/www.mdbriefcase.com\/#website"},"primaryImageOfPage":{"@id":"https:\/\/www.mdbriefcase.com\/infographic-quality-improvement-tools-for-healthcare-professionals\/#primaryimage"},"image":{"@id":"https:\/\/www.mdbriefcase.com\/infographic-quality-improvement-tools-for-healthcare-professionals\/#primaryimage"},"thumbnailUrl":"https:\/\/www.mdbriefcase.com\/wp-content\/uploads\/2024\/10\/getty-images-Aw8-cTC6IIw-unsplash@2x.png","datePublished":"2025-04-28T14:07:33+00:00","dateModified":"2025-09-05T18:47:41+00:00","description":"D\u00e9couvrez des outils pratiques d\u2019am\u00e9lioration de la qualit\u00e9 \u2014 cycles PDSA, diagrammes en ar\u00eates de poisson et graphiques de tendance \u2014 pour r\u00e9duire les erreurs et am\u00e9liorer les soins.","breadcrumb":{"@id":"https:\/\/www.mdbriefcase.com\/infographic-quality-improvement-tools-for-healthcare-professionals\/#breadcrumb"},"inLanguage":"fr-CA","potentialAction":[{"@type":"ReadAction","target":["https:\/\/www.mdbriefcase.com\/infographic-quality-improvement-tools-for-healthcare-professionals\/"]}]},{"@type":"ImageObject","inLanguage":"fr-CA","@id":"https:\/\/www.mdbriefcase.com\/infographic-quality-improvement-tools-for-healthcare-professionals\/#primaryimage","url":"https:\/\/www.mdbriefcase.com\/wp-content\/uploads\/2024\/10\/getty-images-Aw8-cTC6IIw-unsplash@2x.png","contentUrl":"https:\/\/www.mdbriefcase.com\/wp-content\/uploads\/2024\/10\/getty-images-Aw8-cTC6IIw-unsplash@2x.png","width":336,"height":336},{"@type":"BreadcrumbList","@id":"https:\/\/www.mdbriefcase.com\/infographic-quality-improvement-tools-for-healthcare-professionals\/#breadcrumb","itemListElement":[{"@type":"ListItem","position":1,"name":"Home","item":"https:\/\/www.mdbriefcase.com\/"},{"@type":"ListItem","position":2,"name":"Infographic Quality Improvement Tools For Healthcare Professionals"}]},{"@type":"WebSite","@id":"https:\/\/www.mdbriefcase.com\/#website","url":"https:\/\/www.mdbriefcase.com\/","name":"MDBriefCase","description":"","publisher":{"@id":"https:\/\/www.mdbriefcase.com\/#organization"},"potentialAction":[{"@type":"SearchAction","target":{"@type":"EntryPoint","urlTemplate":"https:\/\/www.mdbriefcase.com\/?s={search_term_string}"},"query-input":{"@type":"PropertyValueSpecification","valueRequired":true,"valueName":"search_term_string"}}],"inLanguage":"fr-CA"},{"@type":"Organization","@id":"https:\/\/www.mdbriefcase.com\/#organization","name":"MDBriefCase","url":"https:\/\/www.mdbriefcase.com\/","logo":{"@type":"ImageObject","inLanguage":"fr-CA","@id":"https:\/\/www.mdbriefcase.com\/#\/schema\/logo\/image\/","url":"https:\/\/www.mdbriefcase.com\/wp-content\/uploads\/2024\/07\/logo.webp","contentUrl":"https:\/\/www.mdbriefcase.com\/wp-content\/uploads\/2024\/07\/logo.webp","width":190,"height":36,"caption":"MDBriefCase"},"image":{"@id":"https:\/\/www.mdbriefcase.com\/#\/schema\/logo\/image\/"}}]}},"_links":{"self":[{"href":"https:\/\/www.mdbriefcase.com\/fr\/wp-json\/wp\/v2\/pages\/3301","targetHints":{"allow":["GET"]}}],"collection":[{"href":"https:\/\/www.mdbriefcase.com\/fr\/wp-json\/wp\/v2\/pages"}],"about":[{"href":"https:\/\/www.mdbriefcase.com\/fr\/wp-json\/wp\/v2\/types\/page"}],"author":[{"embeddable":true,"href":"https:\/\/www.mdbriefcase.com\/fr\/wp-json\/wp\/v2\/users\/25"}],"replies":[{"embeddable":true,"href":"https:\/\/www.mdbriefcase.com\/fr\/wp-json\/wp\/v2\/comments?post=3301"}],"version-history":[{"count":0,"href":"https:\/\/www.mdbriefcase.com\/fr\/wp-json\/wp\/v2\/pages\/3301\/revisions"}],"wp:featuredmedia":[{"embeddable":true,"href":"https:\/\/www.mdbriefcase.com\/fr\/wp-json\/wp\/v2\/media\/359"}],"wp:attachment":[{"href":"https:\/\/www.mdbriefcase.com\/fr\/wp-json\/wp\/v2\/media?parent=3301"}],"curies":[{"name":"wp","href":"https:\/\/api.w.org\/{rel}","templated":true}]}}