{"id":1309,"date":"2024-11-26T19:01:51","date_gmt":"2024-11-26T19:01:51","guid":{"rendered":"https:\/\/mdbc2.wpenginepowered.com\/?page_id=1309"},"modified":"2025-12-05T17:12:51","modified_gmt":"2025-12-05T21:12:51","slug":"events","status":"publish","type":"page","link":"https:\/\/www.mdbriefcase.com\/fr\/events\/","title":{"rendered":"\u00c9v\u00e9nements"},"content":{"rendered":"\t\t<div data-elementor-type=\"wp-page\" data-elementor-id=\"1309\" class=\"elementor elementor-1309\" data-elementor-post-type=\"page\">\n\t\t\t\t<div class=\"elementor-element elementor-element-b2dbd29 e-flex e-con-boxed e-con e-parent\" data-id=\"b2dbd29\" data-element_type=\"container\" data-e-type=\"container\">\n\t\t\t\t\t<div class=\"e-con-inner\">\n\t\t<div class=\"elementor-element elementor-element-3c71767 e-con-full e-flex e-con e-child\" data-id=\"3c71767\" data-element_type=\"container\" data-e-type=\"container\">\n\t\t\t\t<div class=\"elementor-element elementor-element-886bc80 elementor-widget elementor-widget-heading\" data-id=\"886bc80\" data-element_type=\"widget\" data-e-type=\"widget\" data-widget_type=\"heading.default\">\n\t\t\t\t<div class=\"elementor-widget-container\">\n\t\t\t\t\t<h1 class=\"elementor-heading-title elementor-size-default\">Events<\/h1>\t\t\t\t<\/div>\n\t\t\t\t<\/div>\n\t\t\t\t<div class=\"elementor-element elementor-element-4a9d11f elementor-widget elementor-widget-heading\" data-id=\"4a9d11f\" data-element_type=\"widget\" data-e-type=\"widget\" data-widget_type=\"heading.default\">\n\t\t\t\t<div class=\"elementor-widget-container\">\n\t\t\t\t\t<h2 class=\"elementor-heading-title elementor-size-default\">Discover upcoming webinars featuring top medical experts in the field.<\/h2>\t\t\t\t<\/div>\n\t\t\t\t<\/div>\n\t\t\t\t<\/div>\n\t\t<div class=\"elementor-element elementor-element-d72b04b e-con-full e-grid elementor-hidden-mobile e-con e-child\" data-id=\"d72b04b\" data-element_type=\"container\" data-e-type=\"container\" data-settings=\"{&quot;background_background&quot;:&quot;gradient&quot;}\">\n\t\t\t\t<div class=\"elementor-element elementor-element-9716824 elementor-widget elementor-widget-image\" data-id=\"9716824\" data-element_type=\"widget\" data-e-type=\"widget\" data-widget_type=\"image.default\">\n\t\t\t\t<div class=\"elementor-widget-container\">\n\t\t\t\t\t\t\t\t\t\t\t\t\t\t\t<img loading=\"lazy\" decoding=\"async\" width=\"525\" height=\"549\" src=\"https:\/\/www.mdbriefcase.com\/wp-content\/uploads\/2024\/11\/rxbc-webinars3.jpg\" class=\"attachment-large size-large wp-image-1314\" alt=\"rxbc-webinars3\" srcset=\"https:\/\/www.mdbriefcase.com\/wp-content\/uploads\/2024\/11\/rxbc-webinars3.jpg 525w, https:\/\/www.mdbriefcase.com\/wp-content\/uploads\/2024\/11\/rxbc-webinars3-287x300.jpg 287w, https:\/\/www.mdbriefcase.com\/wp-content\/uploads\/2024\/11\/rxbc-webinars3-11x12.jpg 11w\" sizes=\"auto, (max-width: 525px) 100vw, 525px\" \/>\t\t\t\t\t\t\t\t\t\t\t\t\t\t\t<\/div>\n\t\t\t\t<\/div>\n\t\t\t\t<div class=\"elementor-element elementor-element-06f8c30 elementor-widget elementor-widget-image\" data-id=\"06f8c30\" data-element_type=\"widget\" data-e-type=\"widget\" data-widget_type=\"image.default\">\n\t\t\t\t<div class=\"elementor-widget-container\">\n\t\t\t\t\t\t\t\t\t\t\t\t\t\t\t<img loading=\"lazy\" decoding=\"async\" width=\"527\" height=\"549\" src=\"https:\/\/www.mdbriefcase.com\/wp-content\/uploads\/2024\/11\/rxbc-webinars1.jpg\" class=\"attachment-large size-large wp-image-1313\" alt=\"\" srcset=\"https:\/\/www.mdbriefcase.com\/wp-content\/uploads\/2024\/11\/rxbc-webinars1.jpg 527w, https:\/\/www.mdbriefcase.com\/wp-content\/uploads\/2024\/11\/rxbc-webinars1-288x300.jpg 288w, https:\/\/www.mdbriefcase.com\/wp-content\/uploads\/2024\/11\/rxbc-webinars1-12x12.jpg 12w\" sizes=\"auto, (max-width: 527px) 100vw, 527px\" \/>\t\t\t\t\t\t\t\t\t\t\t\t\t\t\t<\/div>\n\t\t\t\t<\/div>\n\t\t\t\t<div class=\"elementor-element elementor-element-079e7bf elementor-widget elementor-widget-image\" data-id=\"079e7bf\" data-element_type=\"widget\" data-e-type=\"widget\" data-widget_type=\"image.default\">\n\t\t\t\t<div class=\"elementor-widget-container\">\n\t\t\t\t\t\t\t\t\t\t\t\t\t\t\t<img loading=\"lazy\" decoding=\"async\" width=\"800\" height=\"549\" src=\"https:\/\/www.mdbriefcase.com\/wp-content\/uploads\/2024\/11\/rxbc-webinars2.jpg\" class=\"attachment-large size-large wp-image-1315\" alt=\"\" srcset=\"https:\/\/www.mdbriefcase.com\/wp-content\/uploads\/2024\/11\/rxbc-webinars2.jpg 800w, https:\/\/www.mdbriefcase.com\/wp-content\/uploads\/2024\/11\/rxbc-webinars2-300x206.jpg 300w, https:\/\/www.mdbriefcase.com\/wp-content\/uploads\/2024\/11\/rxbc-webinars2-768x527.jpg 768w, https:\/\/www.mdbriefcase.com\/wp-content\/uploads\/2024\/11\/rxbc-webinars2-18x12.jpg 18w, https:\/\/www.mdbriefcase.com\/wp-content\/uploads\/2024\/11\/rxbc-webinars2-600x412.jpg 600w\" sizes=\"auto, (max-width: 800px) 100vw, 800px\" \/>\t\t\t\t\t\t\t\t\t\t\t\t\t\t\t<\/div>\n\t\t\t\t<\/div>\n\t\t\t\t<\/div>\n\t\t\t\t\t<\/div>\n\t\t\t\t<\/div>\n\t\t<div class=\"elementor-element elementor-element-9cb9f36 english-only e-flex e-con-boxed e-con e-parent\" data-id=\"9cb9f36\" data-element_type=\"container\" data-e-type=\"container\">\n\t\t\t\t\t<div class=\"e-con-inner\">\n\t\t<div class=\"elementor-element elementor-element-bd878b9 e-con-full e-flex e-con e-child\" data-id=\"bd878b9\" data-element_type=\"container\" data-e-type=\"container\">\n\t\t\t\t<div class=\"elementor-element elementor-element-196b638 elementor-grid-1 elementor-grid-tablet-2 elementor-grid-mobile-1 elementor-widget elementor-widget-loop-grid\" data-id=\"196b638\" data-element_type=\"widget\" data-e-type=\"widget\" data-settings=\"{&quot;template_id&quot;:1316,&quot;columns&quot;:1,&quot;_skin&quot;:&quot;post&quot;,&quot;columns_tablet&quot;:&quot;2&quot;,&quot;columns_mobile&quot;:&quot;1&quot;,&quot;edit_handle_selector&quot;:&quot;[data-elementor-type=\\&quot;loop-item\\&quot;]&quot;,&quot;row_gap&quot;:{&quot;unit&quot;:&quot;px&quot;,&quot;size&quot;:&quot;&quot;,&quot;sizes&quot;:[]},&quot;row_gap_tablet&quot;:{&quot;unit&quot;:&quot;px&quot;,&quot;size&quot;:&quot;&quot;,&quot;sizes&quot;:[]},&quot;row_gap_mobile&quot;:{&quot;unit&quot;:&quot;px&quot;,&quot;size&quot;:&quot;&quot;,&quot;sizes&quot;:[]}}\" data-widget_type=\"loop-grid.post\">\n\t\t\t\t<div class=\"elementor-widget-container\">\n\t\t\t\t\t\t\t<div class=\"e-loop-nothing-found-message\">\n\t\t<\/div>\n\t\t\t\t\t\t<\/div>\n\t\t\t\t<\/div>\n\t\t\t\t<div class=\"elementor-element elementor-element-1dda568 elementor-widget elementor-widget-text-editor\" data-id=\"1dda568\" data-element_type=\"widget\" data-e-type=\"widget\" data-widget_type=\"text-editor.default\">\n\t\t\t\t<div class=\"elementor-widget-container\">\n\t\t\t\t\t\t\t\t\t<p>Want to stay on top of our events?\u00a0<a href=\"\/sign-up\/\">Register now<\/a>\u00a0to receive the latest updates.<\/p>\t\t\t\t\t\t\t\t<\/div>\n\t\t\t\t<\/div>\n\t\t\t\t<\/div>\n\t\t\t\t\t<\/div>\n\t\t\t\t<\/div>\n\t\t<div class=\"elementor-element elementor-element-ac7f4ea french-only e-flex e-con-boxed e-con e-parent\" data-id=\"ac7f4ea\" data-element_type=\"container\" data-e-type=\"container\">\n\t\t\t\t\t<div class=\"e-con-inner\">\n\t\t<div class=\"elementor-element elementor-element-bc4cc81 e-con-full e-flex e-con e-child\" data-id=\"bc4cc81\" data-element_type=\"container\" data-e-type=\"container\">\n\t\t\t\t<div class=\"elementor-element elementor-element-7aaf0ce elementor-widget elementor-widget-text-editor\" data-id=\"7aaf0ce\" data-element_type=\"widget\" data-e-type=\"widget\" data-widget_type=\"text-editor.default\">\n\t\t\t\t<div class=\"elementor-widget-container\">\n\t\t\t\t\t\t\t\t\t<p>Voulez-vous rester inform\u00e9 de nos \u00e9v\u00e9nements ? <a href=\"\/fr\/sign-up\/\">Inscrivez-vous d\u00e8s maintenant<\/a> pour recevoir les derni\u00e8res mises \u00e0 jour.<\/p>\t\t\t\t\t\t\t\t<\/div>\n\t\t\t\t<\/div>\n\t\t\t\t<div class=\"elementor-element elementor-element-4e9fdeb elementor-grid-1 elementor-grid-tablet-2 elementor-grid-mobile-1 elementor-widget elementor-widget-loop-grid\" data-id=\"4e9fdeb\" data-element_type=\"widget\" data-e-type=\"widget\" data-settings=\"{&quot;template_id&quot;:1316,&quot;columns&quot;:1,&quot;_skin&quot;:&quot;post&quot;,&quot;columns_tablet&quot;:&quot;2&quot;,&quot;columns_mobile&quot;:&quot;1&quot;,&quot;edit_handle_selector&quot;:&quot;[data-elementor-type=\\&quot;loop-item\\&quot;]&quot;,&quot;row_gap&quot;:{&quot;unit&quot;:&quot;px&quot;,&quot;size&quot;:&quot;&quot;,&quot;sizes&quot;:[]},&quot;row_gap_tablet&quot;:{&quot;unit&quot;:&quot;px&quot;,&quot;size&quot;:&quot;&quot;,&quot;sizes&quot;:[]},&quot;row_gap_mobile&quot;:{&quot;unit&quot;:&quot;px&quot;,&quot;size&quot;:&quot;&quot;,&quot;sizes&quot;:[]}}\" data-widget_type=\"loop-grid.post\">\n\t\t\t\t<div class=\"elementor-widget-container\">\n\t\t\t\t\t\t\t<div class=\"e-loop-nothing-found-message\">\n\t\t<\/div>\n\t\t\t\t\t\t<\/div>\n\t\t\t\t<\/div>\n\t\t\t\t<\/div>\n\t\t\t\t\t<\/div>\n\t\t\t\t<\/div>\n\t\t\t\t<\/div>\n\t\t","protected":false},"excerpt":{"rendered":"<p>Events Discover upcoming webinars featuring top medical experts in the field. Want to stay on top of our events?\u00a0Register now\u00a0to receive the latest updates. Voulez-vous rester inform\u00e9 de nos \u00e9v\u00e9nements ? Inscrivez-vous d\u00e8s maintenant pour recevoir les derni\u00e8res mises \u00e0 jour.<\/p>","protected":false},"author":20,"featured_media":359,"parent":0,"menu_order":0,"comment_status":"closed","ping_status":"closed","template":"elementor_header_footer","meta":{"_acf_changed":false,"inline_featured_image":false,"productId":0,"courseId":0,"footnotes":""},"class_list":["post-1309","page","type-page","status-publish","has-post-thumbnail","hentry"],"acf":[],"yoast_head":"<!-- This site is optimized with the Yoast SEO plugin v27.5 - https:\/\/yoast.com\/product\/yoast-seo-wordpress\/ -->\n<title>Events \u2013 MD BriefCase<\/title>\n<meta name=\"description\" content=\"Stay up to date with MD BriefCase CME\/CPD events, webinars and live sessions. Register to receive the latest updates.\" \/>\n<meta name=\"robots\" content=\"index, follow, max-snippet:-1, max-image-preview:large, max-video-preview:-1\" \/>\n<link rel=\"canonical\" href=\"https:\/\/www.mdbriefcase.com\/fr\/events\/\" \/>\n<meta property=\"og:locale\" content=\"fr_CA\" \/>\n<meta property=\"og:type\" content=\"article\" \/>\n<meta property=\"og:title\" content=\"Events \u2013 MD BriefCase\" \/>\n<meta property=\"og:description\" content=\"Discover upcoming webinars, live sessions and conferences from MD BriefCase. Sign up to get event updates.\" \/>\n<meta property=\"og:url\" content=\"https:\/\/www.mdbriefcase.com\/fr\/events\/\" \/>\n<meta property=\"og:site_name\" content=\"MDBriefCase\" \/>\n<meta property=\"article:modified_time\" content=\"2025-12-05T21:12:51+00:00\" \/>\n<meta property=\"og:image\" content=\"https:\/\/www.mdbriefcase.com\/wp-content\/uploads\/2025\/08\/AdobeStock_361978490-scaled.jpeg\" \/>\n\t<meta property=\"og:image:width\" content=\"2560\" \/>\n\t<meta property=\"og:image:height\" content=\"1707\" \/>\n\t<meta property=\"og:image:type\" content=\"image\/jpeg\" \/>\n<meta name=\"twitter:card\" content=\"summary_large_image\" \/>\n<meta name=\"twitter:label1\" content=\"Est. reading time\" \/>\n\t<meta name=\"twitter:data1\" content=\"1 minute\" \/>\n<script type=\"application\/ld+json\" class=\"yoast-schema-graph\">{\"@context\":\"https:\\\/\\\/schema.org\",\"@graph\":[{\"@type\":\"WebPage\",\"@id\":\"https:\\\/\\\/www.mdbriefcase.com\\\/events\\\/\",\"url\":\"https:\\\/\\\/www.mdbriefcase.com\\\/events\\\/\",\"name\":\"Events \u2013 MD BriefCase\",\"isPartOf\":{\"@id\":\"https:\\\/\\\/www.mdbriefcase.com\\\/#website\"},\"primaryImageOfPage\":{\"@id\":\"https:\\\/\\\/www.mdbriefcase.com\\\/events\\\/#primaryimage\"},\"image\":{\"@id\":\"https:\\\/\\\/www.mdbriefcase.com\\\/events\\\/#primaryimage\"},\"thumbnailUrl\":\"https:\\\/\\\/www.mdbriefcase.com\\\/wp-content\\\/uploads\\\/2024\\\/10\\\/getty-images-Aw8-cTC6IIw-unsplash@2x.png\",\"datePublished\":\"2024-11-26T19:01:51+00:00\",\"dateModified\":\"2025-12-05T21:12:51+00:00\",\"description\":\"Stay up to date with MD BriefCase CME\\\/CPD events, webinars and live sessions. Register to receive the latest updates.\",\"breadcrumb\":{\"@id\":\"https:\\\/\\\/www.mdbriefcase.com\\\/events\\\/#breadcrumb\"},\"inLanguage\":\"fr-CA\",\"potentialAction\":[{\"@type\":\"ReadAction\",\"target\":[\"https:\\\/\\\/www.mdbriefcase.com\\\/events\\\/\"]}]},{\"@type\":\"ImageObject\",\"inLanguage\":\"fr-CA\",\"@id\":\"https:\\\/\\\/www.mdbriefcase.com\\\/events\\\/#primaryimage\",\"url\":\"https:\\\/\\\/www.mdbriefcase.com\\\/wp-content\\\/uploads\\\/2024\\\/10\\\/getty-images-Aw8-cTC6IIw-unsplash@2x.png\",\"contentUrl\":\"https:\\\/\\\/www.mdbriefcase.com\\\/wp-content\\\/uploads\\\/2024\\\/10\\\/getty-images-Aw8-cTC6IIw-unsplash@2x.png\",\"width\":336,\"height\":336},{\"@type\":\"BreadcrumbList\",\"@id\":\"https:\\\/\\\/www.mdbriefcase.com\\\/events\\\/#breadcrumb\",\"itemListElement\":[{\"@type\":\"ListItem\",\"position\":1,\"name\":\"Home\",\"item\":\"https:\\\/\\\/www.mdbriefcase.com\\\/\"},{\"@type\":\"ListItem\",\"position\":2,\"name\":\"Events\"}]},{\"@type\":\"WebSite\",\"@id\":\"https:\\\/\\\/www.mdbriefcase.com\\\/#website\",\"url\":\"https:\\\/\\\/www.mdbriefcase.com\\\/\",\"name\":\"MDBriefCase\",\"description\":\"\",\"publisher\":{\"@id\":\"https:\\\/\\\/www.mdbriefcase.com\\\/#organization\"},\"potentialAction\":[{\"@type\":\"SearchAction\",\"target\":{\"@type\":\"EntryPoint\",\"urlTemplate\":\"https:\\\/\\\/www.mdbriefcase.com\\\/?s={search_term_string}\"},\"query-input\":{\"@type\":\"PropertyValueSpecification\",\"valueRequired\":true,\"valueName\":\"search_term_string\"}}],\"inLanguage\":\"fr-CA\"},{\"@type\":\"Organization\",\"@id\":\"https:\\\/\\\/www.mdbriefcase.com\\\/#organization\",\"name\":\"MDBriefCase\",\"url\":\"https:\\\/\\\/www.mdbriefcase.com\\\/\",\"logo\":{\"@type\":\"ImageObject\",\"inLanguage\":\"fr-CA\",\"@id\":\"https:\\\/\\\/www.mdbriefcase.com\\\/#\\\/schema\\\/logo\\\/image\\\/\",\"url\":\"https:\\\/\\\/www.mdbriefcase.com\\\/wp-content\\\/uploads\\\/2024\\\/07\\\/logo.webp\",\"contentUrl\":\"https:\\\/\\\/www.mdbriefcase.com\\\/wp-content\\\/uploads\\\/2024\\\/07\\\/logo.webp\",\"width\":190,\"height\":36,\"caption\":\"MDBriefCase\"},\"image\":{\"@id\":\"https:\\\/\\\/www.mdbriefcase.com\\\/#\\\/schema\\\/logo\\\/image\\\/\"}}]}<\/script>\n<!-- \/ Yoast SEO plugin. -->","yoast_head_json":{"title":"\u00c9v\u00e9nements \u2013 MD BriefCase","description":"Restez inform\u00e9 des \u00e9v\u00e9nements de FMC\/DPC, webinaires et sessions en direct de MD BriefCase. Inscrivez-vous pour recevoir les mises \u00e0 jour.","robots":{"index":"index","follow":"follow","max-snippet":"max-snippet:-1","max-image-preview":"max-image-preview:large","max-video-preview":"max-video-preview:-1"},"canonical":"https:\/\/www.mdbriefcase.com\/fr\/events\/","og_locale":"fr_CA","og_type":"article","og_title":"Events \u2013 MD BriefCase","og_description":"Discover upcoming webinars, live sessions and conferences from MD BriefCase. Sign up to get event updates.","og_url":"https:\/\/www.mdbriefcase.com\/fr\/events\/","og_site_name":"MDBriefCase","article_modified_time":"2025-12-05T21:12:51+00:00","og_image":[{"width":2560,"height":1707,"url":"https:\/\/www.mdbriefcase.com\/wp-content\/uploads\/2025\/08\/AdobeStock_361978490-scaled.jpeg","type":"image\/jpeg"}],"twitter_card":"summary_large_image","twitter_misc":{"Est. reading time":"1 minute"},"schema":{"@context":"https:\/\/schema.org","@graph":[{"@type":"WebPage","@id":"https:\/\/www.mdbriefcase.com\/events\/","url":"https:\/\/www.mdbriefcase.com\/events\/","name":"\u00c9v\u00e9nements \u2013 MD BriefCase","isPartOf":{"@id":"https:\/\/www.mdbriefcase.com\/#website"},"primaryImageOfPage":{"@id":"https:\/\/www.mdbriefcase.com\/events\/#primaryimage"},"image":{"@id":"https:\/\/www.mdbriefcase.com\/events\/#primaryimage"},"thumbnailUrl":"https:\/\/www.mdbriefcase.com\/wp-content\/uploads\/2024\/10\/getty-images-Aw8-cTC6IIw-unsplash@2x.png","datePublished":"2024-11-26T19:01:51+00:00","dateModified":"2025-12-05T21:12:51+00:00","description":"Restez inform\u00e9 des \u00e9v\u00e9nements de FMC\/DPC, webinaires et sessions en direct de MD BriefCase. Inscrivez-vous pour recevoir les mises \u00e0 jour.","breadcrumb":{"@id":"https:\/\/www.mdbriefcase.com\/events\/#breadcrumb"},"inLanguage":"fr-CA","potentialAction":[{"@type":"ReadAction","target":["https:\/\/www.mdbriefcase.com\/events\/"]}]},{"@type":"ImageObject","inLanguage":"fr-CA","@id":"https:\/\/www.mdbriefcase.com\/events\/#primaryimage","url":"https:\/\/www.mdbriefcase.com\/wp-content\/uploads\/2024\/10\/getty-images-Aw8-cTC6IIw-unsplash@2x.png","contentUrl":"https:\/\/www.mdbriefcase.com\/wp-content\/uploads\/2024\/10\/getty-images-Aw8-cTC6IIw-unsplash@2x.png","width":336,"height":336},{"@type":"BreadcrumbList","@id":"https:\/\/www.mdbriefcase.com\/events\/#breadcrumb","itemListElement":[{"@type":"ListItem","position":1,"name":"Home","item":"https:\/\/www.mdbriefcase.com\/"},{"@type":"ListItem","position":2,"name":"Events"}]},{"@type":"WebSite","@id":"https:\/\/www.mdbriefcase.com\/#website","url":"https:\/\/www.mdbriefcase.com\/","name":"MDBriefCase","description":"","publisher":{"@id":"https:\/\/www.mdbriefcase.com\/#organization"},"potentialAction":[{"@type":"SearchAction","target":{"@type":"EntryPoint","urlTemplate":"https:\/\/www.mdbriefcase.com\/?s={search_term_string}"},"query-input":{"@type":"PropertyValueSpecification","valueRequired":true,"valueName":"search_term_string"}}],"inLanguage":"fr-CA"},{"@type":"Organization","@id":"https:\/\/www.mdbriefcase.com\/#organization","name":"MDBriefCase","url":"https:\/\/www.mdbriefcase.com\/","logo":{"@type":"ImageObject","inLanguage":"fr-CA","@id":"https:\/\/www.mdbriefcase.com\/#\/schema\/logo\/image\/","url":"https:\/\/www.mdbriefcase.com\/wp-content\/uploads\/2024\/07\/logo.webp","contentUrl":"https:\/\/www.mdbriefcase.com\/wp-content\/uploads\/2024\/07\/logo.webp","width":190,"height":36,"caption":"MDBriefCase"},"image":{"@id":"https:\/\/www.mdbriefcase.com\/#\/schema\/logo\/image\/"}}]}},"_links":{"self":[{"href":"https:\/\/www.mdbriefcase.com\/fr\/wp-json\/wp\/v2\/pages\/1309","targetHints":{"allow":["GET"]}}],"collection":[{"href":"https:\/\/www.mdbriefcase.com\/fr\/wp-json\/wp\/v2\/pages"}],"about":[{"href":"https:\/\/www.mdbriefcase.com\/fr\/wp-json\/wp\/v2\/types\/page"}],"author":[{"embeddable":true,"href":"https:\/\/www.mdbriefcase.com\/fr\/wp-json\/wp\/v2\/users\/20"}],"replies":[{"embeddable":true,"href":"https:\/\/www.mdbriefcase.com\/fr\/wp-json\/wp\/v2\/comments?post=1309"}],"version-history":[{"count":0,"href":"https:\/\/www.mdbriefcase.com\/fr\/wp-json\/wp\/v2\/pages\/1309\/revisions"}],"wp:featuredmedia":[{"embeddable":true,"href":"https:\/\/www.mdbriefcase.com\/fr\/wp-json\/wp\/v2\/media\/359"}],"wp:attachment":[{"href":"https:\/\/www.mdbriefcase.com\/fr\/wp-json\/wp\/v2\/media?parent=1309"}],"curies":[{"name":"wp","href":"https:\/\/api.w.org\/{rel}","templated":true}]}}